{"id":2622,"date":"2025-06-27T13:10:12","date_gmt":"2025-06-27T13:10:12","guid":{"rendered":"https:\/\/becid.ut.ee\/kremlins-propaganda-in-our-pockets-how-disinformation-thrives-on-telegram-july-2023\/"},"modified":"2025-07-24T14:04:27","modified_gmt":"2025-07-24T14:04:27","slug":"kremlins-propaganda-in-our-pockets-how-disinformation-thrives-on-telegram-july-2023","status":"publish","type":"page","link":"https:\/\/becid.ut.ee\/et\/kremlins-propaganda-in-our-pockets-how-disinformation-thrives-on-telegram-july-2023\/","title":{"rendered":"Kremli propaganda meie taskusse. Kuidas desinformatsioon \u00f5itseb Telegramis. (juuli 2023)"},"content":{"rendered":"\n<div style=\"height:100px\" aria-hidden=\"true\" class=\"wp-block-spacer\"><\/div>\n\n<figure class=\"wp-block-image alignwide size-large\"><img loading=\"lazy\" decoding=\"async\" width=\"285\" height=\"192\" src=\"https:\/\/becid.ut.ee\/wp-content\/uploads\/2025\/06\/BECID-BLOGI-PILDID-14.svg\" alt=\"\" class=\"wp-image-1438\"\/><\/figure>\n\n<p>Kremli propaganda meie taskusse. Kuidas desinformatsioon \u00f5itseb Telegramis. <br\/><em>Juuli 2023<\/em><br\/>Anastasija Tetarenko-Supe (Re:Baltica)<br\/>Osa ELi rahastatud projekti D2.5 (ID 118471), mida koordineerib Tartu \u00dclikool (UTARTU).<\/p>\n\n<p>Kremli tele- ja veebipropaganda keelustamisega Baltimaades on juurdep\u00e4\u00e4s sellistele allikatele muutunud keerulisemaks ainult neile, kelle peamine allikas oli varem televisioon. N\u00fc\u00fcd on selle koha h\u00f5ivanud sotsiaalmeediaplatvormid, millest Telegram paistab silma sellega, et ei jaga andmeid valitsustega ega modereeri desinformatsiooni ja valesid. <\/p>\n\n<p>Baltikumis ei ole kohalikele venekeelsetele suunatud populaarsematel kanalitel arvuliselt suurt poolehoidu, kuid see ei olegi peamine: nende peamine roll on \u00fcksteise sisu v\u00f5imendada ja luua mulje, et paljud inimesed m\u00f5tlevad \u00fchtemoodi. Telegram m\u00e4ngis eriti olulist rolli Venemaa Ukraina sissetungi alguses. Erinevad aktivistid, nii tuntud kui ka uued, \u00fchendasid &#8220;Telegramis&#8221; j\u00f5ud, et populariseerida Kremli-meelseid s\u00f5numeid.  <\/p>\n\n<p>Loe aruannet: <a href=\"https:\/\/becid.eu\/wp-content\/uploads\/2024\/01\/2023_JULY_KREMLINS-PROPAGANDA-IN-OUR-POCKETS.-HOW-DISINFORMATION-THRIVES-ON-TELEGRAM-30012024.pdf\"><mark style=\"background-color:rgba(0, 0, 0, 0);color:#ffcd05\" class=\"has-inline-color\">2023_JUULI_KREMLINS-PROPAGANDA-IN-MEIE-TASKUD.-HOW-DISINFORMATSIOON-K\u00c4IB-TELEGRAMMIL 30012024<\/mark><\/a><\/p>\n\n<p>Originaal: <a href=\"https:\/\/en.rebaltica.lv\/2023\/07\/kremlins-propaganda-in-our-pockets-how-disinformation-thrives-on-telegram\/\"><mark style=\"background-color:rgba(0, 0, 0, 0);color:#ffcd05\" class=\"has-inline-color\">https:\/\/en.rebaltica.lv\/2023\/07\/kremlins-propaganda-in-our-pockets-how-disinformation-thrives-on-telegram\/<\/mark><\/a><\/p>\n\n<p><\/p>\n","protected":false},"excerpt":{"rendered":"<p>Kremli propaganda meie taskusse. Kuidas desinformatsioon \u00f5itseb Telegramis. Juuli 2023Anastasija Tetarenko-Supe (Re:Baltica)Osa ELi rahastatud projekti D2.5 (ID 118471), mida koordineerib Tartu \u00dclikool (UTARTU). Kremli tele- ja veebipropaganda keelustamisega Baltimaades on [&hellip;]<\/p>\n","protected":false},"author":1,"featured_media":0,"parent":0,"menu_order":0,"comment_status":"closed","ping_status":"closed","template":"","meta":{"_price":"","_stock":"","_tribe_ticket_header":"","_tribe_default_ticket_provider":"","_tribe_ticket_capacity":"0","_ticket_start_date":"","_ticket_end_date":"","_tribe_ticket_show_description":"","_tribe_ticket_show_not_going":false,"_tribe_ticket_use_global_stock":"","_tribe_ticket_global_stock_level":"","_global_stock_mode":"","_global_stock_cap":"","_tribe_rsvp_for_event":"","_tribe_ticket_going_count":"","_tribe_ticket_not_going_count":"","_tribe_tickets_list":"[]","_tribe_ticket_has_attendee_info_fields":false,"_EventAllDay":false,"_EventTimezone":"","_EventStartDate":"","_EventEndDate":"","_EventStartDateUTC":"","_EventEndDateUTC":"","_EventShowMap":false,"_EventShowMapLink":false,"_EventURL":"","_EventCost":"","_EventCostDescription":"","_EventCurrencySymbol":"","_EventCurrencyCode":"","_EventCurrencyPosition":"","_EventDateTimeSeparator":"","_EventTimeRangeSeparator":"","_EventOrganizerID":[],"_EventVenueID":[],"_OrganizerEmail":"","_OrganizerPhone":"","_OrganizerWebsite":"","_VenueAddress":"","_VenueCity":"","_VenueCountry":"","_VenueProvince":"","_VenueState":"","_VenueZip":"","_VenuePhone":"","_VenueURL":"","_VenueStateProvince":"","_VenueLat":"","_VenueLng":"","_VenueShowMap":false,"_VenueShowMapLink":false,"_themeisle_gutenberg_block_has_review":false,"footnotes":"","_tec_slr_enabled":"","_tec_slr_layout":""},"class_list":["post-2622","page","type-page","status-publish","hentry"],"ticketed":false,"_links":{"self":[{"href":"https:\/\/becid.ut.ee\/et\/wp-json\/wp\/v2\/pages\/2622","targetHints":{"allow":["GET"]}}],"collection":[{"href":"https:\/\/becid.ut.ee\/et\/wp-json\/wp\/v2\/pages"}],"about":[{"href":"https:\/\/becid.ut.ee\/et\/wp-json\/wp\/v2\/types\/page"}],"author":[{"embeddable":true,"href":"https:\/\/becid.ut.ee\/et\/wp-json\/wp\/v2\/users\/1"}],"replies":[{"embeddable":true,"href":"https:\/\/becid.ut.ee\/et\/wp-json\/wp\/v2\/comments?post=2622"}],"version-history":[{"count":2,"href":"https:\/\/becid.ut.ee\/et\/wp-json\/wp\/v2\/pages\/2622\/revisions"}],"predecessor-version":[{"id":3764,"href":"https:\/\/becid.ut.ee\/et\/wp-json\/wp\/v2\/pages\/2622\/revisions\/3764"}],"wp:attachment":[{"href":"https:\/\/becid.ut.ee\/et\/wp-json\/wp\/v2\/media?parent=2622"}],"curies":[{"name":"wp","href":"https:\/\/api.w.org\/{rel}","templated":true}]}}