{"id":2626,"date":"2025-06-27T13:06:26","date_gmt":"2025-06-27T13:06:26","guid":{"rendered":"https:\/\/becid.ut.ee\/disinformation-trends-in-baltics-war-in-ukraine-nato-presence-and-controversy-over-edible-insects-july-2023\/"},"modified":"2025-07-24T13:52:44","modified_gmt":"2025-07-24T13:52:44","slug":"disinformation-trends-in-baltics-war-in-ukraine-nato-presence-and-controversy-over-edible-insects-july-2023","status":"publish","type":"page","link":"https:\/\/becid.ut.ee\/et\/disinformation-trends-in-baltics-war-in-ukraine-nato-presence-and-controversy-over-edible-insects-july-2023\/","title":{"rendered":"Desinformatsiooni suundumused Baltikumis: S\u00f5da Ukrainas, NATO kohalolek ja vaidlused s\u00f6\u00f6davate putukate \u00fcle (juuli 2023)"},"content":{"rendered":"\n<div style=\"height:100px\" aria-hidden=\"true\" class=\"wp-block-spacer\"><\/div>\n\n<figure class=\"wp-block-image alignwide size-large\"><img loading=\"lazy\" decoding=\"async\" width=\"285\" height=\"192\" src=\"https:\/\/becid.ut.ee\/wp-content\/uploads\/2025\/06\/BECID-BLOGI-PILDID-13.svg\" alt=\"\" class=\"wp-image-1445\"\/><\/figure>\n\n<p><strong>Desinformatsioonitrendid Baltikumis: s\u00f5da Ukrainas, NATO kohalolek ja vaidlused s\u00f6\u00f6davate putukate \u00fcle<\/strong><br\/><em>juuli 2023<\/em><br\/>Madara Eihe (Re:Baltica)<br\/>Osa ELi rahastatud projekti D2.5, ID 118471, mida koordineerib Tartu \u00dclikool (UTARTU).<\/p>\n\n<p>Aasta teises kvartalis keskendusid faktide kontrollimise j\u00f5upingutused kolmes Balti riigis peamiselt Ukraina s\u00f5jale ja selle kohta k\u00e4iva Venemaa propaganda levikule. K\u00f5ige rohkem Ukrainaga seotud desinformatsiooni leiti Leedus, samas kui L\u00e4tis ja Eestis toimus langus. <\/p>\n\n<p>S\u00f5jaga mitteseotud vanden\u00f5ud ja v\u00e4ljam\u00f5eldud lood tervise kohta olid k\u00f5igis kolmes Balti riigis v\u00e4ga olulisel kohal. N\u00e4iteks ilmusid L\u00e4tis ja Leedus valev\u00e4ited, et S\u00fc\u00fcrias ja T\u00fcrgis toimunud massilised maav\u00e4rinad olid tahtlikult esile kutsutud USA juhitud &#8220;kliimarelvaga&#8221;, mille eesm\u00e4rk oli kahjustada USA ametnike, kohalike omavalitsuste, \u00dcRO, NATO ja ELi mainet. <\/p>\n\n<p>Loe aruannet: <a href=\"https:\/\/becid.eu\/wp-content\/uploads\/2024\/01\/2023_JULY_Disinformation-trends-in-Baltics-30012024.pdf\"><mark style=\"background-color:rgba(0, 0, 0, 0);color:#ffcd05\" class=\"has-inline-color\">2023_JULY_Disinformation-trends-in-Baltics 30012024<\/mark><\/a><\/p>\n\n<p>Originaal: <a href=\"https:\/\/en.rebaltica.lv\/author\/madara-eihe-specially-for-rebaltica\/\"><mark style=\"background-color:rgba(0, 0, 0, 0);color:#ffcd05\" class=\"has-inline-color\">https:\/\/en.rebaltica.lv\/author\/madara-eihe-specially-for-rebaltica\/<\/mark><\/a><\/p>\n","protected":false},"excerpt":{"rendered":"<p>Desinformatsioonitrendid Baltikumis: s\u00f5da Ukrainas, NATO kohalolek ja vaidlused s\u00f6\u00f6davate putukate \u00fclejuuli 2023Madara Eihe (Re:Baltica)Osa ELi rahastatud projekti D2.5, ID 118471, mida koordineerib Tartu \u00dclikool (UTARTU). Aasta teises kvartalis keskendusid faktide [&hellip;]<\/p>\n","protected":false},"author":1,"featured_media":0,"parent":0,"menu_order":0,"comment_status":"closed","ping_status":"closed","template":"","meta":{"_price":"","_stock":"","_tribe_ticket_header":"","_tribe_default_ticket_provider":"","_tribe_ticket_capacity":"0","_ticket_start_date":"","_ticket_end_date":"","_tribe_ticket_show_description":"","_tribe_ticket_show_not_going":false,"_tribe_ticket_use_global_stock":"","_tribe_ticket_global_stock_level":"","_global_stock_mode":"","_global_stock_cap":"","_tribe_rsvp_for_event":"","_tribe_ticket_going_count":"","_tribe_ticket_not_going_count":"","_tribe_tickets_list":"[]","_tribe_ticket_has_attendee_info_fields":false,"_EventAllDay":false,"_EventTimezone":"","_EventStartDate":"","_EventEndDate":"","_EventStartDateUTC":"","_EventEndDateUTC":"","_EventShowMap":false,"_EventShowMapLink":false,"_EventURL":"","_EventCost":"","_EventCostDescription":"","_EventCurrencySymbol":"","_EventCurrencyCode":"","_EventCurrencyPosition":"","_EventDateTimeSeparator":"","_EventTimeRangeSeparator":"","_EventOrganizerID":[],"_EventVenueID":[],"_OrganizerEmail":"","_OrganizerPhone":"","_OrganizerWebsite":"","_VenueAddress":"","_VenueCity":"","_VenueCountry":"","_VenueProvince":"","_VenueState":"","_VenueZip":"","_VenuePhone":"","_VenueURL":"","_VenueStateProvince":"","_VenueLat":"","_VenueLng":"","_VenueShowMap":false,"_VenueShowMapLink":false,"_themeisle_gutenberg_block_has_review":false,"footnotes":"","_tec_slr_enabled":"","_tec_slr_layout":""},"class_list":["post-2626","page","type-page","status-publish","hentry"],"ticketed":false,"_links":{"self":[{"href":"https:\/\/becid.ut.ee\/et\/wp-json\/wp\/v2\/pages\/2626","targetHints":{"allow":["GET"]}}],"collection":[{"href":"https:\/\/becid.ut.ee\/et\/wp-json\/wp\/v2\/pages"}],"about":[{"href":"https:\/\/becid.ut.ee\/et\/wp-json\/wp\/v2\/types\/page"}],"author":[{"embeddable":true,"href":"https:\/\/becid.ut.ee\/et\/wp-json\/wp\/v2\/users\/1"}],"replies":[{"embeddable":true,"href":"https:\/\/becid.ut.ee\/et\/wp-json\/wp\/v2\/comments?post=2626"}],"version-history":[{"count":2,"href":"https:\/\/becid.ut.ee\/et\/wp-json\/wp\/v2\/pages\/2626\/revisions"}],"predecessor-version":[{"id":3713,"href":"https:\/\/becid.ut.ee\/et\/wp-json\/wp\/v2\/pages\/2626\/revisions\/3713"}],"wp:attachment":[{"href":"https:\/\/becid.ut.ee\/et\/wp-json\/wp\/v2\/media?parent=2626"}],"curies":[{"name":"wp","href":"https:\/\/api.w.org\/{rel}","templated":true}]}}