{"id":2634,"date":"2025-06-27T12:53:03","date_gmt":"2025-06-27T12:53:03","guid":{"rendered":"https:\/\/becid.ut.ee\/pants-on-fire-how-climate-misinformation-is-spread-in-the-baltic-states-october-2023\/"},"modified":"2025-07-28T13:36:56","modified_gmt":"2025-07-28T13:36:56","slug":"pants-on-fire-how-climate-misinformation-is-spread-in-the-baltic-states-october-2023","status":"publish","type":"page","link":"https:\/\/becid.ut.ee\/et\/pants-on-fire-how-climate-misinformation-is-spread-in-the-baltic-states-october-2023\/","title":{"rendered":"P\u00fcksid tules: kuidas levitatakse Balti riikides kliimaga seotud v\u00e4\u00e4rteavet? (oktoober 2023)"},"content":{"rendered":"\n<div style=\"height:100px\" aria-hidden=\"true\" class=\"wp-block-spacer\"><\/div>\n\n<figure class=\"wp-block-image alignwide size-large\"><img loading=\"lazy\" decoding=\"async\" width=\"285\" height=\"192\" src=\"https:\/\/becid.ut.ee\/wp-content\/uploads\/2025\/06\/BECID-BLOGI-PILDID-7.svg\" alt=\"\" class=\"wp-image-1459\"\/><\/figure>\n\n<p>Pants on fire: kuidas kliimaga seotud v\u00e4\u00e4rinfo levib Balti riikides?<br\/><em>oktoober 2023<\/em><br\/>Ronalds Sili\u0146\u0161 (Re:Baltica)<br\/>Osa ELi rahastatud projekti D2.5, mille ID 118471, koordineerib Tartu \u00dclikool (UTARTU).<\/p>\n\n<p>Olenemata sellest, kas nende eesm\u00e4rk on koguda poolehoidjaid, seista vastu keskkonnas\u00f5bralikule poliitikale v\u00f5i seista vastu sellele, mida nad tajuvad &#8220;totalitaarseks globaalseks kontrolliks&#8221;, on mitmekesine desinformatsiooni levitajate r\u00fchm suunanud oma t\u00e4helepanu kliimamuutuste teemale. K\u00e4esolevas aruandes antakse \u00fclevaade sellest, kuidas Balti riikides levitatakse kliimaga seotud v\u00e4\u00e4rteavet, ning selgitatakse kliimamuutuste teemat k\u00e4sitleva vale- v\u00f5i eksitava teabe levitamise taktikat ja osalejaid. <\/p>\n\n<p>Loe aruannet: <a href=\"https:\/\/becid.eu\/wp-content\/uploads\/2024\/01\/BECID_OCTOBER-2023_PANTS-ON-FIRE-30012024.pdf\"><mark style=\"background-color:rgba(0, 0, 0, 0);color:#ffcd05\" class=\"has-inline-color\">BECID_OCTOBER-2023_PANTS-ON-FIRE 30012024<\/mark><\/a><\/p>\n\n<p>Originaal: <a href=\"https:\/\/en.rebaltica.lv\/2023\/10\/pants-on-fire-how-climate-misinformation-is-spread-in-the-baltic-states\/\"><mark style=\"background-color:rgba(0, 0, 0, 0);color:#ffcd05\" class=\"has-inline-color\">https:\/\/en.rebaltica.lv\/2023\/10\/pants-on-fire-how-climate-misinformation-is-spread-in-the-baltic-states\/<\/mark><\/a><\/p>\n","protected":false},"excerpt":{"rendered":"<p>Pants on fire: kuidas kliimaga seotud v\u00e4\u00e4rinfo levib Balti riikides?oktoober 2023Ronalds Sili\u0146\u0161 (Re:Baltica)Osa ELi rahastatud projekti D2.5, mille ID 118471, koordineerib Tartu \u00dclikool (UTARTU). Olenemata sellest, kas nende eesm\u00e4rk on [&hellip;]<\/p>\n","protected":false},"author":1,"featured_media":0,"parent":0,"menu_order":0,"comment_status":"closed","ping_status":"closed","template":"","meta":{"_price":"","_stock":"","_tribe_ticket_header":"","_tribe_default_ticket_provider":"","_tribe_ticket_capacity":"0","_ticket_start_date":"","_ticket_end_date":"","_tribe_ticket_show_description":"","_tribe_ticket_show_not_going":false,"_tribe_ticket_use_global_stock":"","_tribe_ticket_global_stock_level":"","_global_stock_mode":"","_global_stock_cap":"","_tribe_rsvp_for_event":"","_tribe_ticket_going_count":"","_tribe_ticket_not_going_count":"","_tribe_tickets_list":"[]","_tribe_ticket_has_attendee_info_fields":false,"_EventAllDay":false,"_EventTimezone":"","_EventStartDate":"","_EventEndDate":"","_EventStartDateUTC":"","_EventEndDateUTC":"","_EventShowMap":false,"_EventShowMapLink":false,"_EventURL":"","_EventCost":"","_EventCostDescription":"","_EventCurrencySymbol":"","_EventCurrencyCode":"","_EventCurrencyPosition":"","_EventDateTimeSeparator":"","_EventTimeRangeSeparator":"","_EventOrganizerID":[],"_EventVenueID":[],"_OrganizerEmail":"","_OrganizerPhone":"","_OrganizerWebsite":"","_VenueAddress":"","_VenueCity":"","_VenueCountry":"","_VenueProvince":"","_VenueState":"","_VenueZip":"","_VenuePhone":"","_VenueURL":"","_VenueStateProvince":"","_VenueLat":"","_VenueLng":"","_VenueShowMap":false,"_VenueShowMapLink":false,"_themeisle_gutenberg_block_has_review":false,"footnotes":"","_tec_slr_enabled":"","_tec_slr_layout":""},"class_list":["post-2634","page","type-page","status-publish","hentry"],"ticketed":false,"_links":{"self":[{"href":"https:\/\/becid.ut.ee\/et\/wp-json\/wp\/v2\/pages\/2634","targetHints":{"allow":["GET"]}}],"collection":[{"href":"https:\/\/becid.ut.ee\/et\/wp-json\/wp\/v2\/pages"}],"about":[{"href":"https:\/\/becid.ut.ee\/et\/wp-json\/wp\/v2\/types\/page"}],"author":[{"embeddable":true,"href":"https:\/\/becid.ut.ee\/et\/wp-json\/wp\/v2\/users\/1"}],"replies":[{"embeddable":true,"href":"https:\/\/becid.ut.ee\/et\/wp-json\/wp\/v2\/comments?post=2634"}],"version-history":[{"count":4,"href":"https:\/\/becid.ut.ee\/et\/wp-json\/wp\/v2\/pages\/2634\/revisions"}],"predecessor-version":[{"id":3803,"href":"https:\/\/becid.ut.ee\/et\/wp-json\/wp\/v2\/pages\/2634\/revisions\/3803"}],"wp:attachment":[{"href":"https:\/\/becid.ut.ee\/et\/wp-json\/wp\/v2\/media?parent=2634"}],"curies":[{"name":"wp","href":"https:\/\/api.w.org\/{rel}","templated":true}]}}