{"id":2642,"date":"2025-06-27T12:48:55","date_gmt":"2025-06-27T12:48:55","guid":{"rendered":"https:\/\/becid.ut.ee\/becid-year-1-report-december-2022-december-2023\/"},"modified":"2025-07-24T13:45:38","modified_gmt":"2025-07-24T13:45:38","slug":"becid-year-1-report-december-2022-december-2023","status":"publish","type":"page","link":"https:\/\/becid.ut.ee\/et\/becid-year-1-report-december-2022-december-2023\/","title":{"rendered":"BECID 1. aasta aruanne (detsember 2022-detsember 2023)"},"content":{"rendered":"\n<div style=\"height:100px\" aria-hidden=\"true\" class=\"wp-block-spacer\"><\/div>\n\n<p>BECID 1. aasta aruanne<br\/><em>detsember 2022-detsember 2023<\/em><br\/>Maia Klaassen | koordinaator ja nooremteadur<br\/>Inger Klesment | kommunikatsiooni- ja meediap\u00e4devuse spetsialist<br\/>Gretel Juhansoo | kommunikatsiooni- ja meediap\u00e4devuse spetsialist<br\/>&#8230; koosloomisel kogu keskuse ja selle sidusr\u00fchmadega.<\/p>\n\n<p>Tartu \u00dclikooli (UTARTU) poolt koordineeritava ELi rahastatud projekti (ID 118471) esimene osa 1.4. osa.<\/p>\n\n<p>Aruanne BECID 2023 on p\u00f5hjalik \u00fclevaade Balti teabeh\u00e4irete vastu v\u00f5itlemise keskuse algatustest ja saavutustest. See h\u00f5lmab erinevaid valdkondi, nagu projektijuhtimine, faktikontrolli tegevused kogu Baltikumis, teadusuuringud ja anal\u00fc\u00fcsid, meediap\u00e4devuse algatused ning \u00fcli\u00f5pilaste uurimist\u00f6\u00f6de tipphetked. M\u00f5ned peamised aspektid h\u00f5lmavad uuenduslikke l\u00e4henemisviise digitaalsele meediap\u00e4devusele, haridusprogrammide ja \u00f5pikodade loomist ning koost\u00f6\u00f6d erinevate riiklike asutuste ja organisatsioonidega. Aruanne annab v\u00e4\u00e4rtusliku \u00fclevaate Eesti, L\u00e4ti ja Leedu teabeh\u00e4irete vastasest v\u00f5itlusest, tuues esile m\u00e4rkimisv\u00e4\u00e4rseid edusamme ja tulevikustrateegiaid.   <\/p>\n\n<div data-wp-interactive=\"core\/file\" class=\"wp-block-file\"><object data-wp-bind--hidden=\"!state.hasPdfPreview\" hidden class=\"wp-block-file__embed\" data=\"https:\/\/becid.ut.ee\/wp-content\/uploads\/2025\/06\/D1.1-BECID-2023-report-v2.0-1.pdf\" type=\"application\/pdf\" style=\"width:100%;height:600px\" aria-label=\"Lisa D1.1-BECID-2023-report-v2.0.\"><\/object><a id=\"wp-block-file--media-2ecd255d-2d2e-4969-992c-76fe7857f102\" href=\"https:\/\/becid.ut.ee\/wp-content\/uploads\/2025\/06\/D1.1-BECID-2023-report-v2.0-1.pdf\">D1.1-BECID-2023-report-v2.0<\/a><a href=\"https:\/\/becid.ut.ee\/wp-content\/uploads\/2025\/06\/D1.1-BECID-2023-report-v2.0-1.pdf\" class=\"wp-block-file__button wp-element-button\" download=\"\" aria-describedby=\"wp-block-file--media-2ecd255d-2d2e-4969-992c-76fe7857f102\">Lae alla<\/a><\/div>\n","protected":false},"excerpt":{"rendered":"<p>BECID 1. aasta aruannedetsember 2022-detsember 2023Maia Klaassen | koordinaator ja nooremteadurInger Klesment | kommunikatsiooni- ja meediap\u00e4devuse spetsialistGretel Juhansoo | kommunikatsiooni- ja meediap\u00e4devuse spetsialist&#8230; koosloomisel kogu keskuse ja selle sidusr\u00fchmadega. Tartu [&hellip;]<\/p>\n","protected":false},"author":1,"featured_media":0,"parent":0,"menu_order":0,"comment_status":"closed","ping_status":"closed","template":"","meta":{"_price":"","_stock":"","_tribe_ticket_header":"","_tribe_default_ticket_provider":"","_tribe_ticket_capacity":"0","_ticket_start_date":"","_ticket_end_date":"","_tribe_ticket_show_description":"","_tribe_ticket_show_not_going":false,"_tribe_ticket_use_global_stock":"","_tribe_ticket_global_stock_level":"","_global_stock_mode":"","_global_stock_cap":"","_tribe_rsvp_for_event":"","_tribe_ticket_going_count":"","_tribe_ticket_not_going_count":"","_tribe_tickets_list":"[]","_tribe_ticket_has_attendee_info_fields":false,"_EventAllDay":false,"_EventTimezone":"","_EventStartDate":"","_EventEndDate":"","_EventStartDateUTC":"","_EventEndDateUTC":"","_EventShowMap":false,"_EventShowMapLink":false,"_EventURL":"","_EventCost":"","_EventCostDescription":"","_EventCurrencySymbol":"","_EventCurrencyCode":"","_EventCurrencyPosition":"","_EventDateTimeSeparator":"","_EventTimeRangeSeparator":"","_EventOrganizerID":[],"_EventVenueID":[],"_OrganizerEmail":"","_OrganizerPhone":"","_OrganizerWebsite":"","_VenueAddress":"","_VenueCity":"","_VenueCountry":"","_VenueProvince":"","_VenueState":"","_VenueZip":"","_VenuePhone":"","_VenueURL":"","_VenueStateProvince":"","_VenueLat":"","_VenueLng":"","_VenueShowMap":false,"_VenueShowMapLink":false,"_themeisle_gutenberg_block_has_review":false,"footnotes":"","_tec_slr_enabled":"","_tec_slr_layout":""},"class_list":["post-2642","page","type-page","status-publish","hentry"],"ticketed":false,"_links":{"self":[{"href":"https:\/\/becid.ut.ee\/et\/wp-json\/wp\/v2\/pages\/2642","targetHints":{"allow":["GET"]}}],"collection":[{"href":"https:\/\/becid.ut.ee\/et\/wp-json\/wp\/v2\/pages"}],"about":[{"href":"https:\/\/becid.ut.ee\/et\/wp-json\/wp\/v2\/types\/page"}],"author":[{"embeddable":true,"href":"https:\/\/becid.ut.ee\/et\/wp-json\/wp\/v2\/users\/1"}],"replies":[{"embeddable":true,"href":"https:\/\/becid.ut.ee\/et\/wp-json\/wp\/v2\/comments?post=2642"}],"version-history":[{"count":2,"href":"https:\/\/becid.ut.ee\/et\/wp-json\/wp\/v2\/pages\/2642\/revisions"}],"predecessor-version":[{"id":3656,"href":"https:\/\/becid.ut.ee\/et\/wp-json\/wp\/v2\/pages\/2642\/revisions\/3656"}],"wp:attachment":[{"href":"https:\/\/becid.ut.ee\/et\/wp-json\/wp\/v2\/media?parent=2642"}],"curies":[{"name":"wp","href":"https:\/\/api.w.org\/{rel}","templated":true}]}}