{"id":2650,"date":"2025-06-27T12:44:40","date_gmt":"2025-06-27T12:44:40","guid":{"rendered":"https:\/\/becid.ut.ee\/mitigating-disinformation-vulnerability-with-situational-risk-awareness-and-humancentered-approaches-a-conceptual-model-2023\/"},"modified":"2025-07-24T14:05:36","modified_gmt":"2025-07-24T14:05:36","slug":"mitigating-disinformation-vulnerability-with-situational-risk-awareness-and-humancentered-approaches-a-conceptual-model-2023","status":"publish","type":"page","link":"https:\/\/becid.ut.ee\/et\/mitigating-disinformation-vulnerability-with-situational-risk-awareness-and-humancentered-approaches-a-conceptual-model-2023\/","title":{"rendered":"(Dis)teabe haavatavuse leevendamine situatsioonip\u00f5hise riskiteadlikkuse ja inimkeskse l\u00e4henemise abil: (2023)"},"content":{"rendered":"\n<div style=\"height:100px\" aria-hidden=\"true\" class=\"wp-block-spacer\"><\/div>\n\n<figure class=\"wp-block-image alignwide size-large\"><img loading=\"lazy\" decoding=\"async\" width=\"285\" height=\"192\" src=\"https:\/\/becid.ut.ee\/wp-content\/uploads\/2025\/06\/BECID-BLOGI-PILDID-18.svg\" alt=\"\" class=\"wp-image-1492\"\/><\/figure>\n\n<p>(Dis)teabe haavatavuse leevendamine situatsioonip\u00f5hise riskiteadlikkuse ja inimkeskse l\u00e4henemise abil: A Conceptual Model<br\/><em>2023<\/em><br\/>Auks\u0117 Bal\u010dytien\u0117 | vanemteadur, VMU<br\/>Dmytro Iarovyi | nooremteadur, VMU<\/p>\n\n<p>&#8230;teiste BECIDi uurimisr\u00fchma liikmete abiga ja panusega, mida juhib BECIDi juhtivteadur, professor Andra Siibak, UTARTU.<\/p>\n\n<p>Osa Euroopa Liidu rahastatud projekti D3.1 (ID 118471), mida koordineerib Tartu \u00dclikool (UTARTU).<\/p>\n\n<p>K\u00e4esolevas anal\u00fc\u00fcsis k\u00e4sitletakse (dis)teabe haavatavuse m\u00f5istet, tuues v\u00e4lja m\u00e4\u00e4ravad tegurid, mille alusel \u00fcksikisikud ja r\u00fchmad on vastuv\u00f5tlikud v\u00f5rgumanipulatsioonide \u00fclemv\u00f5imu kahjulikele tagaj\u00e4rgedele.<\/p>\n\n<p>&#8220;(Teabe)haavatavuse&#8221; m\u00f5iste m\u00e4\u00e4ratlemine on keeruline, sest see on mitmem\u00f5\u00f5tmeline ja erip\u00e4rane, s\u00f5ltudes individuaalsetest omadustest ja kontekstitingimustest. Seet\u00f5ttu integreeritakse k\u00e4esolevas dokumendis teabet\u00f6\u00f6tluse inimkeskseid aspekte, h\u00f5lmates individuaalsed (sotsiaal-demograafilised omadused, nagu vanus ja haridus) koos sotsiaalps\u00fchholoogiliste v\u00f5imetega, nagu eneset\u00f5hususe hinnangud ja v\u00e4\u00e4rtused, mis muutuvad eriti oluliseks konfliktide ja erimeelsuste tekkele kalduvates otsustusolukordades. Lisaks h\u00f5lmab see l\u00e4henemisviis sotsiaalstruktuurilisi ja situatsioonilisi tunnuseid, mis on t\u00e4nap\u00e4eva meedias ja kommunikatsioonis levinud.  <\/p>\n\n<p>Siin l\u00e4htutakse eelk\u00f5ige sellest, et teabega manipuleerimist m\u00f5jutavad oluliselt digitaaltehnoloogia ja teabe k\u00e4ttesaadavus, kuid mis k\u00f5ige t\u00e4htsam, ka riiklikud kontekstuaalsed erip\u00e4rad, nimelt teabe pakkumise ja kasutamise sotsiaal-kultuurilised v\u00e4\u00e4rtused ja traditsioonid. Nende hulgas on p\u00e4evakorra ja meediasiseste representatsioonide m\u00e4\u00e4ratlevad omadused, kuid k\u00f5ige olulisemad on individuaalsed tegurid, nagu individuaalne juurdep\u00e4\u00e4s meediale ja digitaalsed oskused, samuti sotsiaalps\u00fchholoogilised aspektid, sealhulgas mitmesugused (kognitiivsed) eelarvamused, meediateadlikkus ja sellega seotud moraalse arutluse tegurid otsuste tegemisel ja teabe t\u00f6\u00f6tlemisel. <\/p>\n\n<p>Selles kontekstis n\u00f5uab universalistlik poliitika kujundamine suuremat tundlikkust ja teadlikkust manipuleeriva sisu leviku ja \u00fcksikute osalejate reageeringute riskidest, mis on seotud d\u00fcsfunktsionaalsete kommunikatsioonisituatsioonidega. Oluline on arvestada, et kuigi (dis)teabe haavatavus on muutunud meediapoliitika arutelu osaks, j\u00e4\u00e4b see siiski ekspertteadmiste valdkonnaks. Lahendusi luuakse &#8220;\u00fclaltpoolt&#8221; l\u00e4htudes, n\u00e4iteks pakkudes v\u00e4lja meediap\u00e4devuse programme v\u00f5i edendades meediaorganisatsioonide faktikontrolli. Vaatamata nendele j\u00f5upingutustele on ebapiisavad teadmised ja t\u00f5endusp\u00f5hine arusaam kahjuliku sisu m\u00f5ju ulatusest inimeste m\u00f5ttemaailmale, m\u00f5jutades seel\u00e4bi \u00fchiskonna terviklikkust. Seega on oluline hinnata kontseptuaalseid m\u00e4\u00e4ratlusi ja uurimistulemusi, mis selgitavad (v\u00e4\u00e4r)teabe haavatavuse riske. L\u00f5puks pakutakse v\u00e4lja kontseptuaalne mudel, mis integreerib k\u00f5ik need kriitilised aspektid.     <\/p>\n\n<p>Loe anal\u00fc\u00fcsi siit: <a href=\"https:\/\/becid.eu\/wp-content\/uploads\/2024\/01\/D3.1-2-Mitigating-Disinformation-Vulnerability-1.pdf\"><mark style=\"background-color:rgba(0, 0, 0, 0);color:#ffcd05\" class=\"has-inline-color\">D3.1 (2) Desinformatsiooni haavatavuse leevendamine<\/mark><\/a><\/p>\n","protected":false},"excerpt":{"rendered":"<p>(Dis)teabe haavatavuse leevendamine situatsioonip\u00f5hise riskiteadlikkuse ja inimkeskse l\u00e4henemise abil: A Conceptual Model2023Auks\u0117 Bal\u010dytien\u0117 | vanemteadur, VMUDmytro Iarovyi | nooremteadur, VMU &#8230;teiste BECIDi uurimisr\u00fchma liikmete abiga ja panusega, mida juhib BECIDi [&hellip;]<\/p>\n","protected":false},"author":1,"featured_media":0,"parent":0,"menu_order":0,"comment_status":"closed","ping_status":"closed","template":"","meta":{"_price":"","_stock":"","_tribe_ticket_header":"","_tribe_default_ticket_provider":"","_tribe_ticket_capacity":"0","_ticket_start_date":"","_ticket_end_date":"","_tribe_ticket_show_description":"","_tribe_ticket_show_not_going":false,"_tribe_ticket_use_global_stock":"","_tribe_ticket_global_stock_level":"","_global_stock_mode":"","_global_stock_cap":"","_tribe_rsvp_for_event":"","_tribe_ticket_going_count":"","_tribe_ticket_not_going_count":"","_tribe_tickets_list":"[]","_tribe_ticket_has_attendee_info_fields":false,"_EventAllDay":false,"_EventTimezone":"","_EventStartDate":"","_EventEndDate":"","_EventStartDateUTC":"","_EventEndDateUTC":"","_EventShowMap":false,"_EventShowMapLink":false,"_EventURL":"","_EventCost":"","_EventCostDescription":"","_EventCurrencySymbol":"","_EventCurrencyCode":"","_EventCurrencyPosition":"","_EventDateTimeSeparator":"","_EventTimeRangeSeparator":"","_EventOrganizerID":[],"_EventVenueID":[],"_OrganizerEmail":"","_OrganizerPhone":"","_OrganizerWebsite":"","_VenueAddress":"","_VenueCity":"","_VenueCountry":"","_VenueProvince":"","_VenueState":"","_VenueZip":"","_VenuePhone":"","_VenueURL":"","_VenueStateProvince":"","_VenueLat":"","_VenueLng":"","_VenueShowMap":false,"_VenueShowMapLink":false,"_themeisle_gutenberg_block_has_review":false,"footnotes":"","_tec_slr_enabled":"","_tec_slr_layout":""},"class_list":["post-2650","page","type-page","status-publish","hentry"],"ticketed":false,"_links":{"self":[{"href":"https:\/\/becid.ut.ee\/et\/wp-json\/wp\/v2\/pages\/2650","targetHints":{"allow":["GET"]}}],"collection":[{"href":"https:\/\/becid.ut.ee\/et\/wp-json\/wp\/v2\/pages"}],"about":[{"href":"https:\/\/becid.ut.ee\/et\/wp-json\/wp\/v2\/types\/page"}],"author":[{"embeddable":true,"href":"https:\/\/becid.ut.ee\/et\/wp-json\/wp\/v2\/users\/1"}],"replies":[{"embeddable":true,"href":"https:\/\/becid.ut.ee\/et\/wp-json\/wp\/v2\/comments?post=2650"}],"version-history":[{"count":2,"href":"https:\/\/becid.ut.ee\/et\/wp-json\/wp\/v2\/pages\/2650\/revisions"}],"predecessor-version":[{"id":3770,"href":"https:\/\/becid.ut.ee\/et\/wp-json\/wp\/v2\/pages\/2650\/revisions\/3770"}],"wp:attachment":[{"href":"https:\/\/becid.ut.ee\/et\/wp-json\/wp\/v2\/media?parent=2650"}],"curies":[{"name":"wp","href":"https:\/\/api.w.org\/{rel}","templated":true}]}}