{"id":2658,"date":"2025-06-27T12:40:02","date_gmt":"2025-06-27T12:40:02","guid":{"rendered":"https:\/\/becid.ut.ee\/conceptual-and-methodological-approaches-in-societal-resilience-research-2024\/"},"modified":"2025-07-24T13:50:44","modified_gmt":"2025-07-24T13:50:44","slug":"conceptual-and-methodological-approaches-in-societal-resilience-research-2024","status":"publish","type":"page","link":"https:\/\/becid.ut.ee\/et\/conceptual-and-methodological-approaches-in-societal-resilience-research-2024\/","title":{"rendered":"Kontseptuaalsed ja metoodilised l\u00e4henemisviisid \u00fchiskonna vastupanuv\u00f5ime uurimisel (2024)"},"content":{"rendered":"\n<div style=\"height:100px\" aria-hidden=\"true\" class=\"wp-block-spacer\"><\/div>\n\n<figure class=\"wp-block-image alignwide size-large\"><img loading=\"lazy\" decoding=\"async\" width=\"285\" height=\"192\" src=\"https:\/\/becid.ut.ee\/wp-content\/uploads\/2025\/06\/BECID-BLOGI-PILDID-20.svg\" alt=\"\" class=\"wp-image-1508\"\/><\/figure>\n\n<p>Kontseptuaalsed ja metodoloogilised l\u00e4henemisviisid \u00fchiskondliku vastupanuv\u00f5ime uuringutes<br\/><em>2024<\/em><br\/>Kristina Jurait\u0117, Dmytro Iarovyi, Sten Torpan, Ragne K\u00f5uts-Klemm<\/p>\n\n<p>&#8230;teiste BECIDi uurimisr\u00fchma liikmete abiga ja panusega, mida juhib BECIDi juhtivteadur, professor Andra Siibak, UTARTU.<\/p>\n\n<p>Osa Euroopa Liidu rahastatud projekti D3.1 (ID 118471), mida koordineerib Tartu \u00dclikool (UTARTU).<\/p>\n\n<p>K\u00e4esoleva s\u00fcstemaatilise kirjandus\u00fclevaate eesm\u00e4rk oli uurida avalikkuse reaktsioone ja suutlikkust tulla toime desinformatsiooni ja muude meediaga seotud h\u00e4iretega seotud kasvavate probleemide ja riskidega. See p\u00f5hineb enam kui 150 artiklil, mis on avaldatud alates 2010. aastast. K\u00e4esoleva \u00fclevaate esmane eesm\u00e4rk oli m\u00f5ista, kuidas desinformatsiooni ja muude teabeh\u00e4iretega seotud vastupanuv\u00f5imet akadeemilises kirjanduses kontseptualiseeritakse ja operatsionaliseeritakse.  <\/p>\n\n<p>Uuringu \u00fcks keskne aspekt keskendub vastupanuv\u00f5ime kontseptsioonile. Uuringud m\u00e4\u00e4ratlevad \u00fchiskonna vastupanuv\u00f5imet desinformatsiooni vastu peamiselt kui sotsiaalset suutlikkust, p\u00e4devust ja ressursse, mis on \u00fcksikisikute ja erinevate \u00fchiskonnagruppide k\u00e4sutuses, et \u00e4ra tunda ja v\u00f5idelda desinformatsiooni kahjulike m\u00f5jude vastu. <\/p>\n\n<p>Vastupidavust desinformatsioonile m\u00e4\u00e4ratletakse kui seisundit, kus desinformatsioon ei j\u00f5ua m\u00e4rkimisv\u00e4\u00e4rse osani kodanikest v\u00f5i v\u00e4hemalt ei \u00f5nnestu neid, kes sellega kokku puutuvad, veenda seda levitama.<\/p>\n\n<p>Uuringud n\u00e4itavad, et \u00fchiskonna vastupanuv\u00f5ime ja v\u00f5ime tulla toime desinformatsiooniga on iga riigi jaoks spetsiifiline ning s\u00f5ltub suuresti sotsiaal-poliitilisest ja teabekeskkonnast. Need uuringud heidavad valgust erinevatele teguritele, sealhulgas \u00fchelt poolt struktuurilistele tingimustele (v\u00f5rgustikud, institutsioonid ja diskursused) ja teiselt poolt sotsiaalsete osalejate (individuaalne suutlikkus ja tegutsemisv\u00f5ime) l\u00e4henemisviisile. Samuti t\u00f5stavad nad esile sotsiaalkultuurilisi tegureid (v\u00e4\u00e4rtused, teadmised, usaldus ja tavad) ja kontekstuaalseid tegureid (sotsiaalsed, poliitilised ja majanduslikud tingimused, institutsionaalne keskkond ja v\u00f5imusuhted).  <\/p>\n\n<p>Uuringus uuritakse desinformatsioonist tulenevaid haavatavusi, mis h\u00f5lmavad erinevaid valdkondi, nagu demokraatia, julgeolek, rahvatervis, majandus ja tehnoloogia. Lisaks sellele uuritakse aruandes tingimusi, mis m\u00f5jutavad haavatavust v\u00f5i vastupanuv\u00f5imet desinformatsiooni suhtes. Nende tegurite hulka kuuluvad teabe omadused, keskkond ja teabe saajad.  <\/p>\n\n<p>Loe aruannet: <a href=\"https:\/\/becid.eu\/wp-content\/uploads\/2024\/01\/D3.1_Conceptual_and_Methodological_Approaches_in_Societal_Resilience_Research.pdf\"><mark style=\"background-color:rgba(0, 0, 0, 0);color:#ffcd05\" class=\"has-inline-color\">D3.1_Conceptual_and_Methodological_Approaches_in_Societal_Resilience_Research (kontseptuaalsed_ja_metodoloogilised_l\u00e4henemisviisid_sotsiaalse_vastupidavuse_uuringutes)<\/mark><\/a><\/p>\n\n<p><\/p>\n","protected":false},"excerpt":{"rendered":"<p>Kontseptuaalsed ja metodoloogilised l\u00e4henemisviisid \u00fchiskondliku vastupanuv\u00f5ime uuringutes2024Kristina Jurait\u0117, Dmytro Iarovyi, Sten Torpan, Ragne K\u00f5uts-Klemm &#8230;teiste BECIDi uurimisr\u00fchma liikmete abiga ja panusega, mida juhib BECIDi juhtivteadur, professor Andra Siibak, UTARTU. Osa [&hellip;]<\/p>\n","protected":false},"author":1,"featured_media":0,"parent":0,"menu_order":0,"comment_status":"closed","ping_status":"closed","template":"","meta":{"_price":"","_stock":"","_tribe_ticket_header":"","_tribe_default_ticket_provider":"","_tribe_ticket_capacity":"0","_ticket_start_date":"","_ticket_end_date":"","_tribe_ticket_show_description":"","_tribe_ticket_show_not_going":false,"_tribe_ticket_use_global_stock":"","_tribe_ticket_global_stock_level":"","_global_stock_mode":"","_global_stock_cap":"","_tribe_rsvp_for_event":"","_tribe_ticket_going_count":"","_tribe_ticket_not_going_count":"","_tribe_tickets_list":"[]","_tribe_ticket_has_attendee_info_fields":false,"_EventAllDay":false,"_EventTimezone":"","_EventStartDate":"","_EventEndDate":"","_EventStartDateUTC":"","_EventEndDateUTC":"","_EventShowMap":false,"_EventShowMapLink":false,"_EventURL":"","_EventCost":"","_EventCostDescription":"","_EventCurrencySymbol":"","_EventCurrencyCode":"","_EventCurrencyPosition":"","_EventDateTimeSeparator":"","_EventTimeRangeSeparator":"","_EventOrganizerID":[],"_EventVenueID":[],"_OrganizerEmail":"","_OrganizerPhone":"","_OrganizerWebsite":"","_VenueAddress":"","_VenueCity":"","_VenueCountry":"","_VenueProvince":"","_VenueState":"","_VenueZip":"","_VenuePhone":"","_VenueURL":"","_VenueStateProvince":"","_VenueLat":"","_VenueLng":"","_VenueShowMap":false,"_VenueShowMapLink":false,"_themeisle_gutenberg_block_has_review":false,"footnotes":"","_tec_slr_enabled":"","_tec_slr_layout":""},"class_list":["post-2658","page","type-page","status-publish","hentry"],"ticketed":false,"_links":{"self":[{"href":"https:\/\/becid.ut.ee\/et\/wp-json\/wp\/v2\/pages\/2658","targetHints":{"allow":["GET"]}}],"collection":[{"href":"https:\/\/becid.ut.ee\/et\/wp-json\/wp\/v2\/pages"}],"about":[{"href":"https:\/\/becid.ut.ee\/et\/wp-json\/wp\/v2\/types\/page"}],"author":[{"embeddable":true,"href":"https:\/\/becid.ut.ee\/et\/wp-json\/wp\/v2\/users\/1"}],"replies":[{"embeddable":true,"href":"https:\/\/becid.ut.ee\/et\/wp-json\/wp\/v2\/comments?post=2658"}],"version-history":[{"count":4,"href":"https:\/\/becid.ut.ee\/et\/wp-json\/wp\/v2\/pages\/2658\/revisions"}],"predecessor-version":[{"id":3697,"href":"https:\/\/becid.ut.ee\/et\/wp-json\/wp\/v2\/pages\/2658\/revisions\/3697"}],"wp:attachment":[{"href":"https:\/\/becid.ut.ee\/et\/wp-json\/wp\/v2\/media?parent=2658"}],"curies":[{"name":"wp","href":"https:\/\/api.w.org\/{rel}","templated":true}]}}