{"id":2670,"date":"2025-06-27T12:23:40","date_gmt":"2025-06-27T12:23:40","guid":{"rendered":"https:\/\/becid.ut.ee\/intergenerational-training-to-improve-the-digital-competence-of-young-people-and-the-elderly\/"},"modified":"2025-07-24T13:57:27","modified_gmt":"2025-07-24T13:57:27","slug":"intergenerational-training-to-improve-the-digital-competence-of-young-people-and-the-elderly","status":"publish","type":"page","link":"https:\/\/becid.ut.ee\/et\/intergenerational-training-to-improve-the-digital-competence-of-young-people-and-the-elderly\/","title":{"rendered":"P\u00f5lvkondadevaheline koolitus noorte ja eakate digip\u00e4devuse parandamiseks"},"content":{"rendered":"\n<div style=\"height:100px\" aria-hidden=\"true\" class=\"wp-block-spacer\"><\/div>\n\n<figure class=\"wp-block-image alignwide size-large\"><img loading=\"lazy\" decoding=\"async\" width=\"1440\" height=\"809\" src=\"https:\/\/becid.ut.ee\/wp-content\/uploads\/2025\/06\/BECID-BLOGI-PILDID-1920-x-1080-px-9.svg\" alt=\"\" class=\"wp-image-1570\"\/><\/figure>\n\n<p>Tartu \u00dclikooli (UTARTU) poolt koordineeritud projekti 4.3 (tunnusega 118471) tulemus. T4.3 juht: Baltic Centre of Media Excellence (BCME). Osalejad: UTARTU, Vidzeme rakendusk\u00f5rgkool, Vytautas Magnuse \u00fclikool.  <\/p>\n\n<p><strong>L\u0101sma Antonevi\u010da <\/strong>| Projektijuht (BCME)<\/p>\n\n<p><strong>Inger Klesment <\/strong>| BECID kommunikatsiooni- ja meediap\u00e4devuse spetsialist (UTARTU)<\/p>\n\n<figure class=\"wp-block-image size-large\"><img loading=\"lazy\" decoding=\"async\" width=\"1024\" height=\"683\" src=\"https:\/\/becid.ut.ee\/wp-content\/uploads\/2025\/06\/KZN_8562-1024x683.jpg\" alt=\"\" class=\"wp-image-1575\" srcset=\"https:\/\/becid.ut.ee\/wp-content\/uploads\/2025\/06\/KZN_8562-1024x683.jpg 1024w, https:\/\/becid.ut.ee\/wp-content\/uploads\/2025\/06\/KZN_8562-300x200.jpg 300w, https:\/\/becid.ut.ee\/wp-content\/uploads\/2025\/06\/KZN_8562-768x512.jpg 768w, https:\/\/becid.ut.ee\/wp-content\/uploads\/2025\/06\/KZN_8562-1536x1024.jpg 1536w, https:\/\/becid.ut.ee\/wp-content\/uploads\/2025\/06\/KZN_8562-1200x800.jpg 1200w, https:\/\/becid.ut.ee\/wp-content\/uploads\/2025\/06\/KZN_8562.jpg 1546w\" sizes=\"auto, (max-width: 1024px) 100vw, 1024px\" \/><\/figure>\n\n<p class=\"has-raft-accent-color has-text-color has-link-color has-large-font-size wp-elements-4bf2760a8167d1c9b0add4b5d93cef91\"><strong>L\u00e4ti: &#8220;Digitaalselt koos!&#8221; Algatus <\/strong><\/p>\n\n<p>T4.3 tegevus L\u00e4tis, mis p\u00f5hineb Eesti pilootprojektil &#8220;Digimentor&#8221;, k\u00e4ivitas kampaania &#8220;Digitaalselt koos!&#8221;, mis keskendub p\u00f5lvkondadevahelisele \u00f5ppimisele. \u00dcle 50 noore &#8220;Digimentori&#8221; koolitati ja nad kaasasid eakamaid t\u00e4iskasvanuid sotsiaalmeediagruppide kaudu, edendades digitaalset kirjaoskust ja meediaoskusi. 24.-25. novembril 2023 veebip\u00f5hiselt l\u00e4bi viidud programmis k\u00e4sitleti selliseid teemasid nagu digitaalse keskkonna haldamine ja digitaalse l\u00f5he \u00fcletamine. Kampaania l\u00f5ppes 14. detsembril 2023 toimunud foorumiga, kus osalesid piirkondlikud eksperdid, kes arutasid p\u00f5lvkondadevahelist koost\u00f6\u00f6d. Delfi LV uudisteportaali spetsiaalne rubriik j\u00f5udis \u00fcle 25 000 k\u00fclastajani, edendades digitaalset kirjaoskust k\u00f5igis vanuser\u00fchmades.    <\/p>\n\n<p class=\"has-raft-accent-color has-text-color has-link-color has-large-font-size wp-elements-9c2d4b81ac1135c8c067ac5dc0f62db7\"><strong>Eesti: Digimentori projekt<\/strong><\/p>\n\n<p>Septembrist 2023 kuni 2024. aasta maini kestnud ja Telia poolt toetatud Eesti Digimentori projekti raames viisid keskkooli\u00f5pilased l\u00e4bi 36 t\u00f6\u00f6tuba eakatele t\u00e4iskasvanutele. Teemad ulatusid tehisintellektist kuni interneti turvalisuseni, kaasates \u00fcle 150 osaleja. \u00d5ppimise t\u00f5hustamiseks r\u00f5hutati praktilisi sessioone ja juhitavat grupisuurust. Lisaks h\u00f5lmas projekt teabematerjale ja osalemist eakatele suunatud \u00fcritustel, millega julgustati teadlikku \u00fchiskondlikku osalemist ja digitaalset teadlikkust.   <\/p>\n\n<p class=\"has-raft-accent-color has-text-color has-link-color has-large-font-size wp-elements-ef442cbdaf87d212b461924dae4c162b\"><strong>T\u00e4helepanekud ja soovitused<\/strong><\/p>\n\n<p>M\u00f5lemad projektid t\u00f5id esile praktilise, praktilise \u00f5ppimise t\u00f5hususe ning kannatlikkuse ja selge suhtlemise t\u00e4htsuse. Noorte kaasamine mentoritena oli v\u00e4ga oluline, sest see pakkus vastastikust kasu oskuste arendamisel. Tulevaste laienduste puhul tuleks kasutada p\u00e4evakeskusi ja koole, parandada turundusstrateegiaid ning kaaluda nominaalse osalustasu kehtestamist t\u00f5siste kohustuste v\u00f5tmise eest.  <\/p>\n\n<p class=\"has-text-align-center has-raft-accent-background-color has-background\"><a href=\"https:\/\/becid.eu\/wp-content\/uploads\/2024\/05\/new-pdf.pdf\" target=\"_blank\" rel=\"noreferrer noopener\">Loe kogu aruannet<strong> siit<\/strong><\/a><\/p>\n\n<p><\/p>\n","protected":false},"excerpt":{"rendered":"<p>Tartu \u00dclikooli (UTARTU) poolt koordineeritud projekti 4.3 (tunnusega 118471) tulemus. T4.3 juht: Baltic Centre of Media Excellence (BCME). Osalejad: UTARTU, Vidzeme rakendusk\u00f5rgkool, Vytautas Magnuse \u00fclikool. L\u0101sma Antonevi\u010da | Projektijuht (BCME) [&hellip;]<\/p>\n","protected":false},"author":1,"featured_media":0,"parent":0,"menu_order":0,"comment_status":"closed","ping_status":"closed","template":"","meta":{"_price":"","_stock":"","_tribe_ticket_header":"","_tribe_default_ticket_provider":"","_tribe_ticket_capacity":"0","_ticket_start_date":"","_ticket_end_date":"","_tribe_ticket_show_description":"","_tribe_ticket_show_not_going":false,"_tribe_ticket_use_global_stock":"","_tribe_ticket_global_stock_level":"","_global_stock_mode":"","_global_stock_cap":"","_tribe_rsvp_for_event":"","_tribe_ticket_going_count":"","_tribe_ticket_not_going_count":"","_tribe_tickets_list":"[]","_tribe_ticket_has_attendee_info_fields":false,"_EventAllDay":false,"_EventTimezone":"","_EventStartDate":"","_EventEndDate":"","_EventStartDateUTC":"","_EventEndDateUTC":"","_EventShowMap":false,"_EventShowMapLink":false,"_EventURL":"","_EventCost":"","_EventCostDescription":"","_EventCurrencySymbol":"","_EventCurrencyCode":"","_EventCurrencyPosition":"","_EventDateTimeSeparator":"","_EventTimeRangeSeparator":"","_EventOrganizerID":[],"_EventVenueID":[],"_OrganizerEmail":"","_OrganizerPhone":"","_OrganizerWebsite":"","_VenueAddress":"","_VenueCity":"","_VenueCountry":"","_VenueProvince":"","_VenueState":"","_VenueZip":"","_VenuePhone":"","_VenueURL":"","_VenueStateProvince":"","_VenueLat":"","_VenueLng":"","_VenueShowMap":false,"_VenueShowMapLink":false,"_themeisle_gutenberg_block_has_review":false,"footnotes":"","_tec_slr_enabled":"","_tec_slr_layout":""},"class_list":["post-2670","page","type-page","status-publish","hentry"],"ticketed":false,"_links":{"self":[{"href":"https:\/\/becid.ut.ee\/et\/wp-json\/wp\/v2\/pages\/2670","targetHints":{"allow":["GET"]}}],"collection":[{"href":"https:\/\/becid.ut.ee\/et\/wp-json\/wp\/v2\/pages"}],"about":[{"href":"https:\/\/becid.ut.ee\/et\/wp-json\/wp\/v2\/types\/page"}],"author":[{"embeddable":true,"href":"https:\/\/becid.ut.ee\/et\/wp-json\/wp\/v2\/users\/1"}],"replies":[{"embeddable":true,"href":"https:\/\/becid.ut.ee\/et\/wp-json\/wp\/v2\/comments?post=2670"}],"version-history":[{"count":2,"href":"https:\/\/becid.ut.ee\/et\/wp-json\/wp\/v2\/pages\/2670\/revisions"}],"predecessor-version":[{"id":3742,"href":"https:\/\/becid.ut.ee\/et\/wp-json\/wp\/v2\/pages\/2670\/revisions\/3742"}],"wp:attachment":[{"href":"https:\/\/becid.ut.ee\/et\/wp-json\/wp\/v2\/media?parent=2670"}],"curies":[{"name":"wp","href":"https:\/\/api.w.org\/{rel}","templated":true}]}}