{"id":2678,"date":"2025-06-27T12:20:08","date_gmt":"2025-06-27T12:20:08","guid":{"rendered":"https:\/\/becid.ut.ee\/old-cars-immigrants-and-war-how-eu-related-misinformation-is-spread-in-the-baltics\/"},"modified":"2025-07-24T14:08:42","modified_gmt":"2025-07-24T14:08:42","slug":"old-cars-immigrants-and-war-how-eu-related-misinformation-is-spread-in-the-baltics","status":"publish","type":"page","link":"https:\/\/becid.ut.ee\/et\/old-cars-immigrants-and-war-how-eu-related-misinformation-is-spread-in-the-baltics\/","title":{"rendered":"VANAD AUTOD, IMMIGRANDID JA S\u00d5DA &#8211; KUIDAS LEVIB BALTIKUMIS ELIGA SEOTUD V\u00c4\u00c4RINFO?"},"content":{"rendered":"\n<div style=\"height:100px\" aria-hidden=\"true\" class=\"wp-block-spacer\"><\/div>\n\n<figure class=\"wp-block-image alignwide size-large\"><img loading=\"lazy\" decoding=\"async\" width=\"1440\" height=\"809\" src=\"https:\/\/becid.ut.ee\/wp-content\/uploads\/2025\/06\/BECID-BLOGI-PILDID-1920-x-1080-px-11.svg\" alt=\"\" class=\"wp-image-1594\"\/><\/figure>\n\n<p>Osa Euroopa Liidu rahastatud projekti D2.5, ID 118471, mida koordineerib Tartu \u00dclikool (UTARTU).<br\/><strong>Evita Puri\u0146a <\/strong>| RE:BALTICA\/RE:CHECK<\/p>\n\n<p>Kui soovite ELi Balti riikides diskrediteerida, levitage rohelisi valesid ja poolt\u00f5desid &#8211; n\u00e4iteks, et EL sunnib kohe k\u00f5iki s\u00f5itma elektriautodega, peatab vanade autode remondi ja keelab k\u00fcttepuudega k\u00fctmise.<\/p>\n\n<p>Eelseisvate Euroopa Parlamendi valimiste eel on need olnud k\u00f5ige populaarsemad pettused Leedus, L\u00e4tis ja Eestis. Kuid \u00fcldiselt on see periood m\u00f6\u00f6dunud vaikselt ja ilma suuremate desinformatsiooniskandaalideta. <\/p>\n\n<p>See oleks olnud veelgi rahulikum, kui poliitikud ise ei oleks valijate mobiliseerimiseks mitmesuguseid valesid loonud. Eriti L\u00e4tis on mitmed erakonnad, sealhulgas k\u00f5ige populaarsemad valijate seas, aktiivselt levitanud desinformatsiooni rohelise kokkuleppe, ELi r\u00e4ndepoliitika ja valitsuse t\u00f6\u00f6 kohta. Seda tehakse suuresti TikToki kaudu, kus aktiivsete erakondade ja kandidaatide arv on v\u00f5rreldes paari aasta taguste kohalike parlamendivalimistega kasvanud.  <\/p>\n\n<blockquote class=\"wp-block-quote is-layout-flow wp-block-quote-is-layout-flow\">\n<p><strong>&#8220;EL ei lase teil vanu autosid juhtida&#8221;<\/strong><\/p>\n<\/blockquote>\n\n<p>Viimastel aastatel on keskkonnakaitse Euroopas muutunud \u00fcheks peamiseks pettuse teemaks Covidi, Venemaa sissetungi Ukrainasse, LGBT+ \u00f5iguste ja mitmesuguste vanden\u00f5uteooriate k\u00f5rval. Balti riigid ei ole erandiks. Valimiste eel on neid valesid v\u00e4iteid tugevdatud ELi rohelise kokkuleppe kontekstis.  <\/p>\n\n<p>K\u00f5igis kolmes riigis v\u00e4ljendatakse elektriautodega seotud m\u00fc\u00fcte erinevalt. Sotsiaalmeedia petised ja roheliste poliitikute vastased poliitikud on koos clickbait-saitidega. L\u00e4tis avaldas \u00fcks neist mai l\u00f5pus artikli pealkirjaga: &#8220;2030. aastaks ei tohi me enam sisep\u00f5lemismootoriga autodega s\u00f5ita&#8221;. Artiklis ei p\u00f5hjendata seda kuidagi, vaid vihjatakse, et autor toob selle p\u00f5hjuseks v\u00e4idetavalt suured maksud, mida inimesed ei suuda maksta. Vahepeal avaldas \u00fcks praegu parlamendis esindamata erakondadest &#8211; Uus Konservatiivne Partei &#8211; reklaamplakati loosungiga &#8220;Aeg rohelisele diilile pidurit t\u00f5mmata&#8221;. Plakatil on ka kirjas, et &#8220;vanemad autod on lubatud&#8221;, justkui oleks plaanis neid keelata. Erakonna esimene kandidaat Talis Linkaits oli neli aastat tagasi L\u00e4ti transpordiminister ja n\u00f5udis toona ise vanemate autode k\u00f5rgemaid makse.      <\/p>\n\n<p class=\"has-text-align-center has-raft-accent-background-color has-background\">EU EI KAVATSE KEELATA VANADE AUTODE KASUTAMIST, REMONTI V\u00d5I M\u00dc\u00dcKI. LIIKMESRIIGID ON KOKKU LEPPINUD VAID SELLES, ET ALATES 2035. AASTAST EI M\u00dc\u00dcDA ENAM UUSI SISEP\u00d5LEMISMOOTORIGA AUTOSID. <\/p>\n\n<p>Lisaks nendele kohalikele pettustele on faktikontrollijad teatanud ka elektriautode m\u00fc\u00fctidest, mis levivad riigiti. N\u00e4iteks, et elektrilised politseibussid<mark style=\"background-color:rgba(0, 0, 0, 0);color:#ffcd05\" class=\"has-inline-color\"> <a href=\"https:\/\/www.delfi.lt\/news\/melo-detektorius\/is-dalies-melas\/ar-tikrai-elektriniai-policijos-mikroautobusai-varomi-generatoriumi-96188599\">aadressil<\/a> <a href=\"https:\/\/www.delfi.lt\/news\/melo-detektorius\/is-dalies-melas\/ar-tikrai-elektriniai-policijos-mikroautobusai-varomi-generatoriumi-96188599\">Prantsusmaal<\/a> <\/mark>v\u00f5i laadimisjaamade <a href=\"https:\/\/rebaltica.lv\/2023\/10\/vai-latvija-elektromobili-brauc-ar-gazi-bet-vacija-ar-oglem\/\"><mark style=\"background-color:rgba(0, 0, 0, 0);color:#ffcd05\" class=\"has-inline-color\">Austraalias<\/mark><\/a> tegelikult t\u00f6\u00f6tavad k\u00fctusegeneraatorid. <\/p>\n\n<p>Eestis ja Leedus kaasnesid remondikeelu kuuldused<a href=\"https:\/\/www.delfi.lt\/news\/melo-detektorius\/is-dalies-melas\/ar-tikrai-elektriniai-policijos-mikroautobusai-varomi-generatoriumi-96188599\"> <mark style=\"background-color:rgba(0, 0, 0, 0);color:#ffcd05\" class=\"has-inline-color\">veebilehelt<\/mark><\/a> vanden\u00f5uteooria, et see on osa ELi plaanist, millega soovitakse julgustada inimesi ostma uusi, keskkonnas\u00f5bralikumaid s\u00f5idukeid. See teooria oli populaarne ka mujal Euroopas. Eesti Delfi faktikontrollija Kaili Malts m\u00e4rgib, et Eesti \u00fcritab praegu kehtestada uut automaksu ja selline eksitav teave v\u00f5ib j\u00e4tta mulje, et seda tehakse ELi survel. See ei vasta siiski t\u00f5ele. Malts usub, et m\u00f5nes \u00fchiskonnakihis valitseb vastuseis rohelistele ideedele ja paljud inimesed ei tee vahet ELi ja Eesti algatustel.    <\/p>\n\n<blockquote class=\"wp-block-quote is-layout-flow wp-block-quote-is-layout-flow\">\n<p>&#8220;Sa ei tohi p\u00f5letada puid&#8221;<\/p>\n<\/blockquote>\n\n<p>L\u00e4tis kerkis vahetult enne valimisi taas esile teine populaarne m\u00fc\u00fct rohelise kokkuleppe kohta. V\u00e4ideti, et t\u00e4nu ELi poliitikale on see <a href=\"https:\/\/rebaltica.lv\/2024\/04\/likums-neliegs-apkure-izmantot-malku-granulas-un-briketes\/\"><mark style=\"background-color:rgba(0, 0, 0, 0);color:#ffcd05\" class=\"has-inline-color\">on ebaseaduslik<\/mark><\/a> k\u00fctta kodusid k\u00fcttepuude, brikettide ja puupelletite abil. Umbes aasta tagasi teatas L\u00e4ti metsaomanike \u00fchendus <a href=\"https:\/\/rebaltica.lv\/2023\/01\/vai-es-plano-liegt-apkure-izmantot-malku\/\"><mark style=\"background-color:rgba(0, 0, 0, 0);color:#ffcd05\" class=\"has-inline-color\">levitas<\/mark><\/a> seda m\u00fc\u00fcti oma \u00e4rihuvide ajamiseks.  <\/p>\n\n<p class=\"has-raft-accent-background-color has-background\">2023. aastal oli \u00fcks ELi taastuvenergia direktiivi ettepanekutest piirata puidu kasutamise toetust suurtes katlamajades, mis t\u00f6\u00f6tavad hakkpuidul. Ettepanekut ei toetatud. K\u00fcttepuidu kasutamine k\u00fctmiseks ei ole direktiiviga ega L\u00e4ti seadustega keelatud.  <\/p>\n\n<p>See sai L\u00e4tis kuumaks teemaks, sest see on \u00fcks <a href=\"https:\/\/ec.europa.eu\/eurostat\/statistics-explained\/index.php?title=Forests,_forestry_and_logging\"><mark style=\"background-color:rgba(0, 0, 0, 0);color:#ffcd05\" class=\"has-inline-color\">k\u00f5ige metsarikkam<\/mark><\/a> riigid ELis ja \u00fcks juhtivaid riike k\u00fcttepuidu kasutamisel. Enne Euroopa Parlamendi valimisi jooksid mitmed populistlikud erakonnad selle narratiiviga, ujutades sotsiaalmeediat \u00fche vale v\u00e4ite teise j\u00e4rel. <\/p>\n\n<p>Populistide seas on k\u00f5ige valjuh\u00e4\u00e4lsem L\u00e4ti Esimene, mis paar aastat tagasi endise oligarhi Ain\u0101rs \u0160lesersi juhtimisel t\u00f5usis esile kui vaktsineerimisvastane pooldaja ja mis kuni 24. veebruarini 2022 n\u00f5udis tihedamat s\u00f5prust Venemaaga. N\u00fc\u00fcd r\u00e4\u00e4givad selle esindajad, kelle hulgas pole puudust vanden\u00f5uteoreetikutest, regulaarselt oma k\u00fcmnetele tuhandetele poolehoidjatele, et Green Deal on ohtlik, see ajab L\u00e4ti pankrotti ja paljud elanikud vaesusse. Mitmed erakonnad kasutavad ka <a href=\"https:\/\/rebaltica.lv\/2024\/05\/vai-latvija-ir-zalaka-valsts-eiropa\/\"><mark style=\"background-color:rgba(0, 0, 0, 0);color:#ffcd05\" class=\"has-inline-color\">vana m\u00fc\u00fcti<\/mark><\/a> et L\u00e4ti on k\u00f5ige rohelisem v\u00f5i \u00fcks rohelisematest riikidest Euroopas ja seega ei vaja mingit ELi rohelist poliitikat. Tuleb m\u00e4rkida, et jutt, et L\u00e4ti on Yale&#8217;i \u00fclikooli ja Columbia \u00fclikooli keskkonnategevuse tulemuslikkuse indeksi (EPI) j\u00e4rgi ELi k\u00f5ige rohelisem riik, oli 12 aastat tagasi t\u00f5si, kuid <a href=\"https:\/\/epi.yale.edu\/measure\/2024\/EPI\"><mark style=\"background-color:rgba(0, 0, 0, 0);color:#ffcd05\" class=\"has-inline-color\">enam mitte<\/mark><\/a>.   <\/p>\n\n<blockquote class=\"wp-block-quote is-layout-flow wp-block-quote-is-layout-flow\">\n<p>&#8220;10 000 sisser\u00e4ndajat aastas&#8221;<\/p>\n<\/blockquote>\n\n<p>Ka L\u00e4tis p\u00fc\u00fcdsid populistlikud erakonnad enne valimisi avalikkust hirmutada lugudega sisser\u00e4ndajatest. Alles hiljuti \u00fctles p\u00e4rast aastatepikkust valitsemist opositsiooniparteiks muutunud Rahvusliku Alliansi kandidaat TikTokis, et &#8220;tundub, et Euroopat ei h\u00e4vita mitte s\u00f5da, vaid teine katastroof&#8221;, nimelt sisser\u00e4ndajad. Hiljem \u00fctlesid teised kandidaadid <a href=\"https:\/\/rebaltica.lv\/2024\/05\/ko-paredz-jaunais-es-migracijas-pakts\/\"><mark style=\"background-color:rgba(0, 0, 0, 0);color:#ffcd05\" class=\"has-inline-color\">levitasid<\/mark> <\/a>v\u00e4idet, et hiljuti vastu v\u00f5etud ELi <a href=\"https:\/\/home-affairs.ec.europa.eu\/policies\/migration-and-asylum\/pact-migration-and-asylum_en\"><mark style=\"background-color:rgba(0, 0, 0, 0);color:#ffcd05\" class=\"has-inline-color\">r\u00e4ndepakt<\/mark><\/a> v\u00f5ib kaasa tuua selle, et L\u00e4ti peab vastu v\u00f5tma 10 000 sisser\u00e4ndajat v\u00f5i maksma 200 miljonit eurot aastas (tegelikult 99 inimest v\u00f5i 2 miljonit eurot). Seda p\u00f5hjendamatut v\u00e4idet kordas eespool nimetatud erakond &#8220;L\u00e4ti k\u00f5igepealt&#8221;.     <\/p>\n\n<blockquote class=\"wp-block-quote is-layout-flow wp-block-quote-is-layout-flow\">\n<p>&#8220;Eba\u00f5iglased valimised&#8221;<\/p>\n<\/blockquote>\n\n<p>Nagu tavaliselt, p\u00fc\u00fcdsid desinformandid, kellest m\u00f5ned on n\u00fc\u00fcd ka valimiskandidaadid, tekitada kahtlust, et Euroopa Parlamendi valimistulemusi v\u00f5ltsitakse. Eestis on konservatiivne populistlik erakond EKRE levitanud kuulujutte, et valimised ei ole ausad. Ta v\u00e4itis, et erakonna populaarsusreitingud, mida meedia on teatanud <a href=\"https:\/\/www.delfi.lt\/news\/melo-detektorius\/manipuliacija\/kodel-siemet-lietuvos-prezidento-rinkimu-nestebejo-esbo-96519207\"><mark style=\"background-color:rgba(0, 0, 0, 0);color:#ffcd05\" class=\"has-inline-color\">olid madalamad<\/mark><\/a> kui need peaksid olema. L\u00e4tis kutsus \u00fcks peamisi desinformatsiooni tegijaid R\u016bdolfs Br\u0113manis \u00fcles mitte osalema eelh\u00e4\u00e4letamisel, v\u00e4ites, et siseteabe kohaselt oleks h\u00e4\u00e4led v\u00f5ltsitud. Br\u0113manis on \u00fcks vaktsineerimisvastaseid, kes saavutas populaarsuse pandeemia ajal. N\u00fc\u00fcd, nagu teisedki sellised populistid, peab ta end poliitikuks ja kandideerib valimistel. Vahepeal on ta ka riiki laimanud, levitanud erinevaid vanden\u00f5uteooriaid ja Kremli desinformatsiooni.      <\/p>\n\n<p>Piiri taga p\u00fc\u00fcdsid Leedu populistid k\u00fclvata kahtlusi Leedu presidendivalimiste legitiimsuse suhtes. Nad <a href=\"https:\/\/www.delfi.lt\/news\/melo-detektorius\/manipuliacija\/kodel-siemet-lietuvos-prezidento-rinkimu-nestebejo-esbo-96519207\"><mark style=\"background-color:rgba(0, 0, 0, 0);color:#ffcd05\" class=\"has-inline-color\">v\u00f5rdlesid<\/mark><\/a> Leedut P\u00f5hja-Korea ja Venemaaga, sest kohal ei olnud Euroopa Julgeoleku- ja Koost\u00f6\u00f6organisatsiooni (OSCE) vaatlejaid. Mai l\u00f5pus kahe vooru j\u00e4rel l\u00f5pule j\u00f5udnud presidendivalimised varastasid t\u00f5en\u00e4oliselt t\u00e4helepanu Euroopa Parlamendi valimistelt. Aist\u0117 Meidut\u0117 Delfi Leedu esindaja s\u00f5nul ei olnud enne Euroopa Parlamendi valimisi ELiga seotud desinformatsiooni rohkem kui tavaliselt.   <\/p>\n\n<blockquote class=\"wp-block-quote is-layout-flow wp-block-quote-is-layout-flow\">\n<p>&#8220;EL n\u00f5uab k\u00f5rgemat pensioniiga&#8221;<\/p>\n<\/blockquote>\n\n<p><br\/>Mai alguses kimbutas L\u00e4tit veel \u00fcks ELiga seotud v\u00e4\u00e4rteabe teema. Mitmed tuntud populistid v\u00e4itsid, et EL koos teiste rahvusvaheliste organisatsioonidega, <a href=\"https:\/\/rebaltica.lv\/2024\/05\/es-neiesaka-celt-pensionesanas-vecumu-lidz-75-gadiem-tada-plana-nav\/\"><mark style=\"background-color:rgba(0, 0, 0, 0);color:#ffcd05\" class=\"has-inline-color\">k\u00fcsis<\/mark><\/a> L\u00e4tit t\u00f5stma pensioniiga 75 aastani. See ei olnud nii ja L\u00e4til endal ei ole kavas pensioniiga (praegu 65) t\u00f5sta. See on eriti tundlik k\u00fcsimus riigis, kus oodatav eluiga on \u00fcks l\u00fchimaid ja pensionid \u00fcks madalamaid ELis. Ilmselt seet\u00f5ttu sai see vale kiiresti viiruslikuks <em>Facebookis <\/em>ja <em>TikTokis<\/em>, kus selle v\u00e4itega postitused ja videod j\u00f5udsid kokku v\u00e4hemalt 300 000 inimeseni. Selle vale algne allikas oli eespool nimetatud Bremanis.     <\/p>\n\n<blockquote class=\"wp-block-quote is-layout-flow wp-block-quote-is-layout-flow\">\n<p>&#8220;Euroopa t\u00f5mbab meid s\u00f5tta&#8221;<\/p>\n<\/blockquote>\n\n<p>Kremli desinformatsioon on Balti riikides laialt levinud. Kaili Malts Eesti Delfist toob v\u00e4lja, et see koosneb peamiselt v\u00e4idetest L\u00e4\u00e4ne \u00fchinemise kohta Ukraina s\u00f5jaga. N\u00e4iteks Eestis on Vene v\u00e4lisministeeriumi <a href=\"https:\/\/epl.delfi.ee\/artikkel\/120280462\/faktikontroll-eesti-ei-ole-sodureid-ukrainasse-saatnud-tegemist-on-vene-propagandaga\"><mark style=\"background-color:rgba(0, 0, 0, 0);color:#ffcd05\" class=\"has-inline-color\">vale<\/mark><\/a> et riik on hiljuti saatnud Ukrainasse ligi 200 palgas\u00f5durit. Sarnaseid v\u00e4iteid esitati ka Prantsusmaa armee kohta. Samuti on <a href=\"https:\/\/epl.delfi.ee\/artikkel\/120271846\/faktikontroll-portaal-eesti-eest-levitab-valeinfot-mariupoli-biolaborite-kohta-ja-oigustab-venemaa-sissetungi-ukrainasse\"><mark style=\"background-color:rgba(0, 0, 0, 0);color:#ffcd05\" class=\"has-inline-color\">vana vale<\/mark><\/a>    <mark style=\"background-color:rgba(0, 0, 0, 0);color:#ffcd05\" class=\"has-inline-color\"> <\/mark>USA biolaborite kohta Ukrainas ei kao. Nii Leedus kui ka Eestis on Kremli pikaajaline desinformatsioon Ukraina presidendi Volod\u00f5m\u00f5r Zelenski ja tema perekonna kohta p\u00e4lvinud samuti suurt t\u00e4helepanu. Ukraina juhi kohta \u00f6eldakse, et ta on <a href=\"https:\/\/www.delfi.lt\/ru\/detektor-lzhi\/lozh\/pravda-chto-elena-zhena-prezidenta-ukrainy-vladimira-zelenskogo-soobshchila-chto-gotova-zanyat-posta-prezidenta-poskolku-ee-muzh-narkoman-96521865\"><mark style=\"background-color:rgba(0, 0, 0, 0);color:#ffcd05\" class=\"has-inline-color\">narkos\u00f5ltlane<\/mark><\/a>, nii et tema abikaasa Olena Zelenska kandideerib selle asemel valimistel, samas s\u00fc\u00fcdistatakse Zelenska heategevusfondi  <mark style=\"background-color:rgba(0, 0, 0, 0);color:#ffcd05\" class=\"has-inline-color\"> <\/mark><a href=\"https:\/\/epl.delfi.ee\/artikkel\/120288831\/faktikontroll-ei-zelenskoi-abikaasa-ei-halda-laste-seksikaubanduse-vorgustikku\"><mark style=\"background-color:rgba(0, 0, 0, 0);color:#ffcd05\" class=\"has-inline-color\">t\u00f6\u00f6tab<\/mark><\/a> pedofiiliv\u00f5rgustik, mis varustab Ukraina lapsi l\u00e4\u00e4neriikide rikastele inimestele.<\/p>\n\n<p>L\u00e4tis on sellised ilmselgelt v\u00e4ljam\u00f5eldud valed harva populaarsed. Siiski levitatakse endiselt, eriti <em>TikTokis<\/em>, teisi v\u00e4iteid, n\u00e4iteks et Venemaa s\u00f5da Ukrainas oli tegelikult L\u00e4\u00e4ne poolt lavastatud v\u00f5i et Ukraina on n\u00f5rk, korrumpeerunud ja tal ei ole mingit v\u00f5imalust v\u00f5ita. L\u00e4tis on Kremli narratiivi toetaval erakonnal &#8221; <em>Stabiilsuse eest!<\/em>&#8220;, mis v\u00e4idab, et neil valimistel on ainult \u00fcks valik &#8211; s\u00f5da v\u00f5i rahu -, hea v\u00f5imalus saada koht Euroopa Parlamendis. See \u00fctleb valijatele avalikult, et EL t\u00e4hendab iseseisvuse kaotamist ja et liidu praegused juhid p\u00fc\u00fcavad meid t\u00f5mmata uude v\u00f5idurelvastumisse, kus ei ole ruumi heaolumuredele.   <\/p>\n\n<p>Paljude \u00fcllatuseks oli see partei m\u00f5ned aastad tagasi <a href=\"https:\/\/rebaltica.lv\/2023\/02\/vai-ar-tiktok-palidzibu-baltija-var-ieklut-politika-latvija-var\/\"><mark style=\"background-color:rgba(0, 0, 0, 0);color:#ffcd05\" class=\"has-inline-color\">valiti<\/mark><\/a> L\u00e4ti parlamenti TikToki osava kasutamise abil. See ei j\u00e4\u00e4nud m\u00e4rkamatuks ja seekord oli TikTokis palju rohkem poliitikuid aktiivseid &#8211; eriti neid, kes esindavad \u00fchiskonna radikaalsemaid osi. \u00dctlematagi on nende s\u00f5numid seal hoopis teistsugused kui n\u00e4iteks avalik-\u00f5igusliku ringh\u00e4\u00e4lingu aruteludes.  <\/p>\n\n<p class=\"has-text-align-center has-raft-accent-background-color has-background\">Laadige aruanne alla siit:<\/p>\n\n<div data-wp-interactive=\"core\/file\" class=\"wp-block-file\"><object data-wp-bind--hidden=\"!state.hasPdfPreview\" hidden class=\"wp-block-file__embed\" data=\"https:\/\/becid.ut.ee\/wp-content\/uploads\/2025\/06\/D2.5-OLD-CARS-IMMIGRANTS-AND-WAR-&#x2013;-HOW-EU-RELATED-MISINFORMATION-IS-SPREAD-IN-THE-BALTICS.pdf\" type=\"application\/pdf\" style=\"width:100%;height:600px\" aria-label=\"Lisa D2.5-OLD-CARS-IMMIGRANTS-AND-WAR-\u2013-HOW-EU-RELATED-MISINFORMATION-IS-SPREAD-IN-THE-BALTICS.\"><\/object><a id=\"wp-block-file--media-73ebcca9-e43c-4e72-a3d2-dbb61eb7a472\" href=\"https:\/\/becid.ut.ee\/wp-content\/uploads\/2025\/06\/D2.5-OLD-CARS-IMMIGRANTS-AND-WAR-&#x2013;-HOW-EU-RELATED-MISINFORMATION-IS-SPREAD-IN-THE-BALTICS.pdf\">D2.5-VANAD-AUTOD-IMMIGRANTIDE-JA-S\u00d5DA&#8211;KUIDAS-EU-GA SEOTUD V\u00c4\u00c4RINFO LEVIB-BALTIKUMIS<\/a><a href=\"https:\/\/becid.ut.ee\/wp-content\/uploads\/2025\/06\/D2.5-OLD-CARS-IMMIGRANTS-AND-WAR-&#x2013;-HOW-EU-RELATED-MISINFORMATION-IS-SPREAD-IN-THE-BALTICS.pdf\" class=\"wp-block-file__button wp-element-button\" download=\"\" aria-describedby=\"wp-block-file--media-73ebcca9-e43c-4e72-a3d2-dbb61eb7a472\">Lae alla<\/a><\/div>\n","protected":false},"excerpt":{"rendered":"<p>Osa Euroopa Liidu rahastatud projekti D2.5, ID 118471, mida koordineerib Tartu \u00dclikool (UTARTU).Evita Puri\u0146a | RE:BALTICA\/RE:CHECK Kui soovite ELi Balti riikides diskrediteerida, levitage rohelisi valesid ja poolt\u00f5desid &#8211; n\u00e4iteks, et [&hellip;]<\/p>\n","protected":false},"author":1,"featured_media":0,"parent":0,"menu_order":0,"comment_status":"closed","ping_status":"closed","template":"","meta":{"_price":"","_stock":"","_tribe_ticket_header":"","_tribe_default_ticket_provider":"","_tribe_ticket_capacity":"0","_ticket_start_date":"","_ticket_end_date":"","_tribe_ticket_show_description":"","_tribe_ticket_show_not_going":false,"_tribe_ticket_use_global_stock":"","_tribe_ticket_global_stock_level":"","_global_stock_mode":"","_global_stock_cap":"","_tribe_rsvp_for_event":"","_tribe_ticket_going_count":"","_tribe_ticket_not_going_count":"","_tribe_tickets_list":"[]","_tribe_ticket_has_attendee_info_fields":false,"_EventAllDay":false,"_EventTimezone":"","_EventStartDate":"","_EventEndDate":"","_EventStartDateUTC":"","_EventEndDateUTC":"","_EventShowMap":false,"_EventShowMapLink":false,"_EventURL":"","_EventCost":"","_EventCostDescription":"","_EventCurrencySymbol":"","_EventCurrencyCode":"","_EventCurrencyPosition":"","_EventDateTimeSeparator":"","_EventTimeRangeSeparator":"","_EventOrganizerID":[],"_EventVenueID":[],"_OrganizerEmail":"","_OrganizerPhone":"","_OrganizerWebsite":"","_VenueAddress":"","_VenueCity":"","_VenueCountry":"","_VenueProvince":"","_VenueState":"","_VenueZip":"","_VenuePhone":"","_VenueURL":"","_VenueStateProvince":"","_VenueLat":"","_VenueLng":"","_VenueShowMap":false,"_VenueShowMapLink":false,"_themeisle_gutenberg_block_has_review":false,"footnotes":"","_tec_slr_enabled":"","_tec_slr_layout":""},"class_list":["post-2678","page","type-page","status-publish","hentry"],"ticketed":false,"_links":{"self":[{"href":"https:\/\/becid.ut.ee\/et\/wp-json\/wp\/v2\/pages\/2678","targetHints":{"allow":["GET"]}}],"collection":[{"href":"https:\/\/becid.ut.ee\/et\/wp-json\/wp\/v2\/pages"}],"about":[{"href":"https:\/\/becid.ut.ee\/et\/wp-json\/wp\/v2\/types\/page"}],"author":[{"embeddable":true,"href":"https:\/\/becid.ut.ee\/et\/wp-json\/wp\/v2\/users\/1"}],"replies":[{"embeddable":true,"href":"https:\/\/becid.ut.ee\/et\/wp-json\/wp\/v2\/comments?post=2678"}],"version-history":[{"count":2,"href":"https:\/\/becid.ut.ee\/et\/wp-json\/wp\/v2\/pages\/2678\/revisions"}],"predecessor-version":[{"id":3789,"href":"https:\/\/becid.ut.ee\/et\/wp-json\/wp\/v2\/pages\/2678\/revisions\/3789"}],"wp:attachment":[{"href":"https:\/\/becid.ut.ee\/et\/wp-json\/wp\/v2\/media?parent=2678"}],"curies":[{"name":"wp","href":"https:\/\/api.w.org\/{rel}","templated":true}]}}