{"id":2698,"date":"2025-06-27T12:10:05","date_gmt":"2025-06-27T12:10:05","guid":{"rendered":"https:\/\/becid.ut.ee\/confrontation-with-russia-leads-to-poverty-how-a-russian-troll-factory-planned-to-turn-public-opinion-in-latvia-against-ukraine\/"},"modified":"2025-07-24T13:34:22","modified_gmt":"2025-07-24T13:34:22","slug":"confrontation-with-russia-leads-to-poverty-how-a-russian-troll-factory-planned-to-turn-public-opinion-in-latvia-against-ukraine","status":"publish","type":"page","link":"https:\/\/becid.ut.ee\/et\/confrontation-with-russia-leads-to-poverty-how-a-russian-troll-factory-planned-to-turn-public-opinion-in-latvia-against-ukraine\/","title":{"rendered":"&#8220;Vastasseis Venemaaga toob kaasa vaesuse&#8221;. Kuidas Vene trollivabrik plaanis L\u00e4tis avalikku arvamust Ukraina vastu p\u00f6\u00f6rata"},"content":{"rendered":"\n<div style=\"height:100px\" aria-hidden=\"true\" class=\"wp-block-spacer\"><\/div>\n\n<figure class=\"wp-block-image alignwide size-large\"><img loading=\"lazy\" decoding=\"async\" width=\"1440\" height=\"809\" src=\"https:\/\/becid.ut.ee\/wp-content\/uploads\/2025\/06\/image_october.svg\" alt=\"\" class=\"wp-image-1655\"\/><\/figure>\n\n<p>Osa Euroopa Liidu rahastatud projekti D2.5, ID 118471, mida koordineerib Tartu \u00dclikool (UTARTU).<\/p>\n\n<p>Originaal: <a href=\"https:\/\/en.rebaltica.lv\/2024\/10\/confrontation-with-russia-leads-to-poverty-how-a-russian-troll-factory-planned-to-turn-public-opinion-in-latvia-against-ukraine\/\">https:\/\/en.rebaltica.lv\/2024\/10\/confrontation-with-russia-leads-to-poverty-how-a-russian-troll-factory-planned-to-turn-public-opinion-in-latvia-against-ukraine\/<\/a><\/p>\n\n<div data-wp-interactive=\"core\/file\" class=\"wp-block-file\"><object data-wp-bind--hidden=\"!state.hasPdfPreview\" hidden class=\"wp-block-file__embed\" data=\"https:\/\/becid.ut.ee\/wp-content\/uploads\/2025\/06\/D2.5-How-a-Russian-troll-factory-planned-to-turn-public-opinion-in-Latvia-against-Ukraine-.pdf\" type=\"application\/pdf\" style=\"width:100%;height:600px\" aria-label=\"Lisa D2.5-How-a-Russian-troll-factory-planned-to-turn-public-opinion-in-Latvia-against-Ukraine-.\"><\/object><a id=\"wp-block-file--media-b5e907a6-30fc-4b8e-a2e6-9437bc1fb18f\" href=\"https:\/\/becid.ut.ee\/wp-content\/uploads\/2025\/06\/D2.5-How-a-Russian-troll-factory-planned-to-turn-public-opinion-in-Latvia-against-Ukraine-.pdf\">D2.5-Kuidas-Venemaa-troll-faktori-planeeritud-tahtis-\u00fcldine-meelsus-L\u00e4tis-Ukraina-vastase-kuulutuse-tahtis-tahtlikuks-saada<\/a><a href=\"https:\/\/becid.ut.ee\/wp-content\/uploads\/2025\/06\/D2.5-How-a-Russian-troll-factory-planned-to-turn-public-opinion-in-Latvia-against-Ukraine-.pdf\" class=\"wp-block-file__button wp-element-button\" download=\"\" aria-describedby=\"wp-block-file--media-b5e907a6-30fc-4b8e-a2e6-9437bc1fb18f\">Lae alla<\/a><\/div>\n","protected":false},"excerpt":{"rendered":"<p>Osa Euroopa Liidu rahastatud projekti D2.5, ID 118471, mida koordineerib Tartu \u00dclikool (UTARTU). Originaal: https:\/\/en.rebaltica.lv\/2024\/10\/confrontation-with-russia-leads-to-poverty-how-a-russian-troll-factory-planned-to-turn-public-opinion-in-latvia-against-ukraine\/<\/p>\n","protected":false},"author":1,"featured_media":0,"parent":0,"menu_order":0,"comment_status":"closed","ping_status":"closed","template":"","meta":{"_price":"","_stock":"","_tribe_ticket_header":"","_tribe_default_ticket_provider":"","_tribe_ticket_capacity":"0","_ticket_start_date":"","_ticket_end_date":"","_tribe_ticket_show_description":"","_tribe_ticket_show_not_going":false,"_tribe_ticket_use_global_stock":"","_tribe_ticket_global_stock_level":"","_global_stock_mode":"","_global_stock_cap":"","_tribe_rsvp_for_event":"","_tribe_ticket_going_count":"","_tribe_ticket_not_going_count":"","_tribe_tickets_list":"[]","_tribe_ticket_has_attendee_info_fields":false,"_EventAllDay":false,"_EventTimezone":"","_EventStartDate":"","_EventEndDate":"","_EventStartDateUTC":"","_EventEndDateUTC":"","_EventShowMap":false,"_EventShowMapLink":false,"_EventURL":"","_EventCost":"","_EventCostDescription":"","_EventCurrencySymbol":"","_EventCurrencyCode":"","_EventCurrencyPosition":"","_EventDateTimeSeparator":"","_EventTimeRangeSeparator":"","_EventOrganizerID":[],"_EventVenueID":[],"_OrganizerEmail":"","_OrganizerPhone":"","_OrganizerWebsite":"","_VenueAddress":"","_VenueCity":"","_VenueCountry":"","_VenueProvince":"","_VenueState":"","_VenueZip":"","_VenuePhone":"","_VenueURL":"","_VenueStateProvince":"","_VenueLat":"","_VenueLng":"","_VenueShowMap":false,"_VenueShowMapLink":false,"_themeisle_gutenberg_block_has_review":false,"footnotes":"","_tec_slr_enabled":"","_tec_slr_layout":""},"class_list":["post-2698","page","type-page","status-publish","hentry"],"ticketed":false,"_links":{"self":[{"href":"https:\/\/becid.ut.ee\/et\/wp-json\/wp\/v2\/pages\/2698","targetHints":{"allow":["GET"]}}],"collection":[{"href":"https:\/\/becid.ut.ee\/et\/wp-json\/wp\/v2\/pages"}],"about":[{"href":"https:\/\/becid.ut.ee\/et\/wp-json\/wp\/v2\/types\/page"}],"author":[{"embeddable":true,"href":"https:\/\/becid.ut.ee\/et\/wp-json\/wp\/v2\/users\/1"}],"replies":[{"embeddable":true,"href":"https:\/\/becid.ut.ee\/et\/wp-json\/wp\/v2\/comments?post=2698"}],"version-history":[{"count":6,"href":"https:\/\/becid.ut.ee\/et\/wp-json\/wp\/v2\/pages\/2698\/revisions"}],"predecessor-version":[{"id":3589,"href":"https:\/\/becid.ut.ee\/et\/wp-json\/wp\/v2\/pages\/2698\/revisions\/3589"}],"wp:attachment":[{"href":"https:\/\/becid.ut.ee\/et\/wp-json\/wp\/v2\/media?parent=2698"}],"curies":[{"name":"wp","href":"https:\/\/api.w.org\/{rel}","templated":true}]}}