{"id":2706,"date":"2025-06-27T12:06:10","date_gmt":"2025-06-27T12:06:10","guid":{"rendered":"https:\/\/becid.ut.ee\/activities-to-increase-information-resilience-among-russian-speaking-baltic-residents\/"},"modified":"2025-09-22T13:27:56","modified_gmt":"2025-09-22T13:27:56","slug":"activities-to-increase-information-resilience-among-russian-speaking-baltic-residents","status":"publish","type":"page","link":"https:\/\/becid.ut.ee\/et\/activities-to-increase-information-resilience-among-russian-speaking-baltic-residents\/","title":{"rendered":"Tegevused venekeelsete Balti riikide elanike infokindlustuse suurendamiseks"},"content":{"rendered":"\n<div style=\"height:100px\" aria-hidden=\"true\" class=\"wp-block-spacer\"><\/div>\n\n<figure class=\"wp-block-image alignwide size-large\"><img loading=\"lazy\" decoding=\"async\" width=\"1440\" height=\"809\" src=\"https:\/\/becid.ut.ee\/wp-content\/uploads\/2025\/06\/BECID-Studies-and-results-SVG-3-1.svg\" alt=\"\" class=\"wp-image-1680\"\/><\/figure>\n\n<p>Tartu \u00dclikooli (UTARTU) poolt koordineeritava ELi rahastatud projekti (ID 118471) tulemus 4.4.<\/p>\n\n<p class=\"has-text-align-center\"><strong>Inger Klesment<\/strong> | Tartu \u00dclikool<br\/><strong>Gretel Juhansoo<\/strong> | Tartu \u00dclikool<br\/> Auks\u0117<strong>Bal\u010dytien\u0117<\/strong> | Vytautas Magnuse \u00dclikool<br\/><strong>Kristina Jurait\u0117 <\/strong>| Vytautas Magnuse \u00dclikool<br\/> L\u0101sma<strong>Antonevi\u010da<\/strong> | Baltic Center for Media Excellence<\/p>\n\n<p>Balti riikides &#8211; L\u00e4tis, Eestis ja Leedus &#8211; elab m\u00e4rkimisv\u00e4\u00e4rseid v\u00e4hemuskogukondi, eriti nende idapiiril Venemaa ja Valgevenega. Need piirkonnad on ajalooliselt olnud mitmekesise etnilise koosseisu piirkonnad, kus on m\u00e4rkimisv\u00e4\u00e4rne venekeelne elanikkond. N\u00e4iteks L\u00e4tis moodustavad v\u00e4hemusr\u00fchmad m\u00e4rkimisv\u00e4\u00e4rse osa elanikkonnast. Suurimad neist on venelased (25,6%), neile j\u00e4rgnevad valgevenelased (3,4%), ukrainlased (2,3%) ja poolakad (2,1%). Need kogukonnad asuvad peamiselt riigi kaguosas, eriti Latgale piirkonnas, mis piirneb Venemaa ja Valgevenega. Eestis on ka m\u00e4rkimisv\u00e4\u00e4rne venekeelne v\u00e4hemus. Vastavalt 2000. aasta rahvaloendusele moodustasid venelased 25,6% elanikkonnast. Need kogukonnad on peamiselt koondunud riigi kirdeosas, eriti Ida-Virumaal, mis asub Venemaa piiri \u00e4\u00e4res. Leedu v\u00e4hemusrahvuse koosseisu kuuluvad poolakad (6,7%), venelased (6,3%), valgevenelased (1,2%), ukrainlased (0,7%) ja juudid (0,1%). Poola ja vene kogukonnad asuvad peamiselt kagupiirkondades, Valgevene ja Venemaa Kaliningradi eksklaavi piiride l\u00e4hedal.         <\/p>\n\n<p>Need v\u00e4hemuskogukonnad, eriti need, mis asuvad Venemaa ja Valgevene piiride l\u00e4hedal, on eriti vastuv\u00f5tlikud desinformatsioonikampaaniatele. Sellele haavatavusele aitavad kaasa keelelised ja kultuurilised sidemed Venemaaga, venekeelse meedia tarbimine ja ajaloolised narratiivid. Desinformatsioonip\u00fc\u00fcdlused kasutavad sageli \u00e4ra neid sidemeid, et levitada narratiive, mis v\u00f5ivad \u00f5\u00f5nestada usaldust kohalike institutsioonide vastu ja edendada venemeelset meelsust.  <\/p>\n\n<p>Vastuseks on Balti riigid rakendanud erinevaid strateegiaid desinformatsiooni vastu v\u00f5itlemiseks. Nende hulka kuuluvad meediap\u00e4devuse edendamine, s\u00f5ltumatu ajakirjanduse toetamine ja koost\u00f6\u00f6 v\u00e4hemusrahvuste kogukondadega, et suurendada vastupanuv\u00f5imet teabega manipuleerimise vastu. Nende j\u00f5upingutuste t\u00f5hustamiseks on loodud piirkondlikke koost\u00f6\u00f6v\u00f5rgustikke, nagu BECID.  <\/p>\n\n<p>K\u00e4esolev aruanne on \u00fclesande 4.4 tulemus, mille koostamisel on osalenud kolm BECIDi partnerit: UTARTU, VMU ja BCME. \u00dclesande eesm\u00e4rk oli t\u00f6\u00f6tada v\u00e4lja meediakirjaoskuse kampaania, et tugevdada teabekindlust ja julgustada kodanikuaktiivsust Balti riikide venekeelse elanikkonna seas, kes on eriti haavatav riigi poolt toetatavate desinformatsioonikampaaniate suhtes. <\/p>\n\n<p>Aruande eelmistes osades esile toodud statistiliste ja piirkondlike erinevustega tegelemiseks Baltikumis t\u00f6\u00f6tas iga partnerriik v\u00e4lja kohandatud tegevuskavad, mille eesm\u00e4rk on j\u00f5uda t\u00f5husalt venekeelse elanikkonnani ja\/v\u00f5i konkreetsete sihtr\u00fchmadeni oma piirkonnas. Samuti t\u00f6\u00f6tas iga riik v\u00e4lja kohandatud materjalid ja ajakohastatud esitlused, et kajastada ainulaadseid kogemusi, vajadusi, probleeme ja situatsioonitegureid, millega WP4.4 meetmete rakendamisel kokku puututi. <\/p>\n\n<div data-wp-interactive=\"core\/file\" class=\"wp-block-file\"><object data-wp-bind--hidden=\"!state.hasPdfPreview\" hidden class=\"wp-block-file__embed\" data=\"https:\/\/becid.ut.ee\/wp-content\/uploads\/2025\/06\/D4.4-Activities-to-increase-information-resilience-among-Russian-speaking-Baltic-resident-27.02.2025.pdf\" type=\"application\/pdf\" style=\"width:100%;height:600px\" aria-label=\"Lisa D4.4-Activities-to-increase-information-resilience-among-Russian-speaking-Baltic-resident-27.02.2025.\"><\/object><a id=\"wp-block-file--media-b089c935-af5d-44fa-9bd4-ef91076c3168\" href=\"https:\/\/becid.ut.ee\/wp-content\/uploads\/2025\/06\/D4.4-Activities-to-increase-information-resilience-among-Russian-speaking-Baltic-resident-27.02.2025.pdf\">D4.4-Tegevused infokindluse suurendamiseks venekeelsete Baltimaade elanike seas-27.02.2025<\/a><a href=\"https:\/\/becid.ut.ee\/wp-content\/uploads\/2025\/06\/D4.4-Activities-to-increase-information-resilience-among-Russian-speaking-Baltic-resident-27.02.2025.pdf\" class=\"wp-block-file__button wp-element-button\" download=\"\" aria-describedby=\"wp-block-file--media-b089c935-af5d-44fa-9bd4-ef91076c3168\">Lae alla<\/a><\/div>\n","protected":false},"excerpt":{"rendered":"<p>Tartu \u00dclikooli (UTARTU) poolt koordineeritava ELi rahastatud projekti (ID 118471) tulemus 4.4. Inger Klesment | Tartu \u00dclikoolGretel Juhansoo | Tartu \u00dclikool Auks\u0117Bal\u010dytien\u0117 | Vytautas Magnuse \u00dclikoolKristina Jurait\u0117 | Vytautas Magnuse [&hellip;]<\/p>\n","protected":false},"author":1,"featured_media":0,"parent":0,"menu_order":0,"comment_status":"closed","ping_status":"closed","template":"","meta":{"_price":"","_stock":"","_tribe_ticket_header":"","_tribe_default_ticket_provider":"","_tribe_ticket_capacity":"0","_ticket_start_date":"","_ticket_end_date":"","_tribe_ticket_show_description":"","_tribe_ticket_show_not_going":false,"_tribe_ticket_use_global_stock":"","_tribe_ticket_global_stock_level":"","_global_stock_mode":"","_global_stock_cap":"","_tribe_rsvp_for_event":"","_tribe_ticket_going_count":"","_tribe_ticket_not_going_count":"","_tribe_tickets_list":"[]","_tribe_ticket_has_attendee_info_fields":false,"_EventAllDay":false,"_EventTimezone":"","_EventStartDate":"","_EventEndDate":"","_EventStartDateUTC":"","_EventEndDateUTC":"","_EventShowMap":false,"_EventShowMapLink":false,"_EventURL":"","_EventCost":"","_EventCostDescription":"","_EventCurrencySymbol":"","_EventCurrencyCode":"","_EventCurrencyPosition":"","_EventDateTimeSeparator":"","_EventTimeRangeSeparator":"","_EventOrganizerID":[],"_EventVenueID":[],"_OrganizerEmail":"","_OrganizerPhone":"","_OrganizerWebsite":"","_VenueAddress":"","_VenueCity":"","_VenueCountry":"","_VenueProvince":"","_VenueState":"","_VenueZip":"","_VenuePhone":"","_VenueURL":"","_VenueStateProvince":"","_VenueLat":"","_VenueLng":"","_VenueShowMap":false,"_VenueShowMapLink":false,"_themeisle_gutenberg_block_has_review":false,"footnotes":"","_tec_slr_enabled":"","_tec_slr_layout":""},"class_list":["post-2706","page","type-page","status-publish","hentry"],"ticketed":false,"_links":{"self":[{"href":"https:\/\/becid.ut.ee\/et\/wp-json\/wp\/v2\/pages\/2706","targetHints":{"allow":["GET"]}}],"collection":[{"href":"https:\/\/becid.ut.ee\/et\/wp-json\/wp\/v2\/pages"}],"about":[{"href":"https:\/\/becid.ut.ee\/et\/wp-json\/wp\/v2\/types\/page"}],"author":[{"embeddable":true,"href":"https:\/\/becid.ut.ee\/et\/wp-json\/wp\/v2\/users\/1"}],"replies":[{"embeddable":true,"href":"https:\/\/becid.ut.ee\/et\/wp-json\/wp\/v2\/comments?post=2706"}],"version-history":[{"count":4,"href":"https:\/\/becid.ut.ee\/et\/wp-json\/wp\/v2\/pages\/2706\/revisions"}],"predecessor-version":[{"id":4468,"href":"https:\/\/becid.ut.ee\/et\/wp-json\/wp\/v2\/pages\/2706\/revisions\/4468"}],"wp:attachment":[{"href":"https:\/\/becid.ut.ee\/et\/wp-json\/wp\/v2\/media?parent=2706"}],"curies":[{"name":"wp","href":"https:\/\/api.w.org\/{rel}","templated":true}]}}