{"id":2716,"date":"2025-06-27T12:01:52","date_gmt":"2025-06-27T12:01:52","guid":{"rendered":"https:\/\/becid.ut.ee\/co-created-baltic-youth-mil-hackathon-series\/"},"modified":"2025-07-24T13:48:56","modified_gmt":"2025-07-24T13:48:56","slug":"co-created-baltic-youth-mil-hackathon-series","status":"publish","type":"page","link":"https:\/\/becid.ut.ee\/et\/co-created-baltic-youth-mil-hackathon-series\/","title":{"rendered":"Baltic Youth MIL Hackathoni sari, mille kaasloojaks on Balti Noored MIL"},"content":{"rendered":"\n<div style=\"height:100px\" aria-hidden=\"true\" class=\"wp-block-spacer\"><\/div>\n\n<figure class=\"wp-block-image alignwide size-large\"><img loading=\"lazy\" decoding=\"async\" width=\"1440\" height=\"809\" src=\"https:\/\/becid.ut.ee\/wp-content\/uploads\/2025\/06\/BECID-Studies-and-results-SVG-4.svg\" alt=\"\" class=\"wp-image-1692\"\/><\/figure>\n\n<p>Tartu \u00dclikooli (UTARTU) poolt koordineeritava ELi rahastatud projekti (ID 118471) tulemus 4.5.<\/p>\n\n<p class=\"has-text-align-center\"><strong>Inger Klesment <\/strong>| Tartu \u00dclikool<br\/><strong>Gretel Juhansoo <\/strong>| Tartu \u00dclikool<br\/> Ieva<strong>Ivanauskaite <\/strong>| UAB Delfi, Leedu<br\/><strong>Filips Lastovskis <\/strong>| AS Delfi, L\u00e4ti<br\/><strong>Erik Moora<\/strong> | Ekspress Meedia<br\/> L\u0101sma<strong>Antonevi\u010da <\/strong>| Baltic Center for Media Excellence<\/p>\n\n<p>Meediakirjaoskust ja kriitilist m\u00f5tlemist peetakse Balti riikide &#8211; Eesti, L\u00e4ti ja Leedu &#8211; noorte jaoks \u00fcha enam olulisteks oskusteks. Kiiresti areneva digimaastiku ja v\u00e4\u00e4rinfo leviku ajastul on need oskused noortele v\u00e4ga olulised, et nad saaksid teavet kriitiliselt hinnata, vastutustundlikult meediat kasutada ja kujundada teadlikke vaatenurki. <\/p>\n\n<p>Balti riigid on teinud m\u00e4rkimisv\u00e4\u00e4rseid edusamme digip\u00e4devuse integreerimisel oma riiklikesse hariduss\u00fcsteemidesse. Digip\u00e4devus on integreeritud \u00f5ppekavasse, kusjuures suurt r\u00f5hku pannakse probleemide lahendamisele, anal\u00fc\u00fctilisele m\u00f5tlemisele ja vastutustundlikule meediatarbimisele. \u00d5pilased tutvuvad tehnoloogiaga varakult, saades praktilisi kogemusi robootika, kodeerimise ja tehisintellekti valdkonnas. Samuti kasutatakse virtuaalreaalsust ja muid uuenduslikke vahendeid k\u00f5igis \u00f5ppeainetes, mis suurendavad \u00f5ppimisaktiivsust ja digitaalset teadlikkust.   <\/p>\n\n<p>Vaatamata nendele j\u00f5upingutustele on veel mitmeid probleeme: Uuringud noorte meediap\u00e4devuse kohta selles piirkonnas ei ole piisavalt p\u00f5hjalikud ja j\u00e4rjepidevad, mis muudab \u00f5pilaste vajaduste hindamise keeruliseks. Ilma p\u00f5hjalike uuringuteta on sihip\u00e4raste haridusalgatuste v\u00e4ljat\u00f6\u00f6tamine takistatud. Ebapiisav \u00f5petajakoolitus &#8211; kuigi meediap\u00e4devus on muutumas \u00fcha t\u00e4htsamaks, puudub paljudel \u00f5petajatel vajalik koolitus, et seda t\u00f5husalt oma \u00f5ppet\u00f6\u00f6sse integreerida. Selleks, et \u00f5petajad oleksid varustatud ajakohaste teadmiste ja pedagoogiliste strateegiatega, on vaja regulaarseid ja s\u00fcstemaatilisi kutse\u00f5ppeprogramme. Haridusressursside puudumine &#8211; P\u00f5hjalike, standardiseeritud metoodiliste materjalide puudumine kujutab endast olulist probleemi. \u00d5petajatel puuduvad sageli struktureeritud tunniplaanid, juhtumiuuringud ja interaktiivsed vahendid, mis h\u00f5lbustaksid meediap\u00e4devuse huvipakkuvat \u00f5petamist. Digitaalse juurdep\u00e4\u00e4su erinev tase &#8211; Kui linnakoolid saavad sageli kasu arenenud tehnoloogiast ja digitaalsetest vahenditest, siis maapiirkondades v\u00f5ib juurdep\u00e4\u00e4s olla erinev. K\u00f5igile \u00f5pilastele v\u00f5rdsete v\u00f5imaluste tagamine, s\u00f5ltumata nende asukohast, on j\u00e4tkuvalt oluline eesm\u00e4rk. Vajadus valdkondadevahelise koost\u00f6\u00f6 j\u00e4rele &#8211; haridusasutuste, meediaorganisatsioonide, poliitikakujundajate ja kodaniku\u00fchiskonna vahelise koost\u00f6\u00f6 tugevdamine v\u00f5ib viia t\u00f5husamate meediap\u00e4devuse strateegiate ja algatuste elluviimiseni. \u00dchised j\u00f5upingutused v\u00f5ivad aidata luua kaasahaaravaid programme, hariduskampaaniaid ja interaktiivseid \u00f5pikogemusi, mis leiavad noorte seas vastukaja.         <\/p>\n\n<p>Nende probleemide lahendamiseks p\u00fc\u00fcab BECID arendada \u00f5petajakoolitust ja kvaliteetseid \u00f5ppevahendeid ning edendada koost\u00f6\u00f6d peamiste sidusr\u00fchmade vahel. Need j\u00f5upingutused on olulised, et anda j\u00e4rgmisele p\u00f5lvkonnale kriitilise m\u00f5tlemise oskused, mis on vajalikud, et nad saaksid digitaalse maailma keerukates k\u00fcsimustes enesekindlalt ja vastutustundlikult orienteeruda. Noorte MIL-h\u00e4katon, mis korraldati koost\u00f6\u00f6s meediaorganisatsioonidega k\u00f5igis kolmes Balti riigis, oli elav n\u00e4ide sellest, kuidas seda eesm\u00e4rki saavutada, kaasates otseselt noori ja meediat, kusjuures noored ise muutusid MIL-sisu loojateks.  <\/p>\n\n<p>K\u00e4esolev aruanne on \u00fclesande 4.5 (edaspidi T4.5) tulemus, mille koostamisel on osalenud viis BECIDi partnerit: UTARTU, UAB Delfi, AS Delfi, Ekspress Meedia ja BCME. \u00dclesande eesm\u00e4rk oli luua noortele uuenduslik ja kaasahaarav MIL-sisu, mille on koostanud noored ise. Projekt kasvatas uut meediasisu loojate p\u00f5lvkonda, korraldades \u00fchise meediakursuse ja h\u00e4katoni k\u00f5igis kolmes Balti riigis. \u00dcrituse esimeses pooles viisid eksperdid, sealhulgas WP3-s osalenud uurivad ajakirjanikud, l\u00e4bi rea praktilisi t\u00f6\u00f6tubasid, mis h\u00f5lmasid kriitilist m\u00f5tlemist, meedialoogikat, eetikat, faktide kontrollimist, visuaalset kirjaoskust ja mobiilset ajakirjandust, sealhulgas sotsiaalmeedia turundust. Need koolitused andsid osalejatele olulisi oskusi ja \u00fclevaateid meediamaastikust. \u00dcrituse teine pool l\u00e4ks \u00fcle ajaliselt piiratud h\u00e4katonile, kus osalejad pidid looma asjakohast MIL-sisu, mis oli kohandatud noortele sihtr\u00fchmadele. Sisu oli m\u00f5eldud levitamiseks platvormide kaudu, mida noored k\u00f5ige sagedamini kasutavad, ning see k\u00e4sitles selliseid olulisi teemasid nagu tervis, keskkond, sisser\u00e4nne ja muud. Seej\u00e4rel hindas ja valis \u017e\u00fcrii v\u00e4lja parimad sisutooted, tunnustades silmapaistvat loovust ja m\u00f5ju.         <\/p>\n\n<p>T4.5 eesm\u00e4rgi saavutamiseks osalesid k\u00f5ik partnerid osalejate v\u00e4rbamisel ja valimisel, koolitusprogrammi v\u00e4ljat\u00f6\u00f6tamisel, MIL-koolituse l\u00e4biviimisel igas Balti riigis ning \u00fchise MIL-h\u00e4katoni (Mediathon) korraldamisel Riias.<\/p>\n\n<div data-wp-interactive=\"core\/file\" class=\"wp-block-file\"><object data-wp-bind--hidden=\"!state.hasPdfPreview\" hidden class=\"wp-block-file__embed\" data=\"https:\/\/becid.ut.ee\/wp-content\/uploads\/2025\/06\/D4.5-Co-created-Baltic-Youth-MIL-Hackathon-Series.docx.pdf\" type=\"application\/pdf\" style=\"width:100%;height:600px\" aria-label=\"Lisa D4.5-Co-created-Baltic-Youth-MIL-Hackathon-Series.docx.\"><\/object><a id=\"wp-block-file--media-6ac56fe0-9e5d-44a4-a6d9-4930fe2af2b2\" href=\"https:\/\/becid.ut.ee\/wp-content\/uploads\/2025\/06\/D4.5-Co-created-Baltic-Youth-MIL-Hackathon-Series.docx.pdf\">D4.5-Co-created-Baltic-Youth-MIL-Hackathon-Series.docx<\/a><a href=\"https:\/\/becid.ut.ee\/wp-content\/uploads\/2025\/06\/D4.5-Co-created-Baltic-Youth-MIL-Hackathon-Series.docx.pdf\" class=\"wp-block-file__button wp-element-button\" download=\"\" aria-describedby=\"wp-block-file--media-6ac56fe0-9e5d-44a4-a6d9-4930fe2af2b2\">Lae alla<\/a><\/div>\n","protected":false},"excerpt":{"rendered":"<p>Tartu \u00dclikooli (UTARTU) poolt koordineeritava ELi rahastatud projekti (ID 118471) tulemus 4.5. Inger Klesment | Tartu \u00dclikoolGretel Juhansoo | Tartu \u00dclikool IevaIvanauskaite | UAB Delfi, LeeduFilips Lastovskis | AS Delfi, [&hellip;]<\/p>\n","protected":false},"author":1,"featured_media":0,"parent":0,"menu_order":0,"comment_status":"closed","ping_status":"closed","template":"","meta":{"_price":"","_stock":"","_tribe_ticket_header":"","_tribe_default_ticket_provider":"","_tribe_ticket_capacity":"0","_ticket_start_date":"","_ticket_end_date":"","_tribe_ticket_show_description":"","_tribe_ticket_show_not_going":false,"_tribe_ticket_use_global_stock":"","_tribe_ticket_global_stock_level":"","_global_stock_mode":"","_global_stock_cap":"","_tribe_rsvp_for_event":"","_tribe_ticket_going_count":"","_tribe_ticket_not_going_count":"","_tribe_tickets_list":"[]","_tribe_ticket_has_attendee_info_fields":false,"_EventAllDay":false,"_EventTimezone":"","_EventStartDate":"","_EventEndDate":"","_EventStartDateUTC":"","_EventEndDateUTC":"","_EventShowMap":false,"_EventShowMapLink":false,"_EventURL":"","_EventCost":"","_EventCostDescription":"","_EventCurrencySymbol":"","_EventCurrencyCode":"","_EventCurrencyPosition":"","_EventDateTimeSeparator":"","_EventTimeRangeSeparator":"","_EventOrganizerID":[],"_EventVenueID":[],"_OrganizerEmail":"","_OrganizerPhone":"","_OrganizerWebsite":"","_VenueAddress":"","_VenueCity":"","_VenueCountry":"","_VenueProvince":"","_VenueState":"","_VenueZip":"","_VenuePhone":"","_VenueURL":"","_VenueStateProvince":"","_VenueLat":"","_VenueLng":"","_VenueShowMap":false,"_VenueShowMapLink":false,"_themeisle_gutenberg_block_has_review":false,"footnotes":"","_tec_slr_enabled":"","_tec_slr_layout":""},"class_list":["post-2716","page","type-page","status-publish","hentry"],"ticketed":false,"_links":{"self":[{"href":"https:\/\/becid.ut.ee\/et\/wp-json\/wp\/v2\/pages\/2716","targetHints":{"allow":["GET"]}}],"collection":[{"href":"https:\/\/becid.ut.ee\/et\/wp-json\/wp\/v2\/pages"}],"about":[{"href":"https:\/\/becid.ut.ee\/et\/wp-json\/wp\/v2\/types\/page"}],"author":[{"embeddable":true,"href":"https:\/\/becid.ut.ee\/et\/wp-json\/wp\/v2\/users\/1"}],"replies":[{"embeddable":true,"href":"https:\/\/becid.ut.ee\/et\/wp-json\/wp\/v2\/comments?post=2716"}],"version-history":[{"count":2,"href":"https:\/\/becid.ut.ee\/et\/wp-json\/wp\/v2\/pages\/2716\/revisions"}],"predecessor-version":[{"id":3682,"href":"https:\/\/becid.ut.ee\/et\/wp-json\/wp\/v2\/pages\/2716\/revisions\/3682"}],"wp:attachment":[{"href":"https:\/\/becid.ut.ee\/et\/wp-json\/wp\/v2\/media?parent=2716"}],"curies":[{"name":"wp","href":"https:\/\/api.w.org\/{rel}","templated":true}]}}