{"id":2720,"date":"2025-06-27T11:57:28","date_gmt":"2025-06-27T11:57:28","guid":{"rendered":"https:\/\/becid.ut.ee\/becid-year-2-report-2024\/"},"modified":"2025-10-21T11:18:42","modified_gmt":"2025-10-21T11:18:42","slug":"becid-year-2-report-2024","status":"publish","type":"page","link":"https:\/\/becid.ut.ee\/et\/becid-year-2-report-2024\/","title":{"rendered":"BECID 2. aasta aruanne (2024)"},"content":{"rendered":"\n<p>Tartu \u00dclikooli (UTARTU) poolt koordineeritava ELi rahastatud projekti (ID 118471) tulemuse 1.1 teine osa.<\/p>\n\n<p>BECIDi 2. aasta aruanne on p\u00f5hjalik \u00fclevaade Balti teabeh\u00e4irete vastu v\u00f5itlemise keskuse algatustest ja saavutustest. See h\u00f5lmab erinevaid valdkondi, nagu projektijuhtimine, faktide kontrollimine Balti riikides, teadusuuringud ja anal\u00fc\u00fcsid, meediap\u00e4devuse algatused ning \u00fcli\u00f5pilaste uurimist\u00f6\u00f6de tipphetked. M\u00f5ned peamised aspektid h\u00f5lmavad uuenduslikke l\u00e4henemisviise digitaalse meediap\u00e4devuse valdkonnas, haridusprogrammide ja \u00f5pikodade loomist ning koost\u00f6\u00f6d erinevate riiklike asutuste ja organisatsioonidega. Aruanne annab v\u00e4\u00e4rtusliku \u00fclevaate v\u00f5itlusest teabeh\u00e4irete vastu Eestis, L\u00e4tis ja Leedus, tuues v\u00e4lja m\u00e4rkimisv\u00e4\u00e4rsed edusammud ja tulevikustrateegiad.   <\/p>\n\n<div data-wp-interactive=\"core\/file\" class=\"wp-block-file\"><object data-wp-bind--hidden=\"!state.hasPdfPreview\" hidden class=\"wp-block-file__embed\" data=\"https:\/\/becid.ut.ee\/wp-content\/uploads\/2025\/06\/D1.1-BECID-2024-report_EN_01_04.pdf\" type=\"application\/pdf\" style=\"width:100%;height:600px\" aria-label=\"Lisa D1.1-BECID-2024-report_EN_01_04.\"><\/object><a id=\"wp-block-file--media-c54d9685-ddf9-41cb-b63c-0c3e8adbb53d\" href=\"https:\/\/becid.ut.ee\/wp-content\/uploads\/2025\/06\/D1.1-BECID-2024-report_EN_01_04.pdf\">D1.1-BECID-2024-report_EN_01_04<\/a><a href=\"https:\/\/becid.ut.ee\/wp-content\/uploads\/2025\/06\/D1.1-BECID-2024-report_EN_01_04.pdf\" class=\"wp-block-file__button wp-element-button\" download=\"\" aria-describedby=\"wp-block-file--media-c54d9685-ddf9-41cb-b63c-0c3e8adbb53d\">Lae alla<\/a><\/div>\n","protected":false},"excerpt":{"rendered":"<p>Tartu \u00dclikooli (UTARTU) poolt koordineeritava ELi rahastatud projekti (ID 118471) tulemuse 1.1 teine osa. BECIDi 2. aasta aruanne on p\u00f5hjalik \u00fclevaade Balti teabeh\u00e4irete vastu v\u00f5itlemise keskuse algatustest ja saavutustest. See [&hellip;]<\/p>\n","protected":false},"author":1,"featured_media":0,"parent":0,"menu_order":0,"comment_status":"closed","ping_status":"closed","template":"","meta":{"_price":"","_stock":"","_tribe_ticket_header":"","_tribe_default_ticket_provider":"","_tribe_ticket_capacity":"0","_ticket_start_date":"","_ticket_end_date":"","_tribe_ticket_show_description":"","_tribe_ticket_show_not_going":false,"_tribe_ticket_use_global_stock":"","_tribe_ticket_global_stock_level":"","_global_stock_mode":"","_global_stock_cap":"","_tribe_rsvp_for_event":"","_tribe_ticket_going_count":"","_tribe_ticket_not_going_count":"","_tribe_tickets_list":"[]","_tribe_ticket_has_attendee_info_fields":false,"_EventAllDay":false,"_EventTimezone":"","_EventStartDate":"","_EventEndDate":"","_EventStartDateUTC":"","_EventEndDateUTC":"","_EventShowMap":false,"_EventShowMapLink":false,"_EventURL":"","_EventCost":"","_EventCostDescription":"","_EventCurrencySymbol":"","_EventCurrencyCode":"","_EventCurrencyPosition":"","_EventDateTimeSeparator":"","_EventTimeRangeSeparator":"","_EventOrganizerID":[],"_EventVenueID":[],"_OrganizerEmail":"","_OrganizerPhone":"","_OrganizerWebsite":"","_VenueAddress":"","_VenueCity":"","_VenueCountry":"","_VenueProvince":"","_VenueState":"","_VenueZip":"","_VenuePhone":"","_VenueURL":"","_VenueStateProvince":"","_VenueLat":"","_VenueLng":"","_VenueShowMap":false,"_VenueShowMapLink":false,"_themeisle_gutenberg_block_has_review":false,"footnotes":"","_tec_slr_enabled":"","_tec_slr_layout":""},"class_list":["post-2720","page","type-page","status-publish","hentry"],"ticketed":false,"_links":{"self":[{"href":"https:\/\/becid.ut.ee\/et\/wp-json\/wp\/v2\/pages\/2720","targetHints":{"allow":["GET"]}}],"collection":[{"href":"https:\/\/becid.ut.ee\/et\/wp-json\/wp\/v2\/pages"}],"about":[{"href":"https:\/\/becid.ut.ee\/et\/wp-json\/wp\/v2\/types\/page"}],"author":[{"embeddable":true,"href":"https:\/\/becid.ut.ee\/et\/wp-json\/wp\/v2\/users\/1"}],"replies":[{"embeddable":true,"href":"https:\/\/becid.ut.ee\/et\/wp-json\/wp\/v2\/comments?post=2720"}],"version-history":[{"count":4,"href":"https:\/\/becid.ut.ee\/et\/wp-json\/wp\/v2\/pages\/2720\/revisions"}],"predecessor-version":[{"id":4803,"href":"https:\/\/becid.ut.ee\/et\/wp-json\/wp\/v2\/pages\/2720\/revisions\/4803"}],"wp:attachment":[{"href":"https:\/\/becid.ut.ee\/et\/wp-json\/wp\/v2\/media?parent=2720"}],"curies":[{"name":"wp","href":"https:\/\/api.w.org\/{rel}","templated":true}]}}