{"id":2728,"date":"2025-06-27T11:52:12","date_gmt":"2025-06-27T11:52:12","guid":{"rendered":"https:\/\/becid.ut.ee\/a-human-centric-approach-to-countering-disinformation-fostering-epistemic-agency-via-collaborative-partnerships-and-digital-source-verification-interventions\/"},"modified":"2025-07-24T13:34:55","modified_gmt":"2025-07-24T13:34:55","slug":"a-human-centric-approach-to-countering-disinformation-fostering-epistemic-agency-via-collaborative-partnerships-and-digital-source-verification-interventions","status":"publish","type":"page","link":"https:\/\/becid.ut.ee\/et\/a-human-centric-approach-to-countering-disinformation-fostering-epistemic-agency-via-collaborative-partnerships-and-digital-source-verification-interventions\/","title":{"rendered":"Inimkeskne l\u00e4henemine desinformatsiooni vastu v\u00f5itlemisele: Episteemilise tegutsemise edendamine koost\u00f6\u00f6partnerluse ja digitaalse allikakontrolli sekkumise kaudu."},"content":{"rendered":"\n<div style=\"height:100px\" aria-hidden=\"true\" class=\"wp-block-spacer\"><\/div>\n\n<figure class=\"wp-block-image alignwide size-large\"><img loading=\"lazy\" decoding=\"async\" width=\"1440\" height=\"809\" src=\"https:\/\/becid.ut.ee\/wp-content\/uploads\/2025\/06\/BECID-Studies-and-results-SVG-13.svg\" alt=\"\" class=\"wp-image-1723\"\/><\/figure>\n\n<p>Tartu \u00dclikooli (UTARTU) poolt koordineeritava ELi rahastatud projekti 3.3 (tunnusega 118471) tulemus.<\/p>\n\n<p>Auks\u0117 Bal\u010dytien\u0117 | VMU<br\/>Rimgail\u0117 Kasparait\u0117 | VMU<br\/>Patricija Len\u010diauskien\u0117 | VMU<\/p>\n\n<div data-wp-interactive=\"core\/file\" class=\"wp-block-file\"><object data-wp-bind--hidden=\"!state.hasPdfPreview\" hidden class=\"wp-block-file__embed\" data=\"https:\/\/becid.ut.ee\/wp-content\/uploads\/2025\/06\/D3_3.pdf\" type=\"application\/pdf\" style=\"width:100%;height:600px\" aria-label=\"Lisa D3_3.\"><\/object><a id=\"wp-block-file--media-8c026261-1ded-4245-b1a5-7a774ce0143d\" href=\"https:\/\/becid.ut.ee\/wp-content\/uploads\/2025\/06\/D3_3.pdf\">D3_3<\/a><a href=\"https:\/\/becid.ut.ee\/wp-content\/uploads\/2025\/06\/D3_3.pdf\" class=\"wp-block-file__button wp-element-button\" download=\"\" aria-describedby=\"wp-block-file--media-8c026261-1ded-4245-b1a5-7a774ce0143d\">Lae alla<\/a><\/div>\n","protected":false},"excerpt":{"rendered":"<p>Tartu \u00dclikooli (UTARTU) poolt koordineeritava ELi rahastatud projekti 3.3 (tunnusega 118471) tulemus. Auks\u0117 Bal\u010dytien\u0117 | VMURimgail\u0117 Kasparait\u0117 | VMUPatricija Len\u010diauskien\u0117 | VMU<\/p>\n","protected":false},"author":1,"featured_media":0,"parent":0,"menu_order":0,"comment_status":"closed","ping_status":"closed","template":"","meta":{"_price":"","_stock":"","_tribe_ticket_header":"","_tribe_default_ticket_provider":"","_tribe_ticket_capacity":"0","_ticket_start_date":"","_ticket_end_date":"","_tribe_ticket_show_description":"","_tribe_ticket_show_not_going":false,"_tribe_ticket_use_global_stock":"","_tribe_ticket_global_stock_level":"","_global_stock_mode":"","_global_stock_cap":"","_tribe_rsvp_for_event":"","_tribe_ticket_going_count":"","_tribe_ticket_not_going_count":"","_tribe_tickets_list":"[]","_tribe_ticket_has_attendee_info_fields":false,"_EventAllDay":false,"_EventTimezone":"","_EventStartDate":"","_EventEndDate":"","_EventStartDateUTC":"","_EventEndDateUTC":"","_EventShowMap":false,"_EventShowMapLink":false,"_EventURL":"","_EventCost":"","_EventCostDescription":"","_EventCurrencySymbol":"","_EventCurrencyCode":"","_EventCurrencyPosition":"","_EventDateTimeSeparator":"","_EventTimeRangeSeparator":"","_EventOrganizerID":[],"_EventVenueID":[],"_OrganizerEmail":"","_OrganizerPhone":"","_OrganizerWebsite":"","_VenueAddress":"","_VenueCity":"","_VenueCountry":"","_VenueProvince":"","_VenueState":"","_VenueZip":"","_VenuePhone":"","_VenueURL":"","_VenueStateProvince":"","_VenueLat":"","_VenueLng":"","_VenueShowMap":false,"_VenueShowMapLink":false,"_themeisle_gutenberg_block_has_review":false,"footnotes":"","_tec_slr_enabled":"","_tec_slr_layout":""},"class_list":["post-2728","page","type-page","status-publish","hentry"],"ticketed":false,"_links":{"self":[{"href":"https:\/\/becid.ut.ee\/et\/wp-json\/wp\/v2\/pages\/2728","targetHints":{"allow":["GET"]}}],"collection":[{"href":"https:\/\/becid.ut.ee\/et\/wp-json\/wp\/v2\/pages"}],"about":[{"href":"https:\/\/becid.ut.ee\/et\/wp-json\/wp\/v2\/types\/page"}],"author":[{"embeddable":true,"href":"https:\/\/becid.ut.ee\/et\/wp-json\/wp\/v2\/users\/1"}],"replies":[{"embeddable":true,"href":"https:\/\/becid.ut.ee\/et\/wp-json\/wp\/v2\/comments?post=2728"}],"version-history":[{"count":2,"href":"https:\/\/becid.ut.ee\/et\/wp-json\/wp\/v2\/pages\/2728\/revisions"}],"predecessor-version":[{"id":3595,"href":"https:\/\/becid.ut.ee\/et\/wp-json\/wp\/v2\/pages\/2728\/revisions\/3595"}],"wp:attachment":[{"href":"https:\/\/becid.ut.ee\/et\/wp-json\/wp\/v2\/media?parent=2728"}],"curies":[{"name":"wp","href":"https:\/\/api.w.org\/{rel}","templated":true}]}}