{"id":2740,"date":"2025-06-27T11:40:47","date_gmt":"2025-06-27T11:40:47","guid":{"rendered":"https:\/\/becid.ut.ee\/draft-of-becids-sustainability-and-independence-strategy\/"},"modified":"2025-07-24T13:53:24","modified_gmt":"2025-07-24T13:53:24","slug":"draft-of-becids-sustainability-and-independence-strategy","status":"publish","type":"page","link":"https:\/\/becid.ut.ee\/et\/draft-of-becids-sustainability-and-independence-strategy\/","title":{"rendered":"BECIDi j\u00e4tkusuutlikkuse ja s\u00f5ltumatuse strateegia eeln\u00f5u"},"content":{"rendered":"\n<div style=\"height:100px\" aria-hidden=\"true\" class=\"wp-block-spacer\"><\/div>\n\n<figure class=\"wp-block-image alignwide size-large\"><img loading=\"lazy\" decoding=\"async\" width=\"1440\" height=\"809\" src=\"https:\/\/becid.ut.ee\/wp-content\/uploads\/2025\/06\/BECID-Studies-and-results-SVG-16.svg\" alt=\"\" class=\"wp-image-1759\"\/><\/figure>\n\n<p>Tartu \u00dclikooli (UTARTU) poolt koordineeritava projekti (ID 118471) v\u00e4ljund 1.4.<\/p>\n\n<p>Maia Klaassen | Projekti koordinaator<\/p>\n\n<div data-wp-interactive=\"core\/file\" class=\"wp-block-file\"><object data-wp-bind--hidden=\"!state.hasPdfPreview\" hidden class=\"wp-block-file__embed\" data=\"https:\/\/becid.ut.ee\/wp-content\/uploads\/2025\/06\/D1.4-Draft-of-Sustainability-and-Independence-Strategy-reupload.pdf\" type=\"application\/pdf\" style=\"width:100%;height:600px\" aria-label=\"Lisa D1.4-Draft-of-Sustainability-and-Independence-Strategy-reupload.\"><\/object><a id=\"wp-block-file--media-1667fb5f-02ad-4a00-b4e0-978c139ab541\" href=\"https:\/\/becid.ut.ee\/wp-content\/uploads\/2025\/06\/D1.4-Draft-of-Sustainability-and-Independence-Strategy-reupload.pdf\">D1.4-s\u00e4\u00e4stvuse ja s\u00f5ltumatuse strateegia eeln\u00f5u-taastamine<\/a><a href=\"https:\/\/becid.ut.ee\/wp-content\/uploads\/2025\/06\/D1.4-Draft-of-Sustainability-and-Independence-Strategy-reupload.pdf\" class=\"wp-block-file__button wp-element-button\" download=\"\" aria-describedby=\"wp-block-file--media-1667fb5f-02ad-4a00-b4e0-978c139ab541\">Lae alla<\/a><\/div>\n","protected":false},"excerpt":{"rendered":"<p>Tartu \u00dclikooli (UTARTU) poolt koordineeritava projekti (ID 118471) v\u00e4ljund 1.4. Maia Klaassen | Projekti koordinaator<\/p>\n","protected":false},"author":1,"featured_media":0,"parent":0,"menu_order":0,"comment_status":"closed","ping_status":"closed","template":"","meta":{"_price":"","_stock":"","_tribe_ticket_header":"","_tribe_default_ticket_provider":"","_tribe_ticket_capacity":"0","_ticket_start_date":"","_ticket_end_date":"","_tribe_ticket_show_description":"","_tribe_ticket_show_not_going":false,"_tribe_ticket_use_global_stock":"","_tribe_ticket_global_stock_level":"","_global_stock_mode":"","_global_stock_cap":"","_tribe_rsvp_for_event":"","_tribe_ticket_going_count":"","_tribe_ticket_not_going_count":"","_tribe_tickets_list":"[]","_tribe_ticket_has_attendee_info_fields":false,"_EventAllDay":false,"_EventTimezone":"","_EventStartDate":"","_EventEndDate":"","_EventStartDateUTC":"","_EventEndDateUTC":"","_EventShowMap":false,"_EventShowMapLink":false,"_EventURL":"","_EventCost":"","_EventCostDescription":"","_EventCurrencySymbol":"","_EventCurrencyCode":"","_EventCurrencyPosition":"","_EventDateTimeSeparator":"","_EventTimeRangeSeparator":"","_EventOrganizerID":[],"_EventVenueID":[],"_OrganizerEmail":"","_OrganizerPhone":"","_OrganizerWebsite":"","_VenueAddress":"","_VenueCity":"","_VenueCountry":"","_VenueProvince":"","_VenueState":"","_VenueZip":"","_VenuePhone":"","_VenueURL":"","_VenueStateProvince":"","_VenueLat":"","_VenueLng":"","_VenueShowMap":false,"_VenueShowMapLink":false,"_themeisle_gutenberg_block_has_review":false,"footnotes":"","_tec_slr_enabled":"","_tec_slr_layout":""},"class_list":["post-2740","page","type-page","status-publish","hentry"],"ticketed":false,"_links":{"self":[{"href":"https:\/\/becid.ut.ee\/et\/wp-json\/wp\/v2\/pages\/2740","targetHints":{"allow":["GET"]}}],"collection":[{"href":"https:\/\/becid.ut.ee\/et\/wp-json\/wp\/v2\/pages"}],"about":[{"href":"https:\/\/becid.ut.ee\/et\/wp-json\/wp\/v2\/types\/page"}],"author":[{"embeddable":true,"href":"https:\/\/becid.ut.ee\/et\/wp-json\/wp\/v2\/users\/1"}],"replies":[{"embeddable":true,"href":"https:\/\/becid.ut.ee\/et\/wp-json\/wp\/v2\/comments?post=2740"}],"version-history":[{"count":2,"href":"https:\/\/becid.ut.ee\/et\/wp-json\/wp\/v2\/pages\/2740\/revisions"}],"predecessor-version":[{"id":3719,"href":"https:\/\/becid.ut.ee\/et\/wp-json\/wp\/v2\/pages\/2740\/revisions\/3719"}],"wp:attachment":[{"href":"https:\/\/becid.ut.ee\/et\/wp-json\/wp\/v2\/media?parent=2740"}],"curies":[{"name":"wp","href":"https:\/\/api.w.org\/{rel}","templated":true}]}}