{"id":2752,"date":"2025-06-27T09:57:29","date_gmt":"2025-06-27T09:57:29","guid":{"rendered":"https:\/\/becid.ut.ee\/analytical-reports-on-baltic-disinformation-trends\/"},"modified":"2025-07-24T13:42:00","modified_gmt":"2025-07-24T13:42:00","slug":"analytical-reports-on-baltic-disinformation-trends","status":"publish","type":"page","link":"https:\/\/becid.ut.ee\/et\/analytical-reports-on-baltic-disinformation-trends\/","title":{"rendered":"Anal\u00fc\u00fctilised aruanded Balti desinformatsiooni suundumuste kohta"},"content":{"rendered":"\n<div style=\"height:100px\" aria-hidden=\"true\" class=\"wp-block-spacer\"><\/div>\n\n<figure class=\"wp-block-image alignwide size-large\"><img loading=\"lazy\" decoding=\"async\" width=\"1440\" height=\"809\" src=\"https:\/\/becid.ut.ee\/wp-content\/uploads\/2025\/06\/BECID-Studies-and-results-SVG-17.svg\" alt=\"\" class=\"wp-image-1771\"\/><\/figure>\n\n<p>Tartu \u00dclikooli (UTARTU) poolt koordineeritava ELi rahastatud projekti (ID 118471) tulemus 2.3.<\/p>\n\n<p><strong>Sanita Jemberga<\/strong> | Re:Baltica<\/p>\n\n<p>K\u00e4esolev dokument sisaldab k\u00fcmmet Balti desinformatsiooni kvartali\u00fclevaadet, mille on koostanud Re:Baltica, kaasates vajaduse korral Eesti ja Leedu faktikontrollipartnereid BECID-projekti raames. Nad k\u00e4sitlesid kas piirkondlikke suundumusi vastavas kvartalis v\u00f5i ainulaadseid n\u00e4htusi, mis puudutasid Balti riike v\u00f5i Euroopat laiemalt. Need dokumendid sisaldavad nii kokkuv\u00f5tteid kui ka uurimuste t\u00e4istekste ning linke algmaterjalidele. See ei sisalda illustratsioone ja graafikuid, mis on leitavad originaalmaterjalide linkidest.<\/p>\n\n<p>Algselt avaldati arvustused inglise keeles Re:Baltica ja BECIDi veebilehel. Edasiseks rahvusvaheliseks levitamiseks avaldati need uuesti EDMO veebilehel. Kohapeal kohandasid ja avaldasid projektipartnerid Delfi.EE ja Delfi.LT m\u00f5ned neist eesti ja leedu keeles. Re:Baltica t\u00f5lkis ja avaldas need l\u00e4ti keeles oma veebilehel ja avalik-\u00f5iguslikus ringh\u00e4\u00e4lingus. Need on k\u00e4ttesaadavad ilma maksum\u00fc\u00fcrita ja iga meediaorganisatsioon v\u00f5ib neid vabalt uuesti avaldada.<\/p>\n\n<p>Laiema publikuni j\u00f5udmiseks muudeti m\u00f5ned neist hiljem k\u00fcmneks podcastiks, mida edastati kas Delfi.EE eestikeelsel veebilehel v\u00f5i L\u00e4ti avalik-\u00f5igusliku ringh\u00e4\u00e4lingu Re:Baltica vahendusel. Re:Baltica valmistas ette l\u00e4ti- ja venekeelsed saated, et j\u00f5uda vanema p\u00f5lvkonnani, kes ei kasuta internetti esmase teabeallikana.<\/p>\n\n<p>Dokumendi l\u00f5pus asuvas levitamise m\u00e4rkuses on loetletud k\u00f5ik asjakohased lingid, mille kohta kvartalid on meie teada uuesti avaldatud.<\/p>\n\n<div data-wp-interactive=\"core\/file\" class=\"wp-block-file\"><object data-wp-bind--hidden=\"!state.hasPdfPreview\" hidden class=\"wp-block-file__embed\" data=\"https:\/\/becid.ut.ee\/wp-content\/uploads\/2025\/06\/d2.3.pdf\" type=\"application\/pdf\" style=\"width:100%;height:600px\" aria-label=\"Lisa d2.3.\"><\/object><a id=\"wp-block-file--media-1577149d-364a-40fc-ae17-7c39dc6e39aa\" href=\"https:\/\/becid.ut.ee\/wp-content\/uploads\/2025\/06\/d2.3.pdf\">d2.3<\/a><a href=\"https:\/\/becid.ut.ee\/wp-content\/uploads\/2025\/06\/d2.3.pdf\" class=\"wp-block-file__button wp-element-button\" download=\"\" aria-describedby=\"wp-block-file--media-1577149d-364a-40fc-ae17-7c39dc6e39aa\">Lae alla<\/a><\/div>\n","protected":false},"excerpt":{"rendered":"<p>Tartu \u00dclikooli (UTARTU) poolt koordineeritava ELi rahastatud projekti (ID 118471) tulemus 2.3. Sanita Jemberga | Re:Baltica K\u00e4esolev dokument sisaldab k\u00fcmmet Balti desinformatsiooni kvartali\u00fclevaadet, mille on koostanud Re:Baltica, kaasates vajaduse korral [&hellip;]<\/p>\n","protected":false},"author":1,"featured_media":0,"parent":0,"menu_order":0,"comment_status":"closed","ping_status":"closed","template":"","meta":{"_price":"","_stock":"","_tribe_ticket_header":"","_tribe_default_ticket_provider":"","_tribe_ticket_capacity":"0","_ticket_start_date":"","_ticket_end_date":"","_tribe_ticket_show_description":"","_tribe_ticket_show_not_going":false,"_tribe_ticket_use_global_stock":"","_tribe_ticket_global_stock_level":"","_global_stock_mode":"","_global_stock_cap":"","_tribe_rsvp_for_event":"","_tribe_ticket_going_count":"","_tribe_ticket_not_going_count":"","_tribe_tickets_list":"[]","_tribe_ticket_has_attendee_info_fields":false,"_EventAllDay":false,"_EventTimezone":"","_EventStartDate":"","_EventEndDate":"","_EventStartDateUTC":"","_EventEndDateUTC":"","_EventShowMap":false,"_EventShowMapLink":false,"_EventURL":"","_EventCost":"","_EventCostDescription":"","_EventCurrencySymbol":"","_EventCurrencyCode":"","_EventCurrencyPosition":"","_EventDateTimeSeparator":"","_EventTimeRangeSeparator":"","_EventOrganizerID":[],"_EventVenueID":[],"_OrganizerEmail":"","_OrganizerPhone":"","_OrganizerWebsite":"","_VenueAddress":"","_VenueCity":"","_VenueCountry":"","_VenueProvince":"","_VenueState":"","_VenueZip":"","_VenuePhone":"","_VenueURL":"","_VenueStateProvince":"","_VenueLat":"","_VenueLng":"","_VenueShowMap":false,"_VenueShowMapLink":false,"_themeisle_gutenberg_block_has_review":false,"footnotes":"","_tec_slr_enabled":"","_tec_slr_layout":""},"class_list":["post-2752","page","type-page","status-publish","hentry"],"ticketed":false,"_links":{"self":[{"href":"https:\/\/becid.ut.ee\/et\/wp-json\/wp\/v2\/pages\/2752","targetHints":{"allow":["GET"]}}],"collection":[{"href":"https:\/\/becid.ut.ee\/et\/wp-json\/wp\/v2\/pages"}],"about":[{"href":"https:\/\/becid.ut.ee\/et\/wp-json\/wp\/v2\/types\/page"}],"author":[{"embeddable":true,"href":"https:\/\/becid.ut.ee\/et\/wp-json\/wp\/v2\/users\/1"}],"replies":[{"embeddable":true,"href":"https:\/\/becid.ut.ee\/et\/wp-json\/wp\/v2\/comments?post=2752"}],"version-history":[{"count":6,"href":"https:\/\/becid.ut.ee\/et\/wp-json\/wp\/v2\/pages\/2752\/revisions"}],"predecessor-version":[{"id":3626,"href":"https:\/\/becid.ut.ee\/et\/wp-json\/wp\/v2\/pages\/2752\/revisions\/3626"}],"wp:attachment":[{"href":"https:\/\/becid.ut.ee\/et\/wp-json\/wp\/v2\/media?parent=2752"}],"curies":[{"name":"wp","href":"https:\/\/api.w.org\/{rel}","templated":true}]}}