{"id":2764,"date":"2025-06-27T09:46:09","date_gmt":"2025-06-27T09:46:09","guid":{"rendered":"https:\/\/becid.ut.ee\/is-tiktok-a-gateway-to-politics-in-the-baltics-for-now-only-in-latvia-february-2023\/"},"modified":"2025-07-24T13:59:43","modified_gmt":"2025-07-24T13:59:43","slug":"is-tiktok-a-gateway-to-politics-in-the-baltics-for-now-only-in-latvia-february-2023","status":"publish","type":"page","link":"https:\/\/becid.ut.ee\/et\/is-tiktok-a-gateway-to-politics-in-the-baltics-for-now-only-in-latvia-february-2023\/","title":{"rendered":"Kas TikTok on v\u00e4rav poliitikasse Baltikumis? Hetkel ainult L\u00e4tis (veebruar 2023)"},"content":{"rendered":"\n<div style=\"height:100px\" aria-hidden=\"true\" class=\"wp-block-spacer\"><\/div>\n\n<figure class=\"wp-block-image alignwide size-large\"><img loading=\"lazy\" decoding=\"async\" width=\"285\" height=\"192\" src=\"https:\/\/becid.ut.ee\/wp-content\/uploads\/2025\/06\/BECID-BLOGI-PILDID-5.svg\" alt=\"\" class=\"wp-image-1424\"\/><\/figure>\n\n<p><strong>Kas TikTok on v\u00e4rav poliitikasse Baltikumis? Hetkel ainult L\u00e4tis <\/strong><br\/><em>veebruar 2023<\/em><br\/>Autorid: Inga Spri\u0146\u0123e (Re:Baltica), Aist\u0117 Meidut\u0117 (Delfi.lt) ja Kaili Malts (Delfi.ee)<br\/>Osa ELi rahastatud projekti D2.5, mille ID 118471, koordineerib Tartu \u00dclikool (UTARTU).<\/p>\n\n<p>Ehkki levinud on eeldus, et TikTok&#8217;i kasutab ainult noorem p\u00f5lvkond, n\u00e4itab Re:Baltica anal\u00fc\u00fcs, et L\u00e4tis on see piisavalt v\u00f5imas vahend, et populistid saaksid parlamenti p\u00e4\u00e4seda.<\/p>\n\n<p>P\u00e4rast Kremli telekanalite sulgemist on TikTokist saanud viljakas pinnas ka Kremli narratiivide jaoks. L\u00e4ti riikliku julgeoleku teenistus on alustanud seitset kriminaaluurimist Moskva toetamise eest TikTokis, samas kui Leedu ja Eesti on v\u00f5tnud leebema l\u00e4henemise. <\/p>\n\n<p>Miks nii, loe Re:Baltica Balti desinformatsiooni kvartali\u00fclevaatest TikToki kasutamise kohta.<\/p>\n\n<p>Loe aruannet siit: <a href=\"https:\/\/becid.eu\/wp-content\/uploads\/2024\/01\/2023_FEBRUARY_Is-TikTok-a-Gateway-to-Politics-in-the-Baltics_-For-Now-Only-in-Latvia-30012024.pdf\"><strong>2023_FEBRUAR_ Kas TikTok on v\u00e4rav poliitikasse Baltikumis_ esialgu ainult L\u00e4tis-30012024.<\/strong><\/a><\/p>\n\n<p>Originaal:<mark style=\"background-color:rgba(0, 0, 0, 0);color:#ffcd05\" class=\"has-inline-color\"> <a href=\"https:\/\/en.rebaltica.lv\/2023\/02\/is-tiktok-a-gateway-to-politics-in-the-baltics-for-now-only-in-latvia\/\"><strong>https:\/\/en.rebaltica.lv\/2023\/02\/is-tiktok-a-gateway-to-politics-in-the-baltics-for-now-only-in-latvia\/<\/strong><\/a><\/mark><\/p>\n","protected":false},"excerpt":{"rendered":"<p>Kas TikTok on v\u00e4rav poliitikasse Baltikumis? Hetkel ainult L\u00e4tis veebruar 2023Autorid: Inga Spri\u0146\u0123e (Re:Baltica), Aist\u0117 Meidut\u0117 (Delfi.lt) ja Kaili Malts (Delfi.ee)Osa ELi rahastatud projekti D2.5, mille ID 118471, koordineerib Tartu [&hellip;]<\/p>\n","protected":false},"author":1,"featured_media":0,"parent":0,"menu_order":0,"comment_status":"closed","ping_status":"closed","template":"","meta":{"_price":"","_stock":"","_tribe_ticket_header":"","_tribe_default_ticket_provider":"","_tribe_ticket_capacity":"0","_ticket_start_date":"","_ticket_end_date":"","_tribe_ticket_show_description":"","_tribe_ticket_show_not_going":false,"_tribe_ticket_use_global_stock":"","_tribe_ticket_global_stock_level":"","_global_stock_mode":"","_global_stock_cap":"","_tribe_rsvp_for_event":"","_tribe_ticket_going_count":"","_tribe_ticket_not_going_count":"","_tribe_tickets_list":"[]","_tribe_ticket_has_attendee_info_fields":false,"_EventAllDay":false,"_EventTimezone":"","_EventStartDate":"","_EventEndDate":"","_EventStartDateUTC":"","_EventEndDateUTC":"","_EventShowMap":false,"_EventShowMapLink":false,"_EventURL":"","_EventCost":"","_EventCostDescription":"","_EventCurrencySymbol":"","_EventCurrencyCode":"","_EventCurrencyPosition":"","_EventDateTimeSeparator":"","_EventTimeRangeSeparator":"","_EventOrganizerID":[],"_EventVenueID":[],"_OrganizerEmail":"","_OrganizerPhone":"","_OrganizerWebsite":"","_VenueAddress":"","_VenueCity":"","_VenueCountry":"","_VenueProvince":"","_VenueState":"","_VenueZip":"","_VenuePhone":"","_VenueURL":"","_VenueStateProvince":"","_VenueLat":"","_VenueLng":"","_VenueShowMap":false,"_VenueShowMapLink":false,"_themeisle_gutenberg_block_has_review":false,"footnotes":"","_tec_slr_enabled":"","_tec_slr_layout":""},"class_list":["post-2764","page","type-page","status-publish","hentry"],"ticketed":false,"_links":{"self":[{"href":"https:\/\/becid.ut.ee\/et\/wp-json\/wp\/v2\/pages\/2764","targetHints":{"allow":["GET"]}}],"collection":[{"href":"https:\/\/becid.ut.ee\/et\/wp-json\/wp\/v2\/pages"}],"about":[{"href":"https:\/\/becid.ut.ee\/et\/wp-json\/wp\/v2\/types\/page"}],"author":[{"embeddable":true,"href":"https:\/\/becid.ut.ee\/et\/wp-json\/wp\/v2\/users\/1"}],"replies":[{"embeddable":true,"href":"https:\/\/becid.ut.ee\/et\/wp-json\/wp\/v2\/comments?post=2764"}],"version-history":[{"count":4,"href":"https:\/\/becid.ut.ee\/et\/wp-json\/wp\/v2\/pages\/2764\/revisions"}],"predecessor-version":[{"id":3752,"href":"https:\/\/becid.ut.ee\/et\/wp-json\/wp\/v2\/pages\/2764\/revisions\/3752"}],"wp:attachment":[{"href":"https:\/\/becid.ut.ee\/et\/wp-json\/wp\/v2\/media?parent=2764"}],"curies":[{"name":"wp","href":"https:\/\/api.w.org\/{rel}","templated":true}]}}