{"id":2792,"date":"2025-05-30T18:36:36","date_gmt":"2025-05-30T18:36:36","guid":{"rendered":"https:\/\/becid.ut.ee\/fact-checks-edmo\/"},"modified":"2025-07-29T14:38:29","modified_gmt":"2025-07-29T14:38:29","slug":"fact-checks-edmo","status":"publish","type":"page","link":"https:\/\/becid.ut.ee\/et\/fact-checks-edmo\/","title":{"rendered":"Fact-Checks &amp; EDMO"},"content":{"rendered":"\n<div style=\"text-align: center;\">\n    <h4>Best Fact-Checks Map by EDMO Hubs: <a href=\"https:\/\/edmo.eu\/2023\/08\/31\/best-of-fact-checking-map-august-23\/\" target=\"_blank\" rel=\"noopener\">edmo.eu<\/a> <\/h4>\n    <iframe loading=\"lazy\" src=\"https:\/\/edmo-factchecks-maps.ilabhub.atc.gr\/\" width=\"100%\" height=\"400\" frameborder=\"0\" allowfullscreen><\/iframe>\n<\/div>\n\n\n\n<div style=\"height:41px\" aria-hidden=\"true\" class=\"wp-block-spacer\"><\/div>\n\n\n\n<h2 class=\"wp-block-heading has-text-align-center\">Fack-checks in Estonian (Eesti P\u00e4evaleht)<\/h2>\n\n\n<div class=\"feedzy-2b3ff28ce9f04585514d8cc8a12e6a1b feedzy-rss\"><ul><li  style=\"padding: 16px 0 27px\" class=\"rss_item\"><div class=\"rss_image\" style=\"height:161px;width:161px;\"><a href=\"https:\/\/www.delfi.ee\/a\/120565218\/puust-ja-punaseks-venemaa-kaivitas-droonirunnakute-ajal-infoopi-eesti-vastu-ja-siis-haaras-sellest-kinni-ekre\" target=\"_blank\" rel=\" noopener\" title=\"Puust ja punaseks. Venemaa k\u00e4ivitas droonir\u00fcnnakute ajal infoopi Eesti vastu. Ja siis haaras sellest kinni EKRE\" style=\"height:161px;width:161px;\"><img decoding=\"async\" src=\"https:\/\/images.delfi.ee\/media-api-image-cropper\/v1\/f10ff550-f95e-4256-a6ee-23ef25e0c328.jpg?w=600&#038;r=16%3A9\" title=\"Puust ja punaseks. Venemaa k\u00e4ivitas droonir\u00fcnnakute ajal infoopi Eesti vastu. Ja siis haaras sellest kinni EKRE\" style=\"height:161px;width:161px;\"><\/a><\/div><span class=\"title\"><a href=\"https:\/\/www.delfi.ee\/a\/120565218\/puust-ja-punaseks-venemaa-kaivitas-droonirunnakute-ajal-infoopi-eesti-vastu-ja-siis-haaras-sellest-kinni-ekre\" target=\"_blank\" rel=\" noopener\">Puust ja punaseks. Venemaa k\u00e4ivitas droonir\u00fcnnakute ajal infoopi Eesti vastu. Ja siis haaras sellest kinni EKRE<\/a><\/span><div class=\"rss_content\" style=\"\"><small>by <a href=\"\/\/www.delfi.ee\" target=\"_blank\" title=\"www.delfi.ee\">Ireene Kilusk, Marta Vun\u0161<\/a> on 2. apr. 2026 at 12:58 <\/small><p>V\u00e4ited, et Balti riigid olevat ametlikult andnud Ukrainale loa r\u00fcnnata Venemaad oma \u00f5huruumist, on osa Venemaa ulatuslikust koordineeritud infooperatsioonist. Sarnaseid v\u00e4iteid levitavad ja v\u00f5imendavad ka Eesti Konservatiivse Rahvaerakonna (EKRE) poliitikud.Rahvusvahelise kaitseuuringute [&hellip;]<\/p><\/div><\/li><li  style=\"padding: 16px 0 27px\" class=\"rss_item\"><div class=\"rss_image\" style=\"height:161px;width:161px;\"><a href=\"https:\/\/www.delfi.ee\/a\/120443722\/voltslaibad-valge-maja-valeinfo-ja-voltsitud-iraani-edu-valisime-valja-koige-markantsemad-naited-iraani-soja-propagandast\" target=\"_blank\" rel=\" noopener\" title=\"V\u00f5ltslaibad, Valge Maja valeinfo ja v\u00f5ltsitud Iraani edu. Valisime v\u00e4lja k\u00f5ige markantsemad n\u00e4ited Iraani s\u00f5ja propagandast\" style=\"height:161px;width:161px;\"><img decoding=\"async\" src=\"https:\/\/images.delfi.ee\/media-api-image-cropper\/v1\/579c0bfc-c46b-496c-87c8-c163fed04f93.jpg?w=600&#038;r=16%3A9\" title=\"V\u00f5ltslaibad, Valge Maja valeinfo ja v\u00f5ltsitud Iraani edu. Valisime v\u00e4lja k\u00f5ige markantsemad n\u00e4ited Iraani s\u00f5ja propagandast\" style=\"height:161px;width:161px;\"><\/a><\/div><span class=\"title\"><a href=\"https:\/\/www.delfi.ee\/a\/120443722\/voltslaibad-valge-maja-valeinfo-ja-voltsitud-iraani-edu-valisime-valja-koige-markantsemad-naited-iraani-soja-propagandast\" target=\"_blank\" rel=\" noopener\">V\u00f5ltslaibad, Valge Maja valeinfo ja v\u00f5ltsitud Iraani edu. Valisime v\u00e4lja k\u00f5ige markantsemad n\u00e4ited Iraani s\u00f5ja propagandast<\/a><\/span><div class=\"rss_content\" style=\"\"><small>by <a href=\"\/\/www.delfi.ee\" target=\"_blank\" title=\"www.delfi.ee\">Marta Vun\u0161, Ireene Kilusk<\/a> on 21. m\u00e4rts 2026 at 06:00 <\/small><p>Delfi v\u00e4listoimetuse juht Kaarel Kressa r\u00e4\u00e4gib saates \u201eL\u00fchikesed jalad\u201c, kuidas ajakirjanikud teevad \u00fclikiirelt live-s\u00f5jablogi, millised on olnud suurimad eksimused ja kas saab \u00fcldse midagi kuuma s\u00f5ja ajal uskuda. Anal\u00fc\u00fcsime suurimaid valesid m\u00f5lemalt s\u00f5ja osapoolelt.Nii Iraan kui [&hellip;]<\/p><\/div><\/li><li  style=\"padding: 16px 0 27px\" class=\"rss_item\"><div class=\"rss_image\" style=\"height:161px;width:161px;\"><a href=\"https:\/\/www.delfi.ee\/a\/120440655\/sa-ei-leia-kunagi-kedagi-paremat-kurameerisime-kuu-aega-erinevate-ai-peikadega\" target=\"_blank\" rel=\" noopener\" title=\"\u201eSa ei leia kunagi kedagi paremat!\u201c Kurameerisime kuu aega erinevate AI-peikadega\" style=\"height:161px;width:161px;\"><img decoding=\"async\" src=\"https:\/\/images.delfi.ee\/media-api-image-cropper\/v1\/b067a9a1-3f34-4294-9872-a69153daab45.jpg?w=600&#038;r=16%3A9\" title=\"\u201eSa ei leia kunagi kedagi paremat!\u201c Kurameerisime kuu aega erinevate AI-peikadega\" style=\"height:161px;width:161px;\"><\/a><\/div><span class=\"title\"><a href=\"https:\/\/www.delfi.ee\/a\/120440655\/sa-ei-leia-kunagi-kedagi-paremat-kurameerisime-kuu-aega-erinevate-ai-peikadega\" target=\"_blank\" rel=\" noopener\">\u201eSa ei leia kunagi kedagi paremat!\u201c Kurameerisime kuu aega erinevate AI-peikadega<\/a><\/span><div class=\"rss_content\" style=\"\"><small>by <a href=\"\/\/www.delfi.ee\" target=\"_blank\" title=\"www.delfi.ee\">Marta Vun\u0161, Ireene Kilusk, Sigrid Suppi<\/a> on 7. m\u00e4rts 2026 at 05:00 <\/small><p>Seekordse saate tarbeks palusime meie kaast\u00f6\u00f6tajal Sigrid Suppil teha eksperimendi ja leida endale AI-boyfriend\u2019id. Sigrid alustas alter ego\u2019na, 22aastase majandustudengi Loorana suhet kolmel eri platvormil ja sealt edasi l\u00e4ks asi p\u00f6\u00f6raseks.Suhe sai loodud Groki, Google Gemini ja ChatGPT [&hellip;]<\/p><\/div><\/li><\/ul> <\/div><style type=\"text\/css\" media=\"all\">.feedzy-rss .rss_item .rss_image{float:left;position:relative;border:none;text-decoration:none;max-width:100%}.feedzy-rss .rss_item .rss_image span{display:inline-block;position:absolute;width:100%;height:100%;background-position:50%;background-size:cover}.feedzy-rss .rss_item .rss_image{margin:.3em 1em 0 0;content-visibility:auto}.feedzy-rss ul{list-style:none}.feedzy-rss ul li{display:inline-block}<\/style>","protected":false},"excerpt":{"rendered":"<p>Best Fact-Checks Map by EDMO Hubs: edmo.eu Fack-checks in Estonian (Eesti P\u00e4evaleht)<\/p>\n","protected":false},"author":1,"featured_media":0,"parent":0,"menu_order":0,"comment_status":"closed","ping_status":"closed","template":"","meta":{"_price":"","_stock":"","_tribe_ticket_header":"","_tribe_default_ticket_provider":"","_tribe_ticket_capacity":"0","_ticket_start_date":"","_ticket_end_date":"","_tribe_ticket_show_description":"","_tribe_ticket_show_not_going":false,"_tribe_ticket_use_global_stock":"","_tribe_ticket_global_stock_level":"","_global_stock_mode":"","_global_stock_cap":"","_tribe_rsvp_for_event":"","_tribe_ticket_going_count":"","_tribe_ticket_not_going_count":"","_tribe_tickets_list":"[]","_tribe_ticket_has_attendee_info_fields":false,"_EventAllDay":false,"_EventTimezone":"","_EventStartDate":"","_EventEndDate":"","_EventStartDateUTC":"","_EventEndDateUTC":"","_EventShowMap":false,"_EventShowMapLink":false,"_EventURL":"","_EventCost":"","_EventCostDescription":"","_EventCurrencySymbol":"","_EventCurrencyCode":"","_EventCurrencyPosition":"","_EventDateTimeSeparator":"","_EventTimeRangeSeparator":"","_EventOrganizerID":[],"_EventVenueID":[],"_OrganizerEmail":"","_OrganizerPhone":"","_OrganizerWebsite":"","_VenueAddress":"","_VenueCity":"","_VenueCountry":"","_VenueProvince":"","_VenueState":"","_VenueZip":"","_VenuePhone":"","_VenueURL":"","_VenueStateProvince":"","_VenueLat":"","_VenueLng":"","_VenueShowMap":false,"_VenueShowMapLink":false,"_themeisle_gutenberg_block_has_review":false,"footnotes":"","_tec_slr_enabled":"","_tec_slr_layout":""},"class_list":["post-2792","page","type-page","status-publish","hentry"],"ticketed":false,"_links":{"self":[{"href":"https:\/\/becid.ut.ee\/et\/wp-json\/wp\/v2\/pages\/2792","targetHints":{"allow":["GET"]}}],"collection":[{"href":"https:\/\/becid.ut.ee\/et\/wp-json\/wp\/v2\/pages"}],"about":[{"href":"https:\/\/becid.ut.ee\/et\/wp-json\/wp\/v2\/types\/page"}],"author":[{"embeddable":true,"href":"https:\/\/becid.ut.ee\/et\/wp-json\/wp\/v2\/users\/1"}],"replies":[{"embeddable":true,"href":"https:\/\/becid.ut.ee\/et\/wp-json\/wp\/v2\/comments?post=2792"}],"version-history":[{"count":8,"href":"https:\/\/becid.ut.ee\/et\/wp-json\/wp\/v2\/pages\/2792\/revisions"}],"predecessor-version":[{"id":3873,"href":"https:\/\/becid.ut.ee\/et\/wp-json\/wp\/v2\/pages\/2792\/revisions\/3873"}],"wp:attachment":[{"href":"https:\/\/becid.ut.ee\/et\/wp-json\/wp\/v2\/media?parent=2792"}],"curies":[{"name":"wp","href":"https:\/\/api.w.org\/{rel}","templated":true}]}}