{"id":2796,"date":"2025-05-30T18:36:27","date_gmt":"2025-05-30T18:36:27","guid":{"rendered":"https:\/\/becid.ut.ee\/events-news\/"},"modified":"2025-10-21T18:51:48","modified_gmt":"2025-10-21T18:51:48","slug":"events-news","status":"publish","type":"page","link":"https:\/\/becid.ut.ee\/et\/events-news\/","title":{"rendered":"Uudised"},"content":{"rendered":"\n<figure class=\"wp-block-image alignfull size-large\"><img loading=\"lazy\" decoding=\"async\" width=\"450\" height=\"149\" src=\"https:\/\/becid.ut.ee\/wp-content\/uploads\/2025\/07\/Kuj.-Welcome-to-BECID-koopia-5.svg\" alt=\"\" class=\"wp-image-2454\"\/><\/figure>\n\n<p class=\"has-text-align-center has-normal-font-size\"><mark style=\"background-color:rgba(0, 0, 0, 0);color:#ffcd05\" class=\"has-inline-color\"><strong>Siit leiad BECID projektiga seotud viimased s\u00fcndmused ja uudised.<\/strong> <\/mark>Hoia end kursis meie k\u00e4imasolevate algatuste ja tulevaste tegevustega. Me jagame regulaarselt teadmisi, uurimistulemusi ja v\u00f5imalusi, kuidas projektis osaleda. <\/p>\n\n<div class=\"wp-block-group alignfull is-layout-constrained wp-container-core-group-is-layout-b1018d00 wp-block-group-is-layout-constrained\" style=\"margin-top:0px;margin-bottom:0px;padding-top:var(--wp--preset--spacing--80);padding-right:var(--wp--preset--spacing--40);padding-bottom:var(--wp--preset--spacing--80);padding-left:var(--wp--preset--spacing--40)\">\n<div class=\"wp-block-columns alignwide is-layout-flex wp-container-core-columns-is-layout-08c01c1c wp-block-columns-is-layout-flex\">\n<div class=\"wp-block-column is-layout-flow wp-container-core-column-is-layout-119bc444 wp-block-column-is-layout-flow\">\n<figure class=\"wp-block-image size-large\"><a href=\"https:\/\/becid.ut.ee\/et\/becidi-projektijuht-raakis-peaasi-pearaadio-otseulekandes-sotsiaalmeediast-ja-vaimsest-heaolust\/\"><img loading=\"lazy\" decoding=\"async\" width=\"1024\" height=\"724\" src=\"https:\/\/becid.ut.ee\/wp-content\/uploads\/2025\/10\/Kuj.-Kuj.-Kuj.-Kuj.-Kuj.-Kuj.-Kuj.-Kuj.-Kuj.-EVENTS-canv-koopia-koopia-koopia-koopia-koopia-koopia-koopia-koopia-koopia-1024x724.jpg\" alt=\"\" class=\"wp-image-4819\" srcset=\"https:\/\/becid.ut.ee\/wp-content\/uploads\/2025\/10\/Kuj.-Kuj.-Kuj.-Kuj.-Kuj.-Kuj.-Kuj.-Kuj.-Kuj.-EVENTS-canv-koopia-koopia-koopia-koopia-koopia-koopia-koopia-koopia-koopia-1024x724.jpg 1024w, https:\/\/becid.ut.ee\/wp-content\/uploads\/2025\/10\/Kuj.-Kuj.-Kuj.-Kuj.-Kuj.-Kuj.-Kuj.-Kuj.-Kuj.-EVENTS-canv-koopia-koopia-koopia-koopia-koopia-koopia-koopia-koopia-koopia-300x212.jpg 300w, https:\/\/becid.ut.ee\/wp-content\/uploads\/2025\/10\/Kuj.-Kuj.-Kuj.-Kuj.-Kuj.-Kuj.-Kuj.-Kuj.-Kuj.-EVENTS-canv-koopia-koopia-koopia-koopia-koopia-koopia-koopia-koopia-koopia-768x543.jpg 768w, https:\/\/becid.ut.ee\/wp-content\/uploads\/2025\/10\/Kuj.-Kuj.-Kuj.-Kuj.-Kuj.-Kuj.-Kuj.-Kuj.-Kuj.-EVENTS-canv-koopia-koopia-koopia-koopia-koopia-koopia-koopia-koopia-koopia-1536x1086.jpg 1536w, https:\/\/becid.ut.ee\/wp-content\/uploads\/2025\/10\/Kuj.-Kuj.-Kuj.-Kuj.-Kuj.-Kuj.-Kuj.-Kuj.-Kuj.-EVENTS-canv-koopia-koopia-koopia-koopia-koopia-koopia-koopia-koopia-koopia-2048x1448.jpg 2048w\" sizes=\"auto, (max-width: 1024px) 100vw, 1024px\" \/><\/a><\/figure>\n\n\n\n<p class=\"has-medium-font-size\"><strong><a href=\"https:\/\/becid.ut.ee\/et\/becidi-projektijuht-raakis-peaasi-pearaadio-otseulekandes-sotsiaalmeediast-ja-vaimsest-heaolust\/\" data-type=\"page\" data-id=\"4804\">BECIDi projektijuht r\u00e4\u00e4kis Peaasi Pearaadio otse\u00fclekandes sotsiaalmeediast ja vaimsest heaolust<\/a><\/strong><\/p>\n<\/div>\n\n\n\n<div class=\"wp-block-column is-layout-flow wp-container-core-column-is-layout-119bc444 wp-block-column-is-layout-flow\">\n<figure class=\"wp-block-image size-large\"><a href=\"https:\/\/becid.ut.ee\/et\/miks-inimesed-kohklevad-vaktsineerimises\/\"><img loading=\"lazy\" decoding=\"async\" width=\"1024\" height=\"724\" src=\"https:\/\/becid.ut.ee\/wp-content\/uploads\/2025\/10\/Kuj.-Kuj.-Kuj.-Kuj.-Kuj.-Kuj.-Kuj.-Kuj.-EVENTS-canv-koopia-koopia-koopia-koopia-koopia-koopia-koopia-koopia-1024x724.png\" alt=\"\" class=\"wp-image-4783\" srcset=\"https:\/\/becid.ut.ee\/wp-content\/uploads\/2025\/10\/Kuj.-Kuj.-Kuj.-Kuj.-Kuj.-Kuj.-Kuj.-Kuj.-EVENTS-canv-koopia-koopia-koopia-koopia-koopia-koopia-koopia-koopia-1024x724.png 1024w, https:\/\/becid.ut.ee\/wp-content\/uploads\/2025\/10\/Kuj.-Kuj.-Kuj.-Kuj.-Kuj.-Kuj.-Kuj.-Kuj.-EVENTS-canv-koopia-koopia-koopia-koopia-koopia-koopia-koopia-koopia-300x212.png 300w, https:\/\/becid.ut.ee\/wp-content\/uploads\/2025\/10\/Kuj.-Kuj.-Kuj.-Kuj.-Kuj.-Kuj.-Kuj.-Kuj.-EVENTS-canv-koopia-koopia-koopia-koopia-koopia-koopia-koopia-koopia-768x543.png 768w, https:\/\/becid.ut.ee\/wp-content\/uploads\/2025\/10\/Kuj.-Kuj.-Kuj.-Kuj.-Kuj.-Kuj.-Kuj.-Kuj.-EVENTS-canv-koopia-koopia-koopia-koopia-koopia-koopia-koopia-koopia-1536x1086.png 1536w, https:\/\/becid.ut.ee\/wp-content\/uploads\/2025\/10\/Kuj.-Kuj.-Kuj.-Kuj.-Kuj.-Kuj.-Kuj.-Kuj.-EVENTS-canv-koopia-koopia-koopia-koopia-koopia-koopia-koopia-koopia-2048x1448.png 2048w\" sizes=\"auto, (max-width: 1024px) 100vw, 1024px\" \/><\/a><\/figure>\n\n\n\n<p class=\"has-medium-font-size\"><a href=\"https:\/\/becid.ut.ee\/et\/miks-inimesed-kohklevad-vaktsineerimises\/\" data-type=\"page\" data-id=\"4782\"><strong>Miks inimesed k\u00f5hklevad vaktsineerimises?<\/strong><\/a><\/p>\n<\/div>\n<\/div>\n<\/div>\n\n<div class=\"wp-block-group alignfull is-layout-constrained wp-container-core-group-is-layout-b1018d00 wp-block-group-is-layout-constrained\" style=\"margin-top:0px;margin-bottom:0px;padding-top:var(--wp--preset--spacing--80);padding-right:var(--wp--preset--spacing--40);padding-bottom:var(--wp--preset--spacing--80);padding-left:var(--wp--preset--spacing--40)\">\n<div class=\"wp-block-columns alignwide is-layout-flex wp-container-core-columns-is-layout-08c01c1c wp-block-columns-is-layout-flex\">\n<div class=\"wp-block-column is-layout-flow wp-container-core-column-is-layout-119bc444 wp-block-column-is-layout-flow\">\n<figure class=\"wp-block-image size-large\"><a href=\"https:\/\/becid.ut.ee\/et\/becid-veebiseminarid-eesti-maluasutuste-tootajatele\/\"><img loading=\"lazy\" decoding=\"async\" width=\"1024\" height=\"724\" src=\"https:\/\/becid.ut.ee\/wp-content\/uploads\/2025\/10\/Kuj.-Kuj.-Kuj.-Kuj.-Kuj.-Kuj.-Kuj.-EVENTS-canv-koopia-koopia-koopia-koopia-koopia-koopia-koopia-1024x724.png\" alt=\"\" class=\"wp-image-4768\" srcset=\"https:\/\/becid.ut.ee\/wp-content\/uploads\/2025\/10\/Kuj.-Kuj.-Kuj.-Kuj.-Kuj.-Kuj.-Kuj.-EVENTS-canv-koopia-koopia-koopia-koopia-koopia-koopia-koopia-1024x724.png 1024w, https:\/\/becid.ut.ee\/wp-content\/uploads\/2025\/10\/Kuj.-Kuj.-Kuj.-Kuj.-Kuj.-Kuj.-Kuj.-EVENTS-canv-koopia-koopia-koopia-koopia-koopia-koopia-koopia-300x212.png 300w, https:\/\/becid.ut.ee\/wp-content\/uploads\/2025\/10\/Kuj.-Kuj.-Kuj.-Kuj.-Kuj.-Kuj.-Kuj.-EVENTS-canv-koopia-koopia-koopia-koopia-koopia-koopia-koopia-768x543.png 768w, https:\/\/becid.ut.ee\/wp-content\/uploads\/2025\/10\/Kuj.-Kuj.-Kuj.-Kuj.-Kuj.-Kuj.-Kuj.-EVENTS-canv-koopia-koopia-koopia-koopia-koopia-koopia-koopia-1536x1086.png 1536w, https:\/\/becid.ut.ee\/wp-content\/uploads\/2025\/10\/Kuj.-Kuj.-Kuj.-Kuj.-Kuj.-Kuj.-Kuj.-EVENTS-canv-koopia-koopia-koopia-koopia-koopia-koopia-koopia-2048x1448.png 2048w\" sizes=\"auto, (max-width: 1024px) 100vw, 1024px\" \/><\/a><\/figure>\n\n\n\n<p class=\"has-medium-font-size\"><strong><a href=\"https:\/\/becid.ut.ee\/et\/becid-veebiseminarid-eesti-maluasutuste-tootajatele\/\" data-type=\"page\" data-id=\"4752\">Liitu BECIDi veebiseminaride sarjaga meediap\u00e4devusest GLAM-sektoris<\/a><\/strong><\/p>\n<\/div>\n\n\n\n<div class=\"wp-block-column is-layout-flow wp-container-core-column-is-layout-119bc444 wp-block-column-is-layout-flow\">\n<figure class=\"wp-block-image size-large\"><a href=\"https:\/\/becid.ut.ee\/et\/manipulatsioonivotete-loosiratas-ulikooli-raamatukogus\/\"><img loading=\"lazy\" decoding=\"async\" width=\"1024\" height=\"724\" src=\"https:\/\/becid.ut.ee\/wp-content\/uploads\/2025\/09\/Kuj.-Kuj.-Kuj.-Kuj.-Kuj.-Kuj.-EVENTS-canv-koopia-koopia-koopia-koopia-koopia-koopia-1024x724.png\" alt=\"\" class=\"wp-image-4575\" srcset=\"https:\/\/becid.ut.ee\/wp-content\/uploads\/2025\/09\/Kuj.-Kuj.-Kuj.-Kuj.-Kuj.-Kuj.-EVENTS-canv-koopia-koopia-koopia-koopia-koopia-koopia-1024x724.png 1024w, https:\/\/becid.ut.ee\/wp-content\/uploads\/2025\/09\/Kuj.-Kuj.-Kuj.-Kuj.-Kuj.-Kuj.-EVENTS-canv-koopia-koopia-koopia-koopia-koopia-koopia-300x212.png 300w, https:\/\/becid.ut.ee\/wp-content\/uploads\/2025\/09\/Kuj.-Kuj.-Kuj.-Kuj.-Kuj.-Kuj.-EVENTS-canv-koopia-koopia-koopia-koopia-koopia-koopia-768x543.png 768w, https:\/\/becid.ut.ee\/wp-content\/uploads\/2025\/09\/Kuj.-Kuj.-Kuj.-Kuj.-Kuj.-Kuj.-EVENTS-canv-koopia-koopia-koopia-koopia-koopia-koopia-1536x1086.png 1536w, https:\/\/becid.ut.ee\/wp-content\/uploads\/2025\/09\/Kuj.-Kuj.-Kuj.-Kuj.-Kuj.-Kuj.-EVENTS-canv-koopia-koopia-koopia-koopia-koopia-koopia-2048x1448.png 2048w\" sizes=\"auto, (max-width: 1024px) 100vw, 1024px\" \/><\/a><\/figure>\n\n\n\n<p class=\"has-medium-font-size\"><a href=\"https:\/\/becid.ut.ee\/et\/manipulatsioonivotete-loosiratas-ulikooli-raamatukogus\/\" data-type=\"page\" data-id=\"4572\"><strong>Manipulatsiooniv\u00f5tete loosiratas \u00dclikooli raamatukogus<\/strong><\/a><\/p>\n<\/div>\n<\/div>\n<\/div>\n\n<div class=\"wp-block-group alignfull is-layout-constrained wp-container-core-group-is-layout-b1018d00 wp-block-group-is-layout-constrained\" style=\"margin-top:0px;margin-bottom:0px;padding-top:var(--wp--preset--spacing--80);padding-right:var(--wp--preset--spacing--40);padding-bottom:var(--wp--preset--spacing--80);padding-left:var(--wp--preset--spacing--40)\">\n<div class=\"wp-block-columns alignwide is-layout-flex wp-container-core-columns-is-layout-08c01c1c wp-block-columns-is-layout-flex\">\n<div class=\"wp-block-column is-layout-flow wp-container-core-column-is-layout-119bc444 wp-block-column-is-layout-flow\">\n<figure class=\"wp-block-image size-large\"><a href=\"https:\/\/becid.ut.ee\/becid-joins-global-dialogue-on-information-literacy-at-ecil-2025\/\"><img loading=\"lazy\" decoding=\"async\" width=\"1024\" height=\"724\" src=\"https:\/\/becid.ut.ee\/wp-content\/uploads\/2025\/09\/Kuj.-Kuj.-Kuj.-Kuj.-Kuj.-EVENTS-canv-koopia-koopia-koopia-koopia-koopia-1024x724.png\" alt=\"\" class=\"wp-image-4563\" srcset=\"https:\/\/becid.ut.ee\/wp-content\/uploads\/2025\/09\/Kuj.-Kuj.-Kuj.-Kuj.-Kuj.-EVENTS-canv-koopia-koopia-koopia-koopia-koopia-1024x724.png 1024w, https:\/\/becid.ut.ee\/wp-content\/uploads\/2025\/09\/Kuj.-Kuj.-Kuj.-Kuj.-Kuj.-EVENTS-canv-koopia-koopia-koopia-koopia-koopia-300x212.png 300w, https:\/\/becid.ut.ee\/wp-content\/uploads\/2025\/09\/Kuj.-Kuj.-Kuj.-Kuj.-Kuj.-EVENTS-canv-koopia-koopia-koopia-koopia-koopia-768x543.png 768w, https:\/\/becid.ut.ee\/wp-content\/uploads\/2025\/09\/Kuj.-Kuj.-Kuj.-Kuj.-Kuj.-EVENTS-canv-koopia-koopia-koopia-koopia-koopia-1536x1086.png 1536w, https:\/\/becid.ut.ee\/wp-content\/uploads\/2025\/09\/Kuj.-Kuj.-Kuj.-Kuj.-Kuj.-EVENTS-canv-koopia-koopia-koopia-koopia-koopia-2048x1448.png 2048w\" sizes=\"auto, (max-width: 1024px) 100vw, 1024px\" \/><\/a><\/figure>\n\n\n\n<p class=\"has-text-align-center has-medium-font-size\"><a href=\"https:\/\/becid.ut.ee\/becid-joins-global-dialogue-on-information-literacy-at-ecil-2025\/\" data-type=\"page\" data-id=\"4556\"><strong>BECID liitus globaalse dialoogiga info- ja meediap\u00e4devusest ECIL 2025 raames<\/strong><\/a><\/p>\n<\/div>\n\n\n\n<div class=\"wp-block-column is-layout-flow wp-container-core-column-is-layout-119bc444 wp-block-column-is-layout-flow\">\n<figure class=\"wp-block-image size-large\"><a href=\"https:\/\/becid.ut.ee\/becid-steering-committee-meeting-our-progress-and-next-steps\/\"><img loading=\"lazy\" decoding=\"async\" width=\"1024\" height=\"724\" src=\"https:\/\/becid.ut.ee\/wp-content\/uploads\/2025\/09\/Heading-1-1024x724.jpg\" alt=\"\" class=\"wp-image-4527\" srcset=\"https:\/\/becid.ut.ee\/wp-content\/uploads\/2025\/09\/Heading-1-1024x724.jpg 1024w, https:\/\/becid.ut.ee\/wp-content\/uploads\/2025\/09\/Heading-1-300x212.jpg 300w, https:\/\/becid.ut.ee\/wp-content\/uploads\/2025\/09\/Heading-1-768x543.jpg 768w, https:\/\/becid.ut.ee\/wp-content\/uploads\/2025\/09\/Heading-1-1536x1086.jpg 1536w, https:\/\/becid.ut.ee\/wp-content\/uploads\/2025\/09\/Heading-1-2048x1448.jpg 2048w\" sizes=\"auto, (max-width: 1024px) 100vw, 1024px\" \/><\/a><\/figure>\n\n\n\n<p class=\"has-text-align-center has-medium-font-size\"><strong><a href=\"https:\/\/becid.ut.ee\/becid-steering-committee-meeting-our-progress-and-next-steps\/\" data-type=\"page\" data-id=\"4516\">BECIDi juhtr\u00fchma koosolek: meie edusammud ja j\u00e4rgmised sammud<\/a><\/strong><\/p>\n<\/div>\n<\/div>\n<\/div>\n\n<div class=\"wp-block-group alignfull is-layout-constrained wp-container-core-group-is-layout-b1018d00 wp-block-group-is-layout-constrained\" style=\"margin-top:0px;margin-bottom:0px;padding-top:var(--wp--preset--spacing--80);padding-right:var(--wp--preset--spacing--40);padding-bottom:var(--wp--preset--spacing--80);padding-left:var(--wp--preset--spacing--40)\">\n<div class=\"wp-block-columns alignwide is-layout-flex wp-container-core-columns-is-layout-08c01c1c wp-block-columns-is-layout-flex\">\n<div class=\"wp-block-column is-layout-flow wp-container-core-column-is-layout-119bc444 wp-block-column-is-layout-flow\">\n<figure class=\"wp-block-image size-large\"><a href=\"https:\/\/becid.ut.ee\/becid-and-bcme-partners-met-in-tartu\/\"><img loading=\"lazy\" decoding=\"async\" width=\"1024\" height=\"724\" src=\"https:\/\/becid.ut.ee\/wp-content\/uploads\/2025\/08\/Kuj.-Kuj.-Kuj.-Kuj.-EVENTS-canv-koopia-koopia-koopia-koopia-1024x724.png\" alt=\"\" class=\"wp-image-4191\" srcset=\"https:\/\/becid.ut.ee\/wp-content\/uploads\/2025\/08\/Kuj.-Kuj.-Kuj.-Kuj.-EVENTS-canv-koopia-koopia-koopia-koopia-1024x724.png 1024w, https:\/\/becid.ut.ee\/wp-content\/uploads\/2025\/08\/Kuj.-Kuj.-Kuj.-Kuj.-EVENTS-canv-koopia-koopia-koopia-koopia-300x212.png 300w, https:\/\/becid.ut.ee\/wp-content\/uploads\/2025\/08\/Kuj.-Kuj.-Kuj.-Kuj.-EVENTS-canv-koopia-koopia-koopia-koopia-768x543.png 768w, https:\/\/becid.ut.ee\/wp-content\/uploads\/2025\/08\/Kuj.-Kuj.-Kuj.-Kuj.-EVENTS-canv-koopia-koopia-koopia-koopia-1536x1086.png 1536w, https:\/\/becid.ut.ee\/wp-content\/uploads\/2025\/08\/Kuj.-Kuj.-Kuj.-Kuj.-EVENTS-canv-koopia-koopia-koopia-koopia-2048x1448.png 2048w\" sizes=\"auto, (max-width: 1024px) 100vw, 1024px\" \/><\/a><\/figure>\n\n\n\n<p class=\"has-text-align-center has-large-font-size\"><strong><a href=\"https:\/\/becid.ut.ee\/becid-and-bcme-partners-met-in-tartu\/\" data-type=\"page\" data-id=\"4170\">Tartu \u00dclikool ja BCME BECID partnerid kohtusid Tartus<\/a><\/strong><\/p>\n<\/div>\n\n\n\n<div class=\"wp-block-column is-layout-flow wp-container-core-column-is-layout-119bc444 wp-block-column-is-layout-flow\">\n<figure class=\"wp-block-image size-large\"><a href=\"https:\/\/becid.ut.ee\/et\/digitaalse-teadmise-toomine-klassiruumi-becid-haridustreffil\/\"><img loading=\"lazy\" decoding=\"async\" width=\"1024\" height=\"724\" src=\"https:\/\/becid.ut.ee\/wp-content\/uploads\/2025\/08\/Kuj.-Kuj.-Kuj.-EVENTS-canv-koopia-koopia-koopia-1024x724.png\" alt=\"\" class=\"wp-image-4070\" srcset=\"https:\/\/becid.ut.ee\/wp-content\/uploads\/2025\/08\/Kuj.-Kuj.-Kuj.-EVENTS-canv-koopia-koopia-koopia-1024x724.png 1024w, https:\/\/becid.ut.ee\/wp-content\/uploads\/2025\/08\/Kuj.-Kuj.-Kuj.-EVENTS-canv-koopia-koopia-koopia-300x212.png 300w, https:\/\/becid.ut.ee\/wp-content\/uploads\/2025\/08\/Kuj.-Kuj.-Kuj.-EVENTS-canv-koopia-koopia-koopia-768x543.png 768w, https:\/\/becid.ut.ee\/wp-content\/uploads\/2025\/08\/Kuj.-Kuj.-Kuj.-EVENTS-canv-koopia-koopia-koopia-1536x1086.png 1536w, https:\/\/becid.ut.ee\/wp-content\/uploads\/2025\/08\/Kuj.-Kuj.-Kuj.-EVENTS-canv-koopia-koopia-koopia-2048x1448.png 2048w\" sizes=\"auto, (max-width: 1024px) 100vw, 1024px\" \/><\/a><\/figure>\n\n\n\n<h3 class=\"wp-block-heading has-text-align-center\"><a href=\"https:\/\/becid.ut.ee\/et\/digitaalse-teadmise-toomine-klassiruumi-becid-haridustreffil\/\" data-type=\"page\" data-id=\"3987\">Digitaalse teadmise toomine klassiruumi \u2013 BECID Haridustreffil<\/a><\/h3>\n<\/div>\n<\/div>\n<\/div>\n\n<div class=\"wp-block-group alignfull is-layout-constrained wp-container-core-group-is-layout-b1018d00 wp-block-group-is-layout-constrained\" style=\"margin-top:0px;margin-bottom:0px;padding-top:var(--wp--preset--spacing--80);padding-right:var(--wp--preset--spacing--40);padding-bottom:var(--wp--preset--spacing--80);padding-left:var(--wp--preset--spacing--40)\">\n<div class=\"wp-block-columns alignwide is-layout-flex wp-container-core-columns-is-layout-08c01c1c wp-block-columns-is-layout-flex\">\n<div class=\"wp-block-column is-layout-flow wp-container-core-column-is-layout-119bc444 wp-block-column-is-layout-flow\">\n<figure class=\"wp-block-image size-large\"><a href=\"https:\/\/becid.ut.ee\/experts-of-university-of-tartu-join-media-literacy-and-digital-age-debates-at-arvamusfestival\/\"><img loading=\"lazy\" decoding=\"async\" width=\"1024\" height=\"724\" src=\"https:\/\/becid.ut.ee\/wp-content\/uploads\/2025\/08\/Kuj.-Kuj.-EVENTS-canv-koopia-koopia-1024x724.png\" alt=\"\" class=\"wp-image-4077\" srcset=\"https:\/\/becid.ut.ee\/wp-content\/uploads\/2025\/08\/Kuj.-Kuj.-EVENTS-canv-koopia-koopia-1024x724.png 1024w, https:\/\/becid.ut.ee\/wp-content\/uploads\/2025\/08\/Kuj.-Kuj.-EVENTS-canv-koopia-koopia-300x212.png 300w, https:\/\/becid.ut.ee\/wp-content\/uploads\/2025\/08\/Kuj.-Kuj.-EVENTS-canv-koopia-koopia-768x543.png 768w, https:\/\/becid.ut.ee\/wp-content\/uploads\/2025\/08\/Kuj.-Kuj.-EVENTS-canv-koopia-koopia-1536x1086.png 1536w, https:\/\/becid.ut.ee\/wp-content\/uploads\/2025\/08\/Kuj.-Kuj.-EVENTS-canv-koopia-koopia-2048x1448.png 2048w\" sizes=\"auto, (max-width: 1024px) 100vw, 1024px\" \/><\/a><\/figure>\n\n\n\n<h3 class=\"wp-block-heading has-text-align-center\"><a href=\"https:\/\/becid.ut.ee\/experts-of-university-of-tartu-join-media-literacy-and-digital-age-debates-at-arvamusfestival\/\" data-type=\"page\" data-id=\"3909\">Tartu \u00dclikooli eksperdid osalesid Arvamusfestivalil meediap\u00e4devuse ja digiaja aruteludes<\/a><\/h3>\n<\/div>\n\n\n\n<div class=\"wp-block-column is-layout-flow wp-container-core-column-is-layout-119bc444 wp-block-column-is-layout-flow\">\n<figure class=\"wp-block-image size-large size-full\"><a href=\"https:\/\/becid.ut.ee\/et\/becid-toob-haridustreff-2025-uritusele-digikirjaoskuse-digipesa-paneeliga\/\"><img loading=\"lazy\" decoding=\"async\" width=\"1024\" height=\"724\" src=\"https:\/\/becid.ut.ee\/wp-content\/uploads\/2025\/08\/Kuj.-EVENTS-canv-koopia-1-1024x724.jpg\" alt=\"\" class=\"wp-image-3901\" srcset=\"https:\/\/becid.ut.ee\/wp-content\/uploads\/2025\/08\/Kuj.-EVENTS-canv-koopia-1-1024x724.jpg 1024w, https:\/\/becid.ut.ee\/wp-content\/uploads\/2025\/08\/Kuj.-EVENTS-canv-koopia-1-300x212.jpg 300w, https:\/\/becid.ut.ee\/wp-content\/uploads\/2025\/08\/Kuj.-EVENTS-canv-koopia-1-768x543.jpg 768w, https:\/\/becid.ut.ee\/wp-content\/uploads\/2025\/08\/Kuj.-EVENTS-canv-koopia-1-1536x1086.jpg 1536w, https:\/\/becid.ut.ee\/wp-content\/uploads\/2025\/08\/Kuj.-EVENTS-canv-koopia-1-2048x1448.jpg 2048w\" sizes=\"auto, (max-width: 1024px) 100vw, 1024px\" \/><\/a><\/figure>\n\n\n\n<h3 class=\"wp-block-heading has-text-align-center\"><a href=\"https:\/\/becid.ut.ee\/et\/becid-toob-haridustreff-2025-uritusele-digikirjaoskuse-digipesa-paneeliga\/\" data-type=\"page\" data-id=\"3883\">BECID toob Haridustreff 2025 \u00fcritusele digikirjaoskuse &#8220;Digipesa&#8221; paneeliga.<\/a><\/h3>\n<\/div>\n<\/div>\n<\/div>\n\n<div class=\"wp-block-group alignfull is-layout-constrained wp-container-core-group-is-layout-b1018d00 wp-block-group-is-layout-constrained\" style=\"margin-top:0px;margin-bottom:0px;padding-top:var(--wp--preset--spacing--80);padding-right:var(--wp--preset--spacing--40);padding-bottom:var(--wp--preset--spacing--80);padding-left:var(--wp--preset--spacing--40)\">\n<div class=\"wp-block-columns alignwide is-layout-flex wp-container-core-columns-is-layout-08c01c1c wp-block-columns-is-layout-flex\">\n<div class=\"wp-block-column is-layout-flow wp-container-core-column-is-layout-119bc444 wp-block-column-is-layout-flow\">\n<figure class=\"wp-block-image size-large size-full\"><a href=\"https:\/\/becid.ut.ee\/et\/our-experts-share-strategies-to-combat-misinformation-online\/\"><img loading=\"lazy\" decoding=\"async\" width=\"1024\" height=\"724\" src=\"https:\/\/becid.ut.ee\/wp-content\/uploads\/2025\/07\/EVENTS-canv-1-1-1024x724.jpg\" alt=\"\" class=\"wp-image-3437\" srcset=\"https:\/\/becid.ut.ee\/wp-content\/uploads\/2025\/07\/EVENTS-canv-1-1-1024x724.jpg 1024w, https:\/\/becid.ut.ee\/wp-content\/uploads\/2025\/07\/EVENTS-canv-1-1-300x212.jpg 300w, https:\/\/becid.ut.ee\/wp-content\/uploads\/2025\/07\/EVENTS-canv-1-1-768x543.jpg 768w, https:\/\/becid.ut.ee\/wp-content\/uploads\/2025\/07\/EVENTS-canv-1-1-1536x1086.jpg 1536w, https:\/\/becid.ut.ee\/wp-content\/uploads\/2025\/07\/EVENTS-canv-1-1-2048x1448.jpg 2048w\" sizes=\"auto, (max-width: 1024px) 100vw, 1024px\" \/><\/a><\/figure>\n\n\n\n<h3 class=\"wp-block-heading has-text-align-center\"><strong><strong><strong><a href=\"https:\/\/becid.ut.ee\/et\/becid-2-project-officially-kicks-off-on-july-1st\/\" data-type=\"page\" data-id=\"1430\"><mark style=\"background-color:rgba(0, 0, 0, 0);color:#ffffff\" class=\"has-inline-color\">Meie eksperdid jagavad strateegiaid, kuidas v\u00f5idelda v\u00e4\u00e4rinfo vastu internetis<\/mark><\/a><\/strong><\/strong><\/strong><\/h3>\n<\/div>\n\n\n\n<div class=\"wp-block-column is-layout-flow wp-container-core-column-is-layout-119bc444 wp-block-column-is-layout-flow\">\n<figure class=\"wp-block-image size-large size-full\"><a href=\"https:\/\/becid.ut.ee\/et\/becid-2-project-officially-kicks-off-on-july-1st\/\"><img loading=\"lazy\" decoding=\"async\" width=\"1024\" height=\"724\" src=\"https:\/\/becid.ut.ee\/wp-content\/uploads\/2025\/07\/EVENTS-canv-1-1024x724.jpg\" alt=\"\" class=\"wp-image-2503\" srcset=\"https:\/\/becid.ut.ee\/wp-content\/uploads\/2025\/07\/EVENTS-canv-1-1024x724.jpg 1024w, https:\/\/becid.ut.ee\/wp-content\/uploads\/2025\/07\/EVENTS-canv-1-300x212.jpg 300w, https:\/\/becid.ut.ee\/wp-content\/uploads\/2025\/07\/EVENTS-canv-1-768x543.jpg 768w, https:\/\/becid.ut.ee\/wp-content\/uploads\/2025\/07\/EVENTS-canv-1-1536x1086.jpg 1536w, https:\/\/becid.ut.ee\/wp-content\/uploads\/2025\/07\/EVENTS-canv-1-2048x1448.jpg 2048w\" sizes=\"auto, (max-width: 1024px) 100vw, 1024px\" \/><\/a><\/figure>\n\n\n\n<h3 class=\"wp-block-heading has-text-align-center\"><strong><strong><a href=\"https:\/\/becid.ut.ee\/et\/our-experts-share-strategies-to-combat-misinformation-online\/\" data-type=\"page\" data-id=\"3447\"><mark style=\"background-color:rgba(0, 0, 0, 0);color:#ffffff\" class=\"has-inline-color\">BECID 2 projekt algab ametlikult 1. juulil<\/mark><\/a><\/strong><\/strong><\/h3>\n<\/div>\n<\/div>\n<\/div>\n\n<div style=\"height:100px\" aria-hidden=\"true\" class=\"wp-block-spacer\"><\/div>\n\n<p class=\"has-text-align-center\"><a href=\"https:\/\/becid.ut.ee\/et\/news-becid-i\/\" data-type=\"page\" data-id=\"209\"><mark style=\"background-color:rgba(0, 0, 0, 0);color:#ffcd05\" class=\"has-inline-color\">Siin<\/mark> <\/a>leiate BECID 1 projektiga seotud uuendusi, s\u00fcndmusi ja uudiseid.<\/p>\n\n<p><\/p>\n","protected":false},"excerpt":{"rendered":"<p>Siit leiad BECID projektiga seotud viimased s\u00fcndmused ja uudised. Hoia end kursis meie k\u00e4imasolevate algatuste ja tulevaste tegevustega. Me jagame regulaarselt teadmisi, uurimistulemusi ja v\u00f5imalusi, kuidas projektis osaleda. BECIDi projektijuht [&hellip;]<\/p>\n","protected":false},"author":1,"featured_media":0,"parent":0,"menu_order":0,"comment_status":"closed","ping_status":"closed","template":"","meta":{"_price":"","_stock":"","_tribe_ticket_header":"","_tribe_default_ticket_provider":"","_tribe_ticket_capacity":"0","_ticket_start_date":"","_ticket_end_date":"","_tribe_ticket_show_description":"","_tribe_ticket_show_not_going":false,"_tribe_ticket_use_global_stock":"","_tribe_ticket_global_stock_level":"","_global_stock_mode":"","_global_stock_cap":"","_tribe_rsvp_for_event":"","_tribe_ticket_going_count":"","_tribe_ticket_not_going_count":"","_tribe_tickets_list":"[]","_tribe_ticket_has_attendee_info_fields":false,"_EventAllDay":false,"_EventTimezone":"","_EventStartDate":"","_EventEndDate":"","_EventStartDateUTC":"","_EventEndDateUTC":"","_EventShowMap":false,"_EventShowMapLink":false,"_EventURL":"","_EventCost":"","_EventCostDescription":"","_EventCurrencySymbol":"","_EventCurrencyCode":"","_EventCurrencyPosition":"","_EventDateTimeSeparator":"","_EventTimeRangeSeparator":"","_EventOrganizerID":[],"_EventVenueID":[],"_OrganizerEmail":"","_OrganizerPhone":"","_OrganizerWebsite":"","_VenueAddress":"","_VenueCity":"","_VenueCountry":"","_VenueProvince":"","_VenueState":"","_VenueZip":"","_VenuePhone":"","_VenueURL":"","_VenueStateProvince":"","_VenueLat":"","_VenueLng":"","_VenueShowMap":false,"_VenueShowMapLink":false,"_themeisle_gutenberg_block_has_review":false,"footnotes":"","_tec_slr_enabled":"","_tec_slr_layout":""},"class_list":["post-2796","page","type-page","status-publish","hentry"],"ticketed":false,"_links":{"self":[{"href":"https:\/\/becid.ut.ee\/et\/wp-json\/wp\/v2\/pages\/2796","targetHints":{"allow":["GET"]}}],"collection":[{"href":"https:\/\/becid.ut.ee\/et\/wp-json\/wp\/v2\/pages"}],"about":[{"href":"https:\/\/becid.ut.ee\/et\/wp-json\/wp\/v2\/types\/page"}],"author":[{"embeddable":true,"href":"https:\/\/becid.ut.ee\/et\/wp-json\/wp\/v2\/users\/1"}],"replies":[{"embeddable":true,"href":"https:\/\/becid.ut.ee\/et\/wp-json\/wp\/v2\/comments?post=2796"}],"version-history":[{"count":13,"href":"https:\/\/becid.ut.ee\/et\/wp-json\/wp\/v2\/pages\/2796\/revisions"}],"predecessor-version":[{"id":4832,"href":"https:\/\/becid.ut.ee\/et\/wp-json\/wp\/v2\/pages\/2796\/revisions\/4832"}],"wp:attachment":[{"href":"https:\/\/becid.ut.ee\/et\/wp-json\/wp\/v2\/media?parent=2796"}],"curies":[{"name":"wp","href":"https:\/\/api.w.org\/{rel}","templated":true}]}}