{"id":3564,"date":"2025-07-15T05:34:55","date_gmt":"2025-07-15T05:34:55","guid":{"rendered":"https:\/\/becid.ut.ee\/our-experts-share-strategies-to-combat-misinformation-online\/"},"modified":"2025-07-24T14:28:07","modified_gmt":"2025-07-24T14:28:07","slug":"our-experts-share-strategies-to-combat-misinformation-online","status":"publish","type":"page","link":"https:\/\/becid.ut.ee\/et\/our-experts-share-strategies-to-combat-misinformation-online\/","title":{"rendered":"Meie eksperdid jagavad strateegiaid, kuidas v\u00f5idelda v\u00e4\u00e4rinfo vastu internetis"},"content":{"rendered":"\n<div style=\"height:100px\" aria-hidden=\"true\" class=\"wp-block-spacer\"><\/div>\n\n<figure class=\"wp-block-image alignfull size-large\"><img loading=\"lazy\" decoding=\"async\" width=\"450\" height=\"149\" src=\"https:\/\/becid.ut.ee\/wp-content\/uploads\/2025\/07\/Kuj.-Kuj.-Kuj.-Welcome-to-BECID-koopia-koopia-koopia-1-83d568.svg\" alt=\"\" class=\"wp-image-3453\"\/><\/figure>\n\n<h3 class=\"wp-block-heading has-normal-font-size\"><mark style=\"background-color:rgba(0, 0, 0, 0);color:#ffcd05\" class=\"has-inline-color\">Meie eksperdid Inger Klesment ja Maia Klaassen arutavad Raadio 2-s teabe \u00fclekoormuse m\u00f5ju.<\/mark><\/h3>\n\n<p>Igal sekundil t\u00f6\u00f6tleb Google peaaegu 100 000 otsingup\u00e4ringut. See teeb kokku umbes 8,5 miljardit otsingut p\u00e4evas, mis on tohutu hulk teavet, millele on juurdep\u00e4\u00e4s \u00f6\u00f6p\u00e4evaringselt. BECID eksperdid <mark style=\"background-color:rgba(0, 0, 0, 0);color:#ffcd05\" class=\"has-inline-color\"><strong>Inger Klesment<\/strong> <\/mark>ja <strong><mark style=\"background-color:rgba(0, 0, 0, 0);color:#ffcd05\" class=\"has-inline-color\">Maia Klaassen<\/mark><\/strong> liitusid Raadio 2 aruteluga, et uurida, mida see meie m\u00f5tetele t\u00e4hendab &#8211; ja miks me peame infoh\u00e4iretesse t\u00f5siselt suhtuma.  <\/p>\n\n<p>Google&#8217;i otsingumootor k\u00e4ivitati 1998. aastal ja veidi \u00fcle 25 aasta on meie aju pidanud kohanema t\u00e4iesti uue reaalsusega: pideva digitaalse infovooga. Kuid rohkem teavet ei t\u00e4henda alati suuremat selgust. Tegelikult v\u00f5ib see p\u00f5hjustada segadust &#8211; ja isegi kahju.  <\/p>\n\n<p><strong>Maia Klaassen<\/strong>, Tartu \u00dclikooli meediap\u00e4devuse nooremteadur ja \u00fcks vastloodud <strong>Balti teabeh\u00e4irete sekkumiskeskuse<\/strong> eestvedajatest koos <strong>Inger Klesmentiga<\/strong>, kes keskendub keskuses meediap\u00e4devuse arendamisele, heidavad nad valgust t\u00e4nap\u00e4eva digitaalsel maastikul orienteerumise kasvavale v\u00e4ljakutsele.<\/p>\n\n<p>Nende vestlus oli osa eriprogrammist, mis loodi koost\u00f6\u00f6s <strong>Eesti Noorte Teaduste Akadeemiaga<\/strong>.<\/p>\n\n<p>Saate kuulata kogu episoodi eesti keeles <strong><a href=\"https:\/\/r2.err.ee\/1609741520\/puust-ja-punaseks-kliki-loe-eksle-elu-infoajastu-laburindis\" data-type=\"link\" data-id=\"https:\/\/r2.err.ee\/1609741520\/puust-ja-punaseks-kliki-loe-eksle-elu-infoajastu-laburindis\"><mark style=\"background-color:rgba(0, 0, 0, 0);color:#ffcd05\" class=\"has-inline-color\">siin<\/mark><\/a><\/strong>.<\/p>\n\n<p><\/p>\n","protected":false},"excerpt":{"rendered":"<p>Meie eksperdid Inger Klesment ja Maia Klaassen arutavad Raadio 2-s teabe \u00fclekoormuse m\u00f5ju. Igal sekundil t\u00f6\u00f6tleb Google peaaegu 100 000 otsingup\u00e4ringut. See teeb kokku umbes 8,5 miljardit otsingut p\u00e4evas, mis [&hellip;]<\/p>\n","protected":false},"author":1,"featured_media":0,"parent":0,"menu_order":0,"comment_status":"closed","ping_status":"closed","template":"","meta":{"_price":"","_stock":"","_tribe_ticket_header":"","_tribe_default_ticket_provider":"","_tribe_ticket_capacity":"0","_ticket_start_date":"","_ticket_end_date":"","_tribe_ticket_show_description":"","_tribe_ticket_show_not_going":false,"_tribe_ticket_use_global_stock":"","_tribe_ticket_global_stock_level":"","_global_stock_mode":"","_global_stock_cap":"","_tribe_rsvp_for_event":"","_tribe_ticket_going_count":"","_tribe_ticket_not_going_count":"","_tribe_tickets_list":"[]","_tribe_ticket_has_attendee_info_fields":false,"_EventAllDay":false,"_EventTimezone":"","_EventStartDate":"","_EventEndDate":"","_EventStartDateUTC":"","_EventEndDateUTC":"","_EventShowMap":false,"_EventShowMapLink":false,"_EventURL":"","_EventCost":"","_EventCostDescription":"","_EventCurrencySymbol":"","_EventCurrencyCode":"","_EventCurrencyPosition":"","_EventDateTimeSeparator":"","_EventTimeRangeSeparator":"","_EventOrganizerID":[],"_EventVenueID":[],"_OrganizerEmail":"","_OrganizerPhone":"","_OrganizerWebsite":"","_VenueAddress":"","_VenueCity":"","_VenueCountry":"","_VenueProvince":"","_VenueState":"","_VenueZip":"","_VenuePhone":"","_VenueURL":"","_VenueStateProvince":"","_VenueLat":"","_VenueLng":"","_VenueShowMap":false,"_VenueShowMapLink":false,"_themeisle_gutenberg_block_has_review":false,"footnotes":"","_tec_slr_enabled":"","_tec_slr_layout":""},"class_list":["post-3564","page","type-page","status-publish","hentry"],"ticketed":false,"_links":{"self":[{"href":"https:\/\/becid.ut.ee\/et\/wp-json\/wp\/v2\/pages\/3564","targetHints":{"allow":["GET"]}}],"collection":[{"href":"https:\/\/becid.ut.ee\/et\/wp-json\/wp\/v2\/pages"}],"about":[{"href":"https:\/\/becid.ut.ee\/et\/wp-json\/wp\/v2\/types\/page"}],"author":[{"embeddable":true,"href":"https:\/\/becid.ut.ee\/et\/wp-json\/wp\/v2\/users\/1"}],"replies":[{"embeddable":true,"href":"https:\/\/becid.ut.ee\/et\/wp-json\/wp\/v2\/comments?post=3564"}],"version-history":[{"count":2,"href":"https:\/\/becid.ut.ee\/et\/wp-json\/wp\/v2\/pages\/3564\/revisions"}],"predecessor-version":[{"id":3795,"href":"https:\/\/becid.ut.ee\/et\/wp-json\/wp\/v2\/pages\/3564\/revisions\/3795"}],"wp:attachment":[{"href":"https:\/\/becid.ut.ee\/et\/wp-json\/wp\/v2\/media?parent=3564"}],"curies":[{"name":"wp","href":"https:\/\/api.w.org\/{rel}","templated":true}]}}