{"id":4368,"date":"2025-08-18T18:36:47","date_gmt":"2025-08-18T18:36:47","guid":{"rendered":"https:\/\/becid.ut.ee\/digitaalse-teadmise-toomine-klassiruumi-becid-haridustreffil\/"},"modified":"2025-09-22T18:12:56","modified_gmt":"2025-09-22T18:12:56","slug":"digitaalse-teadmise-toomine-klassiruumi-becid-haridustreffil","status":"publish","type":"page","link":"https:\/\/becid.ut.ee\/et\/digitaalse-teadmise-toomine-klassiruumi-becid-haridustreffil\/","title":{"rendered":"Digitaalse teadmise toomine klassiruumi \u2013 BECID Haridustreffil"},"content":{"rendered":"\n<div style=\"height:100px\" aria-hidden=\"true\" class=\"wp-block-spacer\"><\/div>\n\n<figure class=\"wp-block-image alignfull size-large\"><img loading=\"lazy\" decoding=\"async\" width=\"450\" height=\"149\" src=\"https:\/\/becid.ut.ee\/wp-content\/uploads\/2025\/08\/Kuj.-Kuj.-Kuj.-Kuj.-Kuj.-Welcome-to-BECID-koopia-koopia-koopia-koopia-koopia-4deebd.svg\" alt=\"\" class=\"wp-image-4063\"\/><\/figure>\n\n<p>Eelmisel n\u00e4dalal, 14. augustil, oli meie BECID ekspertidel v\u00f5imalus osaleda Haridustreffil, et jagada ideid digioskuste \u00f5petamisest koolides. BECID ekspertidena oli meil r\u00f5\u00f5m panustada kolme praktilise t\u00f6\u00f6toaga, mis k\u00e4sitlesid digiturvalisust, meediap\u00e4devust ja tehisintellekti rolli hariduses. <\/p>\n\n<p><mark style=\"background-color:rgba(0, 0, 0, 0);color:#ffcd05\" class=\"has-inline-color\">Inger Klesment<\/mark> tutvustas meetodeid, mis aitavad k\u00f5ige noorematel \u00f5pilastel m\u00f5ista digiohutust. N\u00e4iteks n\u00e4itas ta, kuidas lapsed saavad interaktiivsete m\u00e4ngude kaudu \u00f5ppida looma tugevaid ja turvalisi paroole \u2013 muutes t\u00f5sise teema l\u00f5busaks ja meeldej\u00e4\u00e4vaks. K\u00f5ik l\u00e4henemised olid loodud t\u00e4ielikult <mark style=\"background-color:rgba(0, 0, 0, 0);color:#ffcd05\" class=\"has-inline-color\">ekraanivabadena<\/mark>, muutes need lihtsasti igap\u00e4evasesse klassiruumi praktikasse integreeritavaks. \u00d5petajad said ka kohe kasutamiseks valmis tegevuste kirjelduse ja materjalid, mida oma tundidesse otse kaasa v\u00f5tta.   <\/p>\n\n<figure class=\"wp-block-image size-large\"><img loading=\"lazy\" decoding=\"async\" width=\"1024\" height=\"683\" src=\"https:\/\/becid.ut.ee\/wp-content\/uploads\/2025\/08\/IMG_0121-1024x683.jpg\" alt=\"\" class=\"wp-image-3998\" srcset=\"https:\/\/becid.ut.ee\/wp-content\/uploads\/2025\/08\/IMG_0121-1024x683.jpg 1024w, https:\/\/becid.ut.ee\/wp-content\/uploads\/2025\/08\/IMG_0121-300x200.jpg 300w, https:\/\/becid.ut.ee\/wp-content\/uploads\/2025\/08\/IMG_0121-768x512.jpg 768w, https:\/\/becid.ut.ee\/wp-content\/uploads\/2025\/08\/IMG_0121-1536x1024.jpg 1536w, https:\/\/becid.ut.ee\/wp-content\/uploads\/2025\/08\/IMG_0121-2048x1365.jpg 2048w, https:\/\/becid.ut.ee\/wp-content\/uploads\/2025\/08\/IMG_0121-1200x800.jpg 1200w\" sizes=\"auto, (max-width: 1024px) 100vw, 1024px\" \/><\/figure>\n\n<figure class=\"wp-block-gallery has-nested-images columns-default is-cropped wp-block-gallery-1 is-layout-flex wp-block-gallery-is-layout-flex\">\n<figure class=\"wp-block-image size-large\"><img loading=\"lazy\" decoding=\"async\" width=\"1024\" height=\"683\" data-id=\"3988\" src=\"https:\/\/becid.ut.ee\/wp-content\/uploads\/2025\/08\/IMG_0124-1024x683.jpg\" alt=\"\" class=\"wp-image-3988\" srcset=\"https:\/\/becid.ut.ee\/wp-content\/uploads\/2025\/08\/IMG_0124-1024x683.jpg 1024w, https:\/\/becid.ut.ee\/wp-content\/uploads\/2025\/08\/IMG_0124-300x200.jpg 300w, https:\/\/becid.ut.ee\/wp-content\/uploads\/2025\/08\/IMG_0124-768x512.jpg 768w, https:\/\/becid.ut.ee\/wp-content\/uploads\/2025\/08\/IMG_0124-1536x1024.jpg 1536w, https:\/\/becid.ut.ee\/wp-content\/uploads\/2025\/08\/IMG_0124-2048x1365.jpg 2048w, https:\/\/becid.ut.ee\/wp-content\/uploads\/2025\/08\/IMG_0124-1200x800.jpg 1200w\" sizes=\"auto, (max-width: 1024px) 100vw, 1024px\" \/><\/figure>\n\n\n\n<figure class=\"wp-block-image size-large\"><img loading=\"lazy\" decoding=\"async\" width=\"1024\" height=\"683\" data-id=\"3993\" src=\"https:\/\/becid.ut.ee\/wp-content\/uploads\/2025\/08\/IMG_0130-1024x683.jpg\" alt=\"\" class=\"wp-image-3993\" srcset=\"https:\/\/becid.ut.ee\/wp-content\/uploads\/2025\/08\/IMG_0130-1024x683.jpg 1024w, https:\/\/becid.ut.ee\/wp-content\/uploads\/2025\/08\/IMG_0130-300x200.jpg 300w, https:\/\/becid.ut.ee\/wp-content\/uploads\/2025\/08\/IMG_0130-768x512.jpg 768w, https:\/\/becid.ut.ee\/wp-content\/uploads\/2025\/08\/IMG_0130-1536x1024.jpg 1536w, https:\/\/becid.ut.ee\/wp-content\/uploads\/2025\/08\/IMG_0130-2048x1365.jpg 2048w, https:\/\/becid.ut.ee\/wp-content\/uploads\/2025\/08\/IMG_0130-1200x800.jpg 1200w\" sizes=\"auto, (max-width: 1024px) 100vw, 1024px\" \/><\/figure>\n<\/figure>\n\n<p>Dotsent <mark style=\"background-color:rgba(0, 0, 0, 0);color:#ffcd05\" class=\"has-inline-color\">Maria Murumaa-Mengel<\/mark> juhtis praktilist sessiooni, kus osalejad uurisid, kuidas meediap\u00e4devust saab integreerida sellistesse ainetesse nagu keemia, eesti keel ja isegi kehaline kasvatus. T\u00f6\u00f6toas toodi esile lihtsaid viise, kuidas tugevdada \u00f5pilaste kriitilisi oskusi, lisades samal ajal tavatundidele v\u00e4\u00e4rtust. <\/p>\n\n<figure class=\"wp-block-image size-large\"><img loading=\"lazy\" decoding=\"async\" width=\"1024\" height=\"683\" src=\"https:\/\/becid.ut.ee\/wp-content\/uploads\/2025\/08\/IMG_0206-1024x683.jpg\" alt=\"\" class=\"wp-image-4018\" srcset=\"https:\/\/becid.ut.ee\/wp-content\/uploads\/2025\/08\/IMG_0206-1024x683.jpg 1024w, https:\/\/becid.ut.ee\/wp-content\/uploads\/2025\/08\/IMG_0206-300x200.jpg 300w, https:\/\/becid.ut.ee\/wp-content\/uploads\/2025\/08\/IMG_0206-768x512.jpg 768w, https:\/\/becid.ut.ee\/wp-content\/uploads\/2025\/08\/IMG_0206-1536x1024.jpg 1536w, https:\/\/becid.ut.ee\/wp-content\/uploads\/2025\/08\/IMG_0206-2048x1365.jpg 2048w, https:\/\/becid.ut.ee\/wp-content\/uploads\/2025\/08\/IMG_0206-1200x800.jpg 1200w\" sizes=\"auto, (max-width: 1024px) 100vw, 1024px\" \/><\/figure>\n\n<figure class=\"wp-block-gallery has-nested-images columns-default is-cropped wp-block-gallery-2 is-layout-flex wp-block-gallery-is-layout-flex\">\n<figure class=\"wp-block-image size-large\"><img loading=\"lazy\" decoding=\"async\" width=\"1024\" height=\"683\" data-id=\"4013\" src=\"https:\/\/becid.ut.ee\/wp-content\/uploads\/2025\/08\/IMG_0199-1024x683.jpg\" alt=\"\" class=\"wp-image-4013\" srcset=\"https:\/\/becid.ut.ee\/wp-content\/uploads\/2025\/08\/IMG_0199-1024x683.jpg 1024w, https:\/\/becid.ut.ee\/wp-content\/uploads\/2025\/08\/IMG_0199-300x200.jpg 300w, https:\/\/becid.ut.ee\/wp-content\/uploads\/2025\/08\/IMG_0199-768x512.jpg 768w, https:\/\/becid.ut.ee\/wp-content\/uploads\/2025\/08\/IMG_0199-1536x1024.jpg 1536w, https:\/\/becid.ut.ee\/wp-content\/uploads\/2025\/08\/IMG_0199-2048x1365.jpg 2048w, https:\/\/becid.ut.ee\/wp-content\/uploads\/2025\/08\/IMG_0199-1200x800.jpg 1200w\" sizes=\"auto, (max-width: 1024px) 100vw, 1024px\" \/><\/figure>\n\n\n\n<figure class=\"wp-block-image size-large\"><img loading=\"lazy\" decoding=\"async\" width=\"1024\" height=\"683\" data-id=\"4008\" src=\"https:\/\/becid.ut.ee\/wp-content\/uploads\/2025\/08\/IMG_0228-1024x683.jpg\" alt=\"\" class=\"wp-image-4008\" srcset=\"https:\/\/becid.ut.ee\/wp-content\/uploads\/2025\/08\/IMG_0228-1024x683.jpg 1024w, https:\/\/becid.ut.ee\/wp-content\/uploads\/2025\/08\/IMG_0228-300x200.jpg 300w, https:\/\/becid.ut.ee\/wp-content\/uploads\/2025\/08\/IMG_0228-768x512.jpg 768w, https:\/\/becid.ut.ee\/wp-content\/uploads\/2025\/08\/IMG_0228-1536x1024.jpg 1536w, https:\/\/becid.ut.ee\/wp-content\/uploads\/2025\/08\/IMG_0228-2048x1365.jpg 2048w, https:\/\/becid.ut.ee\/wp-content\/uploads\/2025\/08\/IMG_0228-1200x800.jpg 1200w\" sizes=\"auto, (max-width: 1024px) 100vw, 1024px\" \/><\/figure>\n\n\n\n<figure class=\"wp-block-image size-large\"><img loading=\"lazy\" decoding=\"async\" width=\"1024\" height=\"683\" data-id=\"4023\" src=\"https:\/\/becid.ut.ee\/wp-content\/uploads\/2025\/08\/IMG_0238-1024x683.jpg\" alt=\"\" class=\"wp-image-4023\" srcset=\"https:\/\/becid.ut.ee\/wp-content\/uploads\/2025\/08\/IMG_0238-1024x683.jpg 1024w, https:\/\/becid.ut.ee\/wp-content\/uploads\/2025\/08\/IMG_0238-300x200.jpg 300w, https:\/\/becid.ut.ee\/wp-content\/uploads\/2025\/08\/IMG_0238-768x512.jpg 768w, https:\/\/becid.ut.ee\/wp-content\/uploads\/2025\/08\/IMG_0238-1536x1024.jpg 1536w, https:\/\/becid.ut.ee\/wp-content\/uploads\/2025\/08\/IMG_0238-2048x1365.jpg 2048w, https:\/\/becid.ut.ee\/wp-content\/uploads\/2025\/08\/IMG_0238-1200x800.jpg 1200w\" sizes=\"auto, (max-width: 1024px) 100vw, 1024px\" \/><\/figure>\n\n\n\n<figure class=\"wp-block-image size-large\"><img loading=\"lazy\" decoding=\"async\" width=\"1024\" height=\"683\" data-id=\"4003\" src=\"https:\/\/becid.ut.ee\/wp-content\/uploads\/2025\/08\/IMG_0247-1024x683.jpg\" alt=\"\" class=\"wp-image-4003\" srcset=\"https:\/\/becid.ut.ee\/wp-content\/uploads\/2025\/08\/IMG_0247-1024x683.jpg 1024w, https:\/\/becid.ut.ee\/wp-content\/uploads\/2025\/08\/IMG_0247-300x200.jpg 300w, https:\/\/becid.ut.ee\/wp-content\/uploads\/2025\/08\/IMG_0247-768x512.jpg 768w, https:\/\/becid.ut.ee\/wp-content\/uploads\/2025\/08\/IMG_0247-1536x1024.jpg 1536w, https:\/\/becid.ut.ee\/wp-content\/uploads\/2025\/08\/IMG_0247-2048x1365.jpg 2048w, https:\/\/becid.ut.ee\/wp-content\/uploads\/2025\/08\/IMG_0247-1200x800.jpg 1200w\" sizes=\"auto, (max-width: 1024px) 100vw, 1024px\" \/><\/figure>\n<\/figure>\n\n<p>Kolmandas t\u00f6\u00f6toas avas<mark style=\"background-color:rgba(0, 0, 0, 0);color:#ffcd05\" class=\"has-inline-color\"> Inger Klesment <\/mark>tehisintellekti maailma, n\u00e4idates, kuidas sellised vahendid nagu ChatGPT ja Copilot t\u00f6\u00f6tavad, milliseid v\u00f5imalusi need koolidele loovad ning milliseid riske ja kohustusi need kaasa toovad. Sessioon andis \u00f5petajatele tasakaalustatud \u00fclevaate tehisintellekti eetilistest, \u00f5iguslikest ja praktilistest m\u00f5\u00f5tmetest hariduses.   <\/p>\n\n<figure class=\"wp-block-gallery has-nested-images columns-default is-cropped wp-block-gallery-3 is-layout-flex wp-block-gallery-is-layout-flex\">\n<figure class=\"wp-block-image size-large\"><img loading=\"lazy\" decoding=\"async\" width=\"1024\" height=\"683\" data-id=\"4048\" src=\"https:\/\/becid.ut.ee\/wp-content\/uploads\/2025\/08\/IMG_0290-1024x683.jpg\" alt=\"\" class=\"wp-image-4048\" srcset=\"https:\/\/becid.ut.ee\/wp-content\/uploads\/2025\/08\/IMG_0290-1024x683.jpg 1024w, https:\/\/becid.ut.ee\/wp-content\/uploads\/2025\/08\/IMG_0290-300x200.jpg 300w, https:\/\/becid.ut.ee\/wp-content\/uploads\/2025\/08\/IMG_0290-768x512.jpg 768w, https:\/\/becid.ut.ee\/wp-content\/uploads\/2025\/08\/IMG_0290-1536x1024.jpg 1536w, https:\/\/becid.ut.ee\/wp-content\/uploads\/2025\/08\/IMG_0290-2048x1365.jpg 2048w, https:\/\/becid.ut.ee\/wp-content\/uploads\/2025\/08\/IMG_0290-1200x800.jpg 1200w\" sizes=\"auto, (max-width: 1024px) 100vw, 1024px\" \/><\/figure>\n\n\n\n<figure class=\"wp-block-image size-large\"><img loading=\"lazy\" decoding=\"async\" width=\"1024\" height=\"683\" data-id=\"4033\" src=\"https:\/\/becid.ut.ee\/wp-content\/uploads\/2025\/08\/IMG_0294-1024x683.jpg\" alt=\"\" class=\"wp-image-4033\" srcset=\"https:\/\/becid.ut.ee\/wp-content\/uploads\/2025\/08\/IMG_0294-1024x683.jpg 1024w, https:\/\/becid.ut.ee\/wp-content\/uploads\/2025\/08\/IMG_0294-300x200.jpg 300w, https:\/\/becid.ut.ee\/wp-content\/uploads\/2025\/08\/IMG_0294-768x512.jpg 768w, https:\/\/becid.ut.ee\/wp-content\/uploads\/2025\/08\/IMG_0294-1536x1024.jpg 1536w, https:\/\/becid.ut.ee\/wp-content\/uploads\/2025\/08\/IMG_0294-2048x1365.jpg 2048w, https:\/\/becid.ut.ee\/wp-content\/uploads\/2025\/08\/IMG_0294-1200x800.jpg 1200w\" sizes=\"auto, (max-width: 1024px) 100vw, 1024px\" \/><\/figure>\n\n\n\n<figure class=\"wp-block-image size-large\"><img loading=\"lazy\" decoding=\"async\" width=\"1024\" height=\"683\" data-id=\"4043\" src=\"https:\/\/becid.ut.ee\/wp-content\/uploads\/2025\/08\/IMG_0317-1024x683.jpg\" alt=\"\" class=\"wp-image-4043\" srcset=\"https:\/\/becid.ut.ee\/wp-content\/uploads\/2025\/08\/IMG_0317-1024x683.jpg 1024w, https:\/\/becid.ut.ee\/wp-content\/uploads\/2025\/08\/IMG_0317-300x200.jpg 300w, https:\/\/becid.ut.ee\/wp-content\/uploads\/2025\/08\/IMG_0317-768x512.jpg 768w, https:\/\/becid.ut.ee\/wp-content\/uploads\/2025\/08\/IMG_0317-1536x1024.jpg 1536w, https:\/\/becid.ut.ee\/wp-content\/uploads\/2025\/08\/IMG_0317-2048x1365.jpg 2048w, https:\/\/becid.ut.ee\/wp-content\/uploads\/2025\/08\/IMG_0317-1200x800.jpg 1200w\" sizes=\"auto, (max-width: 1024px) 100vw, 1024px\" \/><\/figure>\n\n\n\n<figure class=\"wp-block-image size-large\"><img loading=\"lazy\" decoding=\"async\" width=\"1024\" height=\"683\" data-id=\"4028\" src=\"https:\/\/becid.ut.ee\/wp-content\/uploads\/2025\/08\/IMG_0324-1024x683.jpg\" alt=\"\" class=\"wp-image-4028\" srcset=\"https:\/\/becid.ut.ee\/wp-content\/uploads\/2025\/08\/IMG_0324-1024x683.jpg 1024w, https:\/\/becid.ut.ee\/wp-content\/uploads\/2025\/08\/IMG_0324-300x200.jpg 300w, https:\/\/becid.ut.ee\/wp-content\/uploads\/2025\/08\/IMG_0324-768x512.jpg 768w, https:\/\/becid.ut.ee\/wp-content\/uploads\/2025\/08\/IMG_0324-1536x1024.jpg 1536w, https:\/\/becid.ut.ee\/wp-content\/uploads\/2025\/08\/IMG_0324-2048x1365.jpg 2048w, https:\/\/becid.ut.ee\/wp-content\/uploads\/2025\/08\/IMG_0324-1200x800.jpg 1200w\" sizes=\"auto, (max-width: 1024px) 100vw, 1024px\" \/><\/figure>\n\n\n\n<figure class=\"wp-block-image size-large\"><img loading=\"lazy\" decoding=\"async\" width=\"1024\" height=\"683\" data-id=\"4038\" src=\"https:\/\/becid.ut.ee\/wp-content\/uploads\/2025\/08\/IMG_0339-1024x683.jpg\" alt=\"\" class=\"wp-image-4038\" srcset=\"https:\/\/becid.ut.ee\/wp-content\/uploads\/2025\/08\/IMG_0339-1024x683.jpg 1024w, https:\/\/becid.ut.ee\/wp-content\/uploads\/2025\/08\/IMG_0339-300x200.jpg 300w, https:\/\/becid.ut.ee\/wp-content\/uploads\/2025\/08\/IMG_0339-768x512.jpg 768w, https:\/\/becid.ut.ee\/wp-content\/uploads\/2025\/08\/IMG_0339-1536x1024.jpg 1536w, https:\/\/becid.ut.ee\/wp-content\/uploads\/2025\/08\/IMG_0339-2048x1365.jpg 2048w, https:\/\/becid.ut.ee\/wp-content\/uploads\/2025\/08\/IMG_0339-1200x800.jpg 1200w\" sizes=\"auto, (max-width: 1024px) 100vw, 1024px\" \/><\/figure>\n<\/figure>\n\n<p>BECIDi jaoks oli Haridustreffis osalemine suurep\u00e4rane v\u00f5imalus toetada \u00f5petajaid, pakkudes praktilisi teadmisi, kasutusvalmis ressursse ja juhiseid, et nad saaksid klassiruumis kindlalt liikuda digitaalajastul. Meie t\u00f6\u00f6tubade kaudu soovisime anda \u00f5petajatele meetodid ja vahendid, mida saab nende \u00f5petamisel otseselt rakendada, alates digitaalse turvalisuse ja meediap\u00e4devuse edendamisest kuni tehisintellekti rolli m\u00f5istmiseni \u00f5ppimises.   <\/p>\n\n<p>Oleme t\u00e4nulikud, et v\u00f5tsime osa Haridustreffist ja k\u00f5igile osalejatele nende kaasatuse ja l\u00e4bim\u00f5eldud arutelude eest, mis muutsid selle kogemuse nii inspireerivaks kui ka rahuldust pakkuvaks.<\/p>\n\n<figure class=\"wp-block-image size-large\"><img loading=\"lazy\" decoding=\"async\" width=\"1024\" height=\"683\" src=\"https:\/\/becid.ut.ee\/wp-content\/uploads\/2025\/08\/IMG_0376-1024x683.jpg\" alt=\"\" class=\"wp-image-4053\" srcset=\"https:\/\/becid.ut.ee\/wp-content\/uploads\/2025\/08\/IMG_0376-1024x683.jpg 1024w, https:\/\/becid.ut.ee\/wp-content\/uploads\/2025\/08\/IMG_0376-300x200.jpg 300w, https:\/\/becid.ut.ee\/wp-content\/uploads\/2025\/08\/IMG_0376-768x512.jpg 768w, https:\/\/becid.ut.ee\/wp-content\/uploads\/2025\/08\/IMG_0376-1536x1024.jpg 1536w, https:\/\/becid.ut.ee\/wp-content\/uploads\/2025\/08\/IMG_0376-2048x1365.jpg 2048w, https:\/\/becid.ut.ee\/wp-content\/uploads\/2025\/08\/IMG_0376-1200x800.jpg 1200w\" sizes=\"auto, (max-width: 1024px) 100vw, 1024px\" \/><\/figure>\n","protected":false},"excerpt":{"rendered":"<p>Eelmisel n\u00e4dalal, 14. augustil, oli meie BECID ekspertidel v\u00f5imalus osaleda Haridustreffil, et jagada ideid digioskuste \u00f5petamisest koolides. BECID ekspertidena oli meil r\u00f5\u00f5m panustada kolme praktilise t\u00f6\u00f6toaga, mis k\u00e4sitlesid digiturvalisust, meediap\u00e4devust [&hellip;]<\/p>\n","protected":false},"author":1,"featured_media":0,"parent":0,"menu_order":0,"comment_status":"closed","ping_status":"closed","template":"","meta":{"_price":"","_stock":"","_tribe_ticket_header":"","_tribe_default_ticket_provider":"","_tribe_ticket_capacity":"0","_ticket_start_date":"","_ticket_end_date":"","_tribe_ticket_show_description":"","_tribe_ticket_show_not_going":false,"_tribe_ticket_use_global_stock":"","_tribe_ticket_global_stock_level":"","_global_stock_mode":"","_global_stock_cap":"","_tribe_rsvp_for_event":"","_tribe_ticket_going_count":"","_tribe_ticket_not_going_count":"","_tribe_tickets_list":"[]","_tribe_ticket_has_attendee_info_fields":false,"_EventAllDay":false,"_EventTimezone":"","_EventStartDate":"","_EventEndDate":"","_EventStartDateUTC":"","_EventEndDateUTC":"","_EventShowMap":false,"_EventShowMapLink":false,"_EventURL":"","_EventCost":"","_EventCostDescription":"","_EventCurrencySymbol":"","_EventCurrencyCode":"","_EventCurrencyPosition":"","_EventDateTimeSeparator":"","_EventTimeRangeSeparator":"","_EventOrganizerID":[],"_EventVenueID":[],"_OrganizerEmail":"","_OrganizerPhone":"","_OrganizerWebsite":"","_VenueAddress":"","_VenueCity":"","_VenueCountry":"","_VenueProvince":"","_VenueState":"","_VenueZip":"","_VenuePhone":"","_VenueURL":"","_VenueStateProvince":"","_VenueLat":"","_VenueLng":"","_VenueShowMap":false,"_VenueShowMapLink":false,"_themeisle_gutenberg_block_has_review":false,"footnotes":"","_tec_slr_enabled":"","_tec_slr_layout":""},"class_list":["post-4368","page","type-page","status-publish","hentry"],"ticketed":false,"_links":{"self":[{"href":"https:\/\/becid.ut.ee\/et\/wp-json\/wp\/v2\/pages\/4368","targetHints":{"allow":["GET"]}}],"collection":[{"href":"https:\/\/becid.ut.ee\/et\/wp-json\/wp\/v2\/pages"}],"about":[{"href":"https:\/\/becid.ut.ee\/et\/wp-json\/wp\/v2\/types\/page"}],"author":[{"embeddable":true,"href":"https:\/\/becid.ut.ee\/et\/wp-json\/wp\/v2\/users\/1"}],"replies":[{"embeddable":true,"href":"https:\/\/becid.ut.ee\/et\/wp-json\/wp\/v2\/comments?post=4368"}],"version-history":[{"count":3,"href":"https:\/\/becid.ut.ee\/et\/wp-json\/wp\/v2\/pages\/4368\/revisions"}],"predecessor-version":[{"id":4506,"href":"https:\/\/becid.ut.ee\/et\/wp-json\/wp\/v2\/pages\/4368\/revisions\/4506"}],"wp:attachment":[{"href":"https:\/\/becid.ut.ee\/et\/wp-json\/wp\/v2\/media?parent=4368"}],"curies":[{"name":"wp","href":"https:\/\/api.w.org\/{rel}","templated":true}]}}