{"id":4372,"date":"2025-08-29T13:15:08","date_gmt":"2025-08-29T13:15:08","guid":{"rendered":"https:\/\/becid.ut.ee\/becid2-votmenaitajad\/"},"modified":"2025-09-22T17:25:45","modified_gmt":"2025-09-22T17:25:45","slug":"becid2-votmenaitajad","status":"publish","type":"page","link":"https:\/\/becid.ut.ee\/et\/becid2-votmenaitajad\/","title":{"rendered":"BECID2 v\u00f5tmen\u00e4itajad"},"content":{"rendered":"\n<div style=\"height:100px\" aria-hidden=\"true\" class=\"wp-block-spacer\"><\/div>\n\n<figure class=\"wp-block-image size-large\"><img loading=\"lazy\" decoding=\"async\" width=\"1024\" height=\"724\" src=\"https:\/\/becid.ut.ee\/wp-content\/uploads\/2025\/08\/KPI-thumbnail-1-1024x724.png\" alt=\"\" class=\"wp-image-4232\" srcset=\"https:\/\/becid.ut.ee\/wp-content\/uploads\/2025\/08\/KPI-thumbnail-1-1024x724.png 1024w, https:\/\/becid.ut.ee\/wp-content\/uploads\/2025\/08\/KPI-thumbnail-1-300x212.png 300w, https:\/\/becid.ut.ee\/wp-content\/uploads\/2025\/08\/KPI-thumbnail-1-768x543.png 768w, https:\/\/becid.ut.ee\/wp-content\/uploads\/2025\/08\/KPI-thumbnail-1-1536x1086.png 1536w, https:\/\/becid.ut.ee\/wp-content\/uploads\/2025\/08\/KPI-thumbnail-1-2048x1448.png 2048w\" sizes=\"auto, (max-width: 1024px) 100vw, 1024px\" \/><\/figure>\n\n<p><mark style=\"background-color:rgba(0, 0, 0, 0);color:#ffffff\" class=\"has-inline-color\">BECID2 on l\u00f5petanud<\/mark> oma <mark style=\"background-color:rgba(0, 0, 0, 0);color:#ffcd05\" class=\"has-inline-color\"><strong>v\u00f5tmetulemuse n\u00e4itajate (KPI-de) v\u00e4ljat\u00f6\u00f6tamise<\/strong><\/mark>, pakkudes selget raamistikku selle kohta, kuidas me projekti v\u00e4ltel m\u00f5\u00f5dame kommunikatsiooni, levitamist ja m\u00f5ju.<\/p>\n\n<p>KPI-d m\u00e4\u00e4ratlevad meie \u00fchised eesm\u00e4rgid haarde ja n\u00e4htavuse, sisu loomise, kaasatuse, sihtr\u00fchmadele avaldatava m\u00f5ju ning sisemise koordineerimise osas. Selle raamistikuga paigas saab konsortsium n\u00fc\u00fcd enesekindlalt liikuda projekti j\u00e4rgmisse etappi \u2014 keskendudes rakendamisele, seirele ja tulemuste demonstreerimisele. <\/p>\n\n<p>KPI-dokumendi l\u00f5puleviimine on BECID2 jaoks oluline samm, tagades, et meie tegevused on m\u00f5\u00f5detavad, vastavuses projekti eesm\u00e4rkidega ning l\u00e4bipaistvad partnerite, sidusr\u00fchmade ja laiema avalikkuse jaoks.<\/p>\n\n<p>Saate lugeda meie v\u00f5tmetulemuse n\u00e4itajate (KPI-de) dokumenti siit: <\/p>\n\n<div data-wp-interactive=\"core\/file\" class=\"wp-block-file\"><object data-wp-bind--hidden=\"!state.hasPdfPreview\" hidden class=\"wp-block-file__embed\" data=\"https:\/\/becid.ut.ee\/wp-content\/uploads\/2025\/08\/Kuj.-Quarterly-Brief-for-BECID-2-SUMMER-2025-koopia.pdf\" type=\"application\/pdf\" style=\"width:100%;height:600px\" aria-label=\"Lisa Kuj. Quarterly Brief for BECID 2 SUMMER 2025 koopia.\"><\/object><a id=\"wp-block-file--media-45e0b5a2-fd5a-4a73-bfca-a6738dbad39d\" href=\"https:\/\/becid.ut.ee\/wp-content\/uploads\/2025\/08\/Kuj.-Quarterly-Brief-for-BECID-2-SUMMER-2025-koopia.pdf\">Kuj. Quarterly Brief for BECID 2 SUMMER 2025 koopia <\/a><a href=\"https:\/\/becid.ut.ee\/wp-content\/uploads\/2025\/08\/Kuj.-Quarterly-Brief-for-BECID-2-SUMMER-2025-koopia.pdf\" class=\"wp-block-file__button wp-element-button\" download=\"\" aria-describedby=\"wp-block-file--media-45e0b5a2-fd5a-4a73-bfca-a6738dbad39d\">Lae alla<\/a><\/div>\n","protected":false},"excerpt":{"rendered":"<p>BECID2 on l\u00f5petanud oma v\u00f5tmetulemuse n\u00e4itajate (KPI-de) v\u00e4ljat\u00f6\u00f6tamise, pakkudes selget raamistikku selle kohta, kuidas me projekti v\u00e4ltel m\u00f5\u00f5dame kommunikatsiooni, levitamist ja m\u00f5ju. KPI-d m\u00e4\u00e4ratlevad meie \u00fchised eesm\u00e4rgid haarde ja n\u00e4htavuse, [&hellip;]<\/p>\n","protected":false},"author":1,"featured_media":0,"parent":0,"menu_order":0,"comment_status":"closed","ping_status":"closed","template":"","meta":{"_price":"","_stock":"","_tribe_ticket_header":"","_tribe_default_ticket_provider":"","_tribe_ticket_capacity":"0","_ticket_start_date":"","_ticket_end_date":"","_tribe_ticket_show_description":"","_tribe_ticket_show_not_going":false,"_tribe_ticket_use_global_stock":"","_tribe_ticket_global_stock_level":"","_global_stock_mode":"","_global_stock_cap":"","_tribe_rsvp_for_event":"","_tribe_ticket_going_count":"","_tribe_ticket_not_going_count":"","_tribe_tickets_list":"[]","_tribe_ticket_has_attendee_info_fields":false,"_EventAllDay":false,"_EventTimezone":"","_EventStartDate":"","_EventEndDate":"","_EventStartDateUTC":"","_EventEndDateUTC":"","_EventShowMap":false,"_EventShowMapLink":false,"_EventURL":"","_EventCost":"","_EventCostDescription":"","_EventCurrencySymbol":"","_EventCurrencyCode":"","_EventCurrencyPosition":"","_EventDateTimeSeparator":"","_EventTimeRangeSeparator":"","_EventOrganizerID":[],"_EventVenueID":[],"_OrganizerEmail":"","_OrganizerPhone":"","_OrganizerWebsite":"","_VenueAddress":"","_VenueCity":"","_VenueCountry":"","_VenueProvince":"","_VenueState":"","_VenueZip":"","_VenuePhone":"","_VenueURL":"","_VenueStateProvince":"","_VenueLat":"","_VenueLng":"","_VenueShowMap":false,"_VenueShowMapLink":false,"_themeisle_gutenberg_block_has_review":false,"footnotes":"","_tec_slr_enabled":"","_tec_slr_layout":""},"class_list":["post-4372","page","type-page","status-publish","hentry"],"ticketed":false,"_links":{"self":[{"href":"https:\/\/becid.ut.ee\/et\/wp-json\/wp\/v2\/pages\/4372","targetHints":{"allow":["GET"]}}],"collection":[{"href":"https:\/\/becid.ut.ee\/et\/wp-json\/wp\/v2\/pages"}],"about":[{"href":"https:\/\/becid.ut.ee\/et\/wp-json\/wp\/v2\/types\/page"}],"author":[{"embeddable":true,"href":"https:\/\/becid.ut.ee\/et\/wp-json\/wp\/v2\/users\/1"}],"replies":[{"embeddable":true,"href":"https:\/\/becid.ut.ee\/et\/wp-json\/wp\/v2\/comments?post=4372"}],"version-history":[{"count":3,"href":"https:\/\/becid.ut.ee\/et\/wp-json\/wp\/v2\/pages\/4372\/revisions"}],"predecessor-version":[{"id":4485,"href":"https:\/\/becid.ut.ee\/et\/wp-json\/wp\/v2\/pages\/4372\/revisions\/4485"}],"wp:attachment":[{"href":"https:\/\/becid.ut.ee\/et\/wp-json\/wp\/v2\/media?parent=4372"}],"curies":[{"name":"wp","href":"https:\/\/api.w.org\/{rel}","templated":true}]}}