{"id":4453,"date":"2025-09-18T18:16:24","date_gmt":"2025-09-18T18:16:24","guid":{"rendered":"https:\/\/becid.ut.ee\/balti-infohairete-sekkekeskus-becid\/"},"modified":"2025-12-08T09:26:15","modified_gmt":"2025-12-08T09:26:15","slug":"balti-infohairete-sekkekeskus-becid","status":"publish","type":"page","link":"https:\/\/becid.ut.ee\/et\/","title":{"rendered":"Balti Infoh\u00e4irete Sekkekeskus (BECID)"},"content":{"rendered":"\n<h2 class=\"wp-block-heading has-text-align-center has-huge-font-size\"><strong>Balti Infoh\u00e4irete Sekkekeskus<\/strong> (BECID)<\/h2>\n\n<div style=\"height:100px\" aria-hidden=\"true\" class=\"wp-block-spacer\"><\/div>\n\n<div class=\"wp-block-cover aligncenter\"><img loading=\"lazy\" decoding=\"async\" width=\"450\" height=\"149\" class=\"wp-block-cover__image-background wp-image-4424\" alt=\"\" src=\"https:\/\/becid.ut.ee\/wp-content\/uploads\/2025\/09\/Welcome-to-BECID-d065d8.svg\" data-object-fit=\"cover\"\/><span aria-hidden=\"true\" class=\"wp-block-cover__background has-background-dim\"><\/span><div class=\"wp-block-cover__inner-container is-layout-flow wp-block-cover-is-layout-flow\">\n<p class=\"has-text-align-right\" style=\"font-size:37px\"><strong>BECID<\/strong> on ekspertide v\u00f5rgustik, mis tegeleb<br\/>teabeh\u00e4iretega v\u00f5itlemise ja meediap\u00e4devuse<br\/>edendamisega Eestis, L\u00e4tis ja Leedus.<\/p>\n<\/div><\/div>\n<h2 class=\"wp-block-post-title\">Balti Infoh\u00e4irete Sekkekeskus (BECID)<\/h2>\n<p>Sest <strong>valeinformatsioon<\/strong> v\u00f5ib \u00fchiskonnas tekitada segadust, hirmu ja isegi kahju. BECID aitab inimestel internetis targalt ja turvaliselt tegutseda, \u00f5petades <strong>kontrollima enne uskumist<\/strong>. <\/p>\n\n<div class=\"wp-block-columns is-layout-flex wp-container-core-columns-is-layout-28f84493 wp-block-columns-is-layout-flex\">\n<div class=\"wp-block-column is-layout-flow wp-block-column-is-layout-flow\">\n<figure class=\"wp-block-image aligncenter size-large is-resized\"><a href=\"https:\/\/becid.ut.ee\/educational-materials\/\"><img loading=\"lazy\" decoding=\"async\" width=\"1024\" height=\"724\" src=\"https:\/\/becid.ut.ee\/wp-content\/uploads\/2025\/05\/Nimetu-kujundus-4-1024x724.png\" alt=\"\" class=\"wp-image-1044\" style=\"width:300px\" srcset=\"https:\/\/becid.ut.ee\/wp-content\/uploads\/2025\/05\/Nimetu-kujundus-4-1024x724.png 1024w, https:\/\/becid.ut.ee\/wp-content\/uploads\/2025\/05\/Nimetu-kujundus-4-300x212.png 300w, https:\/\/becid.ut.ee\/wp-content\/uploads\/2025\/05\/Nimetu-kujundus-4-768x543.png 768w, https:\/\/becid.ut.ee\/wp-content\/uploads\/2025\/05\/Nimetu-kujundus-4-1536x1086.png 1536w, https:\/\/becid.ut.ee\/wp-content\/uploads\/2025\/05\/Nimetu-kujundus-4-2048x1448.png 2048w\" sizes=\"auto, (max-width: 1024px) 100vw, 1024px\" \/><\/a><\/figure>\n\n\n\n<h2 class=\"wp-block-heading has-text-align-center\"><a href=\"https:\/\/becid.ut.ee\/et\/educational-materials-2\/\" data-type=\"page\" data-id=\"135\">\u00d5ppematerjalid<\/a><\/h2>\n\n\n\n<p class=\"has-text-align-center\">Juhendid ja t\u00f6\u00f6toad, mis aitavad inimestel v\u00f5ltsuudiseid m\u00e4rgata ning internetis kriitiliselt m\u00f5elda.<\/p>\n<\/div>\n\n\n\n<div class=\"wp-block-column is-layout-flow wp-block-column-is-layout-flow\">\n<figure class=\"wp-block-image aligncenter size-large is-resized\"><a href=\"https:\/\/becid.ut.ee\/briefs-reports\/\"><img loading=\"lazy\" decoding=\"async\" width=\"1024\" height=\"724\" src=\"https:\/\/becid.ut.ee\/wp-content\/uploads\/2025\/05\/Nimetu-kujundus-5-1024x724.png\" alt=\"\" class=\"wp-image-1049\" style=\"width:300px\" srcset=\"https:\/\/becid.ut.ee\/wp-content\/uploads\/2025\/05\/Nimetu-kujundus-5-1024x724.png 1024w, https:\/\/becid.ut.ee\/wp-content\/uploads\/2025\/05\/Nimetu-kujundus-5-300x212.png 300w, https:\/\/becid.ut.ee\/wp-content\/uploads\/2025\/05\/Nimetu-kujundus-5-768x543.png 768w, https:\/\/becid.ut.ee\/wp-content\/uploads\/2025\/05\/Nimetu-kujundus-5-1536x1086.png 1536w, https:\/\/becid.ut.ee\/wp-content\/uploads\/2025\/05\/Nimetu-kujundus-5-2048x1448.png 2048w\" sizes=\"auto, (max-width: 1024px) 100vw, 1024px\" \/><\/a><\/figure>\n\n\n\n<h2 class=\"wp-block-heading has-text-align-center\"><a href=\"https:\/\/becid.ut.ee\/et\/briefs-reports\/\" data-type=\"page\" data-id=\"139\">Briifid ja raportid<\/a><\/h2>\n\n\n\n<p class=\"has-text-align-center\">Juhendid ja t\u00f6\u00f6toad, mis aitavad inimestel v\u00f5ltsuudiseid tuvastada ja internetis kriitiliselt m\u00f5elda.<\/p>\n<\/div>\n<\/div>\n\n<div class=\"wp-block-columns is-layout-flex wp-container-core-columns-is-layout-28f84493 wp-block-columns-is-layout-flex\">\n<div class=\"wp-block-column is-layout-flow wp-block-column-is-layout-flow\">\n<figure class=\"wp-block-image aligncenter size-large is-resized\"><a href=\"https:\/\/becid.ut.ee\/events-news\/\"><img loading=\"lazy\" decoding=\"async\" width=\"1024\" height=\"724\" src=\"https:\/\/becid.ut.ee\/wp-content\/uploads\/2025\/05\/Nimetu-kujundus-8-1024x724.png\" alt=\"\" class=\"wp-image-1064\" style=\"width:300px\" srcset=\"https:\/\/becid.ut.ee\/wp-content\/uploads\/2025\/05\/Nimetu-kujundus-8-1024x724.png 1024w, https:\/\/becid.ut.ee\/wp-content\/uploads\/2025\/05\/Nimetu-kujundus-8-300x212.png 300w, https:\/\/becid.ut.ee\/wp-content\/uploads\/2025\/05\/Nimetu-kujundus-8-768x543.png 768w, https:\/\/becid.ut.ee\/wp-content\/uploads\/2025\/05\/Nimetu-kujundus-8-1536x1086.png 1536w, https:\/\/becid.ut.ee\/wp-content\/uploads\/2025\/05\/Nimetu-kujundus-8-2048x1448.png 2048w\" sizes=\"auto, (max-width: 1024px) 100vw, 1024px\" \/><\/a><\/figure>\n\n\n\n<h2 class=\"wp-block-heading has-text-align-center\"><a href=\"https:\/\/becid.ut.ee\/et\/events-news\/\" data-type=\"page\" data-id=\"125\">Uudised<\/a><\/h2>\n\n\n\n<p class=\"has-text-align-center\">Ole kursis BECID-i viimaste uudiste, s\u00fcndmuste ja koost\u00f6\u00f6v\u00f5imalustega.<\/p>\n<\/div>\n\n\n\n<div class=\"wp-block-column is-layout-flow wp-block-column-is-layout-flow\">\n<figure class=\"wp-block-image aligncenter size-large is-resized\"><a href=\"https:\/\/becid.ut.ee\/et\/fact-checks-edmo\/\"><img loading=\"lazy\" decoding=\"async\" width=\"1024\" height=\"724\" src=\"https:\/\/becid.ut.ee\/wp-content\/uploads\/2025\/05\/Nimetu-kujundus-6-1024x724.png\" alt=\"\" class=\"wp-image-1054\" style=\"width:300px\" srcset=\"https:\/\/becid.ut.ee\/wp-content\/uploads\/2025\/05\/Nimetu-kujundus-6-1024x724.png 1024w, https:\/\/becid.ut.ee\/wp-content\/uploads\/2025\/05\/Nimetu-kujundus-6-300x212.png 300w, https:\/\/becid.ut.ee\/wp-content\/uploads\/2025\/05\/Nimetu-kujundus-6-768x543.png 768w, https:\/\/becid.ut.ee\/wp-content\/uploads\/2025\/05\/Nimetu-kujundus-6-1536x1086.png 1536w, https:\/\/becid.ut.ee\/wp-content\/uploads\/2025\/05\/Nimetu-kujundus-6-2048x1448.png 2048w\" sizes=\"auto, (max-width: 1024px) 100vw, 1024px\" \/><\/a><\/figure>\n\n\n\n<h2 class=\"wp-block-heading has-text-align-center\"><a href=\"https:\/\/becid.ut.ee\/et\/fact-checks-edmo\/\" data-type=\"page\" data-id=\"4101\">Faktkontrollid ja EDMO<\/a><\/h2>\n\n\n\n<p class=\"has-text-align-center\">Faktikontrollid ja Euroopa Digitaalse Meedia Observatoorium m\u00fc\u00fctide ja valev\u00e4idete paljastamiseks.<\/p>\n<\/div>\n<\/div>\n\n<div class=\"wp-block-columns is-layout-flex wp-container-core-columns-is-layout-28f84493 wp-block-columns-is-layout-flex\">\n<div class=\"wp-block-column is-layout-flow wp-block-column-is-layout-flow\">\n<div class=\"wp-block-media-text is-stacked-on-mobile is-vertically-aligned-center\" style=\"grid-template-columns:20% auto\"><figure class=\"wp-block-media-text__media\"><a href=\"https:\/\/becid.ut.ee\/becid-propawheel-at-ahhaa-science-centre-in-tartu\/\"><img loading=\"lazy\" decoding=\"async\" width=\"724\" height=\"1024\" src=\"https:\/\/becid.ut.ee\/wp-content\/uploads\/2025\/12\/Kuj.-Proparatas-23.-oktoobriks-koopia-724x1024.png\" alt=\"\" class=\"wp-image-5253 size-full\" srcset=\"https:\/\/becid.ut.ee\/wp-content\/uploads\/2025\/12\/Kuj.-Proparatas-23.-oktoobriks-koopia-724x1024.png 724w, https:\/\/becid.ut.ee\/wp-content\/uploads\/2025\/12\/Kuj.-Proparatas-23.-oktoobriks-koopia-212x300.png 212w, https:\/\/becid.ut.ee\/wp-content\/uploads\/2025\/12\/Kuj.-Proparatas-23.-oktoobriks-koopia-768x1086.png 768w, https:\/\/becid.ut.ee\/wp-content\/uploads\/2025\/12\/Kuj.-Proparatas-23.-oktoobriks-koopia-1086x1536.png 1086w, https:\/\/becid.ut.ee\/wp-content\/uploads\/2025\/12\/Kuj.-Proparatas-23.-oktoobriks-koopia-1448x2048.png 1448w, https:\/\/becid.ut.ee\/wp-content\/uploads\/2025\/12\/Kuj.-Proparatas-23.-oktoobriks-koopia-scaled.png 1810w\" sizes=\"auto, (max-width: 724px) 100vw, 724px\" \/><\/a><\/figure><div class=\"wp-block-media-text__content\">\n<p class=\"has-medium-font-size\"><a href=\"https:\/\/becid.ut.ee\/et\/becidi-proparatas-tartu-teaduskeskuses-ahhaa\/\" data-type=\"page\" data-id=\"5241\"><strong><mark style=\"background-color:rgba(0, 0, 0, 0);color:#ffcd05\" class=\"has-inline-color\"><strong>BECIDi Proparatas Tartu Teaduskeskuses AHHAA<\/strong><\/mark><\/strong><\/a><\/p>\n<\/div><\/div>\n<\/div>\n<\/div>\n\n<div style=\"height:175px\" aria-hidden=\"true\" class=\"wp-block-spacer\"><\/div>\n\n<div class=\"wp-block-group alignfull has-raft-fg-alt-color has-white-background-color has-text-color has-background is-content-justification-center is-layout-constrained wp-container-core-group-is-layout-4e286b94 wp-block-group-is-layout-constrained\" style=\"margin-top:0px;margin-bottom:0px;padding-top:var(--wp--preset--spacing--60);padding-right:var(--wp--preset--spacing--40);padding-bottom:var(--wp--preset--spacing--60);padding-left:var(--wp--preset--spacing--40)\">\n<h2 class=\"wp-block-heading has-text-align-center has-text-color\" style=\"color:#1a1a3a\">Haldusn\u00f5ukogu<\/h2>\n\n\n\n<p class=\"has-text-align-center has-raft-accent-background-color has-background\" style=\"font-size:16px\"><mark style=\"background-color:rgba(0, 0, 0, 0);color:#ffffff\" class=\"has-inline-color\"><strong>BECID on j\u00e4tkuvalt valmis jagama oma teadmisi teabeh\u00e4irete kohta nii kiirete individuaalsete konsultatsioonide kui ka muude kohandatud n\u00f5ustamisvormide kaudu; huvilised osapooled on oodatud v\u00f5tma \u00fchendust projekti haldusmeeskonnaga, et selliseid vahetusi korraldada.<\/strong><\/mark><\/p>\n\n\n\n<div class=\"wp-block-columns is-layout-flex wp-container-core-columns-is-layout-28f84493 wp-block-columns-is-layout-flex\">\n<div class=\"wp-block-column is-layout-flow wp-block-column-is-layout-flow\">\n<figure class=\"wp-block-image size-large\"><img loading=\"lazy\" decoding=\"async\" width=\"1024\" height=\"724\" src=\"https:\/\/becid.ut.ee\/wp-content\/uploads\/2025\/05\/Nimetu-kujundus-1-1024x724.png\" alt=\"\" class=\"wp-image-2111\" srcset=\"https:\/\/becid.ut.ee\/wp-content\/uploads\/2025\/05\/Nimetu-kujundus-1-1024x724.png 1024w, https:\/\/becid.ut.ee\/wp-content\/uploads\/2025\/05\/Nimetu-kujundus-1-300x212.png 300w, https:\/\/becid.ut.ee\/wp-content\/uploads\/2025\/05\/Nimetu-kujundus-1-768x543.png 768w, https:\/\/becid.ut.ee\/wp-content\/uploads\/2025\/05\/Nimetu-kujundus-1-1536x1086.png 1536w, https:\/\/becid.ut.ee\/wp-content\/uploads\/2025\/05\/Nimetu-kujundus-1-2048x1448.png 2048w\" sizes=\"auto, (max-width: 1024px) 100vw, 1024px\" \/><\/figure>\n<\/div>\n\n\n\n<div class=\"wp-block-column is-layout-flow wp-block-column-is-layout-flow\">\n<figure class=\"wp-block-image size-large\"><img loading=\"lazy\" decoding=\"async\" width=\"1024\" height=\"724\" src=\"https:\/\/becid.ut.ee\/wp-content\/uploads\/2025\/05\/Nimetu-kujundus-1-1-1024x724.png\" alt=\"\" class=\"wp-image-2116\" srcset=\"https:\/\/becid.ut.ee\/wp-content\/uploads\/2025\/05\/Nimetu-kujundus-1-1-1024x724.png 1024w, https:\/\/becid.ut.ee\/wp-content\/uploads\/2025\/05\/Nimetu-kujundus-1-1-300x212.png 300w, https:\/\/becid.ut.ee\/wp-content\/uploads\/2025\/05\/Nimetu-kujundus-1-1-768x543.png 768w, https:\/\/becid.ut.ee\/wp-content\/uploads\/2025\/05\/Nimetu-kujundus-1-1-1536x1086.png 1536w, https:\/\/becid.ut.ee\/wp-content\/uploads\/2025\/05\/Nimetu-kujundus-1-1-2048x1448.png 2048w\" sizes=\"auto, (max-width: 1024px) 100vw, 1024px\" \/><\/figure>\n<\/div>\n\n\n\n<div class=\"wp-block-column is-layout-flow wp-block-column-is-layout-flow\">\n<figure class=\"wp-block-image size-large\"><img loading=\"lazy\" decoding=\"async\" width=\"1024\" height=\"724\" src=\"https:\/\/becid.ut.ee\/wp-content\/uploads\/2025\/05\/Nimetu-kujundus-2-1024x724.png\" alt=\"\" class=\"wp-image-2121\" srcset=\"https:\/\/becid.ut.ee\/wp-content\/uploads\/2025\/05\/Nimetu-kujundus-2-1024x724.png 1024w, https:\/\/becid.ut.ee\/wp-content\/uploads\/2025\/05\/Nimetu-kujundus-2-300x212.png 300w, https:\/\/becid.ut.ee\/wp-content\/uploads\/2025\/05\/Nimetu-kujundus-2-768x543.png 768w, https:\/\/becid.ut.ee\/wp-content\/uploads\/2025\/05\/Nimetu-kujundus-2-1536x1086.png 1536w, https:\/\/becid.ut.ee\/wp-content\/uploads\/2025\/05\/Nimetu-kujundus-2-2048x1448.png 2048w\" sizes=\"auto, (max-width: 1024px) 100vw, 1024px\" \/><\/figure>\n<\/div>\n<\/div>\n\n\n\n<div class=\"wp-block-columns is-layout-flex wp-container-core-columns-is-layout-28f84493 wp-block-columns-is-layout-flex\">\n<div class=\"wp-block-column is-layout-flow wp-block-column-is-layout-flow\">\n<p class=\"has-text-align-center has-text-color has-link-color has-small-font-size wp-elements-afb68669914c6b3c0c405a8932cbfe5b\" style=\"color:#1a1a3a\">Marju Himma<br\/><strong>Peauurija<\/strong><br\/><mark style=\"background-color:rgba(0, 0, 0, 0);color:#ffcd05\" class=\"has-inline-color\">marju.himma@ut.ee<\/mark><\/p>\n<\/div>\n\n\n\n<div class=\"wp-block-column is-layout-flow wp-block-column-is-layout-flow\">\n<p class=\"has-text-align-center has-text-color has-link-color has-small-font-size wp-elements-458bd95be42ee9428bb1a08aaf6705b8\" style=\"color:#1a1a3a\">Gretel Juhansoo<br\/><strong>Projektijuht<\/strong><br\/><mark style=\"background-color:rgba(0, 0, 0, 0);color:#ffcd05\" class=\"has-inline-color\">gretel.juhansoo@ut.ee<\/mark><\/p>\n<\/div>\n\n\n\n<div class=\"wp-block-column is-layout-flow wp-block-column-is-layout-flow\">\n<p class=\"has-text-align-center has-text-color has-link-color has-small-font-size wp-elements-1b219b1de8dd220d8ce70833737c2945\" style=\"color:#1a1a3a\">Annette Nordmann<br\/><strong>Kommunikatsioon<\/strong><br\/><mark style=\"background-color:rgba(0, 0, 0, 0);color:#ffcd05\" class=\"has-inline-color\">annette.nordmann@ut.ee<\/mark><\/p>\n<\/div>\n<\/div>\n\n\n<\/div>\n","protected":false},"excerpt":{"rendered":"<p>Balti Infoh\u00e4irete Sekkekeskus (BECID) Sest valeinformatsioon v\u00f5ib \u00fchiskonnas tekitada segadust, hirmu ja isegi kahju. BECID aitab inimestel internetis targalt ja turvaliselt tegutseda, \u00f5petades kontrollima enne uskumist. \u00d5ppematerjalid Juhendid ja t\u00f6\u00f6toad, [&hellip;]<\/p>\n","protected":false},"author":1,"featured_media":0,"parent":0,"menu_order":0,"comment_status":"closed","ping_status":"closed","template":"","meta":{"_price":"","_stock":"","_tribe_ticket_header":"","_tribe_default_ticket_provider":"","_tribe_ticket_capacity":"0","_ticket_start_date":"","_ticket_end_date":"","_tribe_ticket_show_description":"","_tribe_ticket_show_not_going":false,"_tribe_ticket_use_global_stock":"","_tribe_ticket_global_stock_level":"","_global_stock_mode":"","_global_stock_cap":"","_tribe_rsvp_for_event":"","_tribe_ticket_going_count":"","_tribe_ticket_not_going_count":"","_tribe_tickets_list":"[]","_tribe_ticket_has_attendee_info_fields":false,"_EventAllDay":false,"_EventTimezone":"","_EventStartDate":"","_EventEndDate":"","_EventStartDateUTC":"","_EventEndDateUTC":"","_EventShowMap":false,"_EventShowMapLink":false,"_EventURL":"","_EventCost":"","_EventCostDescription":"","_EventCurrencySymbol":"","_EventCurrencyCode":"","_EventCurrencyPosition":"","_EventDateTimeSeparator":"","_EventTimeRangeSeparator":"","_EventOrganizerID":[],"_EventVenueID":[],"_OrganizerEmail":"","_OrganizerPhone":"","_OrganizerWebsite":"","_VenueAddress":"","_VenueCity":"","_VenueCountry":"","_VenueProvince":"","_VenueState":"","_VenueZip":"","_VenuePhone":"","_VenueURL":"","_VenueStateProvince":"","_VenueLat":"","_VenueLng":"","_VenueShowMap":false,"_VenueShowMapLink":false,"_themeisle_gutenberg_block_has_review":false,"footnotes":"","_tec_slr_enabled":"","_tec_slr_layout":""},"class_list":["post-4453","page","type-page","status-publish","hentry"],"ticketed":false,"_links":{"self":[{"href":"https:\/\/becid.ut.ee\/et\/wp-json\/wp\/v2\/pages\/4453","targetHints":{"allow":["GET"]}}],"collection":[{"href":"https:\/\/becid.ut.ee\/et\/wp-json\/wp\/v2\/pages"}],"about":[{"href":"https:\/\/becid.ut.ee\/et\/wp-json\/wp\/v2\/types\/page"}],"author":[{"embeddable":true,"href":"https:\/\/becid.ut.ee\/et\/wp-json\/wp\/v2\/users\/1"}],"replies":[{"embeddable":true,"href":"https:\/\/becid.ut.ee\/et\/wp-json\/wp\/v2\/comments?post=4453"}],"version-history":[{"count":20,"href":"https:\/\/becid.ut.ee\/et\/wp-json\/wp\/v2\/pages\/4453\/revisions"}],"predecessor-version":[{"id":5270,"href":"https:\/\/becid.ut.ee\/et\/wp-json\/wp\/v2\/pages\/4453\/revisions\/5270"}],"wp:attachment":[{"href":"https:\/\/becid.ut.ee\/et\/wp-json\/wp\/v2\/media?parent=4453"}],"curies":[{"name":"wp","href":"https:\/\/api.w.org\/{rel}","templated":true}]}}