{"id":4471,"date":"2025-08-11T07:07:45","date_gmt":"2025-08-11T07:07:45","guid":{"rendered":"https:\/\/becid.ut.ee\/becid-toob-haridustreff-2025-uritusele-digikirjaoskuse-digipesa-paneeliga\/"},"modified":"2025-09-22T13:35:40","modified_gmt":"2025-09-22T13:35:40","slug":"becid-toob-haridustreff-2025-uritusele-digikirjaoskuse-digipesa-paneeliga","status":"publish","type":"page","link":"https:\/\/becid.ut.ee\/et\/becid-toob-haridustreff-2025-uritusele-digikirjaoskuse-digipesa-paneeliga\/","title":{"rendered":"BECID toob Haridustreff 2025 \u00fcritusele digikirjaoskuse &#8220;Digipesa&#8221; paneeliga."},"content":{"rendered":"\n<div style=\"height:100px\" aria-hidden=\"true\" class=\"wp-block-spacer\"><\/div>\n\n<figure class=\"wp-block-image alignfull size-large\"><img loading=\"lazy\" decoding=\"async\" width=\"450\" height=\"149\" src=\"https:\/\/becid.ut.ee\/wp-content\/uploads\/2025\/08\/Kuj.-Kuj.-Kuj.-Kuj.-Welcome-to-BECID-koopia-koopia-koopia-koopia-1-180683.svg\" alt=\"\" class=\"wp-image-3889\"\/><\/figure>\n\n<p>The Baltic Engagement Centre for Combating Information Disorders (BECID) is taking part at <strong>Haridustreff 2025<\/strong>, managing the <strong>Digipesa<\/strong> area at Paide Vallim\u00e4gi and delivering a dynamic program dedicated to empowering educators with digital literacy tools and strategies.<\/p>\n\n<p>Digipesas sukeldume m\u00f5ningatesse k\u00f5ige olulisematesse ja p\u00f5nevamatesse teemadesse t\u00e4nap\u00e4eva digimaailmas: kuidas \u00f5petada noori \u00f5ppijaid internetiohutuse teemadel l\u00f5busalt ja ilma ekraanideta; kuidas p\u00f5imida meediap\u00e4devust sujuvalt igap\u00e4evastesse \u00f5ppeainetesse alates keemiast kuni kehalise kasvatuseni; ning kuidas tehisintellekti t\u00f6\u00f6riistad nagu ChatGPT ja Copilot haridust \u00fcmber kujundavad \u2013 koos nende pakutavate v\u00f5imaluste, riskide ja eetiliste k\u00fcsimustega. Iga sessioon on loodud selleks, et s\u00fctitada ideid, vastata p\u00e4ris klassiruumis tekkivatele v\u00e4ljakutsetele ning anda sulle praktilisi strateegiaid, mida saad kasutada juba j\u00e4rgmisel p\u00e4eval. <\/p>\n\n<p class=\"has-medium-font-size\"><strong><mark style=\"background-color:rgba(0, 0, 0, 0);color:#ffcd05\" class=\"has-inline-color\">Meie programm<\/mark><\/strong><\/p>\n\n<p><mark style=\"background-color:rgba(0, 0, 0, 0);color:#ffcd05\" class=\"has-inline-color\">13:45\u201314:30 <\/mark>\u2013 \u201cDigiohutuse \u00f5petamine 1.\u20134. klassile m\u00e4nguliste meetodite kaudu\u201d<br\/>Otsid uusi ja p\u00f5nevaid viise, kuidas \u00f5petada k\u00f5ige noorematele \u00f5pilastele digiohutust t\u00e4iesti ekraanivabalt? <\/p>\n\n<p><strong><mark style=\"background-color:rgba(0, 0, 0, 0);color:#ffcd05\" class=\"has-inline-color\">Gretel Juhansoo<\/mark><\/strong>, Tartu \u00dclikooli Sotsiaalteaduste Instituudi meediap\u00e4devuse spetsialist, tutvustab kaheksat lihtsat ja m\u00e4ngulist meetodit, mida saad kohe oma klassiruumis kasutada. Samuti saad praktilised m\u00e4ngukirjeldused ja vajalikud materjalid, et rakendada \u00f5pitut juba j\u00e4rgmise kooliaasta jooksul. <\/p>\n\n<p><mark style=\"background-color:rgba(0, 0, 0, 0);color:#ffcd05\" class=\"has-inline-color\">14:45\u201315:30<\/mark> \u2013 \u201cMeediap\u00e4devuse integreerimine \u00f5ppeainete tundidesse 5.\u20139. klassile\u201d<br\/>Kuidas saab meediap\u00e4devust sisukalt integreerida \u00f5ppeainete tundidesse nii, et see mitte ainult ei lisa v\u00e4\u00e4rtust, vaid arendab ka \u00f5pilaste oskusi digiajastul? <\/p>\n\n<p>Tartu \u00dclikooli meediuuringute dotsent <strong><mark style=\"background-color:rgba(0, 0, 0, 0);color:#ffcd05\" class=\"has-inline-color\">Maria Murumaa-Mengel <\/mark><\/strong>kutsub sind t\u00f6\u00f6tuppa, kus saad uurida, kuidas meediap\u00e4devust saab rakendada keemia-, eesti keele ja kehalise kasvatuse tundides. Lahkudes on sul kaasas palju ideid ja tehnikaid, mida kohe praktikas kasutada. <\/p>\n\n<p><mark style=\"background-color:rgba(0, 0, 0, 0);color:#ffcd05\" class=\"has-inline-color\">14:45\u201315:30 <\/mark>\u2013 \u201cTehisintellekt \u2013 mida iga \u00f5petaja peaks teadma\u201d<br\/>Tehisintellekt on k\u00f5ikjal \u2013 aga kui palju me tegelikult m\u00f5istame, kuidas see t\u00f6\u00f6tab ja mida see koolide jaoks t\u00e4hendab?<\/p>\n\n<p>Tartu \u00dclikooli meediap\u00e4devuse spetsialist <strong><mark style=\"background-color:rgba(0, 0, 0, 0);color:#ffcd05\" class=\"has-inline-color\">Inger Klesment <\/mark><\/strong>selgitab selgelt ja praktiliselt, mis peitub selliste t\u00f6\u00f6riistade nagu ChatGPT ja Copilot taga. Sessioon k\u00e4sitleb ka riske, \u00f5iguslikke raamistikke, laste kaitset, eetilisi k\u00fcsimusi ning seda, kuidas tehisintellekt muudab \u00f5ppimist ja \u00f5petamist. <\/p>\n\n<p>T\u00f6\u00f6toa eesm\u00e4rk on pakkuda ausat, tasakaalustatud ja m\u00f5tlemapanevat \u00fclevaadet \u2013 et \u00f5petajad tunneksid end tehisintellekti maailmas pigem enesekindlate navigaatoritena kui passiivsete pealtvaatajatena.<\/p>\n","protected":false},"excerpt":{"rendered":"<p>The Baltic Engagement Centre for Combating Information Disorders (BECID) is taking part at Haridustreff 2025, managing the Digipesa area at Paide Vallim\u00e4gi and delivering a dynamic program dedicated to empowering [&hellip;]<\/p>\n","protected":false},"author":1,"featured_media":0,"parent":0,"menu_order":0,"comment_status":"closed","ping_status":"closed","template":"","meta":{"_price":"","_stock":"","_tribe_ticket_header":"","_tribe_default_ticket_provider":"","_tribe_ticket_capacity":"0","_ticket_start_date":"","_ticket_end_date":"","_tribe_ticket_show_description":"","_tribe_ticket_show_not_going":false,"_tribe_ticket_use_global_stock":"","_tribe_ticket_global_stock_level":"","_global_stock_mode":"","_global_stock_cap":"","_tribe_rsvp_for_event":"","_tribe_ticket_going_count":"","_tribe_ticket_not_going_count":"","_tribe_tickets_list":"[]","_tribe_ticket_has_attendee_info_fields":false,"_EventAllDay":false,"_EventTimezone":"","_EventStartDate":"","_EventEndDate":"","_EventStartDateUTC":"","_EventEndDateUTC":"","_EventShowMap":false,"_EventShowMapLink":false,"_EventURL":"","_EventCost":"","_EventCostDescription":"","_EventCurrencySymbol":"","_EventCurrencyCode":"","_EventCurrencyPosition":"","_EventDateTimeSeparator":"","_EventTimeRangeSeparator":"","_EventOrganizerID":[],"_EventVenueID":[],"_OrganizerEmail":"","_OrganizerPhone":"","_OrganizerWebsite":"","_VenueAddress":"","_VenueCity":"","_VenueCountry":"","_VenueProvince":"","_VenueState":"","_VenueZip":"","_VenuePhone":"","_VenueURL":"","_VenueStateProvince":"","_VenueLat":"","_VenueLng":"","_VenueShowMap":false,"_VenueShowMapLink":false,"_themeisle_gutenberg_block_has_review":false,"footnotes":"","_tec_slr_enabled":"","_tec_slr_layout":""},"class_list":["post-4471","page","type-page","status-publish","hentry"],"ticketed":false,"_links":{"self":[{"href":"https:\/\/becid.ut.ee\/et\/wp-json\/wp\/v2\/pages\/4471","targetHints":{"allow":["GET"]}}],"collection":[{"href":"https:\/\/becid.ut.ee\/et\/wp-json\/wp\/v2\/pages"}],"about":[{"href":"https:\/\/becid.ut.ee\/et\/wp-json\/wp\/v2\/types\/page"}],"author":[{"embeddable":true,"href":"https:\/\/becid.ut.ee\/et\/wp-json\/wp\/v2\/users\/1"}],"replies":[{"embeddable":true,"href":"https:\/\/becid.ut.ee\/et\/wp-json\/wp\/v2\/comments?post=4471"}],"version-history":[{"count":1,"href":"https:\/\/becid.ut.ee\/et\/wp-json\/wp\/v2\/pages\/4471\/revisions"}],"predecessor-version":[{"id":4472,"href":"https:\/\/becid.ut.ee\/et\/wp-json\/wp\/v2\/pages\/4471\/revisions\/4472"}],"wp:attachment":[{"href":"https:\/\/becid.ut.ee\/et\/wp-json\/wp\/v2\/media?parent=4471"}],"curies":[{"name":"wp","href":"https:\/\/api.w.org\/{rel}","templated":true}]}}