{"id":4482,"date":"2025-07-28T20:42:39","date_gmt":"2025-07-28T20:42:39","guid":{"rendered":"https:\/\/becid.ut.ee\/becid2-keelestrateegia-regulaarsete-faktikontrollitegevuste-labiviimiseks\/"},"modified":"2025-09-22T17:24:39","modified_gmt":"2025-09-22T17:24:39","slug":"becid2-keelestrateegia-regulaarsete-faktikontrollitegevuste-labiviimiseks","status":"publish","type":"page","link":"https:\/\/becid.ut.ee\/et\/becid2-keelestrateegia-regulaarsete-faktikontrollitegevuste-labiviimiseks\/","title":{"rendered":"BECID2 keelestrateegia regulaarsete faktikontrollitegevuste l\u00e4biviimiseks"},"content":{"rendered":"\n<div style=\"height:100px\" aria-hidden=\"true\" class=\"wp-block-spacer\"><\/div>\n\n<figure class=\"wp-block-image alignwide size-large\"><img loading=\"lazy\" decoding=\"async\" width=\"214\" height=\"144\" src=\"https:\/\/becid.ut.ee\/wp-content\/uploads\/2025\/07\/Heading-6a8123.svg\" alt=\"\" class=\"wp-image-3829\"\/><\/figure>\n\n<p>See regulaarsete faktikontrollitegevuste l\u00e4biviimise keelestrateegia (edaspidi \u2013 Keelestrateegia) m\u00e4\u00e4ratleb BECID2 faktikontrollitegevustes keelekasutuse, t\u00f5lkeprioriteedid ja levitust\u00f6\u00f6vood, tagades t\u00f5hususe, k\u00e4ttesaadavuse ja maksimaalse m\u00f5ju sihtr\u00fchmadele.<\/p>\n\n<p>BECID2 sisu luuakse ja avaldatakse l\u00e4ti, leedu, eesti, vene ja inglise keeles \u2013 nii originaalsisu kui ka t\u00f5lkena. Keelevalik s\u00f5ltub sihtr\u00fchma vajadustest ja sisu asjakohasusest: <\/p>\n\n<figure class=\"wp-block-table\"><table class=\"has-fixed-layout\"><tbody><tr><td><strong><mark style=\"background-color:rgba(0, 0, 0, 0);color:#ffcd05\" class=\"has-inline-color\">Keel<\/mark><\/strong><\/td><td><strong><mark style=\"background-color:rgba(0, 0, 0, 0);color:#ffcd05\" class=\"has-inline-color\">Avaldamise ja t\u00f5lke kasutus<\/mark><\/strong><\/td><\/tr><tr><td>Leedu keel, L\u00e4ti keel, Eesti keel<\/td><td>Faktikontrollid vale- ja desinformatsiooni teemadel, mis k\u00e4sitlevad kohalikku konteksti ega oma olulist piiri\u00fclest v\u00f5i v\u00e4hemusgruppidele suunatud t\u00e4htsust.<\/td><\/tr><tr><td>Vene keel<\/td><td>Sisu, mis on spetsiifiliselt seotud venekeelse sihtr\u00fchmaga. Kremliga seotud desinformatsioon v\u00f5i narratiivid, mis on suunatud Baltikumi venekeelsetele inimestele. V\u00f5imaluse korral luua originaalsed venekeelsed faktikontrollid, tagamaks kultuurilist ja kontekstuaalset asjakohasust.<\/td><\/tr><tr><td>Inglise keel<\/td><td>Valitud faktikontrollide ja aruannete jaoks, mis on seotud EDMO v\u00f5rgustiku, ELi tasandi sidusr\u00fchmade ja rahvusvaheliste partneritega.<br\/>Desinformatsioonikampaaniad, millel on piiri\u00fclese t\u00e4htsusega m\u00f5ju.<br\/>V\u00e4lisriikide sekkumine, millel on piiri\u00fclese t\u00e4htsuse v\u00f5i rahvusvaheliste sihtr\u00fchmade jaoks oluline m\u00f5ju.<br\/>Valimiste narratiivid ja platvormipoliitikad, mida j\u00e4lgitakse piiri\u00fclese m\u00f5ju v\u00f5i rahvusvaheliste sidusr\u00fchmade asjakohasuse t\u00f5ttu.<br\/>Tervise- ja teadusalane valeinformatsioon, mis on rahvusvahelise huvi objektiks.<\/td><\/tr><\/tbody><\/table><\/figure>\n\n<p>Faktikontrollide koguarv, mida iga partner plaanib panustada, jaotusena keelte kaupa:<\/p>\n\n<figure class=\"wp-block-table\"><table class=\"has-fixed-layout\"><tbody><tr><td><strong><mark style=\"background-color:rgba(0, 0, 0, 0);color:#ffcd05\" class=\"has-inline-color\">Partner<\/mark><\/strong><\/td><td><mark style=\"background-color:rgba(0, 0, 0, 0);color:#ffcd05\" class=\"has-inline-color\"><strong>Kohalikus keeles<\/strong> <strong>faktikontrollid<\/strong><\/mark><\/td><td><mark style=\"background-color:rgba(0, 0, 0, 0);color:#ffcd05\" class=\"has-inline-color\"><strong>Vene- ja ingliskeelsed <\/strong><strong>faktikontrollid<\/strong><\/mark><\/td><\/tr><tr><td><strong>Delfi UAB<\/strong><\/td><td>144<\/td><td>36<\/td><\/tr><tr><td><strong>Delfi Meedia AS<\/strong><\/td><td>144<\/td><td>36<\/td><\/tr><tr><td><strong>Re:Baltica <\/strong><\/td><td>144<\/td><td>36<\/td><\/tr><tr><td><strong>Kokku:<\/strong><\/td><td><strong>432<\/strong><\/td><td><strong>108<\/strong><\/td><\/tr><\/tbody><\/table><\/figure>\n\n<p>J\u00e4rgmine t\u00f6\u00f6voog kirjeldab, kuidas projekti elluviimise k\u00e4igus luuakse, t\u00f5lgitakse, avaldatakse ja j\u00e4lgitakse sisu erinevates keeltes:<\/p>\n\n<ul class=\"wp-block-list\">\n<li><mark style=\"background-color:rgba(0, 0, 0, 0);color:#ffcd05\" class=\"has-inline-color\">Sisu loomine:<\/mark> riiklikud faktikontrollimeeskonnad loovad faktikontrolle oma vastavates kohalikes keeltes.<\/li>\n\n\n\n<li><mark style=\"background-color:rgba(0, 0, 0, 0);color:#ffcd05\" class=\"has-inline-color\">Keeleotsus:<\/mark> iga partnermeeskond otsustab, millised faktikontrollid t\u00f5lkida ja kas toota need vene v\u00f5i inglise keeles, l\u00e4htudes \u00fclaltoodud kriteeriumidest.<\/li>\n\n\n\n<li><mark style=\"background-color:rgba(0, 0, 0, 0);color:#ffcd05\" class=\"has-inline-color\">T\u00f5lkeprotsess:<\/mark> mustandite loomiseks kasutatakse tehisintellekti abil toimivaid t\u00f5lkevahendeid (nt DeepL, ChatGPT). L\u00f5ppversiooni vaatab \u00fcle toimetaja, et tagada keeleline ja kontekstuaalne t\u00e4psus. <\/li>\n\n\n\n<li><mark style=\"background-color:rgba(0, 0, 0, 0);color:#ffcd05\" class=\"has-inline-color\">Avaldamine:<\/mark> kohaliku keele, vene ja inglise keeles faktikontrollid avaldatakse partnerite meediaplatvormidel, BECIDi veebilehel ja EDMO kanalites: <\/li>\n\n\n\n<li><mark style=\"background-color:rgba(0, 0, 0, 0);color:#ffcd05\" class=\"has-inline-color\">Partnerite meediaplatvormid:<\/mark> iga partner vastutab oma faktikontrollide avaldamise eest (nii kohalikus keeles kui ka vajaduse korral vene ja inglise keeles) oma vastavatel meediaplatvormidel.<\/li>\n\n\n\n<li><mark style=\"background-color:rgba(0, 0, 0, 0);color:#ffcd05\" class=\"has-inline-color\">BECIDi veebileht:<\/mark> faktikontrollid ilmuvad BECIDi veebilehele automaatselt RSS-voo integreerimise kaudu, l\u00e4htudes partnerite poolt m\u00e4\u00e4ratud siltidest. Selle protsessi tehnilise seadistuse ja hoolduse eest vastutab Tartu \u00dclikool. <\/li>\n\n\n\n<li><mark style=\"background-color:rgba(0, 0, 0, 0);color:#ffcd05\" class=\"has-inline-color\">EDMO kanalid:<\/mark> faktikontrollid BECIDi veebilehelt ilmuvad EDMO veebilehele automaatselt olemasolevate integratsioonide kaudu. Tartu \u00dclikool, kui BECIDi veebilehe omanik, vastutab selle protsessi eest. Kui on vaja lisainfot, mida ei saa automaatselt \u00fcle kanda, lepitakse protsess partneritega eraldi kokku.  <\/li>\n\n\n\n<li><mark style=\"background-color:rgba(0, 0, 0, 0);color:#ffcd05\" class=\"has-inline-color\">Aruandlus ja j\u00e4lgimine:<\/mark> k\u00f5ik tulemused registreeritakse faktikontrollide j\u00e4lgimislehel ja projektijuhtimiss\u00fcsteemis (nt Notion). Keeleline tasakaal vaadatakse \u00fcle iga kahe kuu tagant konsortsiumi koosolekutel. <\/li>\n<\/ul>\n\n<p>K\u00f5ik tulemused j\u00e4rgivad BECID2 visuaalset identiteeti ning levitatakse vastavalt konsortsiumi kommunikatsiooniplaanile. <\/p>\n","protected":false},"excerpt":{"rendered":"<p>See regulaarsete faktikontrollitegevuste l\u00e4biviimise keelestrateegia (edaspidi \u2013 Keelestrateegia) m\u00e4\u00e4ratleb BECID2 faktikontrollitegevustes keelekasutuse, t\u00f5lkeprioriteedid ja levitust\u00f6\u00f6vood, tagades t\u00f5hususe, k\u00e4ttesaadavuse ja maksimaalse m\u00f5ju sihtr\u00fchmadele. BECID2 sisu luuakse ja avaldatakse l\u00e4ti, leedu, eesti, [&hellip;]<\/p>\n","protected":false},"author":1,"featured_media":0,"parent":0,"menu_order":0,"comment_status":"closed","ping_status":"closed","template":"","meta":{"_price":"","_stock":"","_tribe_ticket_header":"","_tribe_default_ticket_provider":"","_tribe_ticket_capacity":"0","_ticket_start_date":"","_ticket_end_date":"","_tribe_ticket_show_description":"","_tribe_ticket_show_not_going":false,"_tribe_ticket_use_global_stock":"","_tribe_ticket_global_stock_level":"","_global_stock_mode":"","_global_stock_cap":"","_tribe_rsvp_for_event":"","_tribe_ticket_going_count":"","_tribe_ticket_not_going_count":"","_tribe_tickets_list":"[]","_tribe_ticket_has_attendee_info_fields":false,"_EventAllDay":false,"_EventTimezone":"","_EventStartDate":"","_EventEndDate":"","_EventStartDateUTC":"","_EventEndDateUTC":"","_EventShowMap":false,"_EventShowMapLink":false,"_EventURL":"","_EventCost":"","_EventCostDescription":"","_EventCurrencySymbol":"","_EventCurrencyCode":"","_EventCurrencyPosition":"","_EventDateTimeSeparator":"","_EventTimeRangeSeparator":"","_EventOrganizerID":[],"_EventVenueID":[],"_OrganizerEmail":"","_OrganizerPhone":"","_OrganizerWebsite":"","_VenueAddress":"","_VenueCity":"","_VenueCountry":"","_VenueProvince":"","_VenueState":"","_VenueZip":"","_VenuePhone":"","_VenueURL":"","_VenueStateProvince":"","_VenueLat":"","_VenueLng":"","_VenueShowMap":false,"_VenueShowMapLink":false,"_themeisle_gutenberg_block_has_review":false,"footnotes":"","_tec_slr_enabled":"","_tec_slr_layout":""},"class_list":["post-4482","page","type-page","status-publish","hentry"],"ticketed":false,"_links":{"self":[{"href":"https:\/\/becid.ut.ee\/et\/wp-json\/wp\/v2\/pages\/4482","targetHints":{"allow":["GET"]}}],"collection":[{"href":"https:\/\/becid.ut.ee\/et\/wp-json\/wp\/v2\/pages"}],"about":[{"href":"https:\/\/becid.ut.ee\/et\/wp-json\/wp\/v2\/types\/page"}],"author":[{"embeddable":true,"href":"https:\/\/becid.ut.ee\/et\/wp-json\/wp\/v2\/users\/1"}],"replies":[{"embeddable":true,"href":"https:\/\/becid.ut.ee\/et\/wp-json\/wp\/v2\/comments?post=4482"}],"version-history":[{"count":1,"href":"https:\/\/becid.ut.ee\/et\/wp-json\/wp\/v2\/pages\/4482\/revisions"}],"predecessor-version":[{"id":4483,"href":"https:\/\/becid.ut.ee\/et\/wp-json\/wp\/v2\/pages\/4482\/revisions\/4483"}],"wp:attachment":[{"href":"https:\/\/becid.ut.ee\/et\/wp-json\/wp\/v2\/media?parent=4482"}],"curies":[{"name":"wp","href":"https:\/\/api.w.org\/{rel}","templated":true}]}}