{"id":4632,"date":"2025-09-30T13:20:30","date_gmt":"2025-09-30T13:20:30","guid":{"rendered":"https:\/\/becid.ut.ee\/manipulatsioonivotete-loosiratas-ulikooli-raamatukogus\/"},"modified":"2025-10-02T19:33:39","modified_gmt":"2025-10-02T19:33:39","slug":"manipulatsioonivotete-loosiratas-ulikooli-raamatukogus","status":"publish","type":"page","link":"https:\/\/becid.ut.ee\/et\/manipulatsioonivotete-loosiratas-ulikooli-raamatukogus\/","title":{"rendered":"Manipulatsiooniv\u00f5tete loosiratas \u00dclikooli raamatukogus"},"content":{"rendered":"\n<div style=\"height:100px\" aria-hidden=\"true\" class=\"wp-block-spacer\"><\/div>\n\n<figure class=\"wp-block-image aligncenter size-large is-resized\"><img loading=\"lazy\" decoding=\"async\" width=\"1024\" height=\"724\" src=\"https:\/\/becid.ut.ee\/wp-content\/uploads\/2025\/09\/Kuj.-Kuj.-Kuj.-Kuj.-Kuj.-Kuj.-EVENTS-canv-koopia-koopia-koopia-koopia-koopia-koopia-1024x724.png\" alt=\"\" class=\"wp-image-4575\" style=\"width:669px;height:auto\" srcset=\"https:\/\/becid.ut.ee\/wp-content\/uploads\/2025\/09\/Kuj.-Kuj.-Kuj.-Kuj.-Kuj.-Kuj.-EVENTS-canv-koopia-koopia-koopia-koopia-koopia-koopia-1024x724.png 1024w, https:\/\/becid.ut.ee\/wp-content\/uploads\/2025\/09\/Kuj.-Kuj.-Kuj.-Kuj.-Kuj.-Kuj.-EVENTS-canv-koopia-koopia-koopia-koopia-koopia-koopia-300x212.png 300w, https:\/\/becid.ut.ee\/wp-content\/uploads\/2025\/09\/Kuj.-Kuj.-Kuj.-Kuj.-Kuj.-Kuj.-EVENTS-canv-koopia-koopia-koopia-koopia-koopia-koopia-768x543.png 768w, https:\/\/becid.ut.ee\/wp-content\/uploads\/2025\/09\/Kuj.-Kuj.-Kuj.-Kuj.-Kuj.-Kuj.-EVENTS-canv-koopia-koopia-koopia-koopia-koopia-koopia-1536x1086.png 1536w, https:\/\/becid.ut.ee\/wp-content\/uploads\/2025\/09\/Kuj.-Kuj.-Kuj.-Kuj.-Kuj.-Kuj.-EVENTS-canv-koopia-koopia-koopia-koopia-koopia-koopia-2048x1448.png 2048w\" sizes=\"auto, (max-width: 1024px) 100vw, 1024px\" \/><\/figure>\n\n<p><strong><mark style=\"background-color:rgba(0, 0, 0, 0);color:#ffcd05\" class=\"has-inline-color\">Alates 30. septembrist on Tartu \u00dclikooli raamatukogus avatud BECIDi loosiratta installatsioon, mis aitab sul valimiste ajal \u00e4ra tunda poliitilise manipulatsiooni v\u00f5tteid.<\/mark><\/strong><\/p>\n\n<p>Valimiskampaaniate ajal puutume peaaegu iga p\u00e4ev kokku s\u00f5numitega, mille eesm\u00e4rk ei ole aus arutelu meie \u00fchise tuleviku \u00fcle, vaid m\u00f5jutamine emotsioonide, hirmude v\u00f5i stereot\u00fc\u00fcpide kaudu.<\/p>\n\n<p><strong>Pane loosiratas keerlema ja v\u00f5ida selge m\u00f5tlemine!<\/strong><\/p>\n\n<h2 class=\"wp-block-heading\">Kuidas osaleda?<\/h2>\n\n<ol class=\"wp-block-list\">\n<li>Keeruta ratast ja t\u00f5mba \u00fcks manipulatsiooniv\u00f5te.<\/li>\n\n\n\n<li>M\u00f5tle, kus oled seda k\u00e4imasolevas valimiskampaanias m\u00e4rganud.<\/li>\n\n\n\n<li>Kui sa soovid:\n<ul class=\"wp-block-list\">\n<li><strong>Nimeta k\u00f5ige manipuleerivam poliitik<\/strong> \u2013 kirjuta \u00fcles selle poliitiku nimi, kes sinu arvates neid v\u00f5tteid k\u00f5ige rohkem kasutab, ja kirjelda, milliseid tehnikaid oled m\u00e4rganud.<\/li>\n\n\n\n<li>V\u00f5i aita teistel \u00f5ppida \u2013 postita sotsiaalmeediasse foto oma joonistatud tehnikast ja lisa n\u00e4ide, kuidas see avaldub k\u00e4imasolevates kohalike valimiste kampaaniates.<br\/>Kasuta hashtage: #manipolaator (akron\u00fc\u00fcm s\u00f5nadest manipulaator, polariseeriv ja poliitik) #<mark style=\"background-color:rgba(0, 0, 0, 0);color:#ffcd05\" class=\"has-inline-color\"><strong>valimised2025<\/strong><\/mark><\/li>\n<\/ul>\n<\/li>\n<\/ol>\n\n<p>P\u00e4rast kohaliku omavalitsuse valimisi avaldab BECID kogutud t\u00e4helepanekute kokkuv\u00f5tte lehel<br\/><mark style=\"background-color:rgba(0, 0, 0, 0);color:#ffcd05\" class=\"has-inline-color\"><a href=\"https:\/\/becid.ut.ee\/et\/\">becid.ut.ee<\/a><\/mark>.<\/p>\n\n<h2 class=\"wp-block-heading\">Astu ligi ja proovi ise!<\/h2>\n\n<p>Ratas on avatud <mark style=\"background-color:rgba(0, 0, 0, 0);color:#ffcd05\" class=\"has-inline-color\">\n  <strong>Tartu \u00dclikooli raamatukogu<\/strong>\n<\/mark> fuajees alates 30. septembrist. Tule keeruta, \u00f5pi \u00e4ra tundma manipulatsiooniv\u00f5tteid ja terita oma kriitilist m\u00f5tlemist! <\/p>\n","protected":false},"excerpt":{"rendered":"<p>Alates 30. septembrist on Tartu \u00dclikooli raamatukogus avatud BECIDi loosiratta installatsioon, mis aitab sul valimiste ajal \u00e4ra tunda poliitilise manipulatsiooni v\u00f5tteid. Valimiskampaaniate ajal puutume peaaegu iga p\u00e4ev kokku s\u00f5numitega, mille [&hellip;]<\/p>\n","protected":false},"author":1,"featured_media":0,"parent":0,"menu_order":0,"comment_status":"closed","ping_status":"closed","template":"","meta":{"_price":"","_stock":"","_tribe_ticket_header":"","_tribe_default_ticket_provider":"","_tribe_ticket_capacity":"0","_ticket_start_date":"","_ticket_end_date":"","_tribe_ticket_show_description":"","_tribe_ticket_show_not_going":false,"_tribe_ticket_use_global_stock":"","_tribe_ticket_global_stock_level":"","_global_stock_mode":"","_global_stock_cap":"","_tribe_rsvp_for_event":"","_tribe_ticket_going_count":"","_tribe_ticket_not_going_count":"","_tribe_tickets_list":"[]","_tribe_ticket_has_attendee_info_fields":false,"_EventAllDay":false,"_EventTimezone":"","_EventStartDate":"","_EventEndDate":"","_EventStartDateUTC":"","_EventEndDateUTC":"","_EventShowMap":false,"_EventShowMapLink":false,"_EventURL":"","_EventCost":"","_EventCostDescription":"","_EventCurrencySymbol":"","_EventCurrencyCode":"","_EventCurrencyPosition":"","_EventDateTimeSeparator":"","_EventTimeRangeSeparator":"","_EventOrganizerID":[],"_EventVenueID":[],"_OrganizerEmail":"","_OrganizerPhone":"","_OrganizerWebsite":"","_VenueAddress":"","_VenueCity":"","_VenueCountry":"","_VenueProvince":"","_VenueState":"","_VenueZip":"","_VenuePhone":"","_VenueURL":"","_VenueStateProvince":"","_VenueLat":"","_VenueLng":"","_VenueShowMap":false,"_VenueShowMapLink":false,"_themeisle_gutenberg_block_has_review":false,"footnotes":"","_tec_slr_enabled":"","_tec_slr_layout":""},"class_list":["post-4632","page","type-page","status-publish","hentry"],"ticketed":false,"_links":{"self":[{"href":"https:\/\/becid.ut.ee\/et\/wp-json\/wp\/v2\/pages\/4632","targetHints":{"allow":["GET"]}}],"collection":[{"href":"https:\/\/becid.ut.ee\/et\/wp-json\/wp\/v2\/pages"}],"about":[{"href":"https:\/\/becid.ut.ee\/et\/wp-json\/wp\/v2\/types\/page"}],"author":[{"embeddable":true,"href":"https:\/\/becid.ut.ee\/et\/wp-json\/wp\/v2\/users\/1"}],"replies":[{"embeddable":true,"href":"https:\/\/becid.ut.ee\/et\/wp-json\/wp\/v2\/comments?post=4632"}],"version-history":[{"count":2,"href":"https:\/\/becid.ut.ee\/et\/wp-json\/wp\/v2\/pages\/4632\/revisions"}],"predecessor-version":[{"id":4645,"href":"https:\/\/becid.ut.ee\/et\/wp-json\/wp\/v2\/pages\/4632\/revisions\/4645"}],"wp:attachment":[{"href":"https:\/\/becid.ut.ee\/et\/wp-json\/wp\/v2\/media?parent=4632"}],"curies":[{"name":"wp","href":"https:\/\/api.w.org\/{rel}","templated":true}]}}