{"id":4664,"date":"2025-10-08T12:31:42","date_gmt":"2025-10-08T12:31:42","guid":{"rendered":"https:\/\/becid.ut.ee\/?page_id=4664"},"modified":"2025-10-09T07:56:00","modified_gmt":"2025-10-09T07:56:00","slug":"becid-veebiseminarid-eesti-maluasutuste-tootajatele","status":"publish","type":"page","link":"https:\/\/becid.ut.ee\/et\/becid-veebiseminarid-eesti-maluasutuste-tootajatele\/","title":{"rendered":"BECID veebiseminarid Eesti m\u00e4luasutuste t\u00f6\u00f6tajatele"},"content":{"rendered":"\n<div style=\"height:100px\" aria-hidden=\"true\" class=\"wp-block-spacer\"><\/div>\n\n\n\n<figure class=\"wp-block-image aligncenter size-full\"><img loading=\"lazy\" decoding=\"async\" width=\"2560\" height=\"640\" src=\"https:\/\/becid.ut.ee\/wp-content\/uploads\/2025\/10\/Liitu-BECIDi-veebiseminaridega-Google-Form-3-scaled.png\" alt=\"\" class=\"wp-image-4679\" srcset=\"https:\/\/becid.ut.ee\/wp-content\/uploads\/2025\/10\/Liitu-BECIDi-veebiseminaridega-Google-Form-3-scaled.png 2560w, https:\/\/becid.ut.ee\/wp-content\/uploads\/2025\/10\/Liitu-BECIDi-veebiseminaridega-Google-Form-3-300x75.png 300w, https:\/\/becid.ut.ee\/wp-content\/uploads\/2025\/10\/Liitu-BECIDi-veebiseminaridega-Google-Form-3-1024x256.png 1024w, https:\/\/becid.ut.ee\/wp-content\/uploads\/2025\/10\/Liitu-BECIDi-veebiseminaridega-Google-Form-3-768x192.png 768w, https:\/\/becid.ut.ee\/wp-content\/uploads\/2025\/10\/Liitu-BECIDi-veebiseminaridega-Google-Form-3-1536x384.png 1536w, https:\/\/becid.ut.ee\/wp-content\/uploads\/2025\/10\/Liitu-BECIDi-veebiseminaridega-Google-Form-3-2048x512.png 2048w\" sizes=\"auto, (max-width: 2560px) 100vw, 2560px\" \/><\/figure>\n\n\n\n<p>BECID on k\u00e4ivitanud uue\u00a0<mark style=\"background-color:rgba(0, 0, 0, 0);color:#ffcd05\" class=\"has-inline-color\">Baltikumi-\u00fcleste veebiseminaride sarja<\/mark>, mis on suunatud m\u00e4luasutuste t\u00f6\u00f6tajatele \u2013 galeriidele, raamatukogudele, arhiividele ja muuseumitele (<em>GLAM<\/em>-sektor). <\/p>\n\n\n\n<p>Veebiseminarid toimuvad\u00a0<mark style=\"background-color:rgba(0, 0, 0, 0);color:#ffcd05\" class=\"has-inline-color\">iga kahe kuu tagant<\/mark>\u00a0ning loovad platvormi, kus valdkonna praktikud ja uurijad saavad jagada kogemusi, \u00f5ppida \u00fcksteiselt ning arutleda meediap\u00e4devuste, infoh\u00fcgieeni ja valeinfoga seotud teemadel.<\/p>\n\n\n\n<p>Seminaride eesm\u00e4rk on\u00a0<mark style=\"background-color:rgba(0, 0, 0, 0);color:#ffcd05\" class=\"has-inline-color\">\u00fchendada Balti riikide m\u00e4luasutusi<\/mark>\u00a0ja pakkuda neile v\u00f5rgustikku, kus arutada meediakirjaoskust toetavaid tegevusi, \u00f5ppematerjale ja koost\u00f6\u00f6vorme. Samuti aitab sari tugevdada sidet teadlaste, \u00f5petajate ja kultuurit\u00f6\u00f6tajate vahel.<\/p>\n\n\n\n<p>Iga veebiseminar keskendub kindlale teemale v\u00f5i riigile, tuues esile h\u00e4id n\u00e4iteid ning kohalikke kogemusi. Osalejate seas on nii GLAM-sektori t\u00f6\u00f6tajaid kui ka meediap\u00e4devuse eksperte Eestist, L\u00e4tist ja Leedust.<\/p>\n\n\n\n<p><mark style=\"background-color:rgba(0, 0, 0, 0);color:#ffcd05\" class=\"has-inline-color\">24. novembril 2025 kell 15-16<\/mark> \u2013 sissejuhatav veebiseminar, kus antakse \u00fclevaade BECIDi seminarisarja eesm\u00e4rkidest ja l\u00e4htekohast. Selles kohtumises juhatame sisse veebiseminaride teema ning r\u00e4\u00e4gime l\u00e4hemalt Tartu \u00dclikooli tudengite uurimist\u00f6\u00f6st.<\/p>\n\n\n\n<p>Sissejuhatavas seminaris puudutame p\u00f5gusalt esimesi t\u00e4helepanekuid sellest, kuidas m\u00e4luasutused meediap\u00e4devusi arendavad, millised on peamised teemad ja v\u00e4ljakutsed ning kuidas need leiavad s\u00fcvendatud k\u00e4sitlemist detsembrikuises j\u00e4tkuseminaris.<\/p>\n\n\n\n<p><mark style=\"background-color:rgba(0, 0, 0, 0);color:#ffcd05\" class=\"has-inline-color\">8. detsembril 2025 kell 14:15\u201316:00<\/mark> \u2013 esimene ametlik veebiseminar, Zoomi link saadetakse k\u00f5igile registreerunutele.<\/p>\n\n\n\n<p>Tartu \u00dclikooli tudengid jagavad oma t\u00e4helepanekuid intervjuudest, mille nad viisid l\u00e4bi m\u00e4luasutuste t\u00f6\u00f6tajatega \u00fcle Eesti. Nende uuringud toovad esile, milliseid tegevusi meediap\u00e4devuste arendamiseks juba tehakse, kes on peamised sihtr\u00fchmad, milliseid ressursse kasutatakse ning millest tuntakse puudust.<\/p>\n\n\n\n<p>Lisaks tutvustatakse Eesti m\u00e4luasutuste (GLAM) l\u00e4henemisi ja algatatakse uue koost\u00f6\u00f6v\u00f5rgustiku loomine Balti riikide vahel, et tugevdada teadmiste vahetust ja \u00fchiseid algatusi meediap\u00e4devuste arendamisel.<\/p>\n\n\n\n<p>Osalemine on <mark style=\"background-color:rgba(0, 0, 0, 0);color:#ffcd05\" class=\"has-inline-color\">tasuta ja avatud k\u00f5igile Eesti m\u00e4luasutuste t\u00f6\u00f6tajatele<\/mark>.<\/p>\n\n\n\n<p class=\"has-text-align-center has-raft-accent-background-color has-background has-medium-font-size\"><strong><a href=\"https:\/\/docs.google.com\/forms\/d\/e\/1FAIpQLSeD3CM0RGKQmHyg2JPtArmWBjWlNYpNKlbKEFw2nazBwA-t-w\/viewform?usp=header\" data-type=\"link\" data-id=\"https:\/\/docs.google.com\/forms\/d\/e\/1FAIpQLSdjUNK5BVjfOl7h_9tcUplTXocAEjIMTf2XAdweCMekKLiPgw\/viewform?usp=dialog\">Registreeru 24. novembri veebiseminarile siin.<\/a><\/strong><\/p>\n\n\n\n<p class=\"has-text-align-center has-raft-accent-background-color has-background has-medium-font-size\"><strong><a href=\"https:\/\/docs.google.com\/forms\/d\/e\/1FAIpQLSdjUNK5BVjfOl7h_9tcUplTXocAEjIMTf2XAdweCMekKLiPgw\/viewform?usp=dialog\" data-type=\"link\" data-id=\"https:\/\/docs.google.com\/forms\/d\/e\/1FAIpQLSdjUNK5BVjfOl7h_9tcUplTXocAEjIMTf2XAdweCMekKLiPgw\/viewform?usp=dialog\">Registreeru 8. detsembri veebiseminarile siin.<\/a><\/strong><\/p>\n\n\n\n<p class=\"has-text-align-left\">Ootame sind osalema!<\/p>\n","protected":false},"excerpt":{"rendered":"<p>BECID on k\u00e4ivitanud uue\u00a0Baltikumi-\u00fcleste veebiseminaride sarja, mis on suunatud m\u00e4luasutuste t\u00f6\u00f6tajatele \u2013 galeriidele, raamatukogudele, arhiividele ja muuseumitele (GLAM-sektor). Veebiseminarid toimuvad\u00a0iga kahe kuu tagant\u00a0ning loovad platvormi, kus valdkonna praktikud ja uurijad [&hellip;]<\/p>\n","protected":false},"author":1,"featured_media":0,"parent":0,"menu_order":0,"comment_status":"closed","ping_status":"closed","template":"","meta":{"_price":"","_stock":"","_tribe_ticket_header":"","_tribe_default_ticket_provider":"","_tribe_ticket_capacity":"0","_ticket_start_date":"","_ticket_end_date":"","_tribe_ticket_show_description":"","_tribe_ticket_show_not_going":false,"_tribe_ticket_use_global_stock":"","_tribe_ticket_global_stock_level":"","_global_stock_mode":"","_global_stock_cap":"","_tribe_rsvp_for_event":"","_tribe_ticket_going_count":"","_tribe_ticket_not_going_count":"","_tribe_tickets_list":"[]","_tribe_ticket_has_attendee_info_fields":false,"_EventAllDay":false,"_EventTimezone":"","_EventStartDate":"","_EventEndDate":"","_EventStartDateUTC":"","_EventEndDateUTC":"","_EventShowMap":false,"_EventShowMapLink":false,"_EventURL":"","_EventCost":"","_EventCostDescription":"","_EventCurrencySymbol":"","_EventCurrencyCode":"","_EventCurrencyPosition":"","_EventDateTimeSeparator":"","_EventTimeRangeSeparator":"","_EventOrganizerID":[],"_EventVenueID":[],"_OrganizerEmail":"","_OrganizerPhone":"","_OrganizerWebsite":"","_VenueAddress":"","_VenueCity":"","_VenueCountry":"","_VenueProvince":"","_VenueState":"","_VenueZip":"","_VenuePhone":"","_VenueURL":"","_VenueStateProvince":"","_VenueLat":"","_VenueLng":"","_VenueShowMap":false,"_VenueShowMapLink":false,"_themeisle_gutenberg_block_has_review":false,"footnotes":"","_tec_slr_enabled":"","_tec_slr_layout":""},"class_list":["post-4664","page","type-page","status-publish","hentry"],"ticketed":false,"_links":{"self":[{"href":"https:\/\/becid.ut.ee\/et\/wp-json\/wp\/v2\/pages\/4664","targetHints":{"allow":["GET"]}}],"collection":[{"href":"https:\/\/becid.ut.ee\/et\/wp-json\/wp\/v2\/pages"}],"about":[{"href":"https:\/\/becid.ut.ee\/et\/wp-json\/wp\/v2\/types\/page"}],"author":[{"embeddable":true,"href":"https:\/\/becid.ut.ee\/et\/wp-json\/wp\/v2\/users\/1"}],"replies":[{"embeddable":true,"href":"https:\/\/becid.ut.ee\/et\/wp-json\/wp\/v2\/comments?post=4664"}],"version-history":[{"count":6,"href":"https:\/\/becid.ut.ee\/et\/wp-json\/wp\/v2\/pages\/4664\/revisions"}],"predecessor-version":[{"id":4689,"href":"https:\/\/becid.ut.ee\/et\/wp-json\/wp\/v2\/pages\/4664\/revisions\/4689"}],"wp:attachment":[{"href":"https:\/\/becid.ut.ee\/et\/wp-json\/wp\/v2\/media?parent=4664"}],"curies":[{"name":"wp","href":"https:\/\/api.w.org\/{rel}","templated":true}]}}