{"id":4791,"date":"2025-10-13T09:29:32","date_gmt":"2025-10-13T09:29:32","guid":{"rendered":"https:\/\/becid.ut.ee\/miks-inimesed-kohklevad-vaktsineerimises\/"},"modified":"2025-10-13T11:38:49","modified_gmt":"2025-10-13T11:38:49","slug":"miks-inimesed-kohklevad-vaktsineerimises","status":"publish","type":"page","link":"https:\/\/becid.ut.ee\/et\/miks-inimesed-kohklevad-vaktsineerimises\/","title":{"rendered":"Miks inimesed k\u00f5hklevad vaktsineerimises?"},"content":{"rendered":"\n<div style=\"height:100px\" aria-hidden=\"true\" class=\"wp-block-spacer\"><\/div>\n\n<figure class=\"wp-block-image size-large\"><img loading=\"lazy\" decoding=\"async\" width=\"1024\" height=\"724\" src=\"https:\/\/becid.ut.ee\/wp-content\/uploads\/2025\/10\/Kuj.-Kuj.-Kuj.-Kuj.-Kuj.-Kuj.-Kuj.-Kuj.-EVENTS-canv-koopia-koopia-koopia-koopia-koopia-koopia-koopia-koopia-1024x724.png\" alt=\"\" class=\"wp-image-4783\" srcset=\"https:\/\/becid.ut.ee\/wp-content\/uploads\/2025\/10\/Kuj.-Kuj.-Kuj.-Kuj.-Kuj.-Kuj.-Kuj.-Kuj.-EVENTS-canv-koopia-koopia-koopia-koopia-koopia-koopia-koopia-koopia-1024x724.png 1024w, https:\/\/becid.ut.ee\/wp-content\/uploads\/2025\/10\/Kuj.-Kuj.-Kuj.-Kuj.-Kuj.-Kuj.-Kuj.-Kuj.-EVENTS-canv-koopia-koopia-koopia-koopia-koopia-koopia-koopia-koopia-300x212.png 300w, https:\/\/becid.ut.ee\/wp-content\/uploads\/2025\/10\/Kuj.-Kuj.-Kuj.-Kuj.-Kuj.-Kuj.-Kuj.-Kuj.-EVENTS-canv-koopia-koopia-koopia-koopia-koopia-koopia-koopia-koopia-768x543.png 768w, https:\/\/becid.ut.ee\/wp-content\/uploads\/2025\/10\/Kuj.-Kuj.-Kuj.-Kuj.-Kuj.-Kuj.-Kuj.-Kuj.-EVENTS-canv-koopia-koopia-koopia-koopia-koopia-koopia-koopia-koopia-1536x1086.png 1536w, https:\/\/becid.ut.ee\/wp-content\/uploads\/2025\/10\/Kuj.-Kuj.-Kuj.-Kuj.-Kuj.-Kuj.-Kuj.-Kuj.-EVENTS-canv-koopia-koopia-koopia-koopia-koopia-koopia-koopia-koopia-2048x1448.png 2048w\" sizes=\"auto, (max-width: 1024px) 100vw, 1024px\" \/><\/figure>\n\n<p>BECIDi v\u00e4rske uuring n\u00e4itab, et inimesteni j\u00f5udmiseks on vaja v\u00e4hem hukkam\u00f5istu ja rohkem kuulamist. Tarvis on pikaajalisi programme, mis toetavad tervisekirjaoskust ja usaldust arstide ning \u00fchiskonna vahel. <\/p>\n\n<p>Q-metoodika uuring 29 Eesti vaktsineerimisk\u00f5hkleja seas eristas kahte t\u00fc\u00fcpi arusaamu.<\/p>\n\n<p><mark style=\"background-color:rgba(0, 0, 0, 0);color:#ffcd05\" class=\"has-inline-color\">Esimene r\u00fchm<\/mark> peavoolumeditsiini mitteusaldavad vaktsiiniskeptikud olid veendunud vakstiinide kahjulikkuses. Nad ei usaldanud arste, eelistades alternatiivmeditsiini ning nende infotarbimine terviseteemadel oli seotud kindlate sotsiaalmeedia kanalitega. Nad on esesekindlad on teadlikkuses v\u00f5i \u00f5igemine \u201cteadmatud oma teadmatusest\u201d. Ise enam uuele infole avatud ei ole, kuid on valmis andma n\u00f5u teistele.   <\/p>\n\n<p><mark style=\"background-color:rgba(0, 0, 0, 0);color:#ffcd05\" class=\"has-inline-color\">Teine r\u00fchm<\/mark> peavoolumeditsiini usaldavad, kuid k\u00f5hklejad uskus arstidesse ja vaktsiinide t\u00f5hususse, kuid tundis puudust objektiivsest teabest ja kannatas polariseerunud avaliku arutelu t\u00f5ttu. Nende infotarbimise men\u00fc\u00fc terviseteemadel on lai, kuid mureks on hakkamasaamine infokorratusega. <\/p>\n\n<p>M\u00f5lemad r\u00fchmad hindasid isiklikku autonoomiat ja pidasid traditsioonilise meedia teemakajastusi \u00fchek\u00fclgseks. Oluliseks peeti personaalset n\u00f5ustamist ja mitmek\u00fclgset selgitust versus loosungid ja plakatid. <\/p>\n\n<p>Loe l\u00e4hemalt Kristina Seimanni, Andra Siibaku ja Marit Nappi artiklit Nature grupi teadusajakirjas <em>\n  <strong>\n    <mark style=\"background-color:rgba(0, 0, 0, 0);color:#ffcd05\" class=\"has-inline-color\">\n      <a href=\"https:\/\/www.nature.com\/articles\/s41599-025-05799-4\" data-type=\"link\" data-id=\"https:\/\/www.nature.com\/articles\/s41599-025-05799-4\">Humanities and Social Sciences Communications<\/a>\n    <\/mark>\n  <\/strong>\n<\/em>.<\/p>\n","protected":false},"excerpt":{"rendered":"<p>BECIDi v\u00e4rske uuring n\u00e4itab, et inimesteni j\u00f5udmiseks on vaja v\u00e4hem hukkam\u00f5istu ja rohkem kuulamist. Tarvis on pikaajalisi programme, mis toetavad tervisekirjaoskust ja usaldust arstide ning \u00fchiskonna vahel. Q-metoodika uuring 29 [&hellip;]<\/p>\n","protected":false},"author":1,"featured_media":0,"parent":0,"menu_order":0,"comment_status":"closed","ping_status":"closed","template":"","meta":{"_price":"","_stock":"","_tribe_ticket_header":"","_tribe_default_ticket_provider":"","_tribe_ticket_capacity":"0","_ticket_start_date":"","_ticket_end_date":"","_tribe_ticket_show_description":"","_tribe_ticket_show_not_going":false,"_tribe_ticket_use_global_stock":"","_tribe_ticket_global_stock_level":"","_global_stock_mode":"","_global_stock_cap":"","_tribe_rsvp_for_event":"","_tribe_ticket_going_count":"","_tribe_ticket_not_going_count":"","_tribe_tickets_list":"[]","_tribe_ticket_has_attendee_info_fields":false,"_EventAllDay":false,"_EventTimezone":"","_EventStartDate":"","_EventEndDate":"","_EventStartDateUTC":"","_EventEndDateUTC":"","_EventShowMap":false,"_EventShowMapLink":false,"_EventURL":"","_EventCost":"","_EventCostDescription":"","_EventCurrencySymbol":"","_EventCurrencyCode":"","_EventCurrencyPosition":"","_EventDateTimeSeparator":"","_EventTimeRangeSeparator":"","_EventOrganizerID":[],"_EventVenueID":[],"_OrganizerEmail":"","_OrganizerPhone":"","_OrganizerWebsite":"","_VenueAddress":"","_VenueCity":"","_VenueCountry":"","_VenueProvince":"","_VenueState":"","_VenueZip":"","_VenuePhone":"","_VenueURL":"","_VenueStateProvince":"","_VenueLat":"","_VenueLng":"","_VenueShowMap":false,"_VenueShowMapLink":false,"_themeisle_gutenberg_block_has_review":false,"footnotes":"","_tec_slr_enabled":"","_tec_slr_layout":""},"class_list":["post-4791","page","type-page","status-publish","hentry"],"ticketed":false,"_links":{"self":[{"href":"https:\/\/becid.ut.ee\/et\/wp-json\/wp\/v2\/pages\/4791","targetHints":{"allow":["GET"]}}],"collection":[{"href":"https:\/\/becid.ut.ee\/et\/wp-json\/wp\/v2\/pages"}],"about":[{"href":"https:\/\/becid.ut.ee\/et\/wp-json\/wp\/v2\/types\/page"}],"author":[{"embeddable":true,"href":"https:\/\/becid.ut.ee\/et\/wp-json\/wp\/v2\/users\/1"}],"replies":[{"embeddable":true,"href":"https:\/\/becid.ut.ee\/et\/wp-json\/wp\/v2\/comments?post=4791"}],"version-history":[{"count":1,"href":"https:\/\/becid.ut.ee\/et\/wp-json\/wp\/v2\/pages\/4791\/revisions"}],"predecessor-version":[{"id":4792,"href":"https:\/\/becid.ut.ee\/et\/wp-json\/wp\/v2\/pages\/4791\/revisions\/4792"}],"wp:attachment":[{"href":"https:\/\/becid.ut.ee\/et\/wp-json\/wp\/v2\/media?parent=4791"}],"curies":[{"name":"wp","href":"https:\/\/api.w.org\/{rel}","templated":true}]}}