{"id":4826,"date":"2025-10-21T18:09:11","date_gmt":"2025-10-21T18:09:11","guid":{"rendered":"https:\/\/becid.ut.ee\/becidi-projektijuht-raakis-peaasi-pearaadio-otseulekandes-sotsiaalmeediast-ja-vaimsest-heaolust\/"},"modified":"2025-10-28T06:53:13","modified_gmt":"2025-10-28T06:53:13","slug":"becidi-projektijuht-raakis-peaasi-pearaadio-otseulekandes-sotsiaalmeediast-ja-vaimsest-heaolust","status":"publish","type":"page","link":"https:\/\/becid.ut.ee\/et\/becidi-projektijuht-raakis-peaasi-pearaadio-otseulekandes-sotsiaalmeediast-ja-vaimsest-heaolust\/","title":{"rendered":"BECIDi projektijuht r\u00e4\u00e4kis Peaasi Pearaadio otse\u00fclekandes sotsiaalmeediast ja vaimsest heaolust"},"content":{"rendered":"\n<div style=\"height:100px\" aria-hidden=\"true\" class=\"wp-block-spacer\"><\/div>\n\n<figure class=\"wp-block-image size-large\"><img loading=\"lazy\" decoding=\"async\" width=\"1024\" height=\"768\" src=\"https:\/\/becid.ut.ee\/wp-content\/uploads\/2025\/10\/Pearaadio-01.10.2025_12-1024x768.jpeg\" alt=\"\" class=\"wp-image-4805\" srcset=\"https:\/\/becid.ut.ee\/wp-content\/uploads\/2025\/10\/Pearaadio-01.10.2025_12-1024x768.jpeg 1024w, https:\/\/becid.ut.ee\/wp-content\/uploads\/2025\/10\/Pearaadio-01.10.2025_12-300x225.jpeg 300w, https:\/\/becid.ut.ee\/wp-content\/uploads\/2025\/10\/Pearaadio-01.10.2025_12-768x576.jpeg 768w, https:\/\/becid.ut.ee\/wp-content\/uploads\/2025\/10\/Pearaadio-01.10.2025_12-1536x1152.jpeg 1536w, https:\/\/becid.ut.ee\/wp-content\/uploads\/2025\/10\/Pearaadio-01.10.2025_12-2048x1536.jpeg 2048w\" sizes=\"auto, (max-width: 1024px) 100vw, 1024px\" \/><\/figure>\n\n<p>Miks on telefoni nii lihtne k\u00e4tte v\u00f5tta, kuid nii raske see k\u00e4est panna? Mis teeb sotsiaalmeediast nii k\u00f6itva n\u00e4htuse ning kuidas see tegelikult m\u00f5jutab meie tundeid ja m\u00f5tlemist? <\/p>\n\n<p>1. oktoobril osales BECIDi projektijuht <strong>Gretel Juhansoo<\/strong> <mark style=\"background-color:rgba(0, 0, 0, 0);color:#ffcd05\" class=\"has-inline-color\"><strong>Peaasi \u201cPearaadio\u201d osa otse\u00fclekande salvestusel<\/strong><\/mark> Tallinna Apollo Plazas. Arutelul kohtusid kolm erineva taustaga osalejat, et r\u00e4\u00e4kida meie suhtest sotsiaalmeediaga. Koos <strong>Elina Masingu<\/strong> ja <mark style=\"background-color:rgba(0, 0, 0, 0);color:#ffcd05\" class=\"has-inline-color\"><strong>Minna Sillaga<\/strong><\/mark> jagasid nad avatud vestlust sotsiaalmeediast ja selle m\u00f5just meie vaimsele tervisele.  <\/p>\n\n<p>\u00dcheskoos arutleti, kuidas sotsiaalmeedia kujundab meie vaimset heaolu, t\u00e4helepanu ja igap\u00e4evaseid harjumusi ning kuidas luua tervislikum tasakaal oma digielus.<\/p>\n\n<p>Kuula osa \u201eT\u00e4helepanu, see on sotsiaalmeedia!\u201c:<br\/>\u25fd\ufe0f<strong> <a href=\"https:\/\/open.spotify.com\/episode\/4BPC6uK4NDuRknpwOHwnVi\">Spotify<\/a><\/strong><br\/>\u25fd\ufe0f <strong><mark style=\"background-color:rgba(0, 0, 0, 0);color:#ffcd05\" class=\"has-inline-color\"><a href=\"https:\/\/youtu.be\/Y0ej_kladz4?si=J2cG8qqzmm5O0IHk\">YouTube<\/a><\/mark><\/strong><br\/>\u25fd\ufe0f <strong><mark style=\"background-color:rgba(0, 0, 0, 0);color:#ffcd05\" class=\"has-inline-color\"><a href=\"https:\/\/esmaabi.peaasi.ee\/podcastid\/\">Peaasi.ee<\/a><\/mark><\/strong><\/p>\n\n<figure class=\"wp-block-image size-large\"><img loading=\"lazy\" decoding=\"async\" width=\"1024\" height=\"768\" src=\"https:\/\/becid.ut.ee\/wp-content\/uploads\/2025\/10\/Pearaadio-01.10.2025_10-1024x768.jpeg\" alt=\"\" class=\"wp-image-4809\" srcset=\"https:\/\/becid.ut.ee\/wp-content\/uploads\/2025\/10\/Pearaadio-01.10.2025_10-1024x768.jpeg 1024w, https:\/\/becid.ut.ee\/wp-content\/uploads\/2025\/10\/Pearaadio-01.10.2025_10-300x225.jpeg 300w, https:\/\/becid.ut.ee\/wp-content\/uploads\/2025\/10\/Pearaadio-01.10.2025_10-768x576.jpeg 768w, https:\/\/becid.ut.ee\/wp-content\/uploads\/2025\/10\/Pearaadio-01.10.2025_10-1536x1152.jpeg 1536w, https:\/\/becid.ut.ee\/wp-content\/uploads\/2025\/10\/Pearaadio-01.10.2025_10-2048x1536.jpeg 2048w\" sizes=\"auto, (max-width: 1024px) 100vw, 1024px\" \/><\/figure>\n\n<figure class=\"wp-block-image size-large\"><img loading=\"lazy\" decoding=\"async\" width=\"1024\" height=\"768\" src=\"https:\/\/becid.ut.ee\/wp-content\/uploads\/2025\/10\/Pearaadio-01.10.2025_18-1024x768.jpeg\" alt=\"\" class=\"wp-image-4813\" srcset=\"https:\/\/becid.ut.ee\/wp-content\/uploads\/2025\/10\/Pearaadio-01.10.2025_18-1024x768.jpeg 1024w, https:\/\/becid.ut.ee\/wp-content\/uploads\/2025\/10\/Pearaadio-01.10.2025_18-300x225.jpeg 300w, https:\/\/becid.ut.ee\/wp-content\/uploads\/2025\/10\/Pearaadio-01.10.2025_18-768x576.jpeg 768w, https:\/\/becid.ut.ee\/wp-content\/uploads\/2025\/10\/Pearaadio-01.10.2025_18-1536x1152.jpeg 1536w, https:\/\/becid.ut.ee\/wp-content\/uploads\/2025\/10\/Pearaadio-01.10.2025_18-2048x1536.jpeg 2048w\" sizes=\"auto, (max-width: 1024px) 100vw, 1024px\" \/><\/figure>\n\n<p><em>Fotod: Markus Zimbrot<\/em><\/p>\n","protected":false},"excerpt":{"rendered":"<p>Miks on telefoni nii lihtne k\u00e4tte v\u00f5tta, kuid nii raske see k\u00e4est panna? Mis teeb sotsiaalmeediast nii k\u00f6itva n\u00e4htuse ning kuidas see tegelikult m\u00f5jutab meie tundeid ja m\u00f5tlemist? 1. oktoobril [&hellip;]<\/p>\n","protected":false},"author":1,"featured_media":0,"parent":0,"menu_order":0,"comment_status":"closed","ping_status":"closed","template":"","meta":{"_price":"","_stock":"","_tribe_ticket_header":"","_tribe_default_ticket_provider":"","_tribe_ticket_capacity":"0","_ticket_start_date":"","_ticket_end_date":"","_tribe_ticket_show_description":"","_tribe_ticket_show_not_going":false,"_tribe_ticket_use_global_stock":"","_tribe_ticket_global_stock_level":"","_global_stock_mode":"","_global_stock_cap":"","_tribe_rsvp_for_event":"","_tribe_ticket_going_count":"","_tribe_ticket_not_going_count":"","_tribe_tickets_list":"[]","_tribe_ticket_has_attendee_info_fields":false,"_EventAllDay":false,"_EventTimezone":"","_EventStartDate":"","_EventEndDate":"","_EventStartDateUTC":"","_EventEndDateUTC":"","_EventShowMap":false,"_EventShowMapLink":false,"_EventURL":"","_EventCost":"","_EventCostDescription":"","_EventCurrencySymbol":"","_EventCurrencyCode":"","_EventCurrencyPosition":"","_EventDateTimeSeparator":"","_EventTimeRangeSeparator":"","_EventOrganizerID":[],"_EventVenueID":[],"_OrganizerEmail":"","_OrganizerPhone":"","_OrganizerWebsite":"","_VenueAddress":"","_VenueCity":"","_VenueCountry":"","_VenueProvince":"","_VenueState":"","_VenueZip":"","_VenuePhone":"","_VenueURL":"","_VenueStateProvince":"","_VenueLat":"","_VenueLng":"","_VenueShowMap":false,"_VenueShowMapLink":false,"_themeisle_gutenberg_block_has_review":false,"footnotes":"","_tec_slr_enabled":"","_tec_slr_layout":""},"class_list":["post-4826","page","type-page","status-publish","hentry"],"ticketed":false,"_links":{"self":[{"href":"https:\/\/becid.ut.ee\/et\/wp-json\/wp\/v2\/pages\/4826","targetHints":{"allow":["GET"]}}],"collection":[{"href":"https:\/\/becid.ut.ee\/et\/wp-json\/wp\/v2\/pages"}],"about":[{"href":"https:\/\/becid.ut.ee\/et\/wp-json\/wp\/v2\/types\/page"}],"author":[{"embeddable":true,"href":"https:\/\/becid.ut.ee\/et\/wp-json\/wp\/v2\/users\/1"}],"replies":[{"embeddable":true,"href":"https:\/\/becid.ut.ee\/et\/wp-json\/wp\/v2\/comments?post=4826"}],"version-history":[{"count":2,"href":"https:\/\/becid.ut.ee\/et\/wp-json\/wp\/v2\/pages\/4826\/revisions"}],"predecessor-version":[{"id":4900,"href":"https:\/\/becid.ut.ee\/et\/wp-json\/wp\/v2\/pages\/4826\/revisions\/4900"}],"wp:attachment":[{"href":"https:\/\/becid.ut.ee\/et\/wp-json\/wp\/v2\/media?parent=4826"}],"curies":[{"name":"wp","href":"https:\/\/api.w.org\/{rel}","templated":true}]}}