{"id":5834,"date":"2026-03-16T11:32:54","date_gmt":"2026-03-16T11:32:54","guid":{"rendered":"https:\/\/becid.ut.ee\/hot-report-koordineeritud-desinformatsioonikampaania-vaidab-et-leedu-ei-ole-iseseisev\/"},"modified":"2026-03-17T08:38:35","modified_gmt":"2026-03-17T08:38:35","slug":"hot-report-koordineeritud-desinformatsioonikampaania-vaidab-et-leedu-ei-ole-iseseisev","status":"publish","type":"page","link":"https:\/\/becid.ut.ee\/et\/hot-report-koordineeritud-desinformatsioonikampaania-vaidab-et-leedu-ei-ole-iseseisev\/","title":{"rendered":"HOT REPORT | Koordineeritud desinformatsioonikampaania v\u00e4idab, et Leedu \u201eei ole iseseisev\u201c"},"content":{"rendered":"\n<div style=\"height:100px\" aria-hidden=\"true\" class=\"wp-block-spacer\"><\/div>\n\n<figure class=\"wp-block-image size-large\"><img loading=\"lazy\" decoding=\"async\" width=\"1024\" height=\"724\" src=\"https:\/\/becid.ut.ee\/wp-content\/uploads\/2026\/03\/Kuj.-Kuj.-Kuj.-HOT-REPORT-NOVEMBER-2025-koopia-koopia-koopia-koopia-1-1024x724.png\" alt=\"\" class=\"wp-image-5823\" srcset=\"https:\/\/becid.ut.ee\/wp-content\/uploads\/2026\/03\/Kuj.-Kuj.-Kuj.-HOT-REPORT-NOVEMBER-2025-koopia-koopia-koopia-koopia-1-1024x724.png 1024w, https:\/\/becid.ut.ee\/wp-content\/uploads\/2026\/03\/Kuj.-Kuj.-Kuj.-HOT-REPORT-NOVEMBER-2025-koopia-koopia-koopia-koopia-1-300x212.png 300w, https:\/\/becid.ut.ee\/wp-content\/uploads\/2026\/03\/Kuj.-Kuj.-Kuj.-HOT-REPORT-NOVEMBER-2025-koopia-koopia-koopia-koopia-1-768x543.png 768w, https:\/\/becid.ut.ee\/wp-content\/uploads\/2026\/03\/Kuj.-Kuj.-Kuj.-HOT-REPORT-NOVEMBER-2025-koopia-koopia-koopia-koopia-1-1536x1086.png 1536w, https:\/\/becid.ut.ee\/wp-content\/uploads\/2026\/03\/Kuj.-Kuj.-Kuj.-HOT-REPORT-NOVEMBER-2025-koopia-koopia-koopia-koopia-1-2048x1448.png 2048w\" sizes=\"auto, (max-width: 1024px) 100vw, 1024px\" \/><\/figure>\n\n<p>2026. aasta jaanuari l\u00f5pus levis Facebookis koordineeritud desinformatsioonikampaania, mis v\u00e4itis, et Leedu ei ole tegelikult iseseisev riik. S\u00f5numites kasutati tegelike faktide eksitavaid t\u00f5lgendusi \u2013 n\u00e4iteks euro kasutuselev\u00f5ttu, koost\u00f6\u00f6d NATOga, r\u00e4ndepoliitikat ja piirivalvet \u2013, et j\u00e4tta mulje, nagu oleks riik v\u00e4liste j\u00f5udude kontrolli all. <\/p>\n\n<p>BECIDi m\u00e4rtsikuu Hot Report anal\u00fc\u00fcsib, kuidas need narratiivid levisid, miks need v\u00f5ivad inimestele veenvad tunduda ning milliseid riske need kujutavad avalikule usaldusele demokraatlike institutsioonide vastu. Samuti n\u00e4itab raport, kuidas koordineeritud tegevus sotsiaalmeedias ja moonutatud v\u00e4idete korduv levitamine v\u00f5ivad tekitada mulje laialdasest \u00fchiskondlikust rahulolematusest. <\/p>\n\n<p>See kampaania peegeldab laiemat m\u00f5jutustegevuse mustrit, mis on suunatud Balti riikide vastu ning nende liikmelisuse ja rolli vastu Euroopa Liidus ja NATOs.<\/p>\n\n<p>Raportist leiate:<\/p>\n\n<ul class=\"wp-block-list\">\n<li>desinformatsioonikampaania peamised tunnused;<\/li>\n\n\n\n<li>selgituse, miks selline narratiiv v\u00f5ib toimida;<\/li>\n\n\n\n<li>hinnangu selle v\u00f5imalikule m\u00f5jule;<\/li>\n\n\n\n<li>praktilised soovitused avalikkusele, \u00f5petajatele ja poliitikakujundajatele.<\/li>\n<\/ul>\n\n<p>Loe <strong>BECIDi m\u00e4rtsikuu Hot Report\u2019i,<\/strong> et m\u00f5ista, kuidas see narratiiv tekkis ning kuidas sarnaseid kampaaniaid \u00e4ra tunda ja neile vastu astuda. <\/p>\n\n<div data-wp-interactive=\"core\/file\" class=\"wp-block-file\"><object data-wp-bind--hidden=\"!state.hasPdfPreview\" hidden class=\"wp-block-file__embed\" data=\"https:\/\/becid.ut.ee\/wp-content\/uploads\/2026\/03\/HOT-REPORT-March.pdf\" type=\"application\/pdf\" style=\"width:100%;height:600px\" aria-label=\"Lisa HOT REPORT March.\"><\/object><a id=\"wp-block-file--media-628224f3-5222-4215-9f97-0638184a3e0b\" href=\"https:\/\/becid.ut.ee\/wp-content\/uploads\/2026\/03\/HOT-REPORT-March.pdf\">HOT REPORT March<\/a><a href=\"https:\/\/becid.ut.ee\/wp-content\/uploads\/2026\/03\/HOT-REPORT-March.pdf\" class=\"wp-block-file__button wp-element-button\" download=\"\" aria-describedby=\"wp-block-file--media-628224f3-5222-4215-9f97-0638184a3e0b\">Lae alla<\/a><\/div>\n","protected":false},"excerpt":{"rendered":"<p>2026. aasta jaanuari l\u00f5pus levis Facebookis koordineeritud desinformatsioonikampaania, mis v\u00e4itis, et Leedu ei ole tegelikult iseseisev riik. S\u00f5numites kasutati tegelike faktide eksitavaid t\u00f5lgendusi \u2013 n\u00e4iteks euro kasutuselev\u00f5ttu, koost\u00f6\u00f6d NATOga, r\u00e4ndepoliitikat [&hellip;]<\/p>\n","protected":false},"author":1,"featured_media":0,"parent":0,"menu_order":0,"comment_status":"closed","ping_status":"closed","template":"","meta":{"_price":"","_stock":"","_tribe_ticket_header":"","_tribe_default_ticket_provider":"","_tribe_ticket_capacity":"0","_ticket_start_date":"","_ticket_end_date":"","_tribe_ticket_show_description":"","_tribe_ticket_show_not_going":false,"_tribe_ticket_use_global_stock":"","_tribe_ticket_global_stock_level":"","_global_stock_mode":"","_global_stock_cap":"","_tribe_rsvp_for_event":"","_tribe_ticket_going_count":"","_tribe_ticket_not_going_count":"","_tribe_tickets_list":"[]","_tribe_ticket_has_attendee_info_fields":false,"_EventAllDay":false,"_EventTimezone":"","_EventStartDate":"","_EventEndDate":"","_EventStartDateUTC":"","_EventEndDateUTC":"","_EventShowMap":false,"_EventShowMapLink":false,"_EventURL":"","_EventCost":"","_EventCostDescription":"","_EventCurrencySymbol":"","_EventCurrencyCode":"","_EventCurrencyPosition":"","_EventDateTimeSeparator":"","_EventTimeRangeSeparator":"","_EventOrganizerID":[],"_EventVenueID":[],"_OrganizerEmail":"","_OrganizerPhone":"","_OrganizerWebsite":"","_VenueAddress":"","_VenueCity":"","_VenueCountry":"","_VenueProvince":"","_VenueState":"","_VenueZip":"","_VenuePhone":"","_VenueURL":"","_VenueStateProvince":"","_VenueLat":"","_VenueLng":"","_VenueShowMap":false,"_VenueShowMapLink":false,"_themeisle_gutenberg_block_has_review":false,"footnotes":"","_tec_slr_enabled":"","_tec_slr_layout":""},"class_list":["post-5834","page","type-page","status-publish","hentry"],"ticketed":false,"_links":{"self":[{"href":"https:\/\/becid.ut.ee\/et\/wp-json\/wp\/v2\/pages\/5834","targetHints":{"allow":["GET"]}}],"collection":[{"href":"https:\/\/becid.ut.ee\/et\/wp-json\/wp\/v2\/pages"}],"about":[{"href":"https:\/\/becid.ut.ee\/et\/wp-json\/wp\/v2\/types\/page"}],"author":[{"embeddable":true,"href":"https:\/\/becid.ut.ee\/et\/wp-json\/wp\/v2\/users\/1"}],"replies":[{"embeddable":true,"href":"https:\/\/becid.ut.ee\/et\/wp-json\/wp\/v2\/comments?post=5834"}],"version-history":[{"count":2,"href":"https:\/\/becid.ut.ee\/et\/wp-json\/wp\/v2\/pages\/5834\/revisions"}],"predecessor-version":[{"id":5847,"href":"https:\/\/becid.ut.ee\/et\/wp-json\/wp\/v2\/pages\/5834\/revisions\/5847"}],"wp:attachment":[{"href":"https:\/\/becid.ut.ee\/et\/wp-json\/wp\/v2\/media?parent=5834"}],"curies":[{"name":"wp","href":"https:\/\/api.w.org\/{rel}","templated":true}]}}