{"id":2624,"date":"2025-06-27T13:10:12","date_gmt":"2025-06-27T13:10:12","guid":{"rendered":"https:\/\/becid.ut.ee\/kremlins-propaganda-in-our-pockets-how-disinformation-thrives-on-telegram-july-2023\/"},"modified":"2025-07-24T14:05:19","modified_gmt":"2025-07-24T14:05:19","slug":"kremlins-propaganda-in-our-pockets-how-disinformation-thrives-on-telegram-july-2023","status":"publish","type":"page","link":"https:\/\/becid.ut.ee\/lt\/kremlins-propaganda-in-our-pockets-how-disinformation-thrives-on-telegram-july-2023\/","title":{"rendered":"Kremliaus propaganda m\u016bs\u0173 ki\u0161en\u0117se. Kaip dezinformacija klesti &#8222;Telegram&#8221;. (2023 m. liepos m\u0117n.)"},"content":{"rendered":"\n<div style=\"height:100px\" aria-hidden=\"true\" class=\"wp-block-spacer\"><\/div>\n\n<figure class=\"wp-block-image alignwide size-large\"><img loading=\"lazy\" decoding=\"async\" width=\"285\" height=\"192\" src=\"https:\/\/becid.ut.ee\/wp-content\/uploads\/2025\/06\/BECID-BLOGI-PILDID-14.svg\" alt=\"\" class=\"wp-image-1438\"\/><\/figure>\n\n<p>Kremliaus propaganda m\u016bs\u0173 ki\u0161en\u0117se. Kaip dezinformacija klesti &#8222;Telegram&#8221;. <br\/><em>2023 m. liepa<\/em><br\/>Anastasija Tetarenko-Supe (Re:Baltica)<br\/>Tartu universiteto (UTARTU) koordinuojamo ES finansuojamo projekto, kurio ID 118471, D2.5 dalis.<\/p>\n\n<p>Baltijos \u0161alyse u\u017edraudus Kremliaus propagand\u0105 per televizij\u0105 ir internete, prieiga prie toki\u0173 \u0161altini\u0173 tapo sud\u0117tingesn\u0117 tik tiems, kuri\u0173 pagrindinis \u0161altinis anks\u010diau buvo televizija. Dabar \u0161i\u0105 viet\u0105 u\u017e\u0117m\u0117 socialin\u0117s \u017einiasklaidos platformos, tarp kuri\u0173 Telegram i\u0161siskiria tuo, kad nesidalija duomenimis su vyriausyb\u0117mis ir nemoderuoja dezinformacijos bei melo. <\/p>\n\n<p>Baltijos \u0161alyse populiariausi kanalai, skirti vietiniams rusakalbiams, neturi daug sek\u0117j\u0173, ta\u010diau ne tai yra svarbiausia: j\u0173 pagrindinis vaidmuo &#8211; sustiprinti vienas kito turin\u012f ir sudaryti \u012fsp\u016bd\u012f, kad daugelis \u017emoni\u0173 m\u0105sto pana\u0161iai. Ypa\u010d svarb\u0173 vaidmen\u012f &#8222;Telegram&#8221; atliko prasid\u0117jus Rusijos invazijai \u012f Ukrain\u0105. \u012evair\u016bs aktyvistai, tiek gerai \u017einomi, tiek nauji, &#8222;Telegram&#8221; suvienijo j\u0117gas, kad i\u0161populiarint\u0173 prokremli\u0161kas \u017einutes.  <\/p>\n\n<p>Skaitykite ataskait\u0105: <a href=\"https:\/\/becid.eu\/wp-content\/uploads\/2024\/01\/2023_JULY_KREMLINS-PROPAGANDA-IN-OUR-POCKETS.-HOW-DISINFORMATION-THRIVES-ON-TELEGRAM-30012024.pdf\"><mark style=\"background-color:rgba(0, 0, 0, 0);color:#ffcd05\" class=\"has-inline-color\">2023_LIEPA_KREMLINAI-PROPAGANDA-M\u016aS\u0172-KAPSUOSE.-KAIP-DEZINFORMACIJA-I\u0160SIPILDO-TELEGRAMOJE 30012024<\/mark><\/a><\/p>\n\n<p>Originalas: <a href=\"https:\/\/en.rebaltica.lv\/2023\/07\/kremlins-propaganda-in-our-pockets-how-disinformation-thrives-on-telegram\/\"><mark style=\"background-color:rgba(0, 0, 0, 0);color:#ffcd05\" class=\"has-inline-color\">https:\/\/en.rebaltica.lv\/2023\/07\/kremlins-propaganda-in-our-pockets-how-disinformation-thrives-on-telegram\/<\/mark><\/a><\/p>\n\n<p><\/p>\n","protected":false},"excerpt":{"rendered":"<p>Kremliaus propaganda m\u016bs\u0173 ki\u0161en\u0117se. Kaip dezinformacija klesti &#8222;Telegram&#8221;. 2023 m. liepaAnastasija Tetarenko-Supe (Re:Baltica)Tartu universiteto (UTARTU) koordinuojamo ES finansuojamo projekto, kurio ID 118471, D2.5 dalis. Baltijos \u0161alyse u\u017edraudus Kremliaus propagand\u0105 per [&hellip;]<\/p>\n","protected":false},"author":1,"featured_media":0,"parent":0,"menu_order":0,"comment_status":"closed","ping_status":"closed","template":"","meta":{"_price":"","_stock":"","_tribe_ticket_header":"","_tribe_default_ticket_provider":"","_tribe_ticket_capacity":"0","_ticket_start_date":"","_ticket_end_date":"","_tribe_ticket_show_description":"","_tribe_ticket_show_not_going":false,"_tribe_ticket_use_global_stock":"","_tribe_ticket_global_stock_level":"","_global_stock_mode":"","_global_stock_cap":"","_tribe_rsvp_for_event":"","_tribe_ticket_going_count":"","_tribe_ticket_not_going_count":"","_tribe_tickets_list":"[]","_tribe_ticket_has_attendee_info_fields":false,"_EventAllDay":false,"_EventTimezone":"","_EventStartDate":"","_EventEndDate":"","_EventStartDateUTC":"","_EventEndDateUTC":"","_EventShowMap":false,"_EventShowMapLink":false,"_EventURL":"","_EventCost":"","_EventCostDescription":"","_EventCurrencySymbol":"","_EventCurrencyCode":"","_EventCurrencyPosition":"","_EventDateTimeSeparator":"","_EventTimeRangeSeparator":"","_EventOrganizerID":[],"_EventVenueID":[],"_OrganizerEmail":"","_OrganizerPhone":"","_OrganizerWebsite":"","_VenueAddress":"","_VenueCity":"","_VenueCountry":"","_VenueProvince":"","_VenueState":"","_VenueZip":"","_VenuePhone":"","_VenueURL":"","_VenueStateProvince":"","_VenueLat":"","_VenueLng":"","_VenueShowMap":false,"_VenueShowMapLink":false,"_themeisle_gutenberg_block_has_review":false,"footnotes":"","_tec_slr_enabled":"","_tec_slr_layout":""},"class_list":["post-2624","page","type-page","status-publish","hentry"],"ticketed":false,"_links":{"self":[{"href":"https:\/\/becid.ut.ee\/lt\/wp-json\/wp\/v2\/pages\/2624","targetHints":{"allow":["GET"]}}],"collection":[{"href":"https:\/\/becid.ut.ee\/lt\/wp-json\/wp\/v2\/pages"}],"about":[{"href":"https:\/\/becid.ut.ee\/lt\/wp-json\/wp\/v2\/types\/page"}],"author":[{"embeddable":true,"href":"https:\/\/becid.ut.ee\/lt\/wp-json\/wp\/v2\/users\/1"}],"replies":[{"embeddable":true,"href":"https:\/\/becid.ut.ee\/lt\/wp-json\/wp\/v2\/comments?post=2624"}],"version-history":[{"count":2,"href":"https:\/\/becid.ut.ee\/lt\/wp-json\/wp\/v2\/pages\/2624\/revisions"}],"predecessor-version":[{"id":3768,"href":"https:\/\/becid.ut.ee\/lt\/wp-json\/wp\/v2\/pages\/2624\/revisions\/3768"}],"wp:attachment":[{"href":"https:\/\/becid.ut.ee\/lt\/wp-json\/wp\/v2\/media?parent=2624"}],"curies":[{"name":"wp","href":"https:\/\/api.w.org\/{rel}","templated":true}]}}