{"id":2628,"date":"2025-06-27T13:06:26","date_gmt":"2025-06-27T13:06:26","guid":{"rendered":"https:\/\/becid.ut.ee\/disinformation-trends-in-baltics-war-in-ukraine-nato-presence-and-controversy-over-edible-insects-july-2023\/"},"modified":"2025-07-24T13:53:10","modified_gmt":"2025-07-24T13:53:10","slug":"disinformation-trends-in-baltics-war-in-ukraine-nato-presence-and-controversy-over-edible-insects-july-2023","status":"publish","type":"page","link":"https:\/\/becid.ut.ee\/lt\/disinformation-trends-in-baltics-war-in-ukraine-nato-presence-and-controversy-over-edible-insects-july-2023\/","title":{"rendered":"Dezinformacijos tendencijos Baltijos \u0161alyse: Karas Ukrainoje, NATO buvimas ir gin\u010dai d\u0117l valgom\u0173 vabzd\u017ei\u0173 (2023 m. liepa)"},"content":{"rendered":"\n<div style=\"height:100px\" aria-hidden=\"true\" class=\"wp-block-spacer\"><\/div>\n\n<figure class=\"wp-block-image alignwide size-large\"><img loading=\"lazy\" decoding=\"async\" width=\"285\" height=\"192\" src=\"https:\/\/becid.ut.ee\/wp-content\/uploads\/2025\/06\/BECID-BLOGI-PILDID-13.svg\" alt=\"\" class=\"wp-image-1445\"\/><\/figure>\n\n<p><strong>Dezinformacijos tendencijos Baltijos \u0161alyse: karas Ukrainoje, NATO buvimas ir gin\u010dai d\u0117l valgom\u0173j\u0173 vabzd\u017ei\u0173<\/strong><br\/><em>2023 m. liepa<\/em><br\/>Madara Eihe (Re:Baltica)<br\/>Tartu universiteto (UTARTU) koordinuojamo ES finansuojamo projekto, kurio ID 118471, D2.5 dalis.<\/p>\n\n<p>Antr\u0105j\u012f met\u0173 ketvirt\u012f fakt\u0173 tikrinimas trijose Baltijos \u0161alyse daugiausia d\u0117mesio skyr\u0117 karui Ukrainoje ir apie j\u012f skleid\u017eiamai Rusijos propagandai. Did\u017eiausias su Ukraina susijusios dezinformacijos lygis nustatytas Lietuvoje, o Latvijoje ir Estijoje jos suma\u017e\u0117jo.<\/p>\n\n<p>Visose trijose Baltijos \u0161alyse daug d\u0117mesio buvo skiriama su karu nesusijusiems s\u0105mokslams ir i\u0161galvotoms istorijoms apie sveikat\u0105. Pavyzd\u017eiui, Latvijoje ir Lietuvoje pasirod\u0117 melagingi teiginiai, kad galingi \u017eem\u0117s dreb\u0117jimai Sirijoje ir Turkijoje buvo s\u0105moningai sukelti JAV kontroliuojamu &#8222;klimato ginklu&#8221;, siekiant pakenkti JAV pareig\u016bn\u0173, vietos vald\u017eios institucij\u0173, Jungtini\u0173 Taut\u0173, NATO ir ES reputacijai.<\/p>\n\n<p>Skaitykite ataskait\u0105: <a href=\"https:\/\/becid.eu\/wp-content\/uploads\/2024\/01\/2023_JULY_Disinformation-trends-in-Baltics-30012024.pdf\"><mark style=\"background-color:rgba(0, 0, 0, 0);color:#ffcd05\" class=\"has-inline-color\">2023_JULY_Disinformation-trends-in-Baltics 30012024<\/mark><\/a><\/p>\n\n<p>Originalas: <a href=\"https:\/\/en.rebaltica.lv\/author\/madara-eihe-specially-for-rebaltica\/\"><mark style=\"background-color:rgba(0, 0, 0, 0);color:#ffcd05\" class=\"has-inline-color\">https:\/\/en.rebaltica.lv\/author\/madara-eihe-specially-for-rebaltica\/<\/mark><\/a><\/p>\n","protected":false},"excerpt":{"rendered":"<p>Dezinformacijos tendencijos Baltijos \u0161alyse: karas Ukrainoje, NATO buvimas ir gin\u010dai d\u0117l valgom\u0173j\u0173 vabzd\u017ei\u01732023 m. liepaMadara Eihe (Re:Baltica)Tartu universiteto (UTARTU) koordinuojamo ES finansuojamo projekto, kurio ID 118471, D2.5 dalis. Antr\u0105j\u012f met\u0173 [&hellip;]<\/p>\n","protected":false},"author":1,"featured_media":0,"parent":0,"menu_order":0,"comment_status":"closed","ping_status":"closed","template":"","meta":{"_price":"","_stock":"","_tribe_ticket_header":"","_tribe_default_ticket_provider":"","_tribe_ticket_capacity":"0","_ticket_start_date":"","_ticket_end_date":"","_tribe_ticket_show_description":"","_tribe_ticket_show_not_going":false,"_tribe_ticket_use_global_stock":"","_tribe_ticket_global_stock_level":"","_global_stock_mode":"","_global_stock_cap":"","_tribe_rsvp_for_event":"","_tribe_ticket_going_count":"","_tribe_ticket_not_going_count":"","_tribe_tickets_list":"[]","_tribe_ticket_has_attendee_info_fields":false,"_EventAllDay":false,"_EventTimezone":"","_EventStartDate":"","_EventEndDate":"","_EventStartDateUTC":"","_EventEndDateUTC":"","_EventShowMap":false,"_EventShowMapLink":false,"_EventURL":"","_EventCost":"","_EventCostDescription":"","_EventCurrencySymbol":"","_EventCurrencyCode":"","_EventCurrencyPosition":"","_EventDateTimeSeparator":"","_EventTimeRangeSeparator":"","_EventOrganizerID":[],"_EventVenueID":[],"_OrganizerEmail":"","_OrganizerPhone":"","_OrganizerWebsite":"","_VenueAddress":"","_VenueCity":"","_VenueCountry":"","_VenueProvince":"","_VenueState":"","_VenueZip":"","_VenuePhone":"","_VenueURL":"","_VenueStateProvince":"","_VenueLat":"","_VenueLng":"","_VenueShowMap":false,"_VenueShowMapLink":false,"_themeisle_gutenberg_block_has_review":false,"footnotes":"","_tec_slr_enabled":"","_tec_slr_layout":""},"class_list":["post-2628","page","type-page","status-publish","hentry"],"ticketed":false,"_links":{"self":[{"href":"https:\/\/becid.ut.ee\/lt\/wp-json\/wp\/v2\/pages\/2628","targetHints":{"allow":["GET"]}}],"collection":[{"href":"https:\/\/becid.ut.ee\/lt\/wp-json\/wp\/v2\/pages"}],"about":[{"href":"https:\/\/becid.ut.ee\/lt\/wp-json\/wp\/v2\/types\/page"}],"author":[{"embeddable":true,"href":"https:\/\/becid.ut.ee\/lt\/wp-json\/wp\/v2\/users\/1"}],"replies":[{"embeddable":true,"href":"https:\/\/becid.ut.ee\/lt\/wp-json\/wp\/v2\/comments?post=2628"}],"version-history":[{"count":2,"href":"https:\/\/becid.ut.ee\/lt\/wp-json\/wp\/v2\/pages\/2628\/revisions"}],"predecessor-version":[{"id":3717,"href":"https:\/\/becid.ut.ee\/lt\/wp-json\/wp\/v2\/pages\/2628\/revisions\/3717"}],"wp:attachment":[{"href":"https:\/\/becid.ut.ee\/lt\/wp-json\/wp\/v2\/media?parent=2628"}],"curies":[{"name":"wp","href":"https:\/\/api.w.org\/{rel}","templated":true}]}}