{"id":2644,"date":"2025-06-27T12:48:55","date_gmt":"2025-06-27T12:48:55","guid":{"rendered":"https:\/\/becid.ut.ee\/becid-year-1-report-december-2022-december-2023\/"},"modified":"2025-07-24T13:46:02","modified_gmt":"2025-07-24T13:46:02","slug":"becid-year-1-report-december-2022-december-2023","status":"publish","type":"page","link":"https:\/\/becid.ut.ee\/lt\/becid-year-1-report-december-2022-december-2023\/","title":{"rendered":"BECID 1 met\u0173 ataskaita (2022 m. gruod\u017eio m\u0117n. &#8211; 2023 m. gruod\u017eio m\u0117n.)"},"content":{"rendered":"\n<div style=\"height:100px\" aria-hidden=\"true\" class=\"wp-block-spacer\"><\/div>\n\n<p>BECID 1 met\u0173 ataskaita<br\/><em>2022 m. gruodis-2023 m. gruodis<\/em><br\/>Maia Klaassen | Koordinator\u0117 ir jaunesnioji mokslo darbuotoja<br\/>Inger Klesment | Komunikacijos ir medij\u0173 ra\u0161tingumo specialist\u0117<br\/>Gretel Juhansoo | Komunikacijos ir medij\u0173 ra\u0161tingumo specialist\u0117<br\/>&#8230; kartu su visu centru ir jo suinteresuotosiomis \u0161alimis.<\/p>\n\n<p>Tartu universiteto (UTARTU) koordinuojamo ES finansuojamo projekto, kurio ID 118471, pirmoji 1.4 rezultato dalis.<\/p>\n\n<p>BECID 2023 m. ataskaita &#8211; tai i\u0161sami Baltijos \u0161ali\u0173 kovos su informaciniais sutrikimais centro iniciatyv\u0173 ir pasiekim\u0173 ap\u017evalga. Ji apima \u012fvairias sritis, pavyzd\u017eiui, projekto valdym\u0105, fakt\u0173 tikrinimo veikl\u0105 Baltijos \u0161alyse, mokslinius tyrimus ir analiz\u0119, \u017einiasklaidos priemoni\u0173 naudojimo ra\u0161tingumo iniciatyvas ir svarbiausius student\u0173 mokslini\u0173 tyrim\u0173 aspektus. Kai kurie svarbiausi aspektai apima naujovi\u0161kus po\u017ei\u016brius \u012f skaitmenin\u012f \u017einiasklaidos ra\u0161tingum\u0105, \u0161vietimo program\u0173 ir seminar\u0173 k\u016brim\u0105 bei bendradarbiavim\u0105 su \u012fvairiomis nacionalin\u0117mis institucijomis ir organizacijomis. Ataskaitoje pateikiama verting\u0173 \u012f\u017evalg\u0173 apie kov\u0105 su informaciniais sutrikimais Estijoje, Latvijoje ir Lietuvoje, i\u0161ry\u0161kinama reik\u0161minga pa\u017eanga ir ateities strategijos.   <\/p>\n\n<div data-wp-interactive=\"core\/file\" class=\"wp-block-file\"><object data-wp-bind--hidden=\"!state.hasPdfPreview\" hidden class=\"wp-block-file__embed\" data=\"https:\/\/becid.ut.ee\/wp-content\/uploads\/2025\/06\/D1.1-BECID-2023-report-v2.0-1.pdf\" type=\"application\/pdf\" style=\"width:100%;height:600px\" aria-label=\"D1.1-BECID-2023-report-v2.0 \u012fterpimas.\"><\/object><a id=\"wp-block-file--media-2ecd255d-2d2e-4969-992c-76fe7857f102\" href=\"https:\/\/becid.ut.ee\/wp-content\/uploads\/2025\/06\/D1.1-BECID-2023-report-v2.0-1.pdf\">D1.1-BECID-2023-report-v2.0<\/a><a href=\"https:\/\/becid.ut.ee\/wp-content\/uploads\/2025\/06\/D1.1-BECID-2023-report-v2.0-1.pdf\" class=\"wp-block-file__button wp-element-button\" download=\"\" aria-describedby=\"wp-block-file--media-2ecd255d-2d2e-4969-992c-76fe7857f102\">Atsisi\u0173sti<\/a><\/div>\n","protected":false},"excerpt":{"rendered":"<p>BECID 1 met\u0173 ataskaita2022 m. gruodis-2023 m. gruodisMaia Klaassen | Koordinator\u0117 ir jaunesnioji mokslo darbuotojaInger Klesment | Komunikacijos ir medij\u0173 ra\u0161tingumo specialist\u0117Gretel Juhansoo | Komunikacijos ir medij\u0173 ra\u0161tingumo specialist\u0117&#8230; kartu [&hellip;]<\/p>\n","protected":false},"author":1,"featured_media":0,"parent":0,"menu_order":0,"comment_status":"closed","ping_status":"closed","template":"","meta":{"_price":"","_stock":"","_tribe_ticket_header":"","_tribe_default_ticket_provider":"","_tribe_ticket_capacity":"0","_ticket_start_date":"","_ticket_end_date":"","_tribe_ticket_show_description":"","_tribe_ticket_show_not_going":false,"_tribe_ticket_use_global_stock":"","_tribe_ticket_global_stock_level":"","_global_stock_mode":"","_global_stock_cap":"","_tribe_rsvp_for_event":"","_tribe_ticket_going_count":"","_tribe_ticket_not_going_count":"","_tribe_tickets_list":"[]","_tribe_ticket_has_attendee_info_fields":false,"_EventAllDay":false,"_EventTimezone":"","_EventStartDate":"","_EventEndDate":"","_EventStartDateUTC":"","_EventEndDateUTC":"","_EventShowMap":false,"_EventShowMapLink":false,"_EventURL":"","_EventCost":"","_EventCostDescription":"","_EventCurrencySymbol":"","_EventCurrencyCode":"","_EventCurrencyPosition":"","_EventDateTimeSeparator":"","_EventTimeRangeSeparator":"","_EventOrganizerID":[],"_EventVenueID":[],"_OrganizerEmail":"","_OrganizerPhone":"","_OrganizerWebsite":"","_VenueAddress":"","_VenueCity":"","_VenueCountry":"","_VenueProvince":"","_VenueState":"","_VenueZip":"","_VenuePhone":"","_VenueURL":"","_VenueStateProvince":"","_VenueLat":"","_VenueLng":"","_VenueShowMap":false,"_VenueShowMapLink":false,"_themeisle_gutenberg_block_has_review":false,"footnotes":"","_tec_slr_enabled":"","_tec_slr_layout":""},"class_list":["post-2644","page","type-page","status-publish","hentry"],"ticketed":false,"_links":{"self":[{"href":"https:\/\/becid.ut.ee\/lt\/wp-json\/wp\/v2\/pages\/2644","targetHints":{"allow":["GET"]}}],"collection":[{"href":"https:\/\/becid.ut.ee\/lt\/wp-json\/wp\/v2\/pages"}],"about":[{"href":"https:\/\/becid.ut.ee\/lt\/wp-json\/wp\/v2\/types\/page"}],"author":[{"embeddable":true,"href":"https:\/\/becid.ut.ee\/lt\/wp-json\/wp\/v2\/users\/1"}],"replies":[{"embeddable":true,"href":"https:\/\/becid.ut.ee\/lt\/wp-json\/wp\/v2\/comments?post=2644"}],"version-history":[{"count":2,"href":"https:\/\/becid.ut.ee\/lt\/wp-json\/wp\/v2\/pages\/2644\/revisions"}],"predecessor-version":[{"id":3660,"href":"https:\/\/becid.ut.ee\/lt\/wp-json\/wp\/v2\/pages\/2644\/revisions\/3660"}],"wp:attachment":[{"href":"https:\/\/becid.ut.ee\/lt\/wp-json\/wp\/v2\/media?parent=2644"}],"curies":[{"name":"wp","href":"https:\/\/api.w.org\/{rel}","templated":true}]}}