{"id":2652,"date":"2025-06-27T12:44:40","date_gmt":"2025-06-27T12:44:40","guid":{"rendered":"https:\/\/becid.ut.ee\/mitigating-disinformation-vulnerability-with-situational-risk-awareness-and-humancentered-approaches-a-conceptual-model-2023\/"},"modified":"2025-07-24T14:06:02","modified_gmt":"2025-07-24T14:06:02","slug":"mitigating-disinformation-vulnerability-with-situational-risk-awareness-and-humancentered-approaches-a-conceptual-model-2023","status":"publish","type":"page","link":"https:\/\/becid.ut.ee\/lt\/mitigating-disinformation-vulnerability-with-situational-risk-awareness-and-humancentered-approaches-a-conceptual-model-2023\/","title":{"rendered":"(Ne)informacinio pa\u017eeid\u017eiamumo ma\u017einimas naudojant situacijos rizikos suvokim\u0105 ir \u012f \u017emog\u0173 orientuotus metodus: Konceptualus modelis (2023)"},"content":{"rendered":"\n<div style=\"height:100px\" aria-hidden=\"true\" class=\"wp-block-spacer\"><\/div>\n\n<figure class=\"wp-block-image alignwide size-large\"><img loading=\"lazy\" decoding=\"async\" width=\"285\" height=\"192\" src=\"https:\/\/becid.ut.ee\/wp-content\/uploads\/2025\/06\/BECID-BLOGI-PILDID-18.svg\" alt=\"\" class=\"wp-image-1492\"\/><\/figure>\n\n<p>(Ne)informacinio pa\u017eeid\u017eiamumo ma\u017einimas naudojant situacijos rizikos suvokim\u0105 ir \u012f \u017emog\u0173 orientuotus metodus: Konceptualus modelis<br\/><em>2023<\/em><br\/>Auks\u0117 Bal\u010dytien\u0117 | Vyresnioji mokslo darbuotoja, VDU<br\/>Dmytro Iarovyi | Jaunesnysis mokslo darbuotojas, VDU<\/p>\n\n<p>&#8230;padedant ir prisidedant kitiems BECID tyrim\u0173 grup\u0117s nariams, vadovaujamiems BECID pagrindin\u0117s tyr\u0117jos, UTARTU profesor\u0117s Andros Siibak.<\/p>\n\n<p>Tartu universiteto (UTARTU) koordinuojamo ES finansuojamo projekto, kurio ID 118471, D3.1 dalis.<\/p>\n\n<p>\u0160ioje analiz\u0117je nagrin\u0117jama (ne)informacinio pa\u017eeid\u017eiamumo s\u0105voka, nurodant lemiamus veiksnius, pagal kuriuos asmenys ir grup\u0117s yra jautr\u016bs \u017ealingoms internetini\u0173 manipuliacij\u0173 vir\u0161enyb\u0117s pasekm\u0117ms.<\/p>\n\n<p>Apibr\u0117\u017eti &#8222;(ne)informacinio pa\u017eeid\u017eiamumo&#8221; s\u0105vok\u0105 yra sud\u0117tinga d\u0117l jos daugialypi\u0161kumo ir specifi\u0161kumo, kuris priklauso nuo individuali\u0173 savybi\u0173 ir kontekstini\u0173 s\u0105lyg\u0173. Tod\u0117l \u0161iame straipsnyje integruojami \u012f \u017emog\u0173 orientuoti informacijos apdorojimo aspektai, \u012ftraukiant individualias (socialines ir demografines charakteristikas, tokias kaip am\u017eius ir i\u0161silavinimas) kartu su socialiniais ir psichologiniais geb\u0117jimais, tokiais kaip saviveiksmingumo vertinimas ir vertyb\u0117s, kurie tampa ypa\u010d svarb\u016bs sprendim\u0173 pri\u0117mimo situacijose, kai kyla konflikt\u0173 ir nesutarim\u0173. Be to, \u012f \u0161\u012f po\u017ei\u016br\u012f \u012ftrauktos sociostrukt\u016brin\u0117s ir situacin\u0117s savyb\u0117s, vyraujan\u010dios \u0161iuolaikin\u0117je \u017einiasklaidoje ir komunikacijoje.  <\/p>\n\n<p>\u010cia remiamasi nuostata, kad manipuliavimui informacija didel\u0119 \u012ftak\u0105 daro ne tik skaitmenin\u0117s technologijos ir informacijos prieinamumas, bet, svarbiausia, ir nacionalinio konteksto ypatumai, t. y. sociokult\u016brin\u0117s vertyb\u0117s ir informacijos teikimo bei naudojimo tradicijos. Tarp \u0161i\u0173 veiksni\u0173 yra darbotvark\u0117s nustatymo ir reprezentacijos \u017einiasklaidoje ypatumai, ta\u010diau svarbiausia &#8211; individual\u016bs veiksniai, pavyzd\u017eiui, individualus \u017einiasklaidos prieinamumas ir skaitmeniniai \u012fg\u016bd\u017eiai, taip pat socialiniai-psichologiniai aspektai, \u012fskaitant \u012fvairius (kognityvinius) \u0161ali\u0161kumus, \u017einiasklaidos informuotum\u0105 ir su tuo susijusius moralinio m\u0105stymo veiksnius priimant sprendimus ir apdorojant informacij\u0105. <\/p>\n\n<p>\u0160iomis aplinkyb\u0117mis universalistin\u0117s politikos formavimas reikalauja didesnio jautrumo ir supratimo apie rizik\u0105, susijusi\u0105 su manipuliacinio turinio sklaida ir atskir\u0173 veik\u0117j\u0173 reakcija \u012f disfunkcines bendravimo situacijas. Svarbu atsi\u017evelgti \u012f tai, kad nors (dez)informacinis pa\u017eeid\u017eiamumas tapo \u017einiasklaidos politikos diskusij\u0173 dalimi, vis d\u0117lto jis teb\u0117ra ekspertini\u0173 \u017eini\u0173 sritis. Sprendimai priimami \u017evelgiant &#8222;i\u0161 vir\u0161aus&#8221;, pavyzd\u017eiui, si\u016blant \u017einiasklaidos priemoni\u0173 ra\u0161tingumo programas arba skatinant \u017einiasklaidos organizacij\u0173 fakt\u0173 tikrinim\u0105. Nepaisant \u0161i\u0173 pastang\u0173, tr\u016bksta \u017eini\u0173 ir \u012frodymais pagr\u012fsto supratimo apie \u017ealingo turinio poveikio \u017emoni\u0173 m\u0105stymui mast\u0105, taip darant \u012ftak\u0105 visuomen\u0117s vientisumui. Tod\u0117l daugiausia d\u0117mesio skiriama konceptualioms apibr\u0117\u017etims ir mokslini\u0173 tyrim\u0173 rezultatams, kurie atskleid\u017eia (dez)informacinio pa\u017eeid\u017eiamumo rizik\u0105, \u012fvertinti. Galiausiai si\u016blomas koncepcinis modelis, kuris integruoja visus \u0161iuos svarbius aspektus.     <\/p>\n\n<p>Skaitykite analiz\u0119 \u010dia: <a href=\"https:\/\/becid.eu\/wp-content\/uploads\/2024\/01\/D3.1-2-Mitigating-Disinformation-Vulnerability-1.pdf\"><mark style=\"background-color:rgba(0, 0, 0, 0);color:#ffcd05\" class=\"has-inline-color\">D3.1 (2) Dezinformacijos pa\u017eeid\u017eiamumo ma\u017einimas<\/mark><\/a><\/p>\n","protected":false},"excerpt":{"rendered":"<p>(Ne)informacinio pa\u017eeid\u017eiamumo ma\u017einimas naudojant situacijos rizikos suvokim\u0105 ir \u012f \u017emog\u0173 orientuotus metodus: Konceptualus modelis2023Auks\u0117 Bal\u010dytien\u0117 | Vyresnioji mokslo darbuotoja, VDUDmytro Iarovyi | Jaunesnysis mokslo darbuotojas, VDU &#8230;padedant ir prisidedant kitiems [&hellip;]<\/p>\n","protected":false},"author":1,"featured_media":0,"parent":0,"menu_order":0,"comment_status":"closed","ping_status":"closed","template":"","meta":{"_price":"","_stock":"","_tribe_ticket_header":"","_tribe_default_ticket_provider":"","_tribe_ticket_capacity":"0","_ticket_start_date":"","_ticket_end_date":"","_tribe_ticket_show_description":"","_tribe_ticket_show_not_going":false,"_tribe_ticket_use_global_stock":"","_tribe_ticket_global_stock_level":"","_global_stock_mode":"","_global_stock_cap":"","_tribe_rsvp_for_event":"","_tribe_ticket_going_count":"","_tribe_ticket_not_going_count":"","_tribe_tickets_list":"[]","_tribe_ticket_has_attendee_info_fields":false,"_EventAllDay":false,"_EventTimezone":"","_EventStartDate":"","_EventEndDate":"","_EventStartDateUTC":"","_EventEndDateUTC":"","_EventShowMap":false,"_EventShowMapLink":false,"_EventURL":"","_EventCost":"","_EventCostDescription":"","_EventCurrencySymbol":"","_EventCurrencyCode":"","_EventCurrencyPosition":"","_EventDateTimeSeparator":"","_EventTimeRangeSeparator":"","_EventOrganizerID":[],"_EventVenueID":[],"_OrganizerEmail":"","_OrganizerPhone":"","_OrganizerWebsite":"","_VenueAddress":"","_VenueCity":"","_VenueCountry":"","_VenueProvince":"","_VenueState":"","_VenueZip":"","_VenuePhone":"","_VenueURL":"","_VenueStateProvince":"","_VenueLat":"","_VenueLng":"","_VenueShowMap":false,"_VenueShowMapLink":false,"_themeisle_gutenberg_block_has_review":false,"footnotes":"","_tec_slr_enabled":"","_tec_slr_layout":""},"class_list":["post-2652","page","type-page","status-publish","hentry"],"ticketed":false,"_links":{"self":[{"href":"https:\/\/becid.ut.ee\/lt\/wp-json\/wp\/v2\/pages\/2652","targetHints":{"allow":["GET"]}}],"collection":[{"href":"https:\/\/becid.ut.ee\/lt\/wp-json\/wp\/v2\/pages"}],"about":[{"href":"https:\/\/becid.ut.ee\/lt\/wp-json\/wp\/v2\/types\/page"}],"author":[{"embeddable":true,"href":"https:\/\/becid.ut.ee\/lt\/wp-json\/wp\/v2\/users\/1"}],"replies":[{"embeddable":true,"href":"https:\/\/becid.ut.ee\/lt\/wp-json\/wp\/v2\/comments?post=2652"}],"version-history":[{"count":2,"href":"https:\/\/becid.ut.ee\/lt\/wp-json\/wp\/v2\/pages\/2652\/revisions"}],"predecessor-version":[{"id":3774,"href":"https:\/\/becid.ut.ee\/lt\/wp-json\/wp\/v2\/pages\/2652\/revisions\/3774"}],"wp:attachment":[{"href":"https:\/\/becid.ut.ee\/lt\/wp-json\/wp\/v2\/media?parent=2652"}],"curies":[{"name":"wp","href":"https:\/\/api.w.org\/{rel}","templated":true}]}}