{"id":2660,"date":"2025-06-27T12:40:02","date_gmt":"2025-06-27T12:40:02","guid":{"rendered":"https:\/\/becid.ut.ee\/conceptual-and-methodological-approaches-in-societal-resilience-research-2024\/"},"modified":"2025-07-24T13:50:59","modified_gmt":"2025-07-24T13:50:59","slug":"conceptual-and-methodological-approaches-in-societal-resilience-research-2024","status":"publish","type":"page","link":"https:\/\/becid.ut.ee\/lt\/conceptual-and-methodological-approaches-in-societal-resilience-research-2024\/","title":{"rendered":"Konceptual\u016bs ir metodologiniai visuomen\u0117s atsparumo tyrim\u0173 metodai (2024)"},"content":{"rendered":"\n<div style=\"height:100px\" aria-hidden=\"true\" class=\"wp-block-spacer\"><\/div>\n\n<figure class=\"wp-block-image alignwide size-large\"><img loading=\"lazy\" decoding=\"async\" width=\"285\" height=\"192\" src=\"https:\/\/becid.ut.ee\/wp-content\/uploads\/2025\/06\/BECID-BLOGI-PILDID-20.svg\" alt=\"\" class=\"wp-image-1508\"\/><\/figure>\n\n<p>Konceptual\u016bs ir metodologiniai po\u017ei\u016briai visuomen\u0117s atsparumo tyrimuose<br\/><em>2024<\/em><br\/>Kristina Jurait\u0117, Dmytro Iarovyi, Sten Torpan, Ragne K\u00f5uts-Klemm<\/p>\n\n<p>&#8230;padedant ir prisidedant kitiems BECID tyrim\u0173 grup\u0117s nariams, vadovaujamiems BECID pagrindin\u0117s tyr\u0117jos, UTARTU profesor\u0117s Andros Siibak.<\/p>\n\n<p>Tartu universiteto (UTARTU) koordinuojamo ES finansuojamo projekto, kurio ID 118471, D3.1 dalis.<\/p>\n\n<p>\u0160ios sistemin\u0117s literat\u016bros ap\u017evalgos tikslas &#8211; i\u0161tirti visuomen\u0117s reakcij\u0105 ir geb\u0117jimus susidoroti su vis did\u0117jan\u010diais i\u0161\u0161\u016bkiais ir rizika, susijusia su dezinformacija ir kitais su \u017einiasklaida susijusiais sutrikimais. Ji pagr\u012fsta daugiau kaip 150 straipsni\u0173, paskelbt\u0173 nuo 2010 m. Pagrindinis \u0161ios ap\u017evalgos tikslas buvo suprasti, kaip atsparumas dezinformacijai ir kitiems informaciniams trikd\u017eiams yra konceptualizuojamas ir apibr\u0117\u017eiamas mokslin\u0117je literat\u016broje.  <\/p>\n\n<p>Vienas i\u0161 pagrindini\u0173 tyrimo aspekt\u0173 &#8211; atsparumo konceptualizavimas. Tyrimuose visuomen\u0117s atsparumas dezinformacijai apibr\u0117\u017eiamas kaip socialiniai geb\u0117jimai, kompetencijos ir i\u0161tekliai, kuriuos turi asmenys ir \u012fvairios visuomen\u0117s grup\u0117s, kad gal\u0117t\u0173 atpa\u017einti ir kovoti su \u017ealingu dezinformacijos poveikiu. <\/p>\n\n<p>Atsparumas dezinformacijai apibr\u0117\u017eiamas kaip b\u016bsena, kai dezinformacija nepasiekia didel\u0117s dalies pilie\u010di\u0173 arba bent jau nes\u0117kmingai \u012ftikina su ja susid\u016brusius asmenis j\u0105 platinti.<\/p>\n\n<p>Tyrimai rodo, kad visuomen\u0117s atsparumas ir geb\u0117jimas susidoroti su dezinformacija kiekvienoje \u0161alyje yra specifinis ir labai priklauso nuo socialin\u0117s ir politin\u0117s bei informacin\u0117s aplinkos. \u0160ie tyrimai atskleid\u017eia \u012fvairius veiksnius, \u012fskaitant, viena vertus, strukt\u016brines s\u0105lygas (tinklai, institucijos ir diskursai) ir, kita vertus, socialini\u0173 veik\u0117j\u0173 (individual\u016bs geb\u0117jimai ir atstovavimas) po\u017ei\u016br\u012f. Jie taip pat pabr\u0117\u017eia sociokult\u016brinius veiksnius (vertybes, \u017einias, pasitik\u0117jim\u0105 ir praktik\u0105) ir kontekstinius veiksnius (socialines, politines ir ekonomines s\u0105lygas, institucin\u0119 aplink\u0105 ir galios santykius).  <\/p>\n\n<p>Tyrime nagrin\u0117jamos d\u0117l dezinformacijos kylan\u010dios pa\u017eeid\u017eiamosios sritys, apiman\u010dios \u012fvairias sritis, pavyzd\u017eiui, demokratij\u0105, saugum\u0105, visuomen\u0117s sveikat\u0105, ekonomik\u0105 ir technologijas. Be to, ataskaitoje nagrin\u0117jami s\u0105lyginiai veiksniai, turintys \u012ftakos pa\u017eeid\u017eiamumui ar atsparumui dezinformacijai. \u0160ie veiksniai apima informacijos savybes, aplink\u0105 ir informacijos gav\u0117jus.  <\/p>\n\n<p>Skaitykite ataskait\u0105: <a href=\"https:\/\/becid.eu\/wp-content\/uploads\/2024\/01\/D3.1_Conceptual_and_Methodological_Approaches_in_Societal_Resilience_Research.pdf\"><mark style=\"background-color:rgba(0, 0, 0, 0);color:#ffcd05\" class=\"has-inline-color\">D3.1_Konceptual\u016bs_ir_metodologiniai_prieigos_visuomen\u0117s_atsparumo_tyrimuose<\/mark><\/a><\/p>\n\n<p><\/p>\n","protected":false},"excerpt":{"rendered":"<p>Konceptual\u016bs ir metodologiniai po\u017ei\u016briai visuomen\u0117s atsparumo tyrimuose2024Kristina Jurait\u0117, Dmytro Iarovyi, Sten Torpan, Ragne K\u00f5uts-Klemm &#8230;padedant ir prisidedant kitiems BECID tyrim\u0173 grup\u0117s nariams, vadovaujamiems BECID pagrindin\u0117s tyr\u0117jos, UTARTU profesor\u0117s Andros Siibak. [&hellip;]<\/p>\n","protected":false},"author":1,"featured_media":0,"parent":0,"menu_order":0,"comment_status":"closed","ping_status":"closed","template":"","meta":{"_price":"","_stock":"","_tribe_ticket_header":"","_tribe_default_ticket_provider":"","_tribe_ticket_capacity":"0","_ticket_start_date":"","_ticket_end_date":"","_tribe_ticket_show_description":"","_tribe_ticket_show_not_going":false,"_tribe_ticket_use_global_stock":"","_tribe_ticket_global_stock_level":"","_global_stock_mode":"","_global_stock_cap":"","_tribe_rsvp_for_event":"","_tribe_ticket_going_count":"","_tribe_ticket_not_going_count":"","_tribe_tickets_list":"[]","_tribe_ticket_has_attendee_info_fields":false,"_EventAllDay":false,"_EventTimezone":"","_EventStartDate":"","_EventEndDate":"","_EventStartDateUTC":"","_EventEndDateUTC":"","_EventShowMap":false,"_EventShowMapLink":false,"_EventURL":"","_EventCost":"","_EventCostDescription":"","_EventCurrencySymbol":"","_EventCurrencyCode":"","_EventCurrencyPosition":"","_EventDateTimeSeparator":"","_EventTimeRangeSeparator":"","_EventOrganizerID":[],"_EventVenueID":[],"_OrganizerEmail":"","_OrganizerPhone":"","_OrganizerWebsite":"","_VenueAddress":"","_VenueCity":"","_VenueCountry":"","_VenueProvince":"","_VenueState":"","_VenueZip":"","_VenuePhone":"","_VenueURL":"","_VenueStateProvince":"","_VenueLat":"","_VenueLng":"","_VenueShowMap":false,"_VenueShowMapLink":false,"_themeisle_gutenberg_block_has_review":false,"footnotes":"","_tec_slr_enabled":"","_tec_slr_layout":""},"class_list":["post-2660","page","type-page","status-publish","hentry"],"ticketed":false,"_links":{"self":[{"href":"https:\/\/becid.ut.ee\/lt\/wp-json\/wp\/v2\/pages\/2660","targetHints":{"allow":["GET"]}}],"collection":[{"href":"https:\/\/becid.ut.ee\/lt\/wp-json\/wp\/v2\/pages"}],"about":[{"href":"https:\/\/becid.ut.ee\/lt\/wp-json\/wp\/v2\/types\/page"}],"author":[{"embeddable":true,"href":"https:\/\/becid.ut.ee\/lt\/wp-json\/wp\/v2\/users\/1"}],"replies":[{"embeddable":true,"href":"https:\/\/becid.ut.ee\/lt\/wp-json\/wp\/v2\/comments?post=2660"}],"version-history":[{"count":4,"href":"https:\/\/becid.ut.ee\/lt\/wp-json\/wp\/v2\/pages\/2660\/revisions"}],"predecessor-version":[{"id":3699,"href":"https:\/\/becid.ut.ee\/lt\/wp-json\/wp\/v2\/pages\/2660\/revisions\/3699"}],"wp:attachment":[{"href":"https:\/\/becid.ut.ee\/lt\/wp-json\/wp\/v2\/media?parent=2660"}],"curies":[{"name":"wp","href":"https:\/\/api.w.org\/{rel}","templated":true}]}}