{"id":2672,"date":"2025-06-27T12:23:40","date_gmt":"2025-06-27T12:23:40","guid":{"rendered":"https:\/\/becid.ut.ee\/intergenerational-training-to-improve-the-digital-competence-of-young-people-and-the-elderly\/"},"modified":"2025-07-24T13:57:41","modified_gmt":"2025-07-24T13:57:41","slug":"intergenerational-training-to-improve-the-digital-competence-of-young-people-and-the-elderly","status":"publish","type":"page","link":"https:\/\/becid.ut.ee\/lt\/intergenerational-training-to-improve-the-digital-competence-of-young-people-and-the-elderly\/","title":{"rendered":"kart\u0173 mokymas, skirtas jaunimo ir vyresnio am\u017eiaus \u017emoni\u0173 skaitmeninei kompetencijai gerinti"},"content":{"rendered":"\n<div style=\"height:100px\" aria-hidden=\"true\" class=\"wp-block-spacer\"><\/div>\n\n<figure class=\"wp-block-image alignwide size-large\"><img loading=\"lazy\" decoding=\"async\" width=\"1440\" height=\"809\" src=\"https:\/\/becid.ut.ee\/wp-content\/uploads\/2025\/06\/BECID-BLOGI-PILDID-1920-x-1080-px-9.svg\" alt=\"\" class=\"wp-image-1570\"\/><\/figure>\n\n<p>Tartu universiteto (UTARTU) koordinuojamo projekto, kurio ID 118471, 4.3 rezultatas. T4.3 vadovas: Baltijos \u017einiasklaidos kompetencijos centras (BCME). Dalyviai: BCME (angl: UTARTU, Vid\u017eem\u0117s taikom\u0173j\u0173 moksl\u0173 universitetas, Vytauto Did\u017eiojo universitetas.  <\/p>\n\n<p><strong>L\u0101sma Antonevi\u010da <\/strong>| Projekt\u0173 vadov\u0117 (BCME)<\/p>\n\n<p><strong>Inger Klesment <\/strong>| BECID komunikacijos ir \u017einiasklaidos kompetencijos specialist\u0117 (UTARTU)<\/p>\n\n<figure class=\"wp-block-image size-large\"><img loading=\"lazy\" decoding=\"async\" width=\"1024\" height=\"683\" src=\"https:\/\/becid.ut.ee\/wp-content\/uploads\/2025\/06\/KZN_8562-1024x683.jpg\" alt=\"\" class=\"wp-image-1575\" srcset=\"https:\/\/becid.ut.ee\/wp-content\/uploads\/2025\/06\/KZN_8562-1024x683.jpg 1024w, https:\/\/becid.ut.ee\/wp-content\/uploads\/2025\/06\/KZN_8562-300x200.jpg 300w, https:\/\/becid.ut.ee\/wp-content\/uploads\/2025\/06\/KZN_8562-768x512.jpg 768w, https:\/\/becid.ut.ee\/wp-content\/uploads\/2025\/06\/KZN_8562-1536x1024.jpg 1536w, https:\/\/becid.ut.ee\/wp-content\/uploads\/2025\/06\/KZN_8562-1200x800.jpg 1200w, https:\/\/becid.ut.ee\/wp-content\/uploads\/2025\/06\/KZN_8562.jpg 1546w\" sizes=\"auto, (max-width: 1024px) 100vw, 1024px\" \/><\/figure>\n\n<p class=\"has-raft-accent-color has-text-color has-link-color has-large-font-size wp-elements-c4d36a70092b5b50a1b28a9cfa51d295\"><strong>Latvija: &#8222;Skaitmeni\u0161kai kartu!&#8221; Iniciatyva <\/strong><\/p>\n\n<p>Latvijoje, remiantis Estijos bandomuoju projektu &#8222;Digimentor&#8221;, prad\u0117ta T4.3 kampanija &#8222;Skaitmeni\u0161kai kartu!&#8221;, skirta kart\u0173 mokymuisi. Buvo apmokyta daugiau kaip 50 jaun\u0173j\u0173 &#8222;Digimentor&#8221;, kurie per socialin\u0117s \u017einiasklaidos grupes \u012ftrauk\u0117 vyresnio am\u017eiaus suaugusiuosius, ugdydami skaitmenin\u012f ra\u0161tingum\u0105 ir \u017einiasklaidos \u012fg\u016bd\u017eius. Lapkri\u010dio 24-25 d. internetu vykdytoje programoje buvo nagrin\u0117jamos tokios temos kaip skaitmenin\u0117s aplinkos valdymas ir skaitmenin\u0117s atskirties ma\u017einimas. Kampanija baig\u0117si 2023 m. gruod\u017eio 14 d. surengtu forumu, kuriame dalyvavo regioniniai ekspertai, diskutav\u0119 apie kart\u0173 bendradarbiavim\u0105. Naujien\u0173 portale &#8222;Delfi LV&#8221; sukurta speciali skiltis, kurioje skatinamas skaitmeninis ra\u0161tingumas visose am\u017eiaus grup\u0117se, sulauk\u0117 daugiau kaip 25 000 lankytoj\u0173.    <\/p>\n\n<p class=\"has-raft-accent-color has-text-color has-link-color has-large-font-size wp-elements-e669d24fafd89e51609e4af24321f664\"><strong>Estija: Digimentor projektas<\/strong><\/p>\n\n<p>Nuo 2023 m. rugs\u0117jo m\u0117n. iki 2024 m. gegu\u017e\u0117s m\u0117n. vykusiame &#8222;Telia&#8221; remiamame Estijos projekte &#8222;Digimentor&#8221; vyresni\u0173j\u0173 klasi\u0173 moksleiviai sureng\u0117 36 seminarus vyresnio am\u017eiaus \u017emon\u0117ms. Seminar\u0173 temos ap\u0117m\u0117 \u012fvairias sritis &#8211; nuo dirbtinio intelekto iki saugumo internete, \u012f juos \u012fsitrauk\u0117 daugiau kaip 150 dalyvi\u0173. Siekiant pagerinti mokym\u0105si, buvo akcentuojami praktiniai u\u017esi\u0117mimai ir nedidel\u0117s grup\u0117s. Be to, projekto metu buvo parengta informacin\u0117 med\u017eiaga ir dalyvauta senjorams skirtuose renginiuose, skatinant informuot\u0105 visuomen\u0117s dalyvavim\u0105 ir skaitmenin\u012f s\u0105moningum\u0105.   <\/p>\n\n<p class=\"has-raft-accent-color has-text-color has-link-color has-large-font-size wp-elements-a58c338bb04a22b209c3bcfc9644d242\"><strong>\u012e\u017evalgos ir rekomendacijos<\/strong><\/p>\n\n<p>Abu projektai atskleid\u0117 praktinio, praktinio mokymosi veiksmingum\u0105 ir kantryb\u0117s bei ai\u0161kaus bendravimo svarb\u0105. Labai svarbu buvo \u012ftraukti jaunim\u0105 kaip mentorius, nes tai suteik\u0117 abipus\u0119 naud\u0105 \u012fg\u016bd\u017ei\u0173 tobulinimui. Ateityje ple\u010diant veikl\u0105 reik\u0117t\u0173 pasitelkti dienos centrus ir mokyklas, patobulinti rinkodaros strategijas ir apsvarstyti galimyb\u0119 u\u017e rimt\u0105 \u012fsipareigojim\u0105 mok\u0117ti simbolin\u012f dalyvio mokest\u012f.  <\/p>\n\n<p class=\"has-text-align-center has-raft-accent-background-color has-background\"><a href=\"https:\/\/becid.eu\/wp-content\/uploads\/2024\/05\/new-pdf.pdf\" target=\"_blank\" rel=\"noreferrer noopener\">Vis\u0105 ataskait\u0105 skaitykite<strong> \u010dia<\/strong><\/a><\/p>\n\n<p><\/p>\n","protected":false},"excerpt":{"rendered":"<p>Tartu universiteto (UTARTU) koordinuojamo projekto, kurio ID 118471, 4.3 rezultatas. T4.3 vadovas: Baltijos \u017einiasklaidos kompetencijos centras (BCME). Dalyviai: BCME (angl: UTARTU, Vid\u017eem\u0117s taikom\u0173j\u0173 moksl\u0173 universitetas, Vytauto Did\u017eiojo universitetas. L\u0101sma Antonevi\u010da [&hellip;]<\/p>\n","protected":false},"author":1,"featured_media":0,"parent":0,"menu_order":0,"comment_status":"closed","ping_status":"closed","template":"","meta":{"_price":"","_stock":"","_tribe_ticket_header":"","_tribe_default_ticket_provider":"","_tribe_ticket_capacity":"0","_ticket_start_date":"","_ticket_end_date":"","_tribe_ticket_show_description":"","_tribe_ticket_show_not_going":false,"_tribe_ticket_use_global_stock":"","_tribe_ticket_global_stock_level":"","_global_stock_mode":"","_global_stock_cap":"","_tribe_rsvp_for_event":"","_tribe_ticket_going_count":"","_tribe_ticket_not_going_count":"","_tribe_tickets_list":"[]","_tribe_ticket_has_attendee_info_fields":false,"_EventAllDay":false,"_EventTimezone":"","_EventStartDate":"","_EventEndDate":"","_EventStartDateUTC":"","_EventEndDateUTC":"","_EventShowMap":false,"_EventShowMapLink":false,"_EventURL":"","_EventCost":"","_EventCostDescription":"","_EventCurrencySymbol":"","_EventCurrencyCode":"","_EventCurrencyPosition":"","_EventDateTimeSeparator":"","_EventTimeRangeSeparator":"","_EventOrganizerID":[],"_EventVenueID":[],"_OrganizerEmail":"","_OrganizerPhone":"","_OrganizerWebsite":"","_VenueAddress":"","_VenueCity":"","_VenueCountry":"","_VenueProvince":"","_VenueState":"","_VenueZip":"","_VenuePhone":"","_VenueURL":"","_VenueStateProvince":"","_VenueLat":"","_VenueLng":"","_VenueShowMap":false,"_VenueShowMapLink":false,"_themeisle_gutenberg_block_has_review":false,"footnotes":"","_tec_slr_enabled":"","_tec_slr_layout":""},"class_list":["post-2672","page","type-page","status-publish","hentry"],"ticketed":false,"_links":{"self":[{"href":"https:\/\/becid.ut.ee\/lt\/wp-json\/wp\/v2\/pages\/2672","targetHints":{"allow":["GET"]}}],"collection":[{"href":"https:\/\/becid.ut.ee\/lt\/wp-json\/wp\/v2\/pages"}],"about":[{"href":"https:\/\/becid.ut.ee\/lt\/wp-json\/wp\/v2\/types\/page"}],"author":[{"embeddable":true,"href":"https:\/\/becid.ut.ee\/lt\/wp-json\/wp\/v2\/users\/1"}],"replies":[{"embeddable":true,"href":"https:\/\/becid.ut.ee\/lt\/wp-json\/wp\/v2\/comments?post=2672"}],"version-history":[{"count":2,"href":"https:\/\/becid.ut.ee\/lt\/wp-json\/wp\/v2\/pages\/2672\/revisions"}],"predecessor-version":[{"id":3744,"href":"https:\/\/becid.ut.ee\/lt\/wp-json\/wp\/v2\/pages\/2672\/revisions\/3744"}],"wp:attachment":[{"href":"https:\/\/becid.ut.ee\/lt\/wp-json\/wp\/v2\/media?parent=2672"}],"curies":[{"name":"wp","href":"https:\/\/api.w.org\/{rel}","templated":true}]}}