{"id":2700,"date":"2025-06-27T12:10:05","date_gmt":"2025-06-27T12:10:05","guid":{"rendered":"https:\/\/becid.ut.ee\/confrontation-with-russia-leads-to-poverty-how-a-russian-troll-factory-planned-to-turn-public-opinion-in-latvia-against-ukraine\/"},"modified":"2025-07-24T13:34:25","modified_gmt":"2025-07-24T13:34:25","slug":"confrontation-with-russia-leads-to-poverty-how-a-russian-troll-factory-planned-to-turn-public-opinion-in-latvia-against-ukraine","status":"publish","type":"page","link":"https:\/\/becid.ut.ee\/lt\/confrontation-with-russia-leads-to-poverty-how-a-russian-troll-factory-planned-to-turn-public-opinion-in-latvia-against-ukraine\/","title":{"rendered":"&#8222;Konfrontacija su Rusija veda \u012f skurd\u0105&#8221;. Kaip Rusijos troli\u0173 fabrikas planavo nukreipti Latvijos vie\u0161\u0105j\u0105 nuomon\u0119 prie\u0161 Ukrain\u0105"},"content":{"rendered":"\n<div style=\"height:100px\" aria-hidden=\"true\" class=\"wp-block-spacer\"><\/div>\n\n<figure class=\"wp-block-image alignwide size-large\"><img loading=\"lazy\" decoding=\"async\" width=\"1440\" height=\"809\" src=\"https:\/\/becid.ut.ee\/wp-content\/uploads\/2025\/06\/image_october.svg\" alt=\"\" class=\"wp-image-1655\"\/><\/figure>\n\n<p>Tartu universiteto (UTARTU) koordinuojamo ES finansuojamo projekto, kurio ID 118471, D2.5 dalis.<\/p>\n\n<p>Originalus tekstas: https: <a href=\"https:\/\/en.rebaltica.lv\/2024\/10\/confrontation-with-russia-leads-to-poverty-how-a-russian-troll-factory-planned-to-turn-public-opinion-in-latvia-against-ukraine\/\">\/\/en.rebaltica.lv\/2024\/10\/confrontation-with-russia-leads-to-poverty-how-a-russian-troll-factory-planned-to-turn-public-opinion-in-latvia-against-ukraine\/<\/a><\/p>\n\n<div data-wp-interactive=\"core\/file\" class=\"wp-block-file\"><object data-wp-bind--hidden=\"!state.hasPdfPreview\" hidden class=\"wp-block-file__embed\" data=\"https:\/\/becid.ut.ee\/wp-content\/uploads\/2025\/06\/D2.5-How-a-Russian-troll-factory-planned-to-turn-public-opinion-in-Latvia-against-Ukraine-.pdf\" type=\"application\/pdf\" style=\"width:100%;height:600px\" aria-label=\"D2.5-How-a-Russian-troll-factory-planned-to-turn-public-opinion-in-Latvia-against-Ukraine- \u012fterpimas.\"><\/object><a id=\"wp-block-file--media-b5e907a6-30fc-4b8e-a2e6-9437bc1fb18f\" href=\"https:\/\/becid.ut.ee\/wp-content\/uploads\/2025\/06\/D2.5-How-a-Russian-troll-factory-planned-to-turn-public-opinion-in-Latvia-against-Ukraine-.pdf\">D2.5-Kaip Rusijos trolinimo veiksnys planavo pakreipti visuomen\u0117s nuomon\u0119 Latvijoje prie\u0161 Ukrain\u0105-<\/a><a href=\"https:\/\/becid.ut.ee\/wp-content\/uploads\/2025\/06\/D2.5-How-a-Russian-troll-factory-planned-to-turn-public-opinion-in-Latvia-against-Ukraine-.pdf\" class=\"wp-block-file__button wp-element-button\" download=\"\" aria-describedby=\"wp-block-file--media-b5e907a6-30fc-4b8e-a2e6-9437bc1fb18f\">Atsisi\u0173sti<\/a><\/div>\n","protected":false},"excerpt":{"rendered":"<p>Tartu universiteto (UTARTU) koordinuojamo ES finansuojamo projekto, kurio ID 118471, D2.5 dalis. Originalus tekstas: https: \/\/en.rebaltica.lv\/2024\/10\/confrontation-with-russia-leads-to-poverty-how-a-russian-troll-factory-planned-to-turn-public-opinion-in-latvia-against-ukraine\/<\/p>\n","protected":false},"author":1,"featured_media":0,"parent":0,"menu_order":0,"comment_status":"closed","ping_status":"closed","template":"","meta":{"_price":"","_stock":"","_tribe_ticket_header":"","_tribe_default_ticket_provider":"","_tribe_ticket_capacity":"0","_ticket_start_date":"","_ticket_end_date":"","_tribe_ticket_show_description":"","_tribe_ticket_show_not_going":false,"_tribe_ticket_use_global_stock":"","_tribe_ticket_global_stock_level":"","_global_stock_mode":"","_global_stock_cap":"","_tribe_rsvp_for_event":"","_tribe_ticket_going_count":"","_tribe_ticket_not_going_count":"","_tribe_tickets_list":"[]","_tribe_ticket_has_attendee_info_fields":false,"_EventAllDay":false,"_EventTimezone":"","_EventStartDate":"","_EventEndDate":"","_EventStartDateUTC":"","_EventEndDateUTC":"","_EventShowMap":false,"_EventShowMapLink":false,"_EventURL":"","_EventCost":"","_EventCostDescription":"","_EventCurrencySymbol":"","_EventCurrencyCode":"","_EventCurrencyPosition":"","_EventDateTimeSeparator":"","_EventTimeRangeSeparator":"","_EventOrganizerID":[],"_EventVenueID":[],"_OrganizerEmail":"","_OrganizerPhone":"","_OrganizerWebsite":"","_VenueAddress":"","_VenueCity":"","_VenueCountry":"","_VenueProvince":"","_VenueState":"","_VenueZip":"","_VenuePhone":"","_VenueURL":"","_VenueStateProvince":"","_VenueLat":"","_VenueLng":"","_VenueShowMap":false,"_VenueShowMapLink":false,"_themeisle_gutenberg_block_has_review":false,"footnotes":"","_tec_slr_enabled":"","_tec_slr_layout":""},"class_list":["post-2700","page","type-page","status-publish","hentry"],"ticketed":false,"_links":{"self":[{"href":"https:\/\/becid.ut.ee\/lt\/wp-json\/wp\/v2\/pages\/2700","targetHints":{"allow":["GET"]}}],"collection":[{"href":"https:\/\/becid.ut.ee\/lt\/wp-json\/wp\/v2\/pages"}],"about":[{"href":"https:\/\/becid.ut.ee\/lt\/wp-json\/wp\/v2\/types\/page"}],"author":[{"embeddable":true,"href":"https:\/\/becid.ut.ee\/lt\/wp-json\/wp\/v2\/users\/1"}],"replies":[{"embeddable":true,"href":"https:\/\/becid.ut.ee\/lt\/wp-json\/wp\/v2\/comments?post=2700"}],"version-history":[{"count":2,"href":"https:\/\/becid.ut.ee\/lt\/wp-json\/wp\/v2\/pages\/2700\/revisions"}],"predecessor-version":[{"id":3591,"href":"https:\/\/becid.ut.ee\/lt\/wp-json\/wp\/v2\/pages\/2700\/revisions\/3591"}],"wp:attachment":[{"href":"https:\/\/becid.ut.ee\/lt\/wp-json\/wp\/v2\/media?parent=2700"}],"curies":[{"name":"wp","href":"https:\/\/api.w.org\/{rel}","templated":true}]}}