{"id":2704,"date":"2025-06-27T12:08:04","date_gmt":"2025-06-27T12:08:04","guid":{"rendered":"https:\/\/becid.ut.ee\/kremlin-propaganda-revives-as-neutral-youtube-channels-amid-claims-of-baltic-migration\/"},"modified":"2025-07-24T14:04:27","modified_gmt":"2025-07-24T14:04:27","slug":"kremlin-propaganda-revives-as-neutral-youtube-channels-amid-claims-of-baltic-migration","status":"publish","type":"page","link":"https:\/\/becid.ut.ee\/lt\/kremlin-propaganda-revives-as-neutral-youtube-channels-amid-claims-of-baltic-migration\/","title":{"rendered":"Kremliaus propaganda atgimsta kaip &#8222;neutral\u016bs&#8221; &#8222;YouTube&#8221; kanalai, pasigirdus teiginiams apie migracij\u0105 i\u0161 Baltijos \u0161ali\u0173"},"content":{"rendered":"\n<div style=\"height:100px\" aria-hidden=\"true\" class=\"wp-block-spacer\"><\/div>\n\n<figure class=\"wp-block-image alignwide size-large\"><img loading=\"lazy\" decoding=\"async\" width=\"1440\" height=\"809\" src=\"https:\/\/becid.ut.ee\/wp-content\/uploads\/2025\/06\/BECID-Studies-and-results-SVG-3.svg\" alt=\"\" class=\"wp-image-1668\"\/><\/figure>\n\n<p>Tartu universiteto (UTARTU) koordinuojamo ES finansuojamo projekto, kurio ID 118471, D2.3 dalis.<\/p>\n\n<p>Originalus tekstas: https: <a href=\"https:\/\/en.rebaltica.lv\/2025\/01\/kremlin-propaganda-revives-as-neutral-youtube-channels-amid-claims-of-baltic-migration\/\" target=\"_blank\" rel=\"noreferrer noopener\">\/\/en.rebaltica.lv\/2025\/01\/kremlin-propaganda-revives-as-neutral-youtube-channels-amid-claims-of-baltic-migration\/<\/a><\/p>\n\n<div data-wp-interactive=\"core\/file\" class=\"wp-block-file\"><object data-wp-bind--hidden=\"!state.hasPdfPreview\" hidden class=\"wp-block-file__embed\" data=\"https:\/\/becid.ut.ee\/wp-content\/uploads\/2025\/06\/Kremlin-Propaganda-Revives-as-&#x2018;Neutral-YouTube-Channels-Amid-Claims-of-Baltic-Migration.pdf\" type=\"application\/pdf\" style=\"width:100%;height:600px\" aria-label=\"Kremlin-Propaganda-Revives-as-\u2018Neutral-YouTube-Channels-Amid-Claims-of-Baltic-Migration \u012fterpimas.\"><\/object><a id=\"wp-block-file--media-68958f47-10df-4074-99cc-f48d6c1289ac\" href=\"https:\/\/becid.ut.ee\/wp-content\/uploads\/2025\/06\/Kremlin-Propaganda-Revives-as-&#x2018;Neutral-YouTube-Channels-Amid-Claims-of-Baltic-Migration.pdf\">Kremliaus propaganda-atsinaujina-kaip-&#8222;neutral\u016bs-YouTube-kanalai-prie\u0161-skundus-apie-Baltijos-emigracij\u0105<\/a><a href=\"https:\/\/becid.ut.ee\/wp-content\/uploads\/2025\/06\/Kremlin-Propaganda-Revives-as-&#x2018;Neutral-YouTube-Channels-Amid-Claims-of-Baltic-Migration.pdf\" class=\"wp-block-file__button wp-element-button\" download=\"\" aria-describedby=\"wp-block-file--media-68958f47-10df-4074-99cc-f48d6c1289ac\">Atsisi\u0173sti<\/a><\/div>\n","protected":false},"excerpt":{"rendered":"<p>Tartu universiteto (UTARTU) koordinuojamo ES finansuojamo projekto, kurio ID 118471, D2.3 dalis. Originalus tekstas: https: \/\/en.rebaltica.lv\/2025\/01\/kremlin-propaganda-revives-as-neutral-youtube-channels-amid-claims-of-baltic-migration\/<\/p>\n","protected":false},"author":1,"featured_media":0,"parent":0,"menu_order":0,"comment_status":"closed","ping_status":"closed","template":"","meta":{"_price":"","_stock":"","_tribe_ticket_header":"","_tribe_default_ticket_provider":"","_tribe_ticket_capacity":"0","_ticket_start_date":"","_ticket_end_date":"","_tribe_ticket_show_description":"","_tribe_ticket_show_not_going":false,"_tribe_ticket_use_global_stock":"","_tribe_ticket_global_stock_level":"","_global_stock_mode":"","_global_stock_cap":"","_tribe_rsvp_for_event":"","_tribe_ticket_going_count":"","_tribe_ticket_not_going_count":"","_tribe_tickets_list":"[]","_tribe_ticket_has_attendee_info_fields":false,"_EventAllDay":false,"_EventTimezone":"","_EventStartDate":"","_EventEndDate":"","_EventStartDateUTC":"","_EventEndDateUTC":"","_EventShowMap":false,"_EventShowMapLink":false,"_EventURL":"","_EventCost":"","_EventCostDescription":"","_EventCurrencySymbol":"","_EventCurrencyCode":"","_EventCurrencyPosition":"","_EventDateTimeSeparator":"","_EventTimeRangeSeparator":"","_EventOrganizerID":[],"_EventVenueID":[],"_OrganizerEmail":"","_OrganizerPhone":"","_OrganizerWebsite":"","_VenueAddress":"","_VenueCity":"","_VenueCountry":"","_VenueProvince":"","_VenueState":"","_VenueZip":"","_VenuePhone":"","_VenueURL":"","_VenueStateProvince":"","_VenueLat":"","_VenueLng":"","_VenueShowMap":false,"_VenueShowMapLink":false,"_themeisle_gutenberg_block_has_review":false,"footnotes":"","_tec_slr_enabled":"","_tec_slr_layout":""},"class_list":["post-2704","page","type-page","status-publish","hentry"],"ticketed":false,"_links":{"self":[{"href":"https:\/\/becid.ut.ee\/lt\/wp-json\/wp\/v2\/pages\/2704","targetHints":{"allow":["GET"]}}],"collection":[{"href":"https:\/\/becid.ut.ee\/lt\/wp-json\/wp\/v2\/pages"}],"about":[{"href":"https:\/\/becid.ut.ee\/lt\/wp-json\/wp\/v2\/types\/page"}],"author":[{"embeddable":true,"href":"https:\/\/becid.ut.ee\/lt\/wp-json\/wp\/v2\/users\/1"}],"replies":[{"embeddable":true,"href":"https:\/\/becid.ut.ee\/lt\/wp-json\/wp\/v2\/comments?post=2704"}],"version-history":[{"count":2,"href":"https:\/\/becid.ut.ee\/lt\/wp-json\/wp\/v2\/pages\/2704\/revisions"}],"predecessor-version":[{"id":3762,"href":"https:\/\/becid.ut.ee\/lt\/wp-json\/wp\/v2\/pages\/2704\/revisions\/3762"}],"wp:attachment":[{"href":"https:\/\/becid.ut.ee\/lt\/wp-json\/wp\/v2\/media?parent=2704"}],"curies":[{"name":"wp","href":"https:\/\/api.w.org\/{rel}","templated":true}]}}