{"id":2708,"date":"2025-06-27T12:06:10","date_gmt":"2025-06-27T12:06:10","guid":{"rendered":"https:\/\/becid.ut.ee\/activities-to-increase-information-resilience-among-russian-speaking-baltic-residents\/"},"modified":"2025-07-24T13:41:49","modified_gmt":"2025-07-24T13:41:49","slug":"activities-to-increase-information-resilience-among-russian-speaking-baltic-residents","status":"publish","type":"page","link":"https:\/\/becid.ut.ee\/lt\/activities-to-increase-information-resilience-among-russian-speaking-baltic-residents\/","title":{"rendered":"Rusakalbi\u0173 Baltijos \u0161ali\u0173 gyventoj\u0173 informacinio atsparumo didinimo veikla"},"content":{"rendered":"\n<div style=\"height:100px\" aria-hidden=\"true\" class=\"wp-block-spacer\"><\/div>\n\n<figure class=\"wp-block-image alignwide size-large\"><img loading=\"lazy\" decoding=\"async\" width=\"1440\" height=\"809\" src=\"https:\/\/becid.ut.ee\/wp-content\/uploads\/2025\/06\/BECID-Studies-and-results-SVG-3-1.svg\" alt=\"\" class=\"wp-image-1680\"\/><\/figure>\n\n<p>Tartu universiteto (UTARTU) koordinuojamo ES finansuojamo projekto, kurio ID 118471, 4.4 rezultatas.<\/p>\n\n<p class=\"has-text-align-center\"><strong>Inger Klesment<\/strong> | Tartu universitetas<br\/> Gretel<strong>Juhansoo<\/strong> | Tartu universitetas<br\/> Auks\u0117<strong>Bal\u010dytien\u0117<\/strong> | Vytauto Did\u017eiojo universitetas<br\/><strong>Kristina Jurait\u0117 <\/strong>| Vytauto Did\u017eiojo universitetas<br\/> L\u0101sma<strong>Antonevi\u010da<\/strong> | Baltic Center for Media Excellence<\/p>\n\n<p>Baltijos \u0161alyse &#8211; Latvijoje, Estijoje ir Lietuvoje &#8211; gyvena gausios tautini\u0173 ma\u017eum\u0173 bendruomen\u0117s, ypa\u010d prie rytini\u0173 sien\u0173 su Rusija ir Baltarusija. \u0160ie regionai istori\u0161kai buvo \u012fvairios etnin\u0117s sud\u0117ties teritorijos, kuriose gyveno daug rusakalbi\u0173. Pavyzd\u017eiui, Latvijoje ma\u017eumos sudaro nema\u017e\u0105 gyventoj\u0173 dal\u012f. Did\u017eiausi\u0105 j\u0173 dal\u012f sudaro rusai (25,6 %), toliau seka baltarusiai (3,4 %), ukrainie\u010diai (2,3 %) ir lenkai (2,1 %). \u0160ios bendruomen\u0117s daugiausia gyvena \u0161alies pietry\u010diuose, ypa\u010d Latgalos regione, kuris ribojasi su Rusija ir Baltarusija. Estijoje taip pat gyvena nema\u017ea rusakalbi\u0173 ma\u017euma. Remiantis 2000 m. gyventoj\u0173 sura\u0161ymo duomenimis, rusai sudar\u0117 25,6 % gyventoj\u0173. \u0160ios bendruomen\u0117s daugiausia susitelkusios \u0161iaur\u0117s rytin\u0117je \u0161alies dalyje, ypa\u010d Ida-Viru apskrityje, esan\u010dioje palei Rusijos sien\u0105. Lietuvos tautini\u0173 ma\u017eum\u0173 sud\u0117t\u012f sudaro lenkai (6,7 %), rusai (6,3 %), baltarusiai (1,2 %), ukrainie\u010diai (0,7 %) ir \u017eydai (0,1 %). Lenk\u0173 ir rus\u0173 bendruomen\u0117s daugiausia gyvena pietrytiniuose regionuose, prie sien\u0173 su Baltarusija ir Rusijos Kaliningrado eksklavu.         <\/p>\n\n<p>\u0160ios ma\u017eum\u0173 bendruomen\u0117s, ypa\u010d esan\u010dios netoli Rusijos ir Baltarusijos sien\u0173, yra ypa\u010d jautrios dezinformacijos kampanijoms. \u0160\u012f pa\u017eeid\u017eiamum\u0105 lemia \u0161ie veiksniai: kalbiniai ir kult\u016briniai ry\u0161iai su Rusija, \u017einiasklaidos rus\u0173 kalba vartojimas ir istoriniai pasakojimai. Dezinformacijos pastangos da\u017enai pasinaudoja \u0161iais ry\u0161iais, kad paskleist\u0173 pasakojimus, kurie gali pakirsti pasitik\u0117jim\u0105 vietos institucijomis ir skatinti prorusi\u0161kas nuotaikas.  <\/p>\n\n<p>Reaguodamos \u012f tai, Baltijos \u0161alys \u012fgyvendino \u012fvairias kovos su dezinformacija strategijas. Tarp j\u0173 &#8211; \u017einiasklaidos ra\u0161tingumo skatinimas, nepriklausomos \u017eurnalistikos r\u0117mimas ir bendradarbiavimas su ma\u017eum\u0173 bendruomen\u0117mis, siekiant didinti atsparum\u0105 manipuliavimui informacija. \u0160ioms pastangoms sustiprinti buvo sukurtas regioninis bendradarbiavimas, pavyzd\u017eiui, BECID.  <\/p>\n\n<p>\u0160i ataskaita &#8211; tai 4.4 u\u017eduoties rezultatas, prie kurio prisid\u0117jo trys BECID partneriai: UTARTU, VDU ir BCME. \u0160ia u\u017eduotimi buvo siekiama parengti \u017einiasklaidos priemoni\u0173 naudojimo ra\u0161tingumo kampanij\u0105, kuri sustiprint\u0173 Baltijos \u0161ali\u0173 rusakalbi\u0173 gyventoj\u0173, ypa\u010d pa\u017eeid\u017eiam\u0173 valstyb\u0117s remiam\u0173 dezinformacijos kampanij\u0173, informacin\u012f atsparum\u0105 ir paskatint\u0173 j\u0173 pilietin\u012f aktyvum\u0105. <\/p>\n\n<p>Siekdamos atsi\u017evelgti \u012f ankstesniuose ataskaitos skyriuose nurodytus Baltijos \u0161ali\u0173 statistinius duomenis ir regioninius skirtumus, kiekviena \u0161alis partner\u0117 pareng\u0117 specialiai pritaikytus veiksm\u0173 planus, kuriais siekiama veiksmingai pasiekti rusakalbius gyventojus ir (arba) konkre\u010dias tikslines grupes atitinkamuose regionuose. Kiekviena \u0161alis taip pat pareng\u0117 specialiai pritaikyt\u0105 med\u017eiag\u0105 ir atnaujino pristatymus, kad atspind\u0117t\u0173 unikali\u0105 patirt\u012f, poreikius, i\u0161\u0161\u016bkius ir situacinius veiksnius, su kuriais susid\u016br\u0117 \u012fgyvendindama WP4.4 veikl\u0105. <\/p>\n\n<div data-wp-interactive=\"core\/file\" class=\"wp-block-file\"><object data-wp-bind--hidden=\"!state.hasPdfPreview\" hidden class=\"wp-block-file__embed\" data=\"https:\/\/becid.ut.ee\/wp-content\/uploads\/2025\/06\/D4.4-Activities-to-increase-information-resilience-among-Russian-speaking-Baltic-resident-27.02.2025.pdf\" type=\"application\/pdf\" style=\"width:100%;height:600px\" aria-label=\"D4.4-Activities-to-increase-information-resilience-among-Russian-speaking-Baltic-resident-27.02.2025 \u012fterpimas.\"><\/object><a id=\"wp-block-file--media-b089c935-af5d-44fa-9bd4-ef91076c3168\" href=\"https:\/\/becid.ut.ee\/wp-content\/uploads\/2025\/06\/D4.4-Activities-to-increase-information-resilience-among-Russian-speaking-Baltic-resident-27.02.2025.pdf\">D4.4-Veikla, skirta didinti rusakalbi\u0173 Baltijos \u0161ali\u0173 gyventoj\u0173 atsparum\u0105 informacin\u0117ms priemon\u0117ms-27.02.2025<\/a><a href=\"https:\/\/becid.ut.ee\/wp-content\/uploads\/2025\/06\/D4.4-Activities-to-increase-information-resilience-among-Russian-speaking-Baltic-resident-27.02.2025.pdf\" class=\"wp-block-file__button wp-element-button\" download=\"\" aria-describedby=\"wp-block-file--media-b089c935-af5d-44fa-9bd4-ef91076c3168\">Atsisi\u0173sti<\/a><\/div>\n","protected":false},"excerpt":{"rendered":"<p>Tartu universiteto (UTARTU) koordinuojamo ES finansuojamo projekto, kurio ID 118471, 4.4 rezultatas. Inger Klesment | Tartu universitetas GretelJuhansoo | Tartu universitetas Auks\u0117Bal\u010dytien\u0117 | Vytauto Did\u017eiojo universitetasKristina Jurait\u0117 | Vytauto Did\u017eiojo [&hellip;]<\/p>\n","protected":false},"author":1,"featured_media":0,"parent":0,"menu_order":0,"comment_status":"closed","ping_status":"closed","template":"","meta":{"_price":"","_stock":"","_tribe_ticket_header":"","_tribe_default_ticket_provider":"","_tribe_ticket_capacity":"0","_ticket_start_date":"","_ticket_end_date":"","_tribe_ticket_show_description":"","_tribe_ticket_show_not_going":false,"_tribe_ticket_use_global_stock":"","_tribe_ticket_global_stock_level":"","_global_stock_mode":"","_global_stock_cap":"","_tribe_rsvp_for_event":"","_tribe_ticket_going_count":"","_tribe_ticket_not_going_count":"","_tribe_tickets_list":"[]","_tribe_ticket_has_attendee_info_fields":false,"_EventAllDay":false,"_EventTimezone":"","_EventStartDate":"","_EventEndDate":"","_EventStartDateUTC":"","_EventEndDateUTC":"","_EventShowMap":false,"_EventShowMapLink":false,"_EventURL":"","_EventCost":"","_EventCostDescription":"","_EventCurrencySymbol":"","_EventCurrencyCode":"","_EventCurrencyPosition":"","_EventDateTimeSeparator":"","_EventTimeRangeSeparator":"","_EventOrganizerID":[],"_EventVenueID":[],"_OrganizerEmail":"","_OrganizerPhone":"","_OrganizerWebsite":"","_VenueAddress":"","_VenueCity":"","_VenueCountry":"","_VenueProvince":"","_VenueState":"","_VenueZip":"","_VenuePhone":"","_VenueURL":"","_VenueStateProvince":"","_VenueLat":"","_VenueLng":"","_VenueShowMap":false,"_VenueShowMapLink":false,"_themeisle_gutenberg_block_has_review":false,"footnotes":"","_tec_slr_enabled":"","_tec_slr_layout":""},"class_list":["post-2708","page","type-page","status-publish","hentry"],"ticketed":false,"_links":{"self":[{"href":"https:\/\/becid.ut.ee\/lt\/wp-json\/wp\/v2\/pages\/2708","targetHints":{"allow":["GET"]}}],"collection":[{"href":"https:\/\/becid.ut.ee\/lt\/wp-json\/wp\/v2\/pages"}],"about":[{"href":"https:\/\/becid.ut.ee\/lt\/wp-json\/wp\/v2\/types\/page"}],"author":[{"embeddable":true,"href":"https:\/\/becid.ut.ee\/lt\/wp-json\/wp\/v2\/users\/1"}],"replies":[{"embeddable":true,"href":"https:\/\/becid.ut.ee\/lt\/wp-json\/wp\/v2\/comments?post=2708"}],"version-history":[{"count":6,"href":"https:\/\/becid.ut.ee\/lt\/wp-json\/wp\/v2\/pages\/2708\/revisions"}],"predecessor-version":[{"id":3624,"href":"https:\/\/becid.ut.ee\/lt\/wp-json\/wp\/v2\/pages\/2708\/revisions\/3624"}],"wp:attachment":[{"href":"https:\/\/becid.ut.ee\/lt\/wp-json\/wp\/v2\/media?parent=2708"}],"curies":[{"name":"wp","href":"https:\/\/api.w.org\/{rel}","templated":true}]}}