{"id":2722,"date":"2025-06-27T11:57:28","date_gmt":"2025-06-27T11:57:28","guid":{"rendered":"https:\/\/becid.ut.ee\/becid-year-2-report-2024\/"},"modified":"2025-07-24T13:46:37","modified_gmt":"2025-07-24T13:46:37","slug":"becid-year-2-report-2024","status":"publish","type":"page","link":"https:\/\/becid.ut.ee\/lt\/becid-year-2-report-2024\/","title":{"rendered":"BECID 2 met\u0173 ataskaita (2024 m.)"},"content":{"rendered":"\n<p>Antroji Tartu universiteto (UTARTU) koordinuojamo ES finansuojamo projekto, kurio identifikacinis numeris 118471, 1.1 rezultato dalis.<\/p>\n\n<p>BECID antr\u0173j\u0173 met\u0173 ataskaitoje i\u0161samiai ap\u017evelgiamos Baltijos \u0161ali\u0173 kovos su informaciniais sutrikimais centro iniciatyvos ir pasiekimai. Jame aptariamos \u012fvairios sritys, pavyzd\u017eiui, projekt\u0173 valdymas, fakt\u0173 tikrinimo veikla Baltijos \u0161alyse, moksliniai tyrimai ir analiz\u0117, \u017einiasklaidos priemoni\u0173 naudojimo ra\u0161tingumo iniciatyvos ir svarbiausi student\u0173 mokslini\u0173 tyrim\u0173 rezultatai. Kai kurie svarbiausi aspektai apima novatori\u0161k\u0105 po\u017ei\u016br\u012f \u012f skaitmenin\u0117s \u017einiasklaidos priemoni\u0173 naudojimo ra\u0161tingum\u0105, \u0161vietimo program\u0173 ir seminar\u0173 rengim\u0105 bei bendradarbiavim\u0105 su \u012fvairiomis nacionalin\u0117mis institucijomis ir organizacijomis. Ataskaitoje pateikiama verting\u0173 \u012f\u017evalg\u0173 apie kov\u0105 su informaciniais sutrikimais Estijoje, Latvijoje ir Lietuvoje, i\u0161ry\u0161kinama didel\u0117 pa\u017eanga ir ateities strategijos.<\/p>\n\n<div data-wp-interactive=\"core\/file\" class=\"wp-block-file\"><object data-wp-bind--hidden=\"!state.hasPdfPreview\" hidden class=\"wp-block-file__embed\" data=\"https:\/\/becid.ut.ee\/wp-content\/uploads\/2025\/06\/D1.1-BECID-2024-report_EN_01_04.pdf\" type=\"application\/pdf\" style=\"width:100%;height:600px\" aria-label=\"D1.1-BECID-2024-report_EN_01_04 \u012fterpimas.\"><\/object><a id=\"wp-block-file--media-c54d9685-ddf9-41cb-b63c-0c3e8adbb53d\" href=\"https:\/\/becid.ut.ee\/wp-content\/uploads\/2025\/06\/D1.1-BECID-2024-report_EN_01_04.pdf\">D1.1-BECID-2024-report_EN_01_04<\/a><a href=\"https:\/\/becid.ut.ee\/wp-content\/uploads\/2025\/06\/D1.1-BECID-2024-report_EN_01_04.pdf\" class=\"wp-block-file__button wp-element-button\" download=\"\" aria-describedby=\"wp-block-file--media-c54d9685-ddf9-41cb-b63c-0c3e8adbb53d\">Atsisi\u0173sti<\/a><\/div>\n","protected":false},"excerpt":{"rendered":"<p>Antroji Tartu universiteto (UTARTU) koordinuojamo ES finansuojamo projekto, kurio identifikacinis numeris 118471, 1.1 rezultato dalis. BECID antr\u0173j\u0173 met\u0173 ataskaitoje i\u0161samiai ap\u017evelgiamos Baltijos \u0161ali\u0173 kovos su informaciniais sutrikimais centro iniciatyvos ir [&hellip;]<\/p>\n","protected":false},"author":1,"featured_media":0,"parent":0,"menu_order":0,"comment_status":"closed","ping_status":"closed","template":"","meta":{"_price":"","_stock":"","_tribe_ticket_header":"","_tribe_default_ticket_provider":"","_tribe_ticket_capacity":"0","_ticket_start_date":"","_ticket_end_date":"","_tribe_ticket_show_description":"","_tribe_ticket_show_not_going":false,"_tribe_ticket_use_global_stock":"","_tribe_ticket_global_stock_level":"","_global_stock_mode":"","_global_stock_cap":"","_tribe_rsvp_for_event":"","_tribe_ticket_going_count":"","_tribe_ticket_not_going_count":"","_tribe_tickets_list":"[]","_tribe_ticket_has_attendee_info_fields":false,"_EventAllDay":false,"_EventTimezone":"","_EventStartDate":"","_EventEndDate":"","_EventStartDateUTC":"","_EventEndDateUTC":"","_EventShowMap":false,"_EventShowMapLink":false,"_EventURL":"","_EventCost":"","_EventCostDescription":"","_EventCurrencySymbol":"","_EventCurrencyCode":"","_EventCurrencyPosition":"","_EventDateTimeSeparator":"","_EventTimeRangeSeparator":"","_EventOrganizerID":[],"_EventVenueID":[],"_OrganizerEmail":"","_OrganizerPhone":"","_OrganizerWebsite":"","_VenueAddress":"","_VenueCity":"","_VenueCountry":"","_VenueProvince":"","_VenueState":"","_VenueZip":"","_VenuePhone":"","_VenueURL":"","_VenueStateProvince":"","_VenueLat":"","_VenueLng":"","_VenueShowMap":false,"_VenueShowMapLink":false,"_themeisle_gutenberg_block_has_review":false,"footnotes":"","_tec_slr_enabled":"","_tec_slr_layout":""},"class_list":["post-2722","page","type-page","status-publish","hentry"],"ticketed":false,"_links":{"self":[{"href":"https:\/\/becid.ut.ee\/lt\/wp-json\/wp\/v2\/pages\/2722","targetHints":{"allow":["GET"]}}],"collection":[{"href":"https:\/\/becid.ut.ee\/lt\/wp-json\/wp\/v2\/pages"}],"about":[{"href":"https:\/\/becid.ut.ee\/lt\/wp-json\/wp\/v2\/types\/page"}],"author":[{"embeddable":true,"href":"https:\/\/becid.ut.ee\/lt\/wp-json\/wp\/v2\/users\/1"}],"replies":[{"embeddable":true,"href":"https:\/\/becid.ut.ee\/lt\/wp-json\/wp\/v2\/comments?post=2722"}],"version-history":[{"count":2,"href":"https:\/\/becid.ut.ee\/lt\/wp-json\/wp\/v2\/pages\/2722\/revisions"}],"predecessor-version":[{"id":3666,"href":"https:\/\/becid.ut.ee\/lt\/wp-json\/wp\/v2\/pages\/2722\/revisions\/3666"}],"wp:attachment":[{"href":"https:\/\/becid.ut.ee\/lt\/wp-json\/wp\/v2\/media?parent=2722"}],"curies":[{"name":"wp","href":"https:\/\/api.w.org\/{rel}","templated":true}]}}