{"id":2726,"date":"2025-06-27T11:55:04","date_gmt":"2025-06-27T11:55:04","guid":{"rendered":"https:\/\/becid.ut.ee\/report-on-disinformation-on-social-media-platforms-in-estonia-latvia-and-lithuania\/"},"modified":"2025-06-27T11:55:04","modified_gmt":"2025-06-27T11:55:04","slug":"report-on-disinformation-on-social-media-platforms-in-estonia-latvia-and-lithuania","status":"publish","type":"page","link":"https:\/\/becid.ut.ee\/lt\/report-on-disinformation-on-social-media-platforms-in-estonia-latvia-and-lithuania\/","title":{"rendered":"Report on Disinformation on Social Media Platforms in Estonia, Latvia, and Lithuania"},"content":{"rendered":"\n<div style=\"height:100px\" aria-hidden=\"true\" class=\"wp-block-spacer\"><\/div>\n\n\n\n<figure class=\"wp-block-image alignwide size-large\"><img loading=\"lazy\" decoding=\"async\" width=\"1440\" height=\"809\" src=\"https:\/\/becid.ut.ee\/wp-content\/uploads\/2025\/06\/BECID-Studies-and-results-SVG-7.svg\" alt=\"\" class=\"wp-image-1711\"\/><\/figure>\n\n\n\n<p>Deliverable 2.4 for the EU-funded project with the ID 118471, coordinated by the University of Tartu (UTARTU).<\/p>\n\n\n\n<p class=\"has-text-align-center\"><strong>Marta Vun\u0161&nbsp;<\/strong>| Delfi Estonia<br><strong>Mari-Liis Somelar&nbsp;<\/strong>| Delfi Estonia<br><strong>J\u0101nis Sildniks&nbsp;<\/strong>| Delfi Latvia<br><strong>Aist\u0117 Meidut\u0117<\/strong>&nbsp;| Delfi Lithuania<br><strong>Monika Jakim\u010duk\u0117<\/strong>&nbsp;| Delfi Lithuania<br><strong>Anastasija Tetarenko&nbsp;<\/strong>| Re:Baltica<\/p>\n\n\n\n<p>This report explores the role of social media platforms in shaping the information landscape in Estonia, Latvia, and Lithuania, with a focus on the spread of disinformation. We analyse media consumption trends, identifying key differences between national and linguistic groups. The report examines how disinformation circulates on major platforms, including Facebook, TikTok, Telegram, YouTube, and X (Twitter), highlighting common narratives and the most influential accounts spreading misleading content. Additionally, we assess the accountability of social media platforms, their moderation policies, and the challenges of combating disinformation in the region. The data used in this report was collected from September to October 2024.<\/p>\n\n\n\n<div data-wp-interactive=\"core\/file\" class=\"wp-block-file\"><object data-wp-bind--hidden=\"!state.hasPdfPreview\" hidden class=\"wp-block-file__embed\" data=\"https:\/\/becid.ut.ee\/wp-content\/uploads\/2025\/06\/T2.6-final.pdf\" type=\"application\/pdf\" style=\"width:100%;height:600px\" aria-label=\"T2.6-final \u012fterpimas.\"><\/object><a id=\"wp-block-file--media-a62cacb7-47ca-47a1-b66d-677110940b21\" href=\"https:\/\/becid.ut.ee\/wp-content\/uploads\/2025\/06\/T2.6-final.pdf\">T2.6-final<\/a><a href=\"https:\/\/becid.ut.ee\/wp-content\/uploads\/2025\/06\/T2.6-final.pdf\" class=\"wp-block-file__button wp-element-button\" download aria-describedby=\"wp-block-file--media-a62cacb7-47ca-47a1-b66d-677110940b21\">Download<\/a><\/div>\n","protected":false},"excerpt":{"rendered":"<p>Deliverable 2.4 for the EU-funded project with the ID 118471, coordinated by the University of Tartu (UTARTU). Marta Vun\u0161&nbsp;| Delfi EstoniaMari-Liis Somelar&nbsp;| Delfi EstoniaJ\u0101nis Sildniks&nbsp;| Delfi LatviaAist\u0117 Meidut\u0117&nbsp;| Delfi LithuaniaMonika [&hellip;]<\/p>\n","protected":false},"author":1,"featured_media":0,"parent":0,"menu_order":0,"comment_status":"closed","ping_status":"closed","template":"","meta":{"_price":"","_stock":"","_tribe_ticket_header":"","_tribe_default_ticket_provider":"","_tribe_ticket_capacity":"0","_ticket_start_date":"","_ticket_end_date":"","_tribe_ticket_show_description":"","_tribe_ticket_show_not_going":false,"_tribe_ticket_use_global_stock":"","_tribe_ticket_global_stock_level":"","_global_stock_mode":"","_global_stock_cap":"","_tribe_rsvp_for_event":"","_tribe_ticket_going_count":"","_tribe_ticket_not_going_count":"","_tribe_tickets_list":"[]","_tribe_ticket_has_attendee_info_fields":false,"_EventAllDay":false,"_EventTimezone":"","_EventStartDate":"","_EventEndDate":"","_EventStartDateUTC":"","_EventEndDateUTC":"","_EventShowMap":false,"_EventShowMapLink":false,"_EventURL":"","_EventCost":"","_EventCostDescription":"","_EventCurrencySymbol":"","_EventCurrencyCode":"","_EventCurrencyPosition":"","_EventDateTimeSeparator":"","_EventTimeRangeSeparator":"","_EventOrganizerID":[],"_EventVenueID":[],"_OrganizerEmail":"","_OrganizerPhone":"","_OrganizerWebsite":"","_VenueAddress":"","_VenueCity":"","_VenueCountry":"","_VenueProvince":"","_VenueState":"","_VenueZip":"","_VenuePhone":"","_VenueURL":"","_VenueStateProvince":"","_VenueLat":"","_VenueLng":"","_VenueShowMap":false,"_VenueShowMapLink":false,"_themeisle_gutenberg_block_has_review":false,"footnotes":"","_tec_slr_enabled":"","_tec_slr_layout":""},"class_list":["post-2726","page","type-page","status-publish","hentry"],"ticketed":false,"_links":{"self":[{"href":"https:\/\/becid.ut.ee\/lt\/wp-json\/wp\/v2\/pages\/2726","targetHints":{"allow":["GET"]}}],"collection":[{"href":"https:\/\/becid.ut.ee\/lt\/wp-json\/wp\/v2\/pages"}],"about":[{"href":"https:\/\/becid.ut.ee\/lt\/wp-json\/wp\/v2\/types\/page"}],"author":[{"embeddable":true,"href":"https:\/\/becid.ut.ee\/lt\/wp-json\/wp\/v2\/users\/1"}],"replies":[{"embeddable":true,"href":"https:\/\/becid.ut.ee\/lt\/wp-json\/wp\/v2\/comments?post=2726"}],"version-history":[{"count":0,"href":"https:\/\/becid.ut.ee\/lt\/wp-json\/wp\/v2\/pages\/2726\/revisions"}],"wp:attachment":[{"href":"https:\/\/becid.ut.ee\/lt\/wp-json\/wp\/v2\/media?parent=2726"}],"curies":[{"name":"wp","href":"https:\/\/api.w.org\/{rel}","templated":true}]}}