{"id":2746,"date":"2025-06-27T11:37:13","date_gmt":"2025-06-27T11:37:13","guid":{"rendered":"https:\/\/becid.ut.ee\/systematic-literature-reviews-on-the-state-of-the-art-on-disinformation\/"},"modified":"2025-06-27T11:37:13","modified_gmt":"2025-06-27T11:37:13","slug":"systematic-literature-reviews-on-the-state-of-the-art-on-disinformation","status":"publish","type":"page","link":"https:\/\/becid.ut.ee\/lt\/systematic-literature-reviews-on-the-state-of-the-art-on-disinformation\/","title":{"rendered":"Systematic Literature Reviews On The State Of The Art On Disinformation"},"content":{"rendered":"\n<div style=\"height:100px\" aria-hidden=\"true\" class=\"wp-block-spacer\"><\/div>\n\n\n\n<figure class=\"wp-block-image size-large\"><img loading=\"lazy\" decoding=\"async\" width=\"1440\" height=\"809\" src=\"https:\/\/becid.ut.ee\/wp-content\/uploads\/2025\/06\/BECID-Studies-and-results-SVG-18.svg\" alt=\"\" class=\"wp-image-1857\"\/><\/figure>\n\n\n\n<p>Deliverable 3.1 for the EU-funded project with the ID 118471, coordinated by the University of Tartu (UTARTU).<\/p>\n\n\n\n<p><strong>Andra Siibak<\/strong>&nbsp;| Principal Investigator, UTARTU<br><strong>Andres K\u00f5nno&nbsp;<\/strong>| Senior Researcher, TLU<br><strong>Auks\u0117 Bal\u010dytien\u0117&nbsp;<\/strong>| Senior Researcher, VMU<br><strong>Dmytro Iarovyi&nbsp;<\/strong>| Junior Researcher, VMU<br><strong>J\u0101nis Buholcs<\/strong>&nbsp;| Senior Researcher, ViA<br><strong>Krista Lepik<\/strong>&nbsp;| Senior Researcher, UTARTU<br><strong>Kristina Jurait\u0117&nbsp;<\/strong>| Senior Researcher, VMU<br><strong>K\u00fclli-Riin Tigasson<\/strong>&nbsp;| Senior Researcher, TLU<br><strong>Maia Klaassen&nbsp;<\/strong>| Junior Researcher, VMU<br><strong>Marju Himma<\/strong>&nbsp;| Senior Researcher, UTARTU<br><strong>Ragne K\u00f5uts-Klemm&nbsp;<\/strong>| Senior Researcher, UTARTU<br><strong>Sten Torpan<\/strong>&nbsp;| Senior Researcher, UTARTU<br><strong>Vanessa Vortei<\/strong>l | Junior Researcher, VMU<br>\u2026with help and input from others in BECID\u2019s research team, led by BECID\u2019s Principal Investigator, Professor Andra Siibak, UTARTU.<\/p>\n\n\n\n<div data-wp-interactive=\"core\/file\" class=\"wp-block-file\"><object data-wp-bind--hidden=\"!state.hasPdfPreview\" hidden class=\"wp-block-file__embed\" data=\"https:\/\/becid.ut.ee\/wp-content\/uploads\/2025\/06\/D3.1-Report-on-the-State-of-the-Art-of-Lit-Reviews.pdf\" type=\"application\/pdf\" style=\"width:100%;height:600px\" aria-label=\"D3.1-Report-on-the-State-of-the-Art-of-Lit-Reviews \u012fterpimas.\"><\/object><a id=\"wp-block-file--media-331638b4-d7a6-4838-a28b-18fada91415a\" href=\"https:\/\/becid.ut.ee\/wp-content\/uploads\/2025\/06\/D3.1-Report-on-the-State-of-the-Art-of-Lit-Reviews.pdf\">D3.1-Report-on-the-State-of-the-Art-of-Lit-Reviews<\/a><a href=\"https:\/\/becid.ut.ee\/wp-content\/uploads\/2025\/06\/D3.1-Report-on-the-State-of-the-Art-of-Lit-Reviews.pdf\" class=\"wp-block-file__button wp-element-button\" download aria-describedby=\"wp-block-file--media-331638b4-d7a6-4838-a28b-18fada91415a\">Download<\/a><\/div>\n","protected":false},"excerpt":{"rendered":"<p>Deliverable 3.1 for the EU-funded project with the ID 118471, coordinated by the University of Tartu (UTARTU). Andra Siibak&nbsp;| Principal Investigator, UTARTUAndres K\u00f5nno&nbsp;| Senior Researcher, TLUAuks\u0117 Bal\u010dytien\u0117&nbsp;| Senior Researcher, VMUDmytro [&hellip;]<\/p>\n","protected":false},"author":1,"featured_media":0,"parent":0,"menu_order":0,"comment_status":"closed","ping_status":"closed","template":"","meta":{"_price":"","_stock":"","_tribe_ticket_header":"","_tribe_default_ticket_provider":"","_tribe_ticket_capacity":"0","_ticket_start_date":"","_ticket_end_date":"","_tribe_ticket_show_description":"","_tribe_ticket_show_not_going":false,"_tribe_ticket_use_global_stock":"","_tribe_ticket_global_stock_level":"","_global_stock_mode":"","_global_stock_cap":"","_tribe_rsvp_for_event":"","_tribe_ticket_going_count":"","_tribe_ticket_not_going_count":"","_tribe_tickets_list":"[]","_tribe_ticket_has_attendee_info_fields":false,"_EventAllDay":false,"_EventTimezone":"","_EventStartDate":"","_EventEndDate":"","_EventStartDateUTC":"","_EventEndDateUTC":"","_EventShowMap":false,"_EventShowMapLink":false,"_EventURL":"","_EventCost":"","_EventCostDescription":"","_EventCurrencySymbol":"","_EventCurrencyCode":"","_EventCurrencyPosition":"","_EventDateTimeSeparator":"","_EventTimeRangeSeparator":"","_EventOrganizerID":[],"_EventVenueID":[],"_OrganizerEmail":"","_OrganizerPhone":"","_OrganizerWebsite":"","_VenueAddress":"","_VenueCity":"","_VenueCountry":"","_VenueProvince":"","_VenueState":"","_VenueZip":"","_VenuePhone":"","_VenueURL":"","_VenueStateProvince":"","_VenueLat":"","_VenueLng":"","_VenueShowMap":false,"_VenueShowMapLink":false,"_themeisle_gutenberg_block_has_review":false,"footnotes":"","_tec_slr_enabled":"","_tec_slr_layout":""},"class_list":["post-2746","page","type-page","status-publish","hentry"],"ticketed":false,"_links":{"self":[{"href":"https:\/\/becid.ut.ee\/lt\/wp-json\/wp\/v2\/pages\/2746","targetHints":{"allow":["GET"]}}],"collection":[{"href":"https:\/\/becid.ut.ee\/lt\/wp-json\/wp\/v2\/pages"}],"about":[{"href":"https:\/\/becid.ut.ee\/lt\/wp-json\/wp\/v2\/types\/page"}],"author":[{"embeddable":true,"href":"https:\/\/becid.ut.ee\/lt\/wp-json\/wp\/v2\/users\/1"}],"replies":[{"embeddable":true,"href":"https:\/\/becid.ut.ee\/lt\/wp-json\/wp\/v2\/comments?post=2746"}],"version-history":[{"count":0,"href":"https:\/\/becid.ut.ee\/lt\/wp-json\/wp\/v2\/pages\/2746\/revisions"}],"wp:attachment":[{"href":"https:\/\/becid.ut.ee\/lt\/wp-json\/wp\/v2\/media?parent=2746"}],"curies":[{"name":"wp","href":"https:\/\/api.w.org\/{rel}","templated":true}]}}