{"id":2754,"date":"2025-06-27T09:57:29","date_gmt":"2025-06-27T09:57:29","guid":{"rendered":"https:\/\/becid.ut.ee\/analytical-reports-on-baltic-disinformation-trends\/"},"modified":"2025-07-24T13:42:23","modified_gmt":"2025-07-24T13:42:23","slug":"analytical-reports-on-baltic-disinformation-trends","status":"publish","type":"page","link":"https:\/\/becid.ut.ee\/lt\/analytical-reports-on-baltic-disinformation-trends\/","title":{"rendered":"Analitin\u0117s ataskaitos apie Baltijos \u0161ali\u0173 dezinformacijos tendencijas"},"content":{"rendered":"\n<div style=\"height:100px\" aria-hidden=\"true\" class=\"wp-block-spacer\"><\/div>\n\n<figure class=\"wp-block-image alignwide size-large\"><img loading=\"lazy\" decoding=\"async\" width=\"1440\" height=\"809\" src=\"https:\/\/becid.ut.ee\/wp-content\/uploads\/2025\/06\/BECID-Studies-and-results-SVG-17.svg\" alt=\"\" class=\"wp-image-1771\"\/><\/figure>\n\n<p>Tartu universiteto (UTARTU) koordinuojamo ES finansuojamo projekto, kurio ID 118471, 2.3 rezultatas.<\/p>\n\n<p><strong>Sanita Jemberga<\/strong> | Re:Baltica<\/p>\n\n<p>\u0160iame dokumente pateikiama de\u0161imt Baltijos \u0161ali\u0173 dezinformacijos ketvirtini\u0173 ap\u017evalg\u0173, kurias pagal BECID projekt\u0105 pareng\u0117 &#8222;Re:Baltica&#8221;, prireikus pasitelkusi Estijos ir Lietuvos fakt\u0173 tikrinimo partnerius. Juose buvo nagrin\u0117jamos arba regionin\u0117s tendencijos atitinkamame kvartale, arba unikal\u016bs rei\u0161kiniai, paliet\u0119 Baltijos \u0161alis ar platesn\u0119 Europ\u0105. \u0160iuose dokumentuose pateikiamos tyrim\u0173 santraukos ir i\u0161sam\u016bs tekstai, taip pat nuorodos \u012f originali\u0105 med\u017eiag\u0105. Jame n\u0117ra iliustracij\u0173 ir grafik\u0173, kuriuos galima rasti nuorodose \u012f originali\u0105 med\u017eiag\u0105.<\/p>\n\n<p>I\u0161 prad\u017ei\u0173 recenzijos buvo paskelbtos angl\u0173 kalba &#8222;Re:Baltica&#8221; ir BECID interneto svetain\u0117je. Toliau tarptautiniu mastu jie buvo perspausdinti EDMO interneto svetain\u0117je. Projekto partneriai Delfi.EE ir Delfi.LT pritaik\u0117 ir i\u0161 naujo paskelb\u0117 kai kuriuos i\u0161 j\u0173 est\u0173 ir lietuvi\u0173 kalbomis. &#8222;Re:Baltica&#8221; juos i\u0161vert\u0117 ir paskelb\u0117 latvi\u0173 kalba savo interneto svetain\u0117je ir per visuomenin\u012f transliuotoj\u0105. Juos galima gauti be mokamos sienos ir kiekviena \u017einiasklaidos organizacija gali juos laisvai perspausdinti.<\/p>\n\n<p>Kad pasiekt\u0173 platesn\u0119 auditorij\u0105, kai kurie i\u0161 j\u0173 v\u0117liau buvo paversti de\u0161im\u010dia podkast\u0173, kurie buvo transliuojami Delfi.EE svetain\u0117je est\u0173 kalba arba per Latvijos visuomenin\u012f transliuotoj\u0105 &#8222;Re:Baltica&#8221;. &#8222;Re:Baltica&#8221; pareng\u0117 laidas latvi\u0173 ir rus\u0173 kalbomis, kad pasiekt\u0173 vyresni\u0105j\u0105 kart\u0105, kuri nesinaudoja internetu kaip pagrindiniu informacijos \u0161altiniu.<\/p>\n\n<p>Dokumento pabaigoje pateiktoje sklaidos pastaboje i\u0161vardytos visos atitinkamos nuorodos, kuriomis, kiek mums \u017einoma, buvo perspausdinti ketvirtiniai leidiniai.<\/p>\n\n<div data-wp-interactive=\"core\/file\" class=\"wp-block-file\"><object data-wp-bind--hidden=\"!state.hasPdfPreview\" hidden class=\"wp-block-file__embed\" data=\"https:\/\/becid.ut.ee\/wp-content\/uploads\/2025\/06\/d2.3.pdf\" type=\"application\/pdf\" style=\"width:100%;height:600px\" aria-label=\"d2.3 \u012fterpimas.\"><\/object><a id=\"wp-block-file--media-1577149d-364a-40fc-ae17-7c39dc6e39aa\" href=\"https:\/\/becid.ut.ee\/wp-content\/uploads\/2025\/06\/d2.3.pdf\">d2.3<\/a><a href=\"https:\/\/becid.ut.ee\/wp-content\/uploads\/2025\/06\/d2.3.pdf\" class=\"wp-block-file__button wp-element-button\" download=\"\" aria-describedby=\"wp-block-file--media-1577149d-364a-40fc-ae17-7c39dc6e39aa\">Atsisi\u0173sti<\/a><\/div>\n","protected":false},"excerpt":{"rendered":"<p>Tartu universiteto (UTARTU) koordinuojamo ES finansuojamo projekto, kurio ID 118471, 2.3 rezultatas. Sanita Jemberga | Re:Baltica \u0160iame dokumente pateikiama de\u0161imt Baltijos \u0161ali\u0173 dezinformacijos ketvirtini\u0173 ap\u017evalg\u0173, kurias pagal BECID projekt\u0105 pareng\u0117 [&hellip;]<\/p>\n","protected":false},"author":1,"featured_media":0,"parent":0,"menu_order":0,"comment_status":"closed","ping_status":"closed","template":"","meta":{"_price":"","_stock":"","_tribe_ticket_header":"","_tribe_default_ticket_provider":"","_tribe_ticket_capacity":"0","_ticket_start_date":"","_ticket_end_date":"","_tribe_ticket_show_description":"","_tribe_ticket_show_not_going":false,"_tribe_ticket_use_global_stock":"","_tribe_ticket_global_stock_level":"","_global_stock_mode":"","_global_stock_cap":"","_tribe_rsvp_for_event":"","_tribe_ticket_going_count":"","_tribe_ticket_not_going_count":"","_tribe_tickets_list":"[]","_tribe_ticket_has_attendee_info_fields":false,"_EventAllDay":false,"_EventTimezone":"","_EventStartDate":"","_EventEndDate":"","_EventStartDateUTC":"","_EventEndDateUTC":"","_EventShowMap":false,"_EventShowMapLink":false,"_EventURL":"","_EventCost":"","_EventCostDescription":"","_EventCurrencySymbol":"","_EventCurrencyCode":"","_EventCurrencyPosition":"","_EventDateTimeSeparator":"","_EventTimeRangeSeparator":"","_EventOrganizerID":[],"_EventVenueID":[],"_OrganizerEmail":"","_OrganizerPhone":"","_OrganizerWebsite":"","_VenueAddress":"","_VenueCity":"","_VenueCountry":"","_VenueProvince":"","_VenueState":"","_VenueZip":"","_VenuePhone":"","_VenueURL":"","_VenueStateProvince":"","_VenueLat":"","_VenueLng":"","_VenueShowMap":false,"_VenueShowMapLink":false,"_themeisle_gutenberg_block_has_review":false,"footnotes":"","_tec_slr_enabled":"","_tec_slr_layout":""},"class_list":["post-2754","page","type-page","status-publish","hentry"],"ticketed":false,"_links":{"self":[{"href":"https:\/\/becid.ut.ee\/lt\/wp-json\/wp\/v2\/pages\/2754","targetHints":{"allow":["GET"]}}],"collection":[{"href":"https:\/\/becid.ut.ee\/lt\/wp-json\/wp\/v2\/pages"}],"about":[{"href":"https:\/\/becid.ut.ee\/lt\/wp-json\/wp\/v2\/types\/page"}],"author":[{"embeddable":true,"href":"https:\/\/becid.ut.ee\/lt\/wp-json\/wp\/v2\/users\/1"}],"replies":[{"embeddable":true,"href":"https:\/\/becid.ut.ee\/lt\/wp-json\/wp\/v2\/comments?post=2754"}],"version-history":[{"count":2,"href":"https:\/\/becid.ut.ee\/lt\/wp-json\/wp\/v2\/pages\/2754\/revisions"}],"predecessor-version":[{"id":3630,"href":"https:\/\/becid.ut.ee\/lt\/wp-json\/wp\/v2\/pages\/2754\/revisions\/3630"}],"wp:attachment":[{"href":"https:\/\/becid.ut.ee\/lt\/wp-json\/wp\/v2\/media?parent=2754"}],"curies":[{"name":"wp","href":"https:\/\/api.w.org\/{rel}","templated":true}]}}