{"id":2766,"date":"2025-06-27T09:46:09","date_gmt":"2025-06-27T09:46:09","guid":{"rendered":"https:\/\/becid.ut.ee\/is-tiktok-a-gateway-to-politics-in-the-baltics-for-now-only-in-latvia-february-2023\/"},"modified":"2025-07-24T14:00:30","modified_gmt":"2025-07-24T14:00:30","slug":"is-tiktok-a-gateway-to-politics-in-the-baltics-for-now-only-in-latvia-february-2023","status":"publish","type":"page","link":"https:\/\/becid.ut.ee\/lt\/is-tiktok-a-gateway-to-politics-in-the-baltics-for-now-only-in-latvia-february-2023\/","title":{"rendered":"Ar &#8222;TikTok&#8221; yra vartai \u012f politik\u0105 Baltijos \u0161alyse? Kol kas tik Latvijoje (2023 m. vasaris)"},"content":{"rendered":"\n<div style=\"height:100px\" aria-hidden=\"true\" class=\"wp-block-spacer\"><\/div>\n\n<figure class=\"wp-block-image alignwide size-large\"><img loading=\"lazy\" decoding=\"async\" width=\"285\" height=\"192\" src=\"https:\/\/becid.ut.ee\/wp-content\/uploads\/2025\/06\/BECID-BLOGI-PILDID-5.svg\" alt=\"\" class=\"wp-image-1424\"\/><\/figure>\n\n<p><strong>Ar &#8222;TikTok&#8221; yra vartai \u012f Baltijos \u0161ali\u0173 politik\u0105? Kol kas tik Latvijoje <\/strong><br\/><em>2023 m. vasaris<\/em><br\/>Autoriai: Inga Spri\u0146\u0123e (Re:Baltica), Aist\u0117 Meidut\u0117 (Delfi.lt) ir Kaili Malts (Delfi.ee)<br\/>ES finansuojamo projekto, kurio ID 118471 ir kur\u012f koordinuoja Tartu universitetas (UTARTU), D2.5 dalis.<\/p>\n\n<p>Nors \u012fprasta manyti, kad &#8222;TikTok&#8221; naudojasi tik jaunoji karta, &#8222;Re:Baltica&#8221; atlikta analiz\u0117 rodo, kad Latvijoje tai pakankamai galingas \u012frankis, kad populistai patekt\u0173 \u012f parlament\u0105.<\/p>\n\n<p>U\u017edarius Kremliaus televizijos kanalus, &#8222;TikTok&#8221; taip pat tapo derlinga dirva Kremliaus naratyvams. Latvijos valstyb\u0117s saugumo tarnyba prad\u0117jo septynis baud\u017eiamuosius tyrimus d\u0117l Maskvos palaikymo TikToke, o Lietuva ir Estija laikosi \u0161velnesnio po\u017ei\u016brio. <\/p>\n\n<p>Kod\u0117l taip, skaitykite Re:Baltica Baltijos \u0161ali\u0173 dezinformacijos ketvirtin\u0117je ap\u017evalgoje apie TikTok naudojim\u0105.<\/p>\n\n<p>Ataskait\u0105 skaitykite \u010dia: <a href=\"https:\/\/becid.eu\/wp-content\/uploads\/2024\/01\/2023_FEBRUARY_Is-TikTok-a-Gateway-to-Politics-in-the-Baltics_-For-Now-Only-in-Latvia-30012024.pdf\"><strong>2023_FEBRUARY_Is TikTok a Gateway to Politics in the Baltics_ For Now, Only in Latvia-30012024<\/strong><\/a><\/p>\n\n<p>Originalas:<mark style=\"background-color:rgba(0, 0, 0, 0);color:#ffcd05\" class=\"has-inline-color\"> <a href=\"https:\/\/en.rebaltica.lv\/2023\/02\/is-tiktok-a-gateway-to-politics-in-the-baltics-for-now-only-in-latvia\/\"><strong>https:\/\/en.rebaltica.lv\/2023\/02\/is-tiktok-a-gateway-to-politics-in-the-baltics-for-now-only-in-latvia\/<\/strong><\/a><\/mark><\/p>\n","protected":false},"excerpt":{"rendered":"<p>Ar &#8222;TikTok&#8221; yra vartai \u012f Baltijos \u0161ali\u0173 politik\u0105? Kol kas tik Latvijoje 2023 m. vasarisAutoriai: Inga Spri\u0146\u0123e (Re:Baltica), Aist\u0117 Meidut\u0117 (Delfi.lt) ir Kaili Malts (Delfi.ee)ES finansuojamo projekto, kurio ID 118471 [&hellip;]<\/p>\n","protected":false},"author":1,"featured_media":0,"parent":0,"menu_order":0,"comment_status":"closed","ping_status":"closed","template":"","meta":{"_price":"","_stock":"","_tribe_ticket_header":"","_tribe_default_ticket_provider":"","_tribe_ticket_capacity":"0","_ticket_start_date":"","_ticket_end_date":"","_tribe_ticket_show_description":"","_tribe_ticket_show_not_going":false,"_tribe_ticket_use_global_stock":"","_tribe_ticket_global_stock_level":"","_global_stock_mode":"","_global_stock_cap":"","_tribe_rsvp_for_event":"","_tribe_ticket_going_count":"","_tribe_ticket_not_going_count":"","_tribe_tickets_list":"[]","_tribe_ticket_has_attendee_info_fields":false,"_EventAllDay":false,"_EventTimezone":"","_EventStartDate":"","_EventEndDate":"","_EventStartDateUTC":"","_EventEndDateUTC":"","_EventShowMap":false,"_EventShowMapLink":false,"_EventURL":"","_EventCost":"","_EventCostDescription":"","_EventCurrencySymbol":"","_EventCurrencyCode":"","_EventCurrencyPosition":"","_EventDateTimeSeparator":"","_EventTimeRangeSeparator":"","_EventOrganizerID":[],"_EventVenueID":[],"_OrganizerEmail":"","_OrganizerPhone":"","_OrganizerWebsite":"","_VenueAddress":"","_VenueCity":"","_VenueCountry":"","_VenueProvince":"","_VenueState":"","_VenueZip":"","_VenuePhone":"","_VenueURL":"","_VenueStateProvince":"","_VenueLat":"","_VenueLng":"","_VenueShowMap":false,"_VenueShowMapLink":false,"_themeisle_gutenberg_block_has_review":false,"footnotes":"","_tec_slr_enabled":"","_tec_slr_layout":""},"class_list":["post-2766","page","type-page","status-publish","hentry"],"ticketed":false,"_links":{"self":[{"href":"https:\/\/becid.ut.ee\/lt\/wp-json\/wp\/v2\/pages\/2766","targetHints":{"allow":["GET"]}}],"collection":[{"href":"https:\/\/becid.ut.ee\/lt\/wp-json\/wp\/v2\/pages"}],"about":[{"href":"https:\/\/becid.ut.ee\/lt\/wp-json\/wp\/v2\/types\/page"}],"author":[{"embeddable":true,"href":"https:\/\/becid.ut.ee\/lt\/wp-json\/wp\/v2\/users\/1"}],"replies":[{"embeddable":true,"href":"https:\/\/becid.ut.ee\/lt\/wp-json\/wp\/v2\/comments?post=2766"}],"version-history":[{"count":4,"href":"https:\/\/becid.ut.ee\/lt\/wp-json\/wp\/v2\/pages\/2766\/revisions"}],"predecessor-version":[{"id":3760,"href":"https:\/\/becid.ut.ee\/lt\/wp-json\/wp\/v2\/pages\/2766\/revisions\/3760"}],"wp:attachment":[{"href":"https:\/\/becid.ut.ee\/lt\/wp-json\/wp\/v2\/media?parent=2766"}],"curies":[{"name":"wp","href":"https:\/\/api.w.org\/{rel}","templated":true}]}}