{"id":2798,"date":"2025-05-30T18:36:27","date_gmt":"2025-05-30T18:36:27","guid":{"rendered":"https:\/\/becid.ut.ee\/events-news\/"},"modified":"2025-07-24T14:07:39","modified_gmt":"2025-07-24T14:07:39","slug":"events-news","status":"publish","type":"page","link":"https:\/\/becid.ut.ee\/lt\/events-news\/","title":{"rendered":"Naujienos"},"content":{"rendered":"\n<figure class=\"wp-block-image alignfull size-large\"><img loading=\"lazy\" decoding=\"async\" width=\"450\" height=\"149\" src=\"https:\/\/becid.ut.ee\/wp-content\/uploads\/2025\/07\/Kuj.-Welcome-to-BECID-koopia-5.svg\" alt=\"\" class=\"wp-image-2454\"\/><\/figure>\n\n<p class=\"has-text-align-center has-normal-font-size\"><mark style=\"background-color:rgba(0, 0, 0, 0);color:#ffcd05\" class=\"has-inline-color\"><strong>Here you\u2019ll find the latest updates, events, and news related to the BECID project.<\/strong> <\/mark>Stay informed about our ongoing initiatives and upcoming activities. We regularly share insights, research highlights, and opportunities to get involved.<\/p>\n\n<div class=\"wp-block-group alignfull is-layout-constrained wp-container-core-group-is-layout-b1018d00 wp-block-group-is-layout-constrained\" style=\"margin-top:0px;margin-bottom:0px;padding-top:var(--wp--preset--spacing--80);padding-right:var(--wp--preset--spacing--40);padding-bottom:var(--wp--preset--spacing--80);padding-left:var(--wp--preset--spacing--40)\">\n<div class=\"wp-block-columns alignwide is-layout-flex wp-container-core-columns-is-layout-08c01c1c wp-block-columns-is-layout-flex\">\n<div class=\"wp-block-column is-layout-flow wp-container-core-column-is-layout-119bc444 wp-block-column-is-layout-flow\">\n<figure class=\"wp-block-image size-large size-full\"><a href=\"https:\/\/becid.ut.ee\/lt\/our-experts-share-strategies-to-combat-misinformation-online\/\"><img loading=\"lazy\" decoding=\"async\" width=\"1024\" height=\"724\" src=\"https:\/\/becid.ut.ee\/wp-content\/uploads\/2025\/07\/EVENTS-canv-1-1-1024x724.jpg\" alt=\"\" class=\"wp-image-3437\" srcset=\"https:\/\/becid.ut.ee\/wp-content\/uploads\/2025\/07\/EVENTS-canv-1-1-1024x724.jpg 1024w, https:\/\/becid.ut.ee\/wp-content\/uploads\/2025\/07\/EVENTS-canv-1-1-300x212.jpg 300w, https:\/\/becid.ut.ee\/wp-content\/uploads\/2025\/07\/EVENTS-canv-1-1-768x543.jpg 768w, https:\/\/becid.ut.ee\/wp-content\/uploads\/2025\/07\/EVENTS-canv-1-1-1536x1086.jpg 1536w, https:\/\/becid.ut.ee\/wp-content\/uploads\/2025\/07\/EVENTS-canv-1-1-2048x1448.jpg 2048w\" sizes=\"auto, (max-width: 1024px) 100vw, 1024px\" \/><\/a><\/figure>\n\n\n\n<h3 class=\"wp-block-heading has-text-align-center\"><strong><a href=\"https:\/\/becid.ut.ee\/our-experts-share-strategies-to-combat-misinformation-online\/\" data-type=\"page\" data-id=\"3447\"><mark style=\"background-color:rgba(0, 0, 0, 0);color:#ffcd05\" class=\"has-inline-color\">Our experts Share Strategies to Combat Misinformation Online<\/mark><\/a><\/strong><\/h3>\n<\/div>\n\n\n\n<div class=\"wp-block-column is-layout-flow wp-container-core-column-is-layout-119bc444 wp-block-column-is-layout-flow\">\n<figure class=\"wp-block-image size-large size-full\"><a href=\"https:\/\/becid.ut.ee\/lt\/becid-2-project-officially-kicks-off-on-july-1st\/\"><img loading=\"lazy\" decoding=\"async\" width=\"1024\" height=\"724\" src=\"https:\/\/becid.ut.ee\/wp-content\/uploads\/2025\/07\/EVENTS-canv-1-1024x724.jpg\" alt=\"\" class=\"wp-image-2503\" srcset=\"https:\/\/becid.ut.ee\/wp-content\/uploads\/2025\/07\/EVENTS-canv-1-1024x724.jpg 1024w, https:\/\/becid.ut.ee\/wp-content\/uploads\/2025\/07\/EVENTS-canv-1-300x212.jpg 300w, https:\/\/becid.ut.ee\/wp-content\/uploads\/2025\/07\/EVENTS-canv-1-768x543.jpg 768w, https:\/\/becid.ut.ee\/wp-content\/uploads\/2025\/07\/EVENTS-canv-1-1536x1086.jpg 1536w, https:\/\/becid.ut.ee\/wp-content\/uploads\/2025\/07\/EVENTS-canv-1-2048x1448.jpg 2048w\" sizes=\"auto, (max-width: 1024px) 100vw, 1024px\" \/><\/a><\/figure>\n\n\n\n<h3 class=\"wp-block-heading has-text-align-center\"><strong><a href=\"https:\/\/becid.ut.ee\/becid-2-project-officially-kicks-off-on-july-1st\/\" data-type=\"page\" data-id=\"1430\"><mark style=\"background-color:rgba(0, 0, 0, 0);color:#ffcd05\" class=\"has-inline-color\">BECID 2 Project Officially Kicks Off on July 1st<\/mark><\/a><\/strong><\/h3>\n<\/div>\n<\/div>\n<\/div>\n\n<div style=\"height:100px\" aria-hidden=\"true\" class=\"wp-block-spacer\"><\/div>\n\n<p class=\"has-text-align-center\"><a href=\"https:\/\/becid.ut.ee\/lt\/news-becid-i\/\" data-type=\"page\" data-id=\"209\"><mark style=\"background-color:rgba(0, 0, 0, 0);color:#ffcd05\" class=\"has-inline-color\">\u010cia<\/mark> <\/a>rasite su BECID 1 projektu susijusi\u0173 atnaujinim\u0173, rengini\u0173 ir naujien\u0173.<\/p>\n\n<p><\/p>\n","protected":false},"excerpt":{"rendered":"<p>Here you\u2019ll find the latest updates, events, and news related to the BECID project. Stay informed about our ongoing initiatives and upcoming activities. We regularly share insights, research highlights, and [&hellip;]<\/p>\n","protected":false},"author":1,"featured_media":0,"parent":0,"menu_order":0,"comment_status":"closed","ping_status":"closed","template":"","meta":{"_price":"","_stock":"","_tribe_ticket_header":"","_tribe_default_ticket_provider":"","_tribe_ticket_capacity":"0","_ticket_start_date":"","_ticket_end_date":"","_tribe_ticket_show_description":"","_tribe_ticket_show_not_going":false,"_tribe_ticket_use_global_stock":"","_tribe_ticket_global_stock_level":"","_global_stock_mode":"","_global_stock_cap":"","_tribe_rsvp_for_event":"","_tribe_ticket_going_count":"","_tribe_ticket_not_going_count":"","_tribe_tickets_list":"[]","_tribe_ticket_has_attendee_info_fields":false,"_EventAllDay":false,"_EventTimezone":"","_EventStartDate":"","_EventEndDate":"","_EventStartDateUTC":"","_EventEndDateUTC":"","_EventShowMap":false,"_EventShowMapLink":false,"_EventURL":"","_EventCost":"","_EventCostDescription":"","_EventCurrencySymbol":"","_EventCurrencyCode":"","_EventCurrencyPosition":"","_EventDateTimeSeparator":"","_EventTimeRangeSeparator":"","_EventOrganizerID":[],"_EventVenueID":[],"_OrganizerEmail":"","_OrganizerPhone":"","_OrganizerWebsite":"","_VenueAddress":"","_VenueCity":"","_VenueCountry":"","_VenueProvince":"","_VenueState":"","_VenueZip":"","_VenuePhone":"","_VenueURL":"","_VenueStateProvince":"","_VenueLat":"","_VenueLng":"","_VenueShowMap":false,"_VenueShowMapLink":false,"_themeisle_gutenberg_block_has_review":false,"footnotes":"","_tec_slr_enabled":"","_tec_slr_layout":""},"class_list":["post-2798","page","type-page","status-publish","hentry"],"ticketed":false,"_links":{"self":[{"href":"https:\/\/becid.ut.ee\/lt\/wp-json\/wp\/v2\/pages\/2798","targetHints":{"allow":["GET"]}}],"collection":[{"href":"https:\/\/becid.ut.ee\/lt\/wp-json\/wp\/v2\/pages"}],"about":[{"href":"https:\/\/becid.ut.ee\/lt\/wp-json\/wp\/v2\/types\/page"}],"author":[{"embeddable":true,"href":"https:\/\/becid.ut.ee\/lt\/wp-json\/wp\/v2\/users\/1"}],"replies":[{"embeddable":true,"href":"https:\/\/becid.ut.ee\/lt\/wp-json\/wp\/v2\/comments?post=2798"}],"version-history":[{"count":12,"href":"https:\/\/becid.ut.ee\/lt\/wp-json\/wp\/v2\/pages\/2798\/revisions"}],"predecessor-version":[{"id":3781,"href":"https:\/\/becid.ut.ee\/lt\/wp-json\/wp\/v2\/pages\/2798\/revisions\/3781"}],"wp:attachment":[{"href":"https:\/\/becid.ut.ee\/lt\/wp-json\/wp\/v2\/media?parent=2798"}],"curies":[{"name":"wp","href":"https:\/\/api.w.org\/{rel}","templated":true}]}}