{"id":3566,"date":"2025-07-15T05:34:55","date_gmt":"2025-07-15T05:34:55","guid":{"rendered":"https:\/\/becid.ut.ee\/our-experts-share-strategies-to-combat-misinformation-online\/"},"modified":"2025-07-24T14:28:31","modified_gmt":"2025-07-24T14:28:31","slug":"our-experts-share-strategies-to-combat-misinformation-online","status":"publish","type":"page","link":"https:\/\/becid.ut.ee\/lt\/our-experts-share-strategies-to-combat-misinformation-online\/","title":{"rendered":"M\u016bs\u0173 ekspertai dalijasi kovos su dezinformacija internete strategijomis"},"content":{"rendered":"\n<div style=\"height:100px\" aria-hidden=\"true\" class=\"wp-block-spacer\"><\/div>\n\n<figure class=\"wp-block-image alignfull size-large\"><img loading=\"lazy\" decoding=\"async\" width=\"450\" height=\"149\" src=\"https:\/\/becid.ut.ee\/wp-content\/uploads\/2025\/07\/Kuj.-Kuj.-Kuj.-Welcome-to-BECID-koopia-koopia-koopia-1-83d568.svg\" alt=\"\" class=\"wp-image-3453\"\/><\/figure>\n\n<h3 class=\"wp-block-heading has-normal-font-size\"><mark style=\"background-color:rgba(0, 0, 0, 0);color:#ffcd05\" class=\"has-inline-color\">M\u016bs\u0173 ekspert\u0117s Inger Klesment ir Maia Klaassen &#8222;Raadio 2&#8221; laidoje aptar\u0117 informacijos perkrovos poveik\u012f.<\/mark><\/h3>\n\n<p>Kiekvien\u0105 sekund\u0119 &#8222;Google&#8221; apdoroja beveik 100 000 paie\u0161kos u\u017eklaus\u0173. Tai sudaro ma\u017edaug 8,5 mlrd. paie\u0161k\u0173 per dien\u0105, t. y. stulbinantis informacijos kiekis, kuriuo naudojamasi vis\u0105 par\u0105. BECID ekspertai <mark style=\"background-color:rgba(0, 0, 0, 0);color:#ffcd05\" class=\"has-inline-color\"><strong>Inger Klesment<\/strong> <\/mark>ir <strong><mark style=\"background-color:rgba(0, 0, 0, 0);color:#ffcd05\" class=\"has-inline-color\">Maia Klaassen<\/mark><\/strong> prisijung\u0117 prie &#8222;Raadio 2&#8221; diskusijos, kad i\u0161siai\u0161kint\u0173, k\u0105 tai rei\u0161kia m\u016bs\u0173 protui &#8211; ir kod\u0117l turime rimtai vertinti informacinius sutrikimus.  <\/p>\n\n<p>&#8222;Google&#8221; paie\u0161kos sistema prad\u0117jo veikti 1998 m., o per 25 metus m\u016bs\u0173 smegenys tur\u0117jo prisitaikyti prie visi\u0161kai naujos realyb\u0117s &#8211; nuolatinio skaitmenin\u0117s informacijos srauto. Ta\u010diau daugiau informacijos ne visada rei\u0161kia daugiau ai\u0161kumo. Ties\u0105 sakant, ji gali sukelti painiav\u0105 ir net pakenkti.  <\/p>\n\n<p>Tartu universiteto jaunesnioji medij\u0173 ra\u0161tingumo tyr\u0117ja <strong>Maia Klaassen<\/strong>, viena i\u0161 naujai \u012fsteigto <strong>Baltijos \u0161ali\u0173 informacini\u0173 sutrikim\u0173 intervencijos centro<\/strong> varom\u0173j\u0173 j\u0117g\u0173, kartu su <strong>Inger Klesment<\/strong>, kuri \u0161iame centre daugiausia d\u0117mesio skiria medij\u0173 ra\u0161tingumo ugdymui, nu\u0161viet\u0117 vis did\u0117jant\u012f i\u0161\u0161\u016bk\u012f, susijus\u012f su orientavimusi \u0161iandienos skaitmenin\u0117je erdv\u0117je.<\/p>\n\n<p>J\u0173 pokalbis buvo specialios programos, sukurtos bendradarbiaujant su <strong>Estijos jaun\u0173j\u0173 moksl\u0173 akademija<\/strong>, dalis.<\/p>\n\n<p>Viso epizodo galite klausytis est\u0173 kalba <strong><a href=\"https:\/\/r2.err.ee\/1609741520\/puust-ja-punaseks-kliki-loe-eksle-elu-infoajastu-laburindis\" data-type=\"link\" data-id=\"https:\/\/r2.err.ee\/1609741520\/puust-ja-punaseks-kliki-loe-eksle-elu-infoajastu-laburindis\"><mark style=\"background-color:rgba(0, 0, 0, 0);color:#ffcd05\" class=\"has-inline-color\">\u010dia<\/mark><\/a><\/strong>.<\/p>\n\n<p><\/p>\n","protected":false},"excerpt":{"rendered":"<p>M\u016bs\u0173 ekspert\u0117s Inger Klesment ir Maia Klaassen &#8222;Raadio 2&#8221; laidoje aptar\u0117 informacijos perkrovos poveik\u012f. Kiekvien\u0105 sekund\u0119 &#8222;Google&#8221; apdoroja beveik 100 000 paie\u0161kos u\u017eklaus\u0173. Tai sudaro ma\u017edaug 8,5 mlrd. paie\u0161k\u0173 per [&hellip;]<\/p>\n","protected":false},"author":1,"featured_media":0,"parent":0,"menu_order":0,"comment_status":"closed","ping_status":"closed","template":"","meta":{"_price":"","_stock":"","_tribe_ticket_header":"","_tribe_default_ticket_provider":"","_tribe_ticket_capacity":"0","_ticket_start_date":"","_ticket_end_date":"","_tribe_ticket_show_description":"","_tribe_ticket_show_not_going":false,"_tribe_ticket_use_global_stock":"","_tribe_ticket_global_stock_level":"","_global_stock_mode":"","_global_stock_cap":"","_tribe_rsvp_for_event":"","_tribe_ticket_going_count":"","_tribe_ticket_not_going_count":"","_tribe_tickets_list":"[]","_tribe_ticket_has_attendee_info_fields":false,"_EventAllDay":false,"_EventTimezone":"","_EventStartDate":"","_EventEndDate":"","_EventStartDateUTC":"","_EventEndDateUTC":"","_EventShowMap":false,"_EventShowMapLink":false,"_EventURL":"","_EventCost":"","_EventCostDescription":"","_EventCurrencySymbol":"","_EventCurrencyCode":"","_EventCurrencyPosition":"","_EventDateTimeSeparator":"","_EventTimeRangeSeparator":"","_EventOrganizerID":[],"_EventVenueID":[],"_OrganizerEmail":"","_OrganizerPhone":"","_OrganizerWebsite":"","_VenueAddress":"","_VenueCity":"","_VenueCountry":"","_VenueProvince":"","_VenueState":"","_VenueZip":"","_VenuePhone":"","_VenueURL":"","_VenueStateProvince":"","_VenueLat":"","_VenueLng":"","_VenueShowMap":false,"_VenueShowMapLink":false,"_themeisle_gutenberg_block_has_review":false,"footnotes":"","_tec_slr_enabled":"","_tec_slr_layout":""},"class_list":["post-3566","page","type-page","status-publish","hentry"],"ticketed":false,"_links":{"self":[{"href":"https:\/\/becid.ut.ee\/lt\/wp-json\/wp\/v2\/pages\/3566","targetHints":{"allow":["GET"]}}],"collection":[{"href":"https:\/\/becid.ut.ee\/lt\/wp-json\/wp\/v2\/pages"}],"about":[{"href":"https:\/\/becid.ut.ee\/lt\/wp-json\/wp\/v2\/types\/page"}],"author":[{"embeddable":true,"href":"https:\/\/becid.ut.ee\/lt\/wp-json\/wp\/v2\/users\/1"}],"replies":[{"embeddable":true,"href":"https:\/\/becid.ut.ee\/lt\/wp-json\/wp\/v2\/comments?post=3566"}],"version-history":[{"count":2,"href":"https:\/\/becid.ut.ee\/lt\/wp-json\/wp\/v2\/pages\/3566\/revisions"}],"predecessor-version":[{"id":3799,"href":"https:\/\/becid.ut.ee\/lt\/wp-json\/wp\/v2\/pages\/3566\/revisions\/3799"}],"wp:attachment":[{"href":"https:\/\/becid.ut.ee\/lt\/wp-json\/wp\/v2\/media?parent=3566"}],"curies":[{"name":"wp","href":"https:\/\/api.w.org\/{rel}","templated":true}]}}