{"id":4473,"date":"2025-08-11T07:07:45","date_gmt":"2025-08-11T07:07:45","guid":{"rendered":"https:\/\/becid.ut.ee\/becid-pristato-skaitmenini-rastinguma-haridustreff-2025-renginyje-su-digipesa-paneliu\/"},"modified":"2025-09-22T13:40:01","modified_gmt":"2025-09-22T13:40:01","slug":"becid-pristato-skaitmenini-rastinguma-haridustreff-2025-renginyje-su-digipesa-paneliu","status":"publish","type":"page","link":"https:\/\/becid.ut.ee\/lt\/becid-pristato-skaitmenini-rastinguma-haridustreff-2025-renginyje-su-digipesa-paneliu\/","title":{"rendered":"BECID pristato skaitmenin\u012f ra\u0161tingum\u0105 Haridustreff 2025 renginyje su \u201eDigipesa\u201c paneliu"},"content":{"rendered":"\n<div style=\"height:100px\" aria-hidden=\"true\" class=\"wp-block-spacer\"><\/div>\n\n<figure class=\"wp-block-image alignfull size-large\"><img loading=\"lazy\" decoding=\"async\" width=\"450\" height=\"149\" src=\"https:\/\/becid.ut.ee\/wp-content\/uploads\/2025\/08\/Kuj.-Kuj.-Kuj.-Kuj.-Welcome-to-BECID-koopia-koopia-koopia-koopia-1-180683.svg\" alt=\"\" class=\"wp-image-3889\"\/><\/figure>\n\n<p>\u201eBaltijos \u012fsipareigojim\u0173 centras kovai su informacijos trikd\u017eiais (BECID) dalyvauja <strong>Haridustreff 2025<\/strong>, kuruoja <strong>\u201eDigipesa\u201c zon\u0105<\/strong> Paide Vallim\u00e4gi ir pristato dinami\u0161k\u0105 program\u0105, skirt\u0105 \u0161viet\u0117jams suteikti skaitmeninio ra\u0161tingumo \u012frankius ir strategijas.<\/p>\n\n<p>Digipesa\u201c metu gilinsim\u0117s \u012f kelet\u0105 svarbiausi\u0173 ir \u012fdomiausi\u0173 \u0161iuolaikinio skaitmeninio pasaulio tem\u0173: kaip smagiai ir be ekran\u0173 mokyti jaunuosius mokinius apie saugum\u0105 internete; kaip skland\u017eiai integruoti medij\u0173 ra\u0161tingum\u0105 \u012f kasdienes pamokas nuo chemijos iki k\u016bno kult\u016bros; ir kaip dirbtinio intelekto \u012frankiai, tokie kaip ChatGPT ir Copilot, kei\u010dia \u0161vietim\u0105 \u2013 kartu su galimyb\u0117mis, rizikomis ir etikos klausimais. Kiekviena sesija sukurta tam, kad \u012fkv\u0117pt\u0173 id\u0117j\u0173, atsakyt\u0173 \u012f realius klas\u0117s i\u0161\u0161\u016bkius ir suteikt\u0173 prakti\u0161k\u0173 strategij\u0173, kurias gal\u0117site taikyti jau kit\u0105 dien\u0105. <\/p>\n\n<p class=\"has-medium-font-size\"><strong><mark style=\"background-color:rgba(0, 0, 0, 0);color:#ffcd05\" class=\"has-inline-color\">M\u016bs\u0173 programa<\/mark><\/strong><\/p>\n\n<p><mark style=\"background-color:rgba(0, 0, 0, 0);color:#ffcd05\" class=\"has-inline-color\">13:45\u201314:30<\/mark> \u2013 \u201eSkaitmeninio saugumo mokymas 1\u20134 klasi\u0173 mokiniams \u017eaismingais metodais\u201c<br\/>Ie\u0161kote nauj\u0173 ir \u012fdomi\u0173 b\u016bd\u0173 mokyti ma\u017eiausius mokinius apie skaitmenin\u012f saugum\u0105 visi\u0161kai be ekran\u0173? <\/p>\n\n<p><strong><mark style=\"background-color:rgba(0, 0, 0, 0);color:#ffcd05\" class=\"has-inline-color\">Gretel Juhansoo<\/mark><\/strong>, Tartu universiteto Socialini\u0173 tyrim\u0173 instituto medij\u0173 ra\u0161tingumo specialist\u0117, pristato a\u0161tuonis paprastus ir \u017eaismingus metodus, kuriuos galite i\u0161 karto panaudoti savo klas\u0117je. Taip pat gausite praktini\u0173 \u017eaidim\u0173 apra\u0161ymus ir reikiamas priemones, kad gal\u0117tum\u0117te \u012fgyvendinti tai, ko i\u0161mokote, art\u0117jan\u010diais mokslo metais. <\/p>\n\n<p><mark style=\"background-color:rgba(0, 0, 0, 0);color:#ffcd05\" class=\"has-inline-color\">14:45\u201315:30 <\/mark>\u2013 \u201eMedij\u0173 ra\u0161tingumo integravimas \u012f dalykines pamokas 5\u20139 klas\u0117ms\u201c<br\/>Kaip medij\u0173 ra\u0161tingumas gali b\u016bti prasmingai \u012ftrauktas \u012f dalykines pamokas, kad ne tik suteikt\u0173 prid\u0117tin\u0119 vert\u0119, bet ir ugdyt\u0173 mokini\u0173 \u012fg\u016bd\u017eius skaitmeniniam am\u017eiui? <\/p>\n\n<p>Medij\u0173 studij\u0173 docent\u0117 <strong><mark style=\"background-color:rgba(0, 0, 0, 0);color:#ffcd05\" class=\"has-inline-color\">Maria Murumaa-Mengel <\/mark><\/strong>(Tartu universitetas) kvie\u010dia \u012f dirbtuves, kuriose gal\u0117site tyrin\u0117ti, kaip medij\u0173 ra\u0161tingumas gali b\u016bti taikomas chemijos, est\u0173 kalbos ir k\u016bno kult\u016bros pamokose. I\u0161 dirbtuvi\u0173 i\u0161eisite tur\u0117dami daugyb\u0119 id\u0117j\u0173 ir metod\u0173, pasiruo\u0161usi\u0173 praktiniam pritaikymui. <\/p>\n\n<p><mark style=\"background-color:rgba(0, 0, 0, 0);color:#ffcd05\" class=\"has-inline-color\">14:45\u201315:30<\/mark> \u2013 \u201eDirbtinis intelektas \u2013 k\u0105 kiekvienas mokytojas tur\u0117t\u0173 \u017einoti\u201c<br\/>DI yra visur \u2013 bet kiek i\u0161 tikr\u0173j\u0173 suprantame, kaip jis veikia ir k\u0105 tai rei\u0161kia mokykloms?<\/p>\n\n<p><strong><mark style=\"background-color:rgba(0, 0, 0, 0);color:#ffcd05\" class=\"has-inline-color\">Inger Klesment<\/mark><\/strong>, Tartu universiteto medij\u0173 ra\u0161tingumo specialist\u0117, ai\u0161kiai ir prakti\u0161kai paai\u0161kins, kas slypi u\u017e toki\u0173 \u012franki\u0173 kaip ChatGPT ir Copilot. Sesija taip pat ap\u017evelgs rizikas, teisinius pagrindus, vaik\u0173 apsaug\u0105, etikos klausimus ir tai, kaip DI kei\u010dia mokym\u0105si ir mokym\u0105. <\/p>\n\n<p>\u201eDirbtuvi\u0173 tikslas \u2013 suteikti s\u0105\u017eining\u0105, subalansuot\u0105 ir m\u0105stym\u0105 skatinan\u010di\u0105 ap\u017evalg\u0105, kad mokytojai jaust\u0173si labiau kaip pasitikintys navigacijos meistrai, o ne pasyv\u016bs steb\u0117tojai DI pasaulyje.<\/p>\n","protected":false},"excerpt":{"rendered":"<p>\u201eBaltijos \u012fsipareigojim\u0173 centras kovai su informacijos trikd\u017eiais (BECID) dalyvauja Haridustreff 2025, kuruoja \u201eDigipesa\u201c zon\u0105 Paide Vallim\u00e4gi ir pristato dinami\u0161k\u0105 program\u0105, skirt\u0105 \u0161viet\u0117jams suteikti skaitmeninio ra\u0161tingumo \u012frankius ir strategijas. Digipesa\u201c metu [&hellip;]<\/p>\n","protected":false},"author":1,"featured_media":0,"parent":0,"menu_order":0,"comment_status":"closed","ping_status":"closed","template":"","meta":{"_price":"","_stock":"","_tribe_ticket_header":"","_tribe_default_ticket_provider":"","_tribe_ticket_capacity":"0","_ticket_start_date":"","_ticket_end_date":"","_tribe_ticket_show_description":"","_tribe_ticket_show_not_going":false,"_tribe_ticket_use_global_stock":"","_tribe_ticket_global_stock_level":"","_global_stock_mode":"","_global_stock_cap":"","_tribe_rsvp_for_event":"","_tribe_ticket_going_count":"","_tribe_ticket_not_going_count":"","_tribe_tickets_list":"[]","_tribe_ticket_has_attendee_info_fields":false,"_EventAllDay":false,"_EventTimezone":"","_EventStartDate":"","_EventEndDate":"","_EventStartDateUTC":"","_EventEndDateUTC":"","_EventShowMap":false,"_EventShowMapLink":false,"_EventURL":"","_EventCost":"","_EventCostDescription":"","_EventCurrencySymbol":"","_EventCurrencyCode":"","_EventCurrencyPosition":"","_EventDateTimeSeparator":"","_EventTimeRangeSeparator":"","_EventOrganizerID":[],"_EventVenueID":[],"_OrganizerEmail":"","_OrganizerPhone":"","_OrganizerWebsite":"","_VenueAddress":"","_VenueCity":"","_VenueCountry":"","_VenueProvince":"","_VenueState":"","_VenueZip":"","_VenuePhone":"","_VenueURL":"","_VenueStateProvince":"","_VenueLat":"","_VenueLng":"","_VenueShowMap":false,"_VenueShowMapLink":false,"_themeisle_gutenberg_block_has_review":false,"footnotes":"","_tec_slr_enabled":"","_tec_slr_layout":""},"class_list":["post-4473","page","type-page","status-publish","hentry"],"ticketed":false,"_links":{"self":[{"href":"https:\/\/becid.ut.ee\/lt\/wp-json\/wp\/v2\/pages\/4473","targetHints":{"allow":["GET"]}}],"collection":[{"href":"https:\/\/becid.ut.ee\/lt\/wp-json\/wp\/v2\/pages"}],"about":[{"href":"https:\/\/becid.ut.ee\/lt\/wp-json\/wp\/v2\/types\/page"}],"author":[{"embeddable":true,"href":"https:\/\/becid.ut.ee\/lt\/wp-json\/wp\/v2\/users\/1"}],"replies":[{"embeddable":true,"href":"https:\/\/becid.ut.ee\/lt\/wp-json\/wp\/v2\/comments?post=4473"}],"version-history":[{"count":1,"href":"https:\/\/becid.ut.ee\/lt\/wp-json\/wp\/v2\/pages\/4473\/revisions"}],"predecessor-version":[{"id":4474,"href":"https:\/\/becid.ut.ee\/lt\/wp-json\/wp\/v2\/pages\/4473\/revisions\/4474"}],"wp:attachment":[{"href":"https:\/\/becid.ut.ee\/lt\/wp-json\/wp\/v2\/media?parent=4473"}],"curies":[{"name":"wp","href":"https:\/\/api.w.org\/{rel}","templated":true}]}}