{"id":4489,"date":"2025-08-29T13:15:08","date_gmt":"2025-08-29T13:15:08","guid":{"rendered":"https:\/\/becid.ut.ee\/pagrindiniai-veiklos-rodikliai\/"},"modified":"2025-09-22T17:31:56","modified_gmt":"2025-09-22T17:31:56","slug":"pagrindiniai-veiklos-rodikliai","status":"publish","type":"page","link":"https:\/\/becid.ut.ee\/lt\/pagrindiniai-veiklos-rodikliai\/","title":{"rendered":"Pagrindiniai veiklos rodikliai"},"content":{"rendered":"\n<div style=\"height:100px\" aria-hidden=\"true\" class=\"wp-block-spacer\"><\/div>\n\n<figure class=\"wp-block-image size-large\"><img loading=\"lazy\" decoding=\"async\" width=\"1024\" height=\"724\" src=\"https:\/\/becid.ut.ee\/wp-content\/uploads\/2025\/08\/KPI-thumbnail-1-1024x724.png\" alt=\"\" class=\"wp-image-4232\" srcset=\"https:\/\/becid.ut.ee\/wp-content\/uploads\/2025\/08\/KPI-thumbnail-1-1024x724.png 1024w, https:\/\/becid.ut.ee\/wp-content\/uploads\/2025\/08\/KPI-thumbnail-1-300x212.png 300w, https:\/\/becid.ut.ee\/wp-content\/uploads\/2025\/08\/KPI-thumbnail-1-768x543.png 768w, https:\/\/becid.ut.ee\/wp-content\/uploads\/2025\/08\/KPI-thumbnail-1-1536x1086.png 1536w, https:\/\/becid.ut.ee\/wp-content\/uploads\/2025\/08\/KPI-thumbnail-1-2048x1448.png 2048w\" sizes=\"auto, (max-width: 1024px) 100vw, 1024px\" \/><\/figure>\n\n<p><mark style=\"background-color:rgba(0, 0, 0, 0);color:#ffffff\" class=\"has-inline-color\">BECID2 u\u017ebaig\u0117<\/mark> <mark style=\"background-color:rgba(0, 0, 0, 0);color:#ffcd05\" class=\"has-inline-color\"><strong>pagrindini\u0173 veiklos rodikli\u0173 (KPI)<\/strong><\/mark> nustatym\u0105, suteikdama ai\u0161ki\u0105 sistem\u0105, kaip projekto metu bus matuojama komunikacija, sklaida ir poveikis.<\/p>\n\n<p>KPI nustato m\u016bs\u0173 bendrus tikslus d\u0117l pasiekiamumo ir matomumo, turinio k\u016brimo, \u012fsitraukimo, poveikio tikslin\u0117ms grup\u0117ms ir vidin\u0117s koordinacijos. Turint \u0161i\u0105 sistem\u0105, konsorciumas dabar gali u\u017etikrintai pereiti \u012f kit\u0105 projekto etap\u0105 \u2013 sutelkti d\u0117mes\u012f \u012f \u012fgyvendinim\u0105, steb\u0117sen\u0105 ir rezultat\u0173 demonstravim\u0105. <\/p>\n\n<p>KPI dokumento u\u017ebaigimas \u017eymi svarb\u0173 \u017eingsn\u012f BECID2 projekte, u\u017etikrinant, kad m\u016bs\u0173 veikla b\u016bt\u0173 matuojama, suderinta su projekto tikslais ir skaidri partneriams, suinteresuotosioms \u0161alims bei pla\u010diajai visuomenei.<\/p>\n\n<p>Dokument\u0105 apie m\u016bs\u0173 pagrindinius veiklos rodiklius galite perskaityti \u010dia: <\/p>\n\n<div data-wp-interactive=\"core\/file\" class=\"wp-block-file\"><object data-wp-bind--hidden=\"!state.hasPdfPreview\" hidden class=\"wp-block-file__embed\" data=\"https:\/\/becid.ut.ee\/wp-content\/uploads\/2025\/08\/Kuj.-Quarterly-Brief-for-BECID-2-SUMMER-2025-koopia.pdf\" type=\"application\/pdf\" style=\"width:100%;height:600px\" aria-label=\"Kuj. Quarterly Brief for BECID 2 SUMMER 2025 koopia \u012fterpimas.\"><\/object><a id=\"wp-block-file--media-45e0b5a2-fd5a-4a73-bfca-a6738dbad39d\" href=\"https:\/\/becid.ut.ee\/wp-content\/uploads\/2025\/08\/Kuj.-Quarterly-Brief-for-BECID-2-SUMMER-2025-koopia.pdf\">Kopija BECID 2 VASAROS 2025 ketvir\u010dio ap\u017evalgos <\/a><a href=\"https:\/\/becid.ut.ee\/wp-content\/uploads\/2025\/08\/Kuj.-Quarterly-Brief-for-BECID-2-SUMMER-2025-koopia.pdf\" class=\"wp-block-file__button wp-element-button\" download=\"\" aria-describedby=\"wp-block-file--media-45e0b5a2-fd5a-4a73-bfca-a6738dbad39d\">Atsisi\u0173sti<\/a><\/div>\n","protected":false},"excerpt":{"rendered":"<p>BECID2 u\u017ebaig\u0117 pagrindini\u0173 veiklos rodikli\u0173 (KPI) nustatym\u0105, suteikdama ai\u0161ki\u0105 sistem\u0105, kaip projekto metu bus matuojama komunikacija, sklaida ir poveikis. KPI nustato m\u016bs\u0173 bendrus tikslus d\u0117l pasiekiamumo ir matomumo, turinio k\u016brimo, [&hellip;]<\/p>\n","protected":false},"author":1,"featured_media":0,"parent":0,"menu_order":0,"comment_status":"closed","ping_status":"closed","template":"","meta":{"_price":"","_stock":"","_tribe_ticket_header":"","_tribe_default_ticket_provider":"","_tribe_ticket_capacity":"0","_ticket_start_date":"","_ticket_end_date":"","_tribe_ticket_show_description":"","_tribe_ticket_show_not_going":false,"_tribe_ticket_use_global_stock":"","_tribe_ticket_global_stock_level":"","_global_stock_mode":"","_global_stock_cap":"","_tribe_rsvp_for_event":"","_tribe_ticket_going_count":"","_tribe_ticket_not_going_count":"","_tribe_tickets_list":"[]","_tribe_ticket_has_attendee_info_fields":false,"_EventAllDay":false,"_EventTimezone":"","_EventStartDate":"","_EventEndDate":"","_EventStartDateUTC":"","_EventEndDateUTC":"","_EventShowMap":false,"_EventShowMapLink":false,"_EventURL":"","_EventCost":"","_EventCostDescription":"","_EventCurrencySymbol":"","_EventCurrencyCode":"","_EventCurrencyPosition":"","_EventDateTimeSeparator":"","_EventTimeRangeSeparator":"","_EventOrganizerID":[],"_EventVenueID":[],"_OrganizerEmail":"","_OrganizerPhone":"","_OrganizerWebsite":"","_VenueAddress":"","_VenueCity":"","_VenueCountry":"","_VenueProvince":"","_VenueState":"","_VenueZip":"","_VenuePhone":"","_VenueURL":"","_VenueStateProvince":"","_VenueLat":"","_VenueLng":"","_VenueShowMap":false,"_VenueShowMapLink":false,"_themeisle_gutenberg_block_has_review":false,"footnotes":"","_tec_slr_enabled":"","_tec_slr_layout":""},"class_list":["post-4489","page","type-page","status-publish","hentry"],"ticketed":false,"_links":{"self":[{"href":"https:\/\/becid.ut.ee\/lt\/wp-json\/wp\/v2\/pages\/4489","targetHints":{"allow":["GET"]}}],"collection":[{"href":"https:\/\/becid.ut.ee\/lt\/wp-json\/wp\/v2\/pages"}],"about":[{"href":"https:\/\/becid.ut.ee\/lt\/wp-json\/wp\/v2\/types\/page"}],"author":[{"embeddable":true,"href":"https:\/\/becid.ut.ee\/lt\/wp-json\/wp\/v2\/users\/1"}],"replies":[{"embeddable":true,"href":"https:\/\/becid.ut.ee\/lt\/wp-json\/wp\/v2\/comments?post=4489"}],"version-history":[{"count":1,"href":"https:\/\/becid.ut.ee\/lt\/wp-json\/wp\/v2\/pages\/4489\/revisions"}],"predecessor-version":[{"id":4490,"href":"https:\/\/becid.ut.ee\/lt\/wp-json\/wp\/v2\/pages\/4489\/revisions\/4490"}],"wp:attachment":[{"href":"https:\/\/becid.ut.ee\/lt\/wp-json\/wp\/v2\/media?parent=4489"}],"curies":[{"name":"wp","href":"https:\/\/api.w.org\/{rel}","templated":true}]}}