{"id":4511,"date":"2025-08-18T18:36:47","date_gmt":"2025-08-18T18:36:47","guid":{"rendered":"https:\/\/becid.ut.ee\/skaitmeniniu-ziniu-itraukimas-i-klase-becid-haridustreff-renginyje\/"},"modified":"2025-09-22T18:18:26","modified_gmt":"2025-09-22T18:18:26","slug":"skaitmeniniu-ziniu-itraukimas-i-klase-becid-haridustreff-renginyje","status":"publish","type":"page","link":"https:\/\/becid.ut.ee\/lt\/skaitmeniniu-ziniu-itraukimas-i-klase-becid-haridustreff-renginyje\/","title":{"rendered":"Skaitmenini\u0173 \u017eini\u0173 \u012ftraukimas \u012f klas\u0119 \u2013 BECID Haridustreff renginyje"},"content":{"rendered":"\n<div style=\"height:100px\" aria-hidden=\"true\" class=\"wp-block-spacer\"><\/div>\n\n<figure class=\"wp-block-image alignfull size-large\"><img loading=\"lazy\" decoding=\"async\" width=\"450\" height=\"149\" src=\"https:\/\/becid.ut.ee\/wp-content\/uploads\/2025\/08\/Kuj.-Kuj.-Kuj.-Kuj.-Kuj.-Welcome-to-BECID-koopia-koopia-koopia-koopia-koopia-4deebd.svg\" alt=\"\" class=\"wp-image-4063\"\/><\/figure>\n\n<p>Pra\u0117jusi\u0105 savait\u0119, rugpj\u016b\u010dio 14 d., m\u016bs\u0173 BECID ekspertai tur\u0117jo galimyb\u0119 dalyvauti Haridustreff renginyje ir pasidalinti id\u0117jomis apie skaitmenini\u0173 \u012fg\u016bd\u017ei\u0173 mokym\u0105 mokyklose. B\u016bdamas BECID ekspertai, d\u017eiaug\u0117m\u0117s gal\u0117dami prisid\u0117ti trimis praktin\u0117mis dirbtuv\u0117mis, kuriose buvo nagrin\u0117jama skaitmenin\u0117 sauga, medij\u0173 ra\u0161tingumas ir DI vaidmuo \u0161vietime. <\/p>\n\n<p><mark style=\"background-color:rgba(0, 0, 0, 0);color:#ffcd05\" class=\"has-inline-color\">Inger Klesment<\/mark> pristat\u0117 metodus, kurie padeda jauniausiems mokiniams suprasti skaitmenin\u012f saugum\u0105. Pavyzd\u017eiui, ji parod\u0117, kaip vaikai gali mokytis kurti stiprius ir saugius slapta\u017eod\u017eius per interaktyvius \u017eaidimus \u2013 paversdama rimt\u0105 tem\u0105 smagia ir \u012fsimintina patirtimi. Visos metodikos buvo sukurtos <mark style=\"background-color:rgba(0, 0, 0, 0);color:#ffcd05\" class=\"has-inline-color\">visi\u0161kai be ekran\u0173<\/mark>, tod\u0117l jas lengva integruoti \u012f kasdien\u0119 klas\u0117s praktik\u0105. Mokytojai taip pat gavo paruo\u0161tus veikl\u0173 apra\u0161ymus ir med\u017eiagas, kurias gal\u0117jo tiesiogiai panaudoti pamokose.   <\/p>\n\n<figure class=\"wp-block-image size-large\"><img loading=\"lazy\" decoding=\"async\" width=\"1024\" height=\"683\" src=\"https:\/\/becid.ut.ee\/wp-content\/uploads\/2025\/08\/IMG_0121-1024x683.jpg\" alt=\"\" class=\"wp-image-3998\" srcset=\"https:\/\/becid.ut.ee\/wp-content\/uploads\/2025\/08\/IMG_0121-1024x683.jpg 1024w, https:\/\/becid.ut.ee\/wp-content\/uploads\/2025\/08\/IMG_0121-300x200.jpg 300w, https:\/\/becid.ut.ee\/wp-content\/uploads\/2025\/08\/IMG_0121-768x512.jpg 768w, https:\/\/becid.ut.ee\/wp-content\/uploads\/2025\/08\/IMG_0121-1536x1024.jpg 1536w, https:\/\/becid.ut.ee\/wp-content\/uploads\/2025\/08\/IMG_0121-2048x1365.jpg 2048w, https:\/\/becid.ut.ee\/wp-content\/uploads\/2025\/08\/IMG_0121-1200x800.jpg 1200w\" sizes=\"auto, (max-width: 1024px) 100vw, 1024px\" \/><\/figure>\n\n<figure class=\"wp-block-gallery has-nested-images columns-default is-cropped wp-block-gallery-1 is-layout-flex wp-block-gallery-is-layout-flex\">\n<figure class=\"wp-block-image size-large\"><img loading=\"lazy\" decoding=\"async\" width=\"1024\" height=\"683\" data-id=\"3988\" src=\"https:\/\/becid.ut.ee\/wp-content\/uploads\/2025\/08\/IMG_0124-1024x683.jpg\" alt=\"\" class=\"wp-image-3988\" srcset=\"https:\/\/becid.ut.ee\/wp-content\/uploads\/2025\/08\/IMG_0124-1024x683.jpg 1024w, https:\/\/becid.ut.ee\/wp-content\/uploads\/2025\/08\/IMG_0124-300x200.jpg 300w, https:\/\/becid.ut.ee\/wp-content\/uploads\/2025\/08\/IMG_0124-768x512.jpg 768w, https:\/\/becid.ut.ee\/wp-content\/uploads\/2025\/08\/IMG_0124-1536x1024.jpg 1536w, https:\/\/becid.ut.ee\/wp-content\/uploads\/2025\/08\/IMG_0124-2048x1365.jpg 2048w, https:\/\/becid.ut.ee\/wp-content\/uploads\/2025\/08\/IMG_0124-1200x800.jpg 1200w\" sizes=\"auto, (max-width: 1024px) 100vw, 1024px\" \/><\/figure>\n\n\n\n<figure class=\"wp-block-image size-large\"><img loading=\"lazy\" decoding=\"async\" width=\"1024\" height=\"683\" data-id=\"3993\" src=\"https:\/\/becid.ut.ee\/wp-content\/uploads\/2025\/08\/IMG_0130-1024x683.jpg\" alt=\"\" class=\"wp-image-3993\" srcset=\"https:\/\/becid.ut.ee\/wp-content\/uploads\/2025\/08\/IMG_0130-1024x683.jpg 1024w, https:\/\/becid.ut.ee\/wp-content\/uploads\/2025\/08\/IMG_0130-300x200.jpg 300w, https:\/\/becid.ut.ee\/wp-content\/uploads\/2025\/08\/IMG_0130-768x512.jpg 768w, https:\/\/becid.ut.ee\/wp-content\/uploads\/2025\/08\/IMG_0130-1536x1024.jpg 1536w, https:\/\/becid.ut.ee\/wp-content\/uploads\/2025\/08\/IMG_0130-2048x1365.jpg 2048w, https:\/\/becid.ut.ee\/wp-content\/uploads\/2025\/08\/IMG_0130-1200x800.jpg 1200w\" sizes=\"auto, (max-width: 1024px) 100vw, 1024px\" \/><\/figure>\n<\/figure>\n\n<p>Docent\u0117 <mark style=\"background-color:rgba(0, 0, 0, 0);color:#ffcd05\" class=\"has-inline-color\">Maria Murumaa-Mengel<\/mark> ved\u0117 praktin\u0119 sesij\u0105, kurioje dalyviai tyrin\u0117jo, kaip medij\u0173 ra\u0161tingumas gali b\u016bti integruotas \u012f tokius dalykus kaip chemija, est\u0173 kalba ir net k\u016bno kult\u016bra. Dirbtuv\u0117se buvo pabr\u0117\u017eti paprasti b\u016bdai, kaip sustiprinti mokini\u0173 kritinius \u012fg\u016bd\u017eius ir tuo pa\u010diu prid\u0117ti vert\u0117s \u012fprastoms pamokoms. <\/p>\n\n<figure class=\"wp-block-image size-large\"><img loading=\"lazy\" decoding=\"async\" width=\"1024\" height=\"683\" src=\"https:\/\/becid.ut.ee\/wp-content\/uploads\/2025\/08\/IMG_0206-1024x683.jpg\" alt=\"\" class=\"wp-image-4018\" srcset=\"https:\/\/becid.ut.ee\/wp-content\/uploads\/2025\/08\/IMG_0206-1024x683.jpg 1024w, https:\/\/becid.ut.ee\/wp-content\/uploads\/2025\/08\/IMG_0206-300x200.jpg 300w, https:\/\/becid.ut.ee\/wp-content\/uploads\/2025\/08\/IMG_0206-768x512.jpg 768w, https:\/\/becid.ut.ee\/wp-content\/uploads\/2025\/08\/IMG_0206-1536x1024.jpg 1536w, https:\/\/becid.ut.ee\/wp-content\/uploads\/2025\/08\/IMG_0206-2048x1365.jpg 2048w, https:\/\/becid.ut.ee\/wp-content\/uploads\/2025\/08\/IMG_0206-1200x800.jpg 1200w\" sizes=\"auto, (max-width: 1024px) 100vw, 1024px\" \/><\/figure>\n\n<figure class=\"wp-block-gallery has-nested-images columns-default is-cropped wp-block-gallery-2 is-layout-flex wp-block-gallery-is-layout-flex\">\n<figure class=\"wp-block-image size-large\"><img loading=\"lazy\" decoding=\"async\" width=\"1024\" height=\"683\" data-id=\"4013\" src=\"https:\/\/becid.ut.ee\/wp-content\/uploads\/2025\/08\/IMG_0199-1024x683.jpg\" alt=\"\" class=\"wp-image-4013\" srcset=\"https:\/\/becid.ut.ee\/wp-content\/uploads\/2025\/08\/IMG_0199-1024x683.jpg 1024w, https:\/\/becid.ut.ee\/wp-content\/uploads\/2025\/08\/IMG_0199-300x200.jpg 300w, https:\/\/becid.ut.ee\/wp-content\/uploads\/2025\/08\/IMG_0199-768x512.jpg 768w, https:\/\/becid.ut.ee\/wp-content\/uploads\/2025\/08\/IMG_0199-1536x1024.jpg 1536w, https:\/\/becid.ut.ee\/wp-content\/uploads\/2025\/08\/IMG_0199-2048x1365.jpg 2048w, https:\/\/becid.ut.ee\/wp-content\/uploads\/2025\/08\/IMG_0199-1200x800.jpg 1200w\" sizes=\"auto, (max-width: 1024px) 100vw, 1024px\" \/><\/figure>\n\n\n\n<figure class=\"wp-block-image size-large\"><img loading=\"lazy\" decoding=\"async\" width=\"1024\" height=\"683\" data-id=\"4008\" src=\"https:\/\/becid.ut.ee\/wp-content\/uploads\/2025\/08\/IMG_0228-1024x683.jpg\" alt=\"\" class=\"wp-image-4008\" srcset=\"https:\/\/becid.ut.ee\/wp-content\/uploads\/2025\/08\/IMG_0228-1024x683.jpg 1024w, https:\/\/becid.ut.ee\/wp-content\/uploads\/2025\/08\/IMG_0228-300x200.jpg 300w, https:\/\/becid.ut.ee\/wp-content\/uploads\/2025\/08\/IMG_0228-768x512.jpg 768w, https:\/\/becid.ut.ee\/wp-content\/uploads\/2025\/08\/IMG_0228-1536x1024.jpg 1536w, https:\/\/becid.ut.ee\/wp-content\/uploads\/2025\/08\/IMG_0228-2048x1365.jpg 2048w, https:\/\/becid.ut.ee\/wp-content\/uploads\/2025\/08\/IMG_0228-1200x800.jpg 1200w\" sizes=\"auto, (max-width: 1024px) 100vw, 1024px\" \/><\/figure>\n\n\n\n<figure class=\"wp-block-image size-large\"><img loading=\"lazy\" decoding=\"async\" width=\"1024\" height=\"683\" data-id=\"4023\" src=\"https:\/\/becid.ut.ee\/wp-content\/uploads\/2025\/08\/IMG_0238-1024x683.jpg\" alt=\"\" class=\"wp-image-4023\" srcset=\"https:\/\/becid.ut.ee\/wp-content\/uploads\/2025\/08\/IMG_0238-1024x683.jpg 1024w, https:\/\/becid.ut.ee\/wp-content\/uploads\/2025\/08\/IMG_0238-300x200.jpg 300w, https:\/\/becid.ut.ee\/wp-content\/uploads\/2025\/08\/IMG_0238-768x512.jpg 768w, https:\/\/becid.ut.ee\/wp-content\/uploads\/2025\/08\/IMG_0238-1536x1024.jpg 1536w, https:\/\/becid.ut.ee\/wp-content\/uploads\/2025\/08\/IMG_0238-2048x1365.jpg 2048w, https:\/\/becid.ut.ee\/wp-content\/uploads\/2025\/08\/IMG_0238-1200x800.jpg 1200w\" sizes=\"auto, (max-width: 1024px) 100vw, 1024px\" \/><\/figure>\n\n\n\n<figure class=\"wp-block-image size-large\"><img loading=\"lazy\" decoding=\"async\" width=\"1024\" height=\"683\" data-id=\"4003\" src=\"https:\/\/becid.ut.ee\/wp-content\/uploads\/2025\/08\/IMG_0247-1024x683.jpg\" alt=\"\" class=\"wp-image-4003\" srcset=\"https:\/\/becid.ut.ee\/wp-content\/uploads\/2025\/08\/IMG_0247-1024x683.jpg 1024w, https:\/\/becid.ut.ee\/wp-content\/uploads\/2025\/08\/IMG_0247-300x200.jpg 300w, https:\/\/becid.ut.ee\/wp-content\/uploads\/2025\/08\/IMG_0247-768x512.jpg 768w, https:\/\/becid.ut.ee\/wp-content\/uploads\/2025\/08\/IMG_0247-1536x1024.jpg 1536w, https:\/\/becid.ut.ee\/wp-content\/uploads\/2025\/08\/IMG_0247-2048x1365.jpg 2048w, https:\/\/becid.ut.ee\/wp-content\/uploads\/2025\/08\/IMG_0247-1200x800.jpg 1200w\" sizes=\"auto, (max-width: 1024px) 100vw, 1024px\" \/><\/figure>\n<\/figure>\n\n<p>Tre\u010diose dirbtuv\u0117se<mark style=\"background-color:rgba(0, 0, 0, 0);color:#ffcd05\" class=\"has-inline-color\"> Inger Klesment <\/mark>pristat\u0117 DI pasaul\u012f, parodydama, kaip veikia tokie \u012frankiai kaip ChatGPT ir Copilot, kokias galimybes jie suteikia mokykloms ir kokias rizikas bei atsakomybes sukelia. Sesija suteik\u0117 mokytojams subalansuot\u0105 ap\u017evalg\u0105 apie DI etinius, teis\u0117s ir praktinius aspektus \u0161vietime.  <\/p>\n\n<figure class=\"wp-block-gallery has-nested-images columns-default is-cropped wp-block-gallery-3 is-layout-flex wp-block-gallery-is-layout-flex\">\n<figure class=\"wp-block-image size-large\"><img loading=\"lazy\" decoding=\"async\" width=\"1024\" height=\"683\" data-id=\"4048\" src=\"https:\/\/becid.ut.ee\/wp-content\/uploads\/2025\/08\/IMG_0290-1024x683.jpg\" alt=\"\" class=\"wp-image-4048\" srcset=\"https:\/\/becid.ut.ee\/wp-content\/uploads\/2025\/08\/IMG_0290-1024x683.jpg 1024w, https:\/\/becid.ut.ee\/wp-content\/uploads\/2025\/08\/IMG_0290-300x200.jpg 300w, https:\/\/becid.ut.ee\/wp-content\/uploads\/2025\/08\/IMG_0290-768x512.jpg 768w, https:\/\/becid.ut.ee\/wp-content\/uploads\/2025\/08\/IMG_0290-1536x1024.jpg 1536w, https:\/\/becid.ut.ee\/wp-content\/uploads\/2025\/08\/IMG_0290-2048x1365.jpg 2048w, https:\/\/becid.ut.ee\/wp-content\/uploads\/2025\/08\/IMG_0290-1200x800.jpg 1200w\" sizes=\"auto, (max-width: 1024px) 100vw, 1024px\" \/><\/figure>\n\n\n\n<figure class=\"wp-block-image size-large\"><img loading=\"lazy\" decoding=\"async\" width=\"1024\" height=\"683\" data-id=\"4033\" src=\"https:\/\/becid.ut.ee\/wp-content\/uploads\/2025\/08\/IMG_0294-1024x683.jpg\" alt=\"\" class=\"wp-image-4033\" srcset=\"https:\/\/becid.ut.ee\/wp-content\/uploads\/2025\/08\/IMG_0294-1024x683.jpg 1024w, https:\/\/becid.ut.ee\/wp-content\/uploads\/2025\/08\/IMG_0294-300x200.jpg 300w, https:\/\/becid.ut.ee\/wp-content\/uploads\/2025\/08\/IMG_0294-768x512.jpg 768w, https:\/\/becid.ut.ee\/wp-content\/uploads\/2025\/08\/IMG_0294-1536x1024.jpg 1536w, https:\/\/becid.ut.ee\/wp-content\/uploads\/2025\/08\/IMG_0294-2048x1365.jpg 2048w, https:\/\/becid.ut.ee\/wp-content\/uploads\/2025\/08\/IMG_0294-1200x800.jpg 1200w\" sizes=\"auto, (max-width: 1024px) 100vw, 1024px\" \/><\/figure>\n\n\n\n<figure class=\"wp-block-image size-large\"><img loading=\"lazy\" decoding=\"async\" width=\"1024\" height=\"683\" data-id=\"4043\" src=\"https:\/\/becid.ut.ee\/wp-content\/uploads\/2025\/08\/IMG_0317-1024x683.jpg\" alt=\"\" class=\"wp-image-4043\" srcset=\"https:\/\/becid.ut.ee\/wp-content\/uploads\/2025\/08\/IMG_0317-1024x683.jpg 1024w, https:\/\/becid.ut.ee\/wp-content\/uploads\/2025\/08\/IMG_0317-300x200.jpg 300w, https:\/\/becid.ut.ee\/wp-content\/uploads\/2025\/08\/IMG_0317-768x512.jpg 768w, https:\/\/becid.ut.ee\/wp-content\/uploads\/2025\/08\/IMG_0317-1536x1024.jpg 1536w, https:\/\/becid.ut.ee\/wp-content\/uploads\/2025\/08\/IMG_0317-2048x1365.jpg 2048w, https:\/\/becid.ut.ee\/wp-content\/uploads\/2025\/08\/IMG_0317-1200x800.jpg 1200w\" sizes=\"auto, (max-width: 1024px) 100vw, 1024px\" \/><\/figure>\n\n\n\n<figure class=\"wp-block-image size-large\"><img loading=\"lazy\" decoding=\"async\" width=\"1024\" height=\"683\" data-id=\"4028\" src=\"https:\/\/becid.ut.ee\/wp-content\/uploads\/2025\/08\/IMG_0324-1024x683.jpg\" alt=\"\" class=\"wp-image-4028\" srcset=\"https:\/\/becid.ut.ee\/wp-content\/uploads\/2025\/08\/IMG_0324-1024x683.jpg 1024w, https:\/\/becid.ut.ee\/wp-content\/uploads\/2025\/08\/IMG_0324-300x200.jpg 300w, https:\/\/becid.ut.ee\/wp-content\/uploads\/2025\/08\/IMG_0324-768x512.jpg 768w, https:\/\/becid.ut.ee\/wp-content\/uploads\/2025\/08\/IMG_0324-1536x1024.jpg 1536w, https:\/\/becid.ut.ee\/wp-content\/uploads\/2025\/08\/IMG_0324-2048x1365.jpg 2048w, https:\/\/becid.ut.ee\/wp-content\/uploads\/2025\/08\/IMG_0324-1200x800.jpg 1200w\" sizes=\"auto, (max-width: 1024px) 100vw, 1024px\" \/><\/figure>\n\n\n\n<figure class=\"wp-block-image size-large\"><img loading=\"lazy\" decoding=\"async\" width=\"1024\" height=\"683\" data-id=\"4038\" src=\"https:\/\/becid.ut.ee\/wp-content\/uploads\/2025\/08\/IMG_0339-1024x683.jpg\" alt=\"\" class=\"wp-image-4038\" srcset=\"https:\/\/becid.ut.ee\/wp-content\/uploads\/2025\/08\/IMG_0339-1024x683.jpg 1024w, https:\/\/becid.ut.ee\/wp-content\/uploads\/2025\/08\/IMG_0339-300x200.jpg 300w, https:\/\/becid.ut.ee\/wp-content\/uploads\/2025\/08\/IMG_0339-768x512.jpg 768w, https:\/\/becid.ut.ee\/wp-content\/uploads\/2025\/08\/IMG_0339-1536x1024.jpg 1536w, https:\/\/becid.ut.ee\/wp-content\/uploads\/2025\/08\/IMG_0339-2048x1365.jpg 2048w, https:\/\/becid.ut.ee\/wp-content\/uploads\/2025\/08\/IMG_0339-1200x800.jpg 1200w\" sizes=\"auto, (max-width: 1024px) 100vw, 1024px\" \/><\/figure>\n<\/figure>\n\n<p>BECID dalyvavimas Haridustreff renginyje buvo puiki galimyb\u0117 paremti mokytojus, suteikiant praktini\u0173 \u017eini\u0173, paruo\u0161t\u0173 naudoti i\u0161tekli\u0173 ir gaires, padedan\u010dias u\u017etikrintai nar\u0161yti skaitmeniniame am\u017eiuje klas\u0117je. Per m\u016bs\u0173 dirbtuves siek\u0117me apr\u016bpinti \u0161viet\u0117jus metodais ir \u012frankiais, kuriuos galima tiesiogiai pritaikyti mokyme \u2013 nuo skaitmeninio saugumo ir medij\u0173 ra\u0161tingumo skatinimo iki DI vaidmens mokymesi supratimo.  <\/p>\n\n<p>Esame d\u0117kingi u\u017e galimyb\u0119 dalyvauti Haridustreff renginyje ir visiems dalyviams u\u017e j\u0173 \u012fsitraukim\u0105 bei apm\u0105stymus skatinan\u010dias diskusijas, kurios padar\u0117 patirt\u012f \u012fkvepian\u010di\u0105 ir verting\u0105.<\/p>\n\n<figure class=\"wp-block-image size-large\"><img loading=\"lazy\" decoding=\"async\" width=\"1024\" height=\"683\" src=\"https:\/\/becid.ut.ee\/wp-content\/uploads\/2025\/08\/IMG_0376-1024x683.jpg\" alt=\"\" class=\"wp-image-4053\" srcset=\"https:\/\/becid.ut.ee\/wp-content\/uploads\/2025\/08\/IMG_0376-1024x683.jpg 1024w, https:\/\/becid.ut.ee\/wp-content\/uploads\/2025\/08\/IMG_0376-300x200.jpg 300w, https:\/\/becid.ut.ee\/wp-content\/uploads\/2025\/08\/IMG_0376-768x512.jpg 768w, https:\/\/becid.ut.ee\/wp-content\/uploads\/2025\/08\/IMG_0376-1536x1024.jpg 1536w, https:\/\/becid.ut.ee\/wp-content\/uploads\/2025\/08\/IMG_0376-2048x1365.jpg 2048w, https:\/\/becid.ut.ee\/wp-content\/uploads\/2025\/08\/IMG_0376-1200x800.jpg 1200w\" sizes=\"auto, (max-width: 1024px) 100vw, 1024px\" \/><\/figure>\n","protected":false},"excerpt":{"rendered":"<p>Pra\u0117jusi\u0105 savait\u0119, rugpj\u016b\u010dio 14 d., m\u016bs\u0173 BECID ekspertai tur\u0117jo galimyb\u0119 dalyvauti Haridustreff renginyje ir pasidalinti id\u0117jomis apie skaitmenini\u0173 \u012fg\u016bd\u017ei\u0173 mokym\u0105 mokyklose. B\u016bdamas BECID ekspertai, d\u017eiaug\u0117m\u0117s gal\u0117dami prisid\u0117ti trimis praktin\u0117mis dirbtuv\u0117mis, [&hellip;]<\/p>\n","protected":false},"author":1,"featured_media":0,"parent":0,"menu_order":0,"comment_status":"closed","ping_status":"closed","template":"","meta":{"_price":"","_stock":"","_tribe_ticket_header":"","_tribe_default_ticket_provider":"","_tribe_ticket_capacity":"0","_ticket_start_date":"","_ticket_end_date":"","_tribe_ticket_show_description":"","_tribe_ticket_show_not_going":false,"_tribe_ticket_use_global_stock":"","_tribe_ticket_global_stock_level":"","_global_stock_mode":"","_global_stock_cap":"","_tribe_rsvp_for_event":"","_tribe_ticket_going_count":"","_tribe_ticket_not_going_count":"","_tribe_tickets_list":"[]","_tribe_ticket_has_attendee_info_fields":false,"_EventAllDay":false,"_EventTimezone":"","_EventStartDate":"","_EventEndDate":"","_EventStartDateUTC":"","_EventEndDateUTC":"","_EventShowMap":false,"_EventShowMapLink":false,"_EventURL":"","_EventCost":"","_EventCostDescription":"","_EventCurrencySymbol":"","_EventCurrencyCode":"","_EventCurrencyPosition":"","_EventDateTimeSeparator":"","_EventTimeRangeSeparator":"","_EventOrganizerID":[],"_EventVenueID":[],"_OrganizerEmail":"","_OrganizerPhone":"","_OrganizerWebsite":"","_VenueAddress":"","_VenueCity":"","_VenueCountry":"","_VenueProvince":"","_VenueState":"","_VenueZip":"","_VenuePhone":"","_VenueURL":"","_VenueStateProvince":"","_VenueLat":"","_VenueLng":"","_VenueShowMap":false,"_VenueShowMapLink":false,"_themeisle_gutenberg_block_has_review":false,"footnotes":"","_tec_slr_enabled":"","_tec_slr_layout":""},"class_list":["post-4511","page","type-page","status-publish","hentry"],"ticketed":false,"_links":{"self":[{"href":"https:\/\/becid.ut.ee\/lt\/wp-json\/wp\/v2\/pages\/4511","targetHints":{"allow":["GET"]}}],"collection":[{"href":"https:\/\/becid.ut.ee\/lt\/wp-json\/wp\/v2\/pages"}],"about":[{"href":"https:\/\/becid.ut.ee\/lt\/wp-json\/wp\/v2\/types\/page"}],"author":[{"embeddable":true,"href":"https:\/\/becid.ut.ee\/lt\/wp-json\/wp\/v2\/users\/1"}],"replies":[{"embeddable":true,"href":"https:\/\/becid.ut.ee\/lt\/wp-json\/wp\/v2\/comments?post=4511"}],"version-history":[{"count":1,"href":"https:\/\/becid.ut.ee\/lt\/wp-json\/wp\/v2\/pages\/4511\/revisions"}],"predecessor-version":[{"id":4512,"href":"https:\/\/becid.ut.ee\/lt\/wp-json\/wp\/v2\/pages\/4511\/revisions\/4512"}],"wp:attachment":[{"href":"https:\/\/becid.ut.ee\/lt\/wp-json\/wp\/v2\/media?parent=4511"}],"curies":[{"name":"wp","href":"https:\/\/api.w.org\/{rel}","templated":true}]}}