{"id":4756,"date":"2025-10-08T12:31:42","date_gmt":"2025-10-08T12:31:42","guid":{"rendered":"https:\/\/becid.ut.ee\/becid-internetiniai-seminarai-estijos-atminties-instituciju-darbuotojams\/"},"modified":"2025-10-10T06:08:01","modified_gmt":"2025-10-10T06:08:01","slug":"becid-internetiniai-seminarai-estijos-atminties-instituciju-darbuotojams","status":"publish","type":"page","link":"https:\/\/becid.ut.ee\/lt\/becid-internetiniai-seminarai-estijos-atminties-instituciju-darbuotojams\/","title":{"rendered":"BECID internetiniai seminarai Estijos atminties institucij\u0173 darbuotojams"},"content":{"rendered":"\n<div style=\"height:100px\" aria-hidden=\"true\" class=\"wp-block-spacer\"><\/div>\n\n<figure class=\"wp-block-image aligncenter size-full\"><img loading=\"lazy\" decoding=\"async\" width=\"2560\" height=\"640\" src=\"https:\/\/becid.ut.ee\/wp-content\/uploads\/2025\/10\/Liitu-BECIDi-veebiseminaridega-Google-Form-3-scaled.png\" alt=\"\" class=\"wp-image-4679\" srcset=\"https:\/\/becid.ut.ee\/wp-content\/uploads\/2025\/10\/Liitu-BECIDi-veebiseminaridega-Google-Form-3-scaled.png 2560w, https:\/\/becid.ut.ee\/wp-content\/uploads\/2025\/10\/Liitu-BECIDi-veebiseminaridega-Google-Form-3-300x75.png 300w, https:\/\/becid.ut.ee\/wp-content\/uploads\/2025\/10\/Liitu-BECIDi-veebiseminaridega-Google-Form-3-1024x256.png 1024w, https:\/\/becid.ut.ee\/wp-content\/uploads\/2025\/10\/Liitu-BECIDi-veebiseminaridega-Google-Form-3-768x192.png 768w, https:\/\/becid.ut.ee\/wp-content\/uploads\/2025\/10\/Liitu-BECIDi-veebiseminaridega-Google-Form-3-1536x384.png 1536w, https:\/\/becid.ut.ee\/wp-content\/uploads\/2025\/10\/Liitu-BECIDi-veebiseminaridega-Google-Form-3-2048x512.png 2048w\" sizes=\"auto, (max-width: 2560px) 100vw, 2560px\" \/><\/figure>\n\n<p>BECID prad\u0117jo nauj\u0105 <mark style=\"background-color:rgba(0, 0, 0, 0);color:#ffcd05\" class=\"has-inline-color\">Baltijos masto internetini\u0173 seminar\u0173 cikl\u0105<\/mark>, skirt\u0105 atminties institucij\u0173 darbuotojams \u2013 galerijoms, bibliotekoms, archyvams ir muziejams (<em>GLAM<\/em> sektoriui). <\/p>\n\n<p>Internetiniai seminarai vyksta kas du m\u0117nesius ir suteikia platform\u0105 praktikams bei tyr\u0117jams dalytis patirtimi, mokytis vieniems i\u0161 kit\u0173 ir diskutuoti apie temas, susijusias su medij\u0173 ra\u0161tingumu, informacijos higiena ir dezinformacija.<\/p>\n\n<p>Seminar\u0173 tikslas \u2013 sujungti Baltijos \u0161ali\u0173 atminties institucijas ir pasi\u016blyti joms tinkl\u0105, kuriame b\u016bt\u0173 galima aptarti veiklas, mokom\u0105j\u0105 med\u017eiag\u0105 ir bendradarbiavimo formas, skirtas medij\u0173 ra\u0161tingumui stiprinti. \u0160i serija taip pat padeda stiprinti ry\u0161ius tarp mokslinink\u0173, mokytoj\u0173 ir kult\u016bros darbuotoj\u0173. <\/p>\n\n<p>Kiekvienas internetinis seminaras yra skirtas konkre\u010diai temai ar \u0161aliai, pristatant gerosios praktikos pavyzd\u017eius ir vietin\u0119 patirt\u012f. Dalyvi\u0173 tarpe \u2013 GLAM sektoriaus darbuotojai ir medij\u0173 ra\u0161tingumo ekspertai i\u0161 Estijos, Latvijos ir Lietuvos. <\/p>\n\n<p><mark style=\"background-color:rgba(0, 0, 0, 0);color:#ffcd05\" class=\"has-inline-color\">2025 m. lapkri\u010dio 24 d., 15:00\u201316:00<\/mark> \u2013 \u012fvadinis internetinis seminaras, kuriame bus pristatyti BECID seminar\u0173 ciklo tikslai ir koncepcija. \u0160iame susitikime bus supa\u017eindinama su seminar\u0173 temomis ir Tartu universiteto student\u0173 atliktais tyrimais. <\/p>\n\n<p>\u012evadiniame seminare trumpai aptarsime pirmuosius pasteb\u0117jimus, kaip atminties institucijos pl\u0117toja medij\u0173 ra\u0161tingum\u0105, kokios yra pagrindin\u0117s temos ir i\u0161\u0161\u016bkiai bei kaip \u0161ie klausimai bus i\u0161samiau nagrin\u0117jami gruod\u017eio m\u0117nesio t\u0119sinyje.<\/p>\n\n<p><mark style=\"background-color:rgba(0, 0, 0, 0);color:#ffcd05\" class=\"has-inline-color\">2025 m. gruod\u017eio 8 d., 14:15\u201316:00<\/mark> \u2013 pirmasis oficialus internetinis seminaras. Zoom nuoroda bus i\u0161si\u0173sta visiems u\u017esiregistravusiems dalyviams.<\/p>\n\n<p>Tartu universiteto studentai pasidalys savo \u012f\u017evalgomis i\u0161 interviu, kuriuos jie atliko su atminties institucij\u0173 darbuotojais visoje Estijoje. J\u0173 tyrimai atskleid\u017eia, kokia veikla jau vykdoma medij\u0173 ra\u0161tingumui stiprinti, kas yra pagrindin\u0117s tikslin\u0117s grup\u0117s, kokie i\u0161tekliai naudojami ir ko vis dar tr\u016bksta. <\/p>\n\n<p>Be to, bus pristatytos Estijos atminties institucij\u0173 (GLAM) taikomos praktikos ir prad\u0117ta kurti nauja bendradarbiavimo platforma tarp Baltijos \u0161ali\u0173, siekiant stiprinti \u017eini\u0173 mainus ir bendras iniciatyvas medij\u0173 ra\u0161tingumo pl\u0117tros srityje.<\/p>\n\n<p>Dalyvavimas yra <mark style=\"background-color:rgba(0, 0, 0, 0);color:#ffcd05\" class=\"has-inline-color\">nemokamas ir atidarytas visiems Estijos atminties institucij\u0173 darbuotojams<\/mark>.<\/p>\n\n<p class=\"has-text-align-center has-raft-accent-background-color has-background has-medium-font-size\"><strong><a href=\"https:\/\/docs.google.com\/forms\/d\/e\/1FAIpQLSeD3CM0RGKQmHyg2JPtArmWBjWlNYpNKlbKEFw2nazBwA-t-w\/viewform?usp=header\" data-type=\"link\" data-id=\"https:\/\/docs.google.com\/forms\/d\/e\/1FAIpQLSdjUNK5BVjfOl7h_9tcUplTXocAEjIMTf2XAdweCMekKLiPgw\/viewform?usp=dialog\">Registruokit\u0117s \u012f lapkri\u010dio 24 d. internetin\u012f seminar\u0105 \u010dia. <\/a><\/strong><\/p>\n\n<p class=\"has-text-align-center has-raft-accent-background-color has-background has-medium-font-size\"><strong><a href=\"https:\/\/docs.google.com\/forms\/d\/e\/1FAIpQLSdjUNK5BVjfOl7h_9tcUplTXocAEjIMTf2XAdweCMekKLiPgw\/viewform?usp=dialog\" data-type=\"link\" data-id=\"https:\/\/docs.google.com\/forms\/d\/e\/1FAIpQLSdjUNK5BVjfOl7h_9tcUplTXocAEjIMTf2XAdweCMekKLiPgw\/viewform?usp=dialog\">Registruokit\u0117s \u012f gruod\u017eio 8 d. internetin\u012f seminar\u0105 \u010dia. <\/a><\/strong><\/p>\n\n<p class=\"has-text-align-left\">Laukiame j\u016bs\u0173 dalyvavimo!<\/p>\n","protected":false},"excerpt":{"rendered":"<p>BECID prad\u0117jo nauj\u0105 Baltijos masto internetini\u0173 seminar\u0173 cikl\u0105, skirt\u0105 atminties institucij\u0173 darbuotojams \u2013 galerijoms, bibliotekoms, archyvams ir muziejams (GLAM sektoriui). Internetiniai seminarai vyksta kas du m\u0117nesius ir suteikia platform\u0105 praktikams [&hellip;]<\/p>\n","protected":false},"author":1,"featured_media":0,"parent":0,"menu_order":0,"comment_status":"closed","ping_status":"closed","template":"","meta":{"_price":"","_stock":"","_tribe_ticket_header":"","_tribe_default_ticket_provider":"","_tribe_ticket_capacity":"0","_ticket_start_date":"","_ticket_end_date":"","_tribe_ticket_show_description":"","_tribe_ticket_show_not_going":false,"_tribe_ticket_use_global_stock":"","_tribe_ticket_global_stock_level":"","_global_stock_mode":"","_global_stock_cap":"","_tribe_rsvp_for_event":"","_tribe_ticket_going_count":"","_tribe_ticket_not_going_count":"","_tribe_tickets_list":"[]","_tribe_ticket_has_attendee_info_fields":false,"_EventAllDay":false,"_EventTimezone":"","_EventStartDate":"","_EventEndDate":"","_EventStartDateUTC":"","_EventEndDateUTC":"","_EventShowMap":false,"_EventShowMapLink":false,"_EventURL":"","_EventCost":"","_EventCostDescription":"","_EventCurrencySymbol":"","_EventCurrencyCode":"","_EventCurrencyPosition":"","_EventDateTimeSeparator":"","_EventTimeRangeSeparator":"","_EventOrganizerID":[],"_EventVenueID":[],"_OrganizerEmail":"","_OrganizerPhone":"","_OrganizerWebsite":"","_VenueAddress":"","_VenueCity":"","_VenueCountry":"","_VenueProvince":"","_VenueState":"","_VenueZip":"","_VenuePhone":"","_VenueURL":"","_VenueStateProvince":"","_VenueLat":"","_VenueLng":"","_VenueShowMap":false,"_VenueShowMapLink":false,"_themeisle_gutenberg_block_has_review":false,"footnotes":"","_tec_slr_enabled":"","_tec_slr_layout":""},"class_list":["post-4756","page","type-page","status-publish","hentry"],"ticketed":false,"_links":{"self":[{"href":"https:\/\/becid.ut.ee\/lt\/wp-json\/wp\/v2\/pages\/4756","targetHints":{"allow":["GET"]}}],"collection":[{"href":"https:\/\/becid.ut.ee\/lt\/wp-json\/wp\/v2\/pages"}],"about":[{"href":"https:\/\/becid.ut.ee\/lt\/wp-json\/wp\/v2\/types\/page"}],"author":[{"embeddable":true,"href":"https:\/\/becid.ut.ee\/lt\/wp-json\/wp\/v2\/users\/1"}],"replies":[{"embeddable":true,"href":"https:\/\/becid.ut.ee\/lt\/wp-json\/wp\/v2\/comments?post=4756"}],"version-history":[{"count":1,"href":"https:\/\/becid.ut.ee\/lt\/wp-json\/wp\/v2\/pages\/4756\/revisions"}],"predecessor-version":[{"id":4757,"href":"https:\/\/becid.ut.ee\/lt\/wp-json\/wp\/v2\/pages\/4756\/revisions\/4757"}],"wp:attachment":[{"href":"https:\/\/becid.ut.ee\/lt\/wp-json\/wp\/v2\/media?parent=4756"}],"curies":[{"name":"wp","href":"https:\/\/api.w.org\/{rel}","templated":true}]}}