{"id":5838,"date":"2026-03-16T11:32:54","date_gmt":"2026-03-16T11:32:54","guid":{"rendered":"https:\/\/becid.ut.ee\/hot-report-koordinuota-dezinformacijos-kampanija-teigia-kad-lietuva-nera-nepriklausoma\/"},"modified":"2026-03-17T08:38:35","modified_gmt":"2026-03-17T08:38:35","slug":"hot-report-koordinuota-dezinformacijos-kampanija-teigia-kad-lietuva-nera-nepriklausoma","status":"publish","type":"page","link":"https:\/\/becid.ut.ee\/lt\/hot-report-koordinuota-dezinformacijos-kampanija-teigia-kad-lietuva-nera-nepriklausoma\/","title":{"rendered":"HOT REPORT | Koordinuota dezinformacijos kampanija teigia, kad Lietuva \u201en\u0117ra nepriklausoma\u201c"},"content":{"rendered":"\n<div style=\"height:100px\" aria-hidden=\"true\" class=\"wp-block-spacer\"><\/div>\n\n<figure class=\"wp-block-image size-large\"><img loading=\"lazy\" decoding=\"async\" width=\"1024\" height=\"724\" src=\"https:\/\/becid.ut.ee\/wp-content\/uploads\/2026\/03\/Kuj.-Kuj.-Kuj.-HOT-REPORT-NOVEMBER-2025-koopia-koopia-koopia-koopia-1-1024x724.png\" alt=\"\" class=\"wp-image-5823\" srcset=\"https:\/\/becid.ut.ee\/wp-content\/uploads\/2026\/03\/Kuj.-Kuj.-Kuj.-HOT-REPORT-NOVEMBER-2025-koopia-koopia-koopia-koopia-1-1024x724.png 1024w, https:\/\/becid.ut.ee\/wp-content\/uploads\/2026\/03\/Kuj.-Kuj.-Kuj.-HOT-REPORT-NOVEMBER-2025-koopia-koopia-koopia-koopia-1-300x212.png 300w, https:\/\/becid.ut.ee\/wp-content\/uploads\/2026\/03\/Kuj.-Kuj.-Kuj.-HOT-REPORT-NOVEMBER-2025-koopia-koopia-koopia-koopia-1-768x543.png 768w, https:\/\/becid.ut.ee\/wp-content\/uploads\/2026\/03\/Kuj.-Kuj.-Kuj.-HOT-REPORT-NOVEMBER-2025-koopia-koopia-koopia-koopia-1-1536x1086.png 1536w, https:\/\/becid.ut.ee\/wp-content\/uploads\/2026\/03\/Kuj.-Kuj.-Kuj.-HOT-REPORT-NOVEMBER-2025-koopia-koopia-koopia-koopia-1-2048x1448.png 2048w\" sizes=\"auto, (max-width: 1024px) 100vw, 1024px\" \/><\/figure>\n\n<p>2026 m. sausio pabaigoje socialiniame tinkle \u201eFacebook\u201c prad\u0117jo plisti koordinuota dezinformacijos kampanija, teigianti, kad Lietuva i\u0161 tikr\u0173j\u0173 n\u0117ra nepriklausoma valstyb\u0117. \u0160iose \u017einut\u0117se manipuliuojama tikrais faktais \u2013 euro \u012fvedimu, bendradarbiavimu su NATO, migracijos politika ir sien\u0173 kontrole \u2013 siekiant sudaryti \u012fsp\u016bd\u012f, kad \u0161al\u012f valdo u\u017esienio veik\u0117jai. <\/p>\n\n<p>BECID kovo m\u0117nesio Kar\u0161tojoje ataskaitoje analizuojama, kaip \u0161ie naratyvai plito, kod\u0117l jie gali b\u016bti \u012ftikinami ir koki\u0105 gr\u0117sm\u0119 jie kelia visuomen\u0117s pasitik\u0117jimui demokratin\u0117mis institucijomis. Ataskaitoje taip pat pabr\u0117\u017eiama, kaip koordinuotas aktyvumas socialiniuose tinkluose ir nuolat kartojami i\u0161kraipyti teiginiai gali sukurti pla\u010diai paplitusio susir\u016bpinimo \u012fsp\u016bd\u012f. <\/p>\n\n<p>\u0160i kampanija atspindi platesn\u012f \u012ftakos operacij\u0173 model\u012f, nukreipt\u0105 prie\u0161 Baltijos valstybes ir j\u0173 dalyvavim\u0105 Europos S\u0105jungoje bei NATO.<\/p>\n\n<p>\u0160i kampanija atspindi platesn\u012f \u012ftakos operacij\u0173 model\u012f, nukreipt\u0105 prie\u0161 Baltijos valstybes ir j\u0173 dalyvavim\u0105 Europos S\u0105jungoje bei NATO.<\/p>\n\n<ul class=\"wp-block-list\">\n<li>pagrindines dezinformacijos kampanijos charakteristikas;<\/li>\n\n\n\n<li>paai\u0161kinim\u0105, kod\u0117l \u0161is naratyvas veikia;<\/li>\n\n\n\n<li>galimo poveikio rizikos vertinim\u0105;<\/li>\n\n\n\n<li>praktines rekomendacijas visuomenei, \u0161viet\u0117jams ir politikos formuotojams.<\/li>\n<\/ul>\n\n<p>Perskaitykite vis\u0105 <strong>BECID hot report<\/strong> ir su\u017einokite, kaip atsirado \u0161is naratyvas bei kaip atpa\u017einti ir neutralizuoti pana\u0161ias kampanijas: <\/p>\n\n<div data-wp-interactive=\"core\/file\" class=\"wp-block-file\"><object data-wp-bind--hidden=\"!state.hasPdfPreview\" hidden class=\"wp-block-file__embed\" data=\"https:\/\/becid.ut.ee\/wp-content\/uploads\/2026\/03\/HOT-REPORT-March.pdf\" type=\"application\/pdf\" style=\"width:100%;height:600px\" aria-label=\"HOT REPORT March \u012fterpimas.\"><\/object><a id=\"wp-block-file--media-628224f3-5222-4215-9f97-0638184a3e0b\" href=\"https:\/\/becid.ut.ee\/wp-content\/uploads\/2026\/03\/HOT-REPORT-March.pdf\">HOT REPORT March<\/a><a href=\"https:\/\/becid.ut.ee\/wp-content\/uploads\/2026\/03\/HOT-REPORT-March.pdf\" class=\"wp-block-file__button wp-element-button\" download=\"\" aria-describedby=\"wp-block-file--media-628224f3-5222-4215-9f97-0638184a3e0b\">Atsisi\u0173sti<\/a><\/div>\n","protected":false},"excerpt":{"rendered":"<p>2026 m. sausio pabaigoje socialiniame tinkle \u201eFacebook\u201c prad\u0117jo plisti koordinuota dezinformacijos kampanija, teigianti, kad Lietuva i\u0161 tikr\u0173j\u0173 n\u0117ra nepriklausoma valstyb\u0117. \u0160iose \u017einut\u0117se manipuliuojama tikrais faktais \u2013 euro \u012fvedimu, bendradarbiavimu su [&hellip;]<\/p>\n","protected":false},"author":1,"featured_media":0,"parent":0,"menu_order":0,"comment_status":"closed","ping_status":"closed","template":"","meta":{"_price":"","_stock":"","_tribe_ticket_header":"","_tribe_default_ticket_provider":"","_tribe_ticket_capacity":"0","_ticket_start_date":"","_ticket_end_date":"","_tribe_ticket_show_description":"","_tribe_ticket_show_not_going":false,"_tribe_ticket_use_global_stock":"","_tribe_ticket_global_stock_level":"","_global_stock_mode":"","_global_stock_cap":"","_tribe_rsvp_for_event":"","_tribe_ticket_going_count":"","_tribe_ticket_not_going_count":"","_tribe_tickets_list":"[]","_tribe_ticket_has_attendee_info_fields":false,"_EventAllDay":false,"_EventTimezone":"","_EventStartDate":"","_EventEndDate":"","_EventStartDateUTC":"","_EventEndDateUTC":"","_EventShowMap":false,"_EventShowMapLink":false,"_EventURL":"","_EventCost":"","_EventCostDescription":"","_EventCurrencySymbol":"","_EventCurrencyCode":"","_EventCurrencyPosition":"","_EventDateTimeSeparator":"","_EventTimeRangeSeparator":"","_EventOrganizerID":[],"_EventVenueID":[],"_OrganizerEmail":"","_OrganizerPhone":"","_OrganizerWebsite":"","_VenueAddress":"","_VenueCity":"","_VenueCountry":"","_VenueProvince":"","_VenueState":"","_VenueZip":"","_VenuePhone":"","_VenueURL":"","_VenueStateProvince":"","_VenueLat":"","_VenueLng":"","_VenueShowMap":false,"_VenueShowMapLink":false,"_themeisle_gutenberg_block_has_review":false,"footnotes":"","_tec_slr_enabled":"","_tec_slr_layout":""},"class_list":["post-5838","page","type-page","status-publish","hentry"],"ticketed":false,"_links":{"self":[{"href":"https:\/\/becid.ut.ee\/lt\/wp-json\/wp\/v2\/pages\/5838","targetHints":{"allow":["GET"]}}],"collection":[{"href":"https:\/\/becid.ut.ee\/lt\/wp-json\/wp\/v2\/pages"}],"about":[{"href":"https:\/\/becid.ut.ee\/lt\/wp-json\/wp\/v2\/types\/page"}],"author":[{"embeddable":true,"href":"https:\/\/becid.ut.ee\/lt\/wp-json\/wp\/v2\/users\/1"}],"replies":[{"embeddable":true,"href":"https:\/\/becid.ut.ee\/lt\/wp-json\/wp\/v2\/comments?post=5838"}],"version-history":[{"count":2,"href":"https:\/\/becid.ut.ee\/lt\/wp-json\/wp\/v2\/pages\/5838\/revisions"}],"predecessor-version":[{"id":5848,"href":"https:\/\/becid.ut.ee\/lt\/wp-json\/wp\/v2\/pages\/5838\/revisions\/5848"}],"wp:attachment":[{"href":"https:\/\/becid.ut.ee\/lt\/wp-json\/wp\/v2\/media?parent=5838"}],"curies":[{"name":"wp","href":"https:\/\/api.w.org\/{rel}","templated":true}]}}